{"id":3429,"date":"2019-01-17T16:23:24","date_gmt":"2019-01-17T09:23:24","guid":{"rendered":"http:\/\/maudep.com.vn\/chuyengiadienmay\/?post_type=product&#038;p=3429"},"modified":"2019-01-17T16:25:32","modified_gmt":"2019-01-17T09:25:32","slug":"lo-vi-song-bosch-bfl634gb1","status":"publish","type":"product","link":"http:\/\/maudep.com.vn\/chuyengiadienmay\/?product=lo-vi-song-bosch-bfl634gb1","title":{"rendered":"L\u00f2 vi s\u00f3ng Bosch BFL634GB1"},"content":{"rendered":"<h3 class=\"title\">T\u1ed5ng quan chung L\u00f2 vi s\u00f3ng Bosch BFL634GB1<\/h3>\n<div class=\"article-content\">\n<div class=\"js-content\">\n<h2>L\u00f2 vi s\u00f3ng Bosch BFL634GB1 nh\u1eadp kh\u1ea9u nguy\u00ean chi\u1ebfc t\u1eeb Anh dung t\u00edch 21 l\u00edt, l\u00f2 vi s\u00f3ng 3D kh\u00f4ng c\u1ea7n b\u00e0n xoay, hi\u00ea\u0323n la\u0300 c\u00f4ng ngh\u00ea\u0323 cao c\u00e2\u0301p nh\u00e2\u0301t cu\u0309a lo\u0300 vi so\u0301ng hi\u00ea\u0323n nay. Lo\u0300 \u0111\u01b0\u01a1\u0323c thi\u00ea\u0301t k\u00ea\u0301 h\u1ec7 th\u1ed1ng b\u1ea3ng \u0111i\u1ec1u khi\u1ec3n c\u1ea3m \u1ee9ng ph\u00eda b\u00ean d\u01b0\u1edbi v\u1edbi m\u00e0n h\u00ecnh hi\u1ec7n th\u1ecb \u0111\u1ed3ng h\u1ed3 \u0111i\u1ec7n t\u1eed d\u1ec5 d\u00e0ng cho vi\u1ec7c l\u1ef1a ch\u1ecdn m\u1ee9c c\u00f4ng su\u1ea5t vi s\u00f3ng, c\u00e1c ch\u1ee9c n\u0103ng t\u1ef1 \u0111\u1ed9ng.<\/h2>\n<h3><strong>\u0110a\u0301nh gia\u0301 lo\u0300 vi so\u0301ng BFL634GB1 co\u0301 t\u00f4\u0301t kh\u00f4ng?<\/strong><\/h3>\n<p>\u0110\u00f4\u0301i v\u01a1\u0301i\u00a0<strong>l\u00f2 vi s\u00f3ng Bosch BFL634GB1<\/strong>,\u00a0t\u1ea5t c\u1ea3 nh\u1eefng g\u00ec b\u1ea1n c\u1ea7n l\u00e0m ch\u1ec9 l\u00e0 \u0111\u1eb7t th\u1ef1c ph\u1ea9m v\u00e0o trong, ch\u1ecdn c\u00f4ng th\u1ee9c ph\u00f9 h\u1ee3p v\u00e0 nh\u1eadp tr\u1ecdng l\u01b0\u1ee3ng,\u00a0thi\u1ebft b\u1ecb s\u1ebd t\u1ef1 \u0111\u1ed9ng thi\u1ebft l\u1eadp nhi\u1ec7t \u0111\u1ed9, th\u1eddi gian ho\u1ea1t \u0111\u1ed9ng ph\u00f9 h\u1ee3p v\u1edbi lo\u1ea1i th\u1ef1c ph\u1ea9m \u0111\u00f3.<\/p>\n<p><img title=\"lo-vi-song-bosch-bfl634gb1\" src=\"https:\/\/bepvuson.vn\/Data\/upload\/images\/lo%CC%80%20vi%20so%CC%81ng\/BFL634GB1-5.png\" alt=\"lo-vi-song-bosch-bfl634gb1\" \/><\/p>\n<ul>\n<li><em>\u01afu \u0111i\u1ec3m c\u1ee7a thi\u1ebft k\u1ebf lo\u0300 vi so\u0301ng Bosch\u00a0n\u00e0y l\u00e0 l\u1eafp ch\u00ecm v\u00e0o t\u1ee7 b\u1ebfp, ch\u1ec9 \u0111\u1ec3 l\u1ed9 ra m\u1eb7t tr\u01b0\u1edbc c\u1ee7a l\u00f2. Do \u0111\u00f3, nhi\u1ec7t \u0111\u1ed9 c\u1ee7a l\u00f2 lu\u00f4n \u1ed5n \u0111\u1ecbnh, kh\u00f4ng gian b\u1ebfp tr\u1edf n\u00ean g\u1ecdn g\u00e0ng, \u0111\u1eb9p m\u1eaft h\u01a1n.<\/em><\/li>\n<li><em>C\u01b0\u0309a lo\u0300 vi so\u0301ng Bosch\u00a0\u0111\u01b0\u1ee3c l\u00e0m b\u1eb1ng k\u00ednh trong su\u1ed1t c\u00f9ng v\u1edbi t\u1ea5m l\u01b0\u1edbi b\u1eb1ng kim lo\u1ea1i v\u1edbi kh\u1ea3 n\u0103ng ch\u1ecbu \u0111\u01b0\u1ee3c nhi\u1ec7t \u0111\u1ed9 cao v\u00e0 c\u00e1ch nhi\u1ec7t ho\u00e0n h\u1ea3o mang \u0111\u1ebfn s\u1ef1 an to\u00e0n tuy\u1ec7t \u0111\u1ed1i cho ng\u01b0\u1eddi s\u1eed d\u1ee5ng \u0111\u1ed3ng th\u1eddi b\u1ea1n c\u00f3 th\u1ec3 nh\u00ecn to\u00e0n b\u1ed9 qu\u00e1 tr\u00ecnh n\u1ea5u b\u00ean trong l\u00f2.<\/em><\/li>\n<li><em>Lo\u0300 \u0111\u01b0\u01a1\u0323c thi\u00ea\u0301t k\u00ea\u0301 h\u1ec7 th\u1ed1ng b\u1ea3ng \u0111i\u1ec1u khi\u1ec3n c\u1ea3m \u1ee9ng ph\u00eda b\u00ean d\u01b0\u1edbi v\u1edbi m\u00e0n h\u00ecnh hi\u1ec7n th\u1ecb \u0111\u1ed3ng h\u1ed3 \u0111i\u1ec7n t\u1eed d\u1ec5 d\u00e0ng cho vi\u1ec7c l\u1ef1a ch\u1ecdn m\u1ee9c c\u00f4ng su\u1ea5t lo\u0300\u00a0vi s\u00f3ng, c\u00e1c ch\u1ee9c n\u0103ng t\u1ef1 \u0111\u1ed9ng, kh\u1ed1i l\u01b0\u1ee3ng s\u1ea3n ph\u1ea9m, l\u1eadp l\u1ecbch th\u1eddi gian n\u1ea5u n\u01b0\u1edbng d\u1ec5 d\u00e0ng v\u00e0 ch\u00ednh x\u00e1c nh\u1ea5t.<\/em><\/li>\n<\/ul>\n<p><em>\u200b<img title=\"lo-vi-song-bosch-bfl634gb1-01\" src=\"https:\/\/bepvuson.vn\/Data\/upload\/images\/lo%CC%80%20vi%20so%CC%81ng\/large_624_tu-lanh-bosch-premium-kad62p91(5).jpg\" alt=\"lo-vi-song-bosch-bfl634gb1-01\" \/><\/em><\/p>\n<h3><strong>\u01afu \u0111i\u00ea\u0309m v\u01b0\u01a1\u0323t tr\u00f4\u0323i cu\u0309a lo\u0300 vi so\u0301ng BFL634BG1<\/strong><\/h3>\n<p><strong>L\u00f2 vi s\u00f3ng Bosch BFL634BG1<\/strong>\u00a0c\u00f3 7\u00a0ch\u01b0\u01a1ng tr\u00ecnh n\u00e2\u0301u t\u01b0\u0323 \u0111\u00f4\u0323ng\u00a0c\u00f9ng 5 ch\u01b0\u0301c n\u0103ng\u00a0k\u1ebft h\u1ee3p t\u1ef1 \u0111\u1ed9ng\u00a0cho ng\u01b0\u1eddi d\u00f9ng l\u1ef1a ch\u1ecdn d\u00ea\u0303 da\u0300ng h\u01a1n.<\/p>\n<p><img title=\"lo-vi-song-bosch-bfl634gb1-02\" src=\"https:\/\/bepvuson.vn\/Data\/upload\/images\/lo%CC%80%20vi%20so%CC%81ng\/lo_vi_song_bosch_bfl634gb1_3x1024x1024x4.jpg\" alt=\"lo-vi-song-bosch-bfl634gb1-02\" \/><\/p>\n<ul>\n<li><em>\u0110\u1eb7c bi\u1ec7t l\u00f2 vi so\u0301ng Bosch\u00a0c\u00f3 ch\u1ee9c n\u0103ng n\u01b0\u1edbng, c\u00f4ng su\u1ea5t cao 1450W n\u01b0\u1edbng ch\u00edn th\u1ef1c ph\u1ea9m t\u1eeb ngo\u00e0i v\u00e0o trong m\u00e0 kh\u00f4ng b\u1ecb ch\u00e1y, hay ch\u00edn kh\u00f4ng \u0111\u1ec1u. Ch\u1ee9c n\u0103ng n\u01b0\u1edbng v\u00e0 vi s\u00f3ng trong c\u00f9ng m\u1ed9t s\u1ea3n ph\u1ea9m gi\u00fap cho b\u1eefa c\u01a1m \u0111a d\u1ea1ng h\u01a1n.<\/em><\/li>\n<li><em>L\u00f2 vi s\u00f3ng c\u00f3 th\u1ec3 n\u1ea5u \u0111a s\u1ed1 c\u00e1c lo\u1ea1i th\u1ef1c ph\u1ea9m t\u01b0\u01a1ng t\u1ef1 nh\u01b0 khi s\u1eed d\u1ee5ng b\u1ebfp. V\u1edbi ch\u1ee9c n\u0103ng n\u00e0y, ng\u01b0\u1eddi d\u00f9ng c\u00f3 th\u1ec3 n\u1ea5u x\u00f4i, ch\u00e1o, m\u00ec,\u2026 v\u00e0 r\u1ea5t nhi\u1ec1u th\u1ef1c ph\u1ea9m kh\u00e1c.\u00a0T\u1ea5t nhi\u00ean l\u00e0 t\u00f9y v\u00e0o t\u1eebng m\u00f3n m\u00e0 ta s\u1ebd \u0111i\u1ec1u ch\u1ec9nh c\u00f4ng su\u1ea5t v\u00e0 th\u1eddi gian n\u1ea5u cho ph\u00f9 h\u1ee3p.<\/em><\/li>\n<li><em>Ngoa\u0300i ra lo\u0300 vi so\u0301ng Bosch co\u0300n co\u0301 ch\u01b0\u0301c n\u0103ng ra\u0303 \u0111\u00f4ng,\u00a0b\u1ea1n c\u00f3 th\u1ec3 r\u00e3 \u0111\u00f4ng th\u1ef1c ph\u1ea9m m\u1ed9t c\u00e1ch v\u00f4 c\u00f9ng ti\u1ec7n l\u1ee3i, nhanh ch\u00f3ng, gi\u00fap ti\u1ebft ki\u1ec7m th\u1eddi gian.<\/em><\/li>\n<li><em>\u0110i\u1ec1u \u0111\u1eb7c bi\u1ec7t \u1edf l\u00f2 vi s\u00f3ng l\u00e0 b\u1ea1n c\u00f3 th\u1ec3 h\u00e2m n\u00f3ng th\u1ee9c \u0103n m\u00e0 kh\u00f4ng c\u1ea7n ph\u1ea3i cho th\u00eam n\u01b0\u1edbc, kh\u00f4ng s\u1ee3 m\u00f3n \u0103n kh\u00f4 ch\u00e1y v\u00e0 d\u00ednh v\u00e0o nhau.<\/em><\/li>\n<\/ul>\n<\/div>\n<\/div>\n<p>&nbsp;<\/p>\n","protected":false},"excerpt":{"rendered":"<p>T\u1ed5ng quan chung L\u00f2 vi s\u00f3ng Bosch BFL634GB1 L\u00f2 vi s\u00f3ng Bosch BFL634GB1 nh\u1eadp kh\u1ea9u nguy\u00ean chi\u1ebfc t\u1eeb Anh dung &hellip; <a class=\"link-more\" href=\"http:\/\/maudep.com.vn\/chuyengiadienmay\/?product=lo-vi-song-bosch-bfl634gb1\" class=\"more-link\">\u0110\u1ecdc th\u00eam &raquo;<span class=\"screen-reader-text\"> &#8220;L\u00f2 vi s\u00f3ng Bosch BFL634GB1&#8221;<\/span><\/a><\/p>\n","protected":false},"featured_media":3430,"comment_status":"open","ping_status":"closed","template":"","meta":[],"_links":{"self":[{"href":"http:\/\/maudep.com.vn\/chuyengiadienmay\/index.php?rest_route=\/wp\/v2\/product\/3429"}],"collection":[{"href":"http:\/\/maudep.com.vn\/chuyengiadienmay\/index.php?rest_route=\/wp\/v2\/product"}],"about":[{"href":"http:\/\/maudep.com.vn\/chuyengiadienmay\/index.php?rest_route=\/wp\/v2\/types\/product"}],"replies":[{"embeddable":true,"href":"http:\/\/maudep.com.vn\/chuyengiadienmay\/index.php?rest_route=%2Fwp%2Fv2%2Fcomments&post=3429"}],"wp:featuredmedia":[{"embeddable":true,"href":"http:\/\/maudep.com.vn\/chuyengiadienmay\/index.php?rest_route=\/wp\/v2\/media\/3430"}],"wp:attachment":[{"href":"http:\/\/maudep.com.vn\/chuyengiadienmay\/index.php?rest_route=%2Fwp%2Fv2%2Fmedia&parent=3429"}],"curies":[{"name":"wp","href":"https:\/\/api.w.org\/{rel}","templated":true}]}}