{"id":3434,"date":"2019-01-17T16:38:53","date_gmt":"2019-01-17T09:38:53","guid":{"rendered":"http:\/\/maudep.com.vn\/chuyengiadienmay\/?post_type=product&#038;p=3434"},"modified":"2019-01-17T16:38:53","modified_gmt":"2019-01-17T09:38:53","slug":"lo-vi-song-bosch-hmt72m654","status":"publish","type":"product","link":"http:\/\/maudep.com.vn\/chuyengiadienmay\/?product=lo-vi-song-bosch-hmt72m654","title":{"rendered":"L\u00f2 vi s\u00f3ng Bosch HMT72M654"},"content":{"rendered":"<h3 class=\"title\">T\u1ed5ng quan chung L\u00f2 vi s\u00f3ng Bosch HMT72M654<\/h3>\n<div class=\"article-content\">\n<div class=\"js-content\">\n<h2>L\u00f2 vi s\u00f3ng Bosch HMT72M654 l\u1eafp \u00e2m t\u1ee7 \u0111\u01b0\u01a1\u0323c thi\u00ea\u0301t k\u00ea\u0301 m\u00e0u \u0111en k\u1ebft h\u1ee3p m\u00e0u th\u00e9p kh\u00f4ng g\u1ec9 sang tr\u1ecdng hi\u1ec7n \u0111\u1ea1i v\u1edbi 5 m\u1ee9c c\u00f4ng su\u1ea5t vi s\u00f3ng ph\u00f9 h\u1ee3p v\u1edbi t\u1eebng m\u00f3n kh\u00e1c nhau. Khoang lo\u0300 c\u00f3 dung t\u00edch 20 l\u00edt gi\u00fap n\u1ea5u th\u1ee9c \u0103n \u0111\u01b0\u1ee3c nhanh ch\u00f3ng hi\u1ec7u qu\u1ea3 nh\u1ea5t.<\/h2>\n<h3><strong>Chi ti\u00ea\u0301t sa\u0309n ph\u00e2\u0309m lo\u0300 vi so\u0301ng HMT72M654<\/strong><\/h3>\n<p><strong>L\u00f2 vi s\u00f3ng Bosch HMT72M654<\/strong>\u00a0\u0111\u01b0\u01a1\u0323c\u00a0thi\u1ebft k\u1ebf theo phong c\u00e1ch Ch\u00e2u \u00c2u v\u1edbi khung v\u00e0 khoang l\u00f2 b\u1eb1ng th\u00e9p kh\u00f4ng g\u1ec9 s\u00e1ng b\u00f3ng, c\u1eeda k\u00ednh m\u00e0u \u0111en d\u00e0y b\u1ec1n t\u1ea1o cho l\u00f2 v\u1ebb ngo\u00e0i sang tr\u1ecdng, g\u00f3p ph\u1ea7n t\u1ea1o s\u1ef1 \u0111\u1eb3ng c\u1ea5p cho c\u0103n b\u1ebfp hi\u1ec7n \u0111\u1ea1i c\u1ee7a gia \u0111\u00ecnh hay nh\u00e0 h\u00e0ng, kh\u00e1ch s\u1ea1n.<\/p>\n<p><img title=\"lo-vi-song-bosch-hmt72m654\" src=\"https:\/\/bepvuson.vn\/Data\/upload\/images\/lo%CC%80%20vi%20so%CC%81ng\/13612_Bosch_HMT72M6541.jpg\" alt=\"lo-vi-song-bosch-hmt72m654\" \/><\/p>\n<ul>\n<li><em>B\u1ea3ng \u0111i\u1ec1u khi\u1ec3n c\u01a1 si\u00eau b\u1ec1n,ch\u1ec9 c\u1ea7n xoay l\u00e0 c\u00e1c ch\u1ee9c n\u0103ng \u0111\u00e3 \u0111\u01b0\u1ee3c \u0111i\u1ec1u ch\u1ec9nh nhanh ch\u00f3ng, ch\u00ednh x\u00e1c c\u00f9ng ch\u1ee9c n\u0103ng n\u1ea5u t\u1ef1 \u0111\u1ed9ng, vi s\u00f3ng k\u1ebft h\u1ee3p n\u01b0\u1edbng cho b\u1ea1n nh\u1eefng m\u00f3n n\u01b0\u1edbng th\u01a1m ngon \u0111\u00fang \u0111i\u1ec7u m\u00e0 kh\u00f4ng c\u1ea7n trang b\u1ecb th\u00eam l\u00f2 n\u01b0\u1edbng.<\/em><\/li>\n<li><em>C\u1eeda l\u00f2 thi\u1ebft k\u1ebf m\u1edf b\u00ean tr\u00e1i, \u0111\u01b0\u1ee3c l\u00e0m b\u1eb1ng k\u00ednh ma\u0300u trong su\u1ed1t c\u00f9ng v\u1edbi t\u1ea5m l\u01b0\u1edbi b\u1eb1ng kim lo\u1ea1i v\u1edbi kh\u1ea3 n\u0103ng ch\u1ecbu \u0111\u01b0\u1ee3c nhi\u1ec7t \u0111\u1ed9 cao v\u00e0 c\u00e1ch nhi\u1ec7t ho\u00e0n h\u1ea3o mang \u0111\u1ebfn s\u1ef1 an to\u00e0n tuy\u1ec7t \u0111\u1ed1i cho ng\u01b0\u1eddi s\u1eed d\u1ee5ng.<\/em><\/li>\n<li><em>Thi\u1ebft k\u1ebf hi\u1ec7n \u0111\u1ea1i v\u1edbi s\u1ef1 k\u1ebft h\u1ee3p gi\u1eefa k\u00ednh c\u01b0\u1eddng l\u1ef1c, th\u00e9p kh\u00f4ng g\u1ec9 , g\u1ed1m (ceramic) gi\u00fap l\u00f2 vi s\u00f3ng \u00e2m t\u1ee7 Bosch lu\u00f4n gi\u00fap kh\u00f4ng gian nh\u00e0 b\u1ebfp tr\u1edf n\u00ean sang tr\u1ecdng.<\/em><\/li>\n<\/ul>\n<p><em>\u200b\u200b\u200b<img title=\"lo-vi-song-bosch-hmt72m654-01\" src=\"https:\/\/bepvuson.vn\/Data\/upload\/images\/lo%CC%80%20vi%20so%CC%81ng\/lovisongboschhmt72m654anhmota7x1200x1200x4.jpg\" alt=\"lo-vi-song-bosch-hmt72m654-01\" \/><\/em><\/p>\n<h3><strong>Lo\u0300 vi so\u0301ng HMT72M654 co\u0301 ch\u01b0\u0301c n\u0103ng gi\u0300?<\/strong><\/h3>\n<p><strong>L\u00f2 vi s\u00f3ng Bosch HMT72M654<\/strong>\u00a0c\u00f3 th\u1ec3 gi\u00fap b\u1ea1n h\u00e2m n\u00f3ng th\u1ee9c \u0103n ch\u1ec9 trong m\u1ed9t kho\u1ea3ng th\u1eddi gian r\u1ea5t ng\u1eafn m\u00e0 v\u1eabn gi\u1eef \u0111\u01b0\u1ee3c h\u01b0\u01a1ng v\u1ecb v\u1ed1n c\u00f3 c\u1ee7a th\u1ee9c \u0103n.<\/p>\n<p><img title=\"lo-vi-song-bosch-hmt72m654-02\" src=\"https:\/\/bepvuson.vn\/Data\/upload\/images\/lo%CC%80%20vi%20so%CC%81ng\/wyc4fbisuesm7.jpg\" alt=\"lo-vi-song-bosch-hmt72m654-02\" \/><\/p>\n<ul>\n<li><em>V\u01a1\u0301i\u00a0t\u00ednh n\u0103ng r\u00e3 \u0111\u00f4ng nhanh cu\u0309a lo\u0300 vi so\u0301ng Bosch, b\u1ea1n c\u00f3 th\u1ec3 r\u00e3 \u0111\u00f4ng th\u1ef1c ph\u1ea9m m\u1ed9t c\u00e1ch d\u1ec5 d\u00e0ng v\u1edbi th\u1eddi gian nhanh h\u01a1n. Ch\u1ec9 c\u1ea7n ch\u1ecdn lo\u1ea1i th\u1ee9c \u0103n c\u1ea7n r\u00e3 \u0111\u00f4ng r\u1ed3i ch\u1ecdn tr\u1ecdng l\u01b0\u1ee3ng c\u1ee7a th\u1ee9c \u0103n l\u00e0 l\u00f2 vi s\u00f3ng c\u00f3 th\u1ec3 t\u1ef1 \u0111i\u1ec1u ch\u1ec9nh c\u00f4ng su\u1ea5t v\u00e0 th\u1eddi gian r\u00e3 \u0111\u00f4ng.<\/em><\/li>\n<li><em>L\u00f2 vi s\u00f3ng Bosch co\u0300n ti\u0301ch h\u01a1\u0323p\u00a0ch\u1ee9c n\u0103ng v\u1eeba vi s\u00f3ng v\u1eeba n\u01b0\u1edbng gi\u00fap th\u1ee9c \u0103n nhanh ch\u00edn t\u1eeb b\u00ean trong v\u00e0 v\u00e0ng b\u00ean ngo\u00e0i. \u00c1p d\u1ee5ng ch\u1ebf \u0111\u1ed9 n\u00e0y, th\u1eddi gian n\u1ea5u n\u01b0\u1edbng s\u1ebd ng\u1eafn h\u01a1n khi s\u1eed d\u1ee5ng hai ch\u1ee9c n\u0103ng n\u1ea5u v\u00e0 n\u01b0\u1edbng ri\u00eang r\u1ebd nhau v\u00ec b\u1ed9 ph\u1eadn n\u01b0\u1edbng s\u1ebd n\u01b0\u1edbng b\u1ec1 m\u1eb7t ngo\u00e0i c\u1ee7a th\u1ee9c \u0103n trong khi vi s\u00f3ng n\u1ea5u ch\u00edn ph\u1ea7n b\u00ean trong th\u1ee9c \u0103n.<\/em><\/li>\n<li><em>Lo\u0300 vi so\u0301ng Bosch co\u0301 th\u00ea\u0309 kh\u01b0\u0309 mu\u0300i va\u0300 kh\u01b0\u0309 tru\u0300ng mi\u00ea\u0301ng bo\u0323t bi\u00ea\u0309n ,mi\u1ebfng b\u1ecdt bi\u1ec3n sau m\u1ed9t th\u1eddi gian s\u1eed d\u1ee5ng s\u1ebd b\u1ecb \u00e1m m\u00f9i, nh\u01b0ng b\u1ea1n kh\u00f4ng nh\u1ea5t thi\u1ebft ph\u1ea3i b\u1ecf ch\u00fang \u0111i. H\u00e3y ng\u00e2m ch\u00fang trong n\u01b0\u1edbc pha ch\u00fat gi\u1ea5m tr\u1eafng ho\u1eb7c n\u01b0\u1edbc chanh, sau \u0111\u00f3 cho v\u00e0o l\u00f2 vi s\u00f3ng quay v\u1edbi c\u00f4ng su\u1ea5t cao trong 45-60 gi\u00e2y.<\/em><\/li>\n<\/ul>\n<\/div>\n<\/div>\n","protected":false},"excerpt":{"rendered":"<p>T\u1ed5ng quan chung L\u00f2 vi s\u00f3ng Bosch HMT72M654 L\u00f2 vi s\u00f3ng Bosch HMT72M654 l\u1eafp \u00e2m t\u1ee7 \u0111\u01b0\u01a1\u0323c thi\u00ea\u0301t k\u00ea\u0301 m\u00e0u &hellip; <a class=\"link-more\" href=\"http:\/\/maudep.com.vn\/chuyengiadienmay\/?product=lo-vi-song-bosch-hmt72m654\" class=\"more-link\">\u0110\u1ecdc th\u00eam &raquo;<span class=\"screen-reader-text\"> &#8220;L\u00f2 vi s\u00f3ng Bosch HMT72M654&#8221;<\/span><\/a><\/p>\n","protected":false},"featured_media":3435,"comment_status":"open","ping_status":"closed","template":"","meta":[],"_links":{"self":[{"href":"http:\/\/maudep.com.vn\/chuyengiadienmay\/index.php?rest_route=\/wp\/v2\/product\/3434"}],"collection":[{"href":"http:\/\/maudep.com.vn\/chuyengiadienmay\/index.php?rest_route=\/wp\/v2\/product"}],"about":[{"href":"http:\/\/maudep.com.vn\/chuyengiadienmay\/index.php?rest_route=\/wp\/v2\/types\/product"}],"replies":[{"embeddable":true,"href":"http:\/\/maudep.com.vn\/chuyengiadienmay\/index.php?rest_route=%2Fwp%2Fv2%2Fcomments&post=3434"}],"wp:featuredmedia":[{"embeddable":true,"href":"http:\/\/maudep.com.vn\/chuyengiadienmay\/index.php?rest_route=\/wp\/v2\/media\/3435"}],"wp:attachment":[{"href":"http:\/\/maudep.com.vn\/chuyengiadienmay\/index.php?rest_route=%2Fwp%2Fv2%2Fmedia&parent=3434"}],"curies":[{"name":"wp","href":"https:\/\/api.w.org\/{rel}","templated":true}]}}