{"id":3439,"date":"2019-01-17T16:47:36","date_gmt":"2019-01-17T09:47:36","guid":{"rendered":"http:\/\/maudep.com.vn\/chuyengiadienmay\/?post_type=product&#038;p=3439"},"modified":"2019-01-17T16:47:36","modified_gmt":"2019-01-17T09:47:36","slug":"lo-vi-song-bosch-hmt85mr63","status":"publish","type":"product","link":"http:\/\/maudep.com.vn\/chuyengiadienmay\/?product=lo-vi-song-bosch-hmt85mr63","title":{"rendered":"L\u00f2 vi s\u00f3ng Bosch HMT85MR63"},"content":{"rendered":"<h3 class=\"title\">T\u1ed5ng quan chung L\u00f2 vi s\u00f3ng Bosch HMT85MR63<\/h3>\n<div class=\"article-content\">\n<div class=\"js-content\">\n<h2>L\u00f2 vi s\u00f3ng Bosch HMT85MR63 l\u00e0 d\u00f2ng s\u1ea3n ph\u1ea9m mang th\u01b0\u01a1ng hi\u1ec7u bosch, s\u1ea3n xu\u1ea5t t\u1ea1i nh\u00e0 m\u00e1y Bosch \u1edf Anh qu\u1ed1c, do \u0111\u00f3 m\u1ecdi ti\u00eau chu\u1ea9n k\u1ef9 thu\u1eadt \u0111\u1ec1u \u0111\u01b0\u1ee3c ki\u1ec3m \u0111\u1ecbnh r\u1ea5t kh\u1eaft khe tr\u01b0\u1edbc khi \u0111\u01b0a t\u1edbi tay ng\u01b0\u1eddi ti\u00eau d\u00f9ng . \u0110\u01b0\u1ee3c thi\u1ebft k\u1ebf v\u1edbi ki\u1ec3u d\u00e1ng m\u00e0u \u0111en vi\u1ec1n bo inox hi\u1ec7n \u0111\u1ea1i,l\u00e0m t\u00f4n l\u00ean v\u1ebb \u0111\u1eb9p sang tr\u1ecdng cho kh\u00f4ng gian b\u1ebfp c\u1ee7a gia \u0111\u00ecnh b\u1ea1n.<\/h2>\n<h3><strong>\u0110a\u0301nh gia\u0301 linh ki\u00ea\u0323n lo\u0300 vi so\u0301ng HMT85MR63 co\u0301 t\u00f4\u0301t kh\u00f4ng?<\/strong><\/h3>\n<p><strong>L\u00f2 vi s\u00f3ng Bosch HMT85MR63<\/strong>\u00a0trang b\u1ecb m\u00e0n h\u00ecnh hi\u1ec3n th\u1ecb r\u00f5 n\u00e9t, gi\u00fap ng\u01b0\u1eddi d\u00f9ng d\u1ec5 d\u00e0ng quan s\u00e1t, ki\u1ec3m so\u00e1t v\u00e0 \u0111i\u1ec1u ch\u1ec9nh qu\u00e1 tr\u00ecnh ho\u1ea1t \u0111\u1ed9ng c\u1ee7a l\u00f2.<\/p>\n<p><img title=\"lo-vi-song-bosch-hmt85mr63\" src=\"https:\/\/bepvuson.vn\/Data\/upload\/images\/lo%CC%80%20vi%20so%CC%81ng\/splo-vi-song-bosch-hmt85mr63.jpg\" alt=\"lo-vi-song-bosch-hmt85mr63\" \/><\/p>\n<ul>\n<li><em>Khoang l\u00f2 vi so\u0301ng \u0111\u01b0\u1ee3c l\u00e0m t\u1eeb th\u00e9p tr\u00e1ng men an to\u00e0n cho s\u1ee9c kh\u1ecfe, s\u00e1ng \u0111\u1eb9p, \u00edt b\u00e1m b\u1ea9n. \u0110i k\u00e8m l\u00e0 tr\u1ee5c xoay v\u00e0 \u0111\u0129a th\u1ee7y tinh xoay tr\u00f2n linh ho\u1ea1t, gi\u00fap th\u1ef1c ph\u1ea9m \u0111\u01b0\u1ee3c l\u00e0m n\u00f3ng \u0111\u1ec1u, ngon.<\/em><\/li>\n<li><em>\u0110\u01b0\u1ee3c thi\u1ebft k\u1ebf m\u1eb7t k\u00ednh 2 l\u1edbp si\u00eau b\u1ec1n, lo\u0300 vi so\u0301ng Bosch\u00a0tr\u00e1nh th\u1ea5t tho\u00e1t nhi\u1ec7t, an to\u00e0n khi s\u1eed d\u1ee5ng v\u00e0 c\u0169ng d\u1ec5 quan s\u00e1t khi n\u1ea5u n\u01b0\u1edbng. K\u1ebft h\u1ee3p v\u1edbi thi\u1ebft k\u1ebf \u0111\u00e8n halogen n\u01b0\u1edbng hi\u1ec7u qu\u1ea3 v\u00e0 chi\u1ebfu s\u00e1ng gi\u00fap b\u1ea1n quan s\u00e1t b\u00ean trong l\u00f2 d\u1ec5 d\u00e0ng, kh\u00f4ng c\u1ea7n m\u1edf c\u1eeda l\u00f2.<\/em><\/li>\n<li><em>Lo\u0300 vi so\u0301ng Bosch\u00a0c\u00f3 c\u1eeda b\u1ea3n l\u1ec1 gi\u00fap m\u1edf v\u00e0 \u0111\u00f3ng thi\u1ebft b\u1ecb nh\u1eb9 nh\u00e0ng v\u00e0 d\u1ec5 d\u00e0ng.<\/em><em>\u200b<\/em><\/li>\n<\/ul>\n<h3><strong>\u01afu \u0111i\u00ea\u0309m v\u01b0\u01a1\u0323t tr\u00f4\u0323i cu\u0309a lo\u0300 vi so\u0301ng HMT85MR63<\/strong><\/h3>\n<p><strong>L\u00f2 vi s\u00f3ng Bosch HMT85MR63<\/strong>\u00a0c\u00f3 nhi\u1ec1u m\u1ee9c nhi\u1ec7t kh\u00e1c nhau, ph\u00f9 h\u1ee3p v\u1edbi nhu c\u00e2\u0300u s\u1eed d\u1ee5ng cu\u0309a t\u01b0\u0300ng gia \u0111i\u0300nh.<\/p>\n<p><img title=\"lo-vi-song-bosch-hmt85mr63-01\" src=\"https:\/\/bepvuson.vn\/Data\/upload\/images\/lo%CC%80%20vi%20so%CC%81ng\/lovisongboschhmt72m654anhmota7x1200x1200x4.jpg\" alt=\"lo-vi-song-bosch-hmt85mr63-01\" \/><\/p>\n<ul>\n<li><em>Ho\u1ea1t \u0111\u1ed9ng v\u1edbi c\u00f4ng su\u1ea5t 1220W, lo\u0300 vi so\u0301ng\u00a0cho kh\u1ea3 n\u0103ng l\u00e0m n\u00f3ng t\u1ed1t h\u01a1n, th\u1ee9c \u0103n ch\u00edn nhanh h\u01a1n, ti\u1ebft ki\u1ec7m th\u1eddi gian v\u00e0 \u0111i\u1ec7n n\u0103ng t\u1ed1i \u0111a.<\/em><\/li>\n<li><em>L\u00f2 vi so\u0301ng Bosch \u0111\u01b0\u01a1\u0323c trang bi\u0323 ch\u01b0\u0301c n\u0103ng h\u00e2\u0301p, lo\u0300 se\u0303\u00a0s\u1eed d\u1ee5ng h\u01a1i n\u01b0\u1edbc t\u1eeb h\u1ed9c ch\u1ee9a n\u01b0\u1edbc \u0111i k\u00e8m \u0111\u1ec3 h\u00e2m n\u00f3ng r\u1ed3i t\u1eeb \u0111\u00f3 h\u1ea5p ch\u00edn th\u1ee9c \u0103n. Th\u1ee9c \u0103n h\u1ea5p b\u1eb1ng l\u00f2 vi s\u00f3ng r\u1ea5t m\u1ec1m \u1ea9m, kh\u00f4ng b\u1ecb kh\u00f4.<\/em><\/li>\n<li><em>Nha\u0300 sa\u0309n xu\u00e2\u0301t \u0111a\u0303 ti\u0301ch h\u01a1\u0323p ch\u00ea\u0301 \u0111\u00f4\u0323 he\u0323n gi\u01a1\u0300 trong lo\u0300 vi so\u0301ng Bosch,\u00a0cho ph\u00e9p ng\u01b0\u1eddi d\u00f9ng h\u1eb9n gi\u1edd tr\u01b0\u1edbc (t\u1eeb 0 \u2013 30 ph\u00fat) \u0111\u1ec3 t\u1ef1 \u0111\u1ed9ng ng\u1eaft, ti\u1ebft ki\u1ec7m th\u1eddi gian tr\u00f4ng coi. Sau khi l\u00f2 \u0111\u00e3 ho\u00e0n th\u00e0nh qu\u00e1 tr\u00ecnh \u0111\u01b0\u1ee3c c\u00e0i \u0111\u1eb7t tr\u01b0\u1edbc s\u1ebd c\u00f3 ti\u1ebfng chu\u00f4ng b\u00e1o hi\u1ec7u v\u00e0 t\u1ef1 \u0111\u1ed9ng t\u1eaft.<\/em><\/li>\n<li><em>Nh\u1eefng chi\u1ebfc l\u00f2 vi s\u00f3ng \u0111\u01b0\u1ee3c t\u00edch h\u1ee3p ch\u1ee9c n\u0103ng n\u01b0\u1edbng th\u1ef1c ph\u1ea9m \u0111ang ng\u00e0y c\u00e0ng xu\u1ea5t hi\u1ec7n nhi\u1ec1u h\u01a1n tr\u00ean th\u1ecb tr\u01b0\u1eddng h\u00e0ng ti\u00eau d\u00f9ng Vi\u1ec7t, \u0111i\u00ea\u0309n hi\u0300nh la\u0300 model HMT85MR63. Khi s\u1eed d\u1ee5ng ch\u1ee9c n\u0103ng n\u00e0y, l\u00f2 vi s\u00f3ng s\u1ebd t\u1ecfa nhi\u1ec7t \u0111\u1ec1u tr\u00ean th\u1ef1c ph\u1ea9m gi\u00fap th\u1ef1c ph\u1ea9m ch\u00edn nhanh, \u0111\u1ec1u m\u00e0 v\u1eabn gi\u1eef \u0111\u01b0\u1ee3c h\u01b0\u01a1ng v\u1ecb v\u1ed1n c\u00f3.<\/em><\/li>\n<\/ul>\n<p><em>\u200b<img title=\"lo-vi-song-bosch-hmt85mr63-02\" src=\"https:\/\/bepvuson.vn\/Data\/upload\/images\/lo%CC%80%20vi%20so%CC%81ng\/large_624_tu-lanh-bosch-premium-kad62p91(15).jpg\" alt=\"lo-vi-song-bosch-hmt85mr63-02\" \/><\/em><\/p>\n<\/div>\n<\/div>\n","protected":false},"excerpt":{"rendered":"<p>T\u1ed5ng quan chung L\u00f2 vi s\u00f3ng Bosch HMT85MR63 L\u00f2 vi s\u00f3ng Bosch HMT85MR63 l\u00e0 d\u00f2ng s\u1ea3n ph\u1ea9m mang th\u01b0\u01a1ng hi\u1ec7u &hellip; <a class=\"link-more\" href=\"http:\/\/maudep.com.vn\/chuyengiadienmay\/?product=lo-vi-song-bosch-hmt85mr63\" class=\"more-link\">\u0110\u1ecdc th\u00eam &raquo;<span class=\"screen-reader-text\"> &#8220;L\u00f2 vi s\u00f3ng Bosch HMT85MR63&#8221;<\/span><\/a><\/p>\n","protected":false},"featured_media":3440,"comment_status":"open","ping_status":"closed","template":"","meta":[],"_links":{"self":[{"href":"http:\/\/maudep.com.vn\/chuyengiadienmay\/index.php?rest_route=\/wp\/v2\/product\/3439"}],"collection":[{"href":"http:\/\/maudep.com.vn\/chuyengiadienmay\/index.php?rest_route=\/wp\/v2\/product"}],"about":[{"href":"http:\/\/maudep.com.vn\/chuyengiadienmay\/index.php?rest_route=\/wp\/v2\/types\/product"}],"replies":[{"embeddable":true,"href":"http:\/\/maudep.com.vn\/chuyengiadienmay\/index.php?rest_route=%2Fwp%2Fv2%2Fcomments&post=3439"}],"wp:featuredmedia":[{"embeddable":true,"href":"http:\/\/maudep.com.vn\/chuyengiadienmay\/index.php?rest_route=\/wp\/v2\/media\/3440"}],"wp:attachment":[{"href":"http:\/\/maudep.com.vn\/chuyengiadienmay\/index.php?rest_route=%2Fwp%2Fv2%2Fmedia&parent=3439"}],"curies":[{"name":"wp","href":"https:\/\/api.w.org\/{rel}","templated":true}]}}