{"id":3441,"date":"2019-01-17T16:51:37","date_gmt":"2019-01-17T09:51:37","guid":{"rendered":"http:\/\/maudep.com.vn\/chuyengiadienmay\/?post_type=product&#038;p=3441"},"modified":"2019-01-17T16:51:37","modified_gmt":"2019-01-17T09:51:37","slug":"lo-vi-song-bosch-hmt84g654b","status":"publish","type":"product","link":"http:\/\/maudep.com.vn\/chuyengiadienmay\/?product=lo-vi-song-bosch-hmt84g654b","title":{"rendered":"L\u00f2 vi s\u00f3ng Bosch HMT84G654B"},"content":{"rendered":"<h3 class=\"title\">T\u1ed5ng quan chung L\u00f2 vi s\u00f3ng Bosch HMT84G654B<\/h3>\n<div class=\"article-content\">\n<div class=\"js-content\">\n<h2>Bosch\u00a0l\u00e0 th\u01b0\u01a1ng hi\u1ec7u n\u1ed5i ti\u1ebfng v\u1edbi c\u00e1c d\u00f2ng s\u1ea3n ph\u1ea9m nh\u00e0 b\u1ebfp cao c\u1ea5p, trong \u0111\u00f3 kh\u00f4ng th\u1ec3 kh\u00f4ng k\u1ec3 \u0111\u1ebfn s\u1ea3n ph\u1ea9m l\u00f2 vi s\u00f3ng Bosch HMT84G654B\u00a0hi\u1ec7n \u0111ang r\u1ea5t \u0111\u01b0\u1ee3c \u01b0a chu\u1ed9ng v\u1edbi thi\u1ebft k\u1ebf ti\u1ec7n l\u1ee3i nh\u1ecf g\u1ecdn, ti\u1ebft ki\u1ec7m kh\u00f4ng gian, m\u00e0 gi\u00e1 c\u1ea3 l\u1ea1i r\u1ea5t h\u1ee3p t\u00fai ti\u1ec1n.<\/h2>\n<h3><strong>Lo\u0300 vi so\u0301ng HMT84G654B co\u0301 ch\u01b0\u0301c n\u0103ng gi\u0300?<\/strong><\/h3>\n<p>Ch\u01b0\u0301c n\u0103ng la\u0300 y\u00ea\u0301u t\u00f4\u0301 \u0111\u00e2\u0300u ti\u00ean khi \u0111a\u0301nh gia\u0301 ch\u00e2\u0301t l\u01b0\u01a1\u0323ng<strong>\u00a0l\u00f2 vi s\u00f3ng Bosch HMT84654B<\/strong>\u00a0co\u0301 t\u00f4\u0301t hay kh\u00f4ng? Ba\u0323n kh\u00f4ng c\u00e2\u0300n lo l\u0103\u0301ng, vi\u0300 sa\u0309n ph\u00e2\u0309m \u0111\u01b0\u01a1\u0323c trang bi\u0323 r\u00e2\u0301t nhi\u00ea\u0300u ch\u01b0\u0301c n\u0103ng h\u01b0\u0303u du\u0323ng \u0111\u01b0\u01a1\u0323c chuy\u00ean gia \u0111a\u0301nh gia\u0301 cao.<\/p>\n<p><img title=\"lo-vi-song-bosch-hmt84g654b\" src=\"https:\/\/bepvuson.vn\/Data\/upload\/images\/lo%CC%80%20vi%20so%CC%81ng\/bosch_hmt84g654b_ssb_04_l.jpg\" alt=\"lo-vi-song-bosch-hmt84g654b\" \/><\/p>\n<ul>\n<li><em>Lo\u0300 vi so\u0301ng Bosch\u00a0kh\u00f4ng ch\u1ec9 c\u00f3 ch\u1ee9c n\u0103ng vi s\u00f3ng m\u00e0 v\u1edbi qu\u00e1 tr\u00ecnh d\u00e3 \u0111\u1ed9ng nhanh ch\u00f3ng m\u00e0 c\u00f2n c\u00f3 ch\u01b0\u01a1ng tr\u00ecnh h\u1ea5p k\u00e8m theo, ngo\u00e0i ra l\u00f2 c\u00f2n c\u00f3 ch\u1ebf \u0111\u1ed9 c\u00e0i \u0111\u1eb7t h\u1eb9n gi\u1edd \u0111\u1ebfn 60 ph\u00fat ph\u00f9 h\u1ee3p ch\u1ebf bi\u1ebfn nhi\u1ec1u m\u00f3n \u0103n kh\u00e1c nhau, \u0111\u1eb7c bi\u1ec7t, thi\u1ebft b\u1ecb c\u00f2n c\u00f3 ch\u1ee9c n\u0103ng t\u1ef1 \u0111\u1ed9ng c\u00e0i \u0111\u1eb7t th\u1eddi gian r\u00e3 \u0111\u00f4ng theo tr\u1ecdng l\u01b0\u1ee3ng r\u1ea5t ti\u1ec7n d\u1ee5ng,.<\/em><\/li>\n<li><em>Kh\u00f4ng chi\u0309 v\u00e2\u0323y,\u00a0l\u00f2 vi s\u00f3ng HMT84G654B\u00a0c\u00f2n c\u00f3 ch\u1ee9c n\u0103ng n\u1ea5u t\u1ef1 \u0111\u1ed9ng ghi nh\u1edb 3 m\u00f3n \u0103n \u01b0a th\u00edch n\u00ean khi n\u1ea5u l\u1ea1i m\u00f3n \u0103n \u0111\u00f3 b\u1ea1n ch\u1ec9 c\u1ea7n l\u1ef1a ch\u1ecdn ch\u1ee9c n\u0103ng n\u00e0y c\u1ee7a l\u00f2 l\u00e0 s\u1ebd nhanh ch\u00f3ng c\u00f3 \u0111\u01b0\u1ee3c m\u00f3n \u0103n m\u00ecnh y\u00eau th\u00edch.<\/em><\/li>\n<li><em>8 c\u00f4ng th\u1ee9c n\u1ea5u \u0103n t\u1ef1 \u0111\u1ed9ng \u0111\u01b0\u1ee3c c\u00e0i \u0111\u1eb7t s\u1eb5n trong lo\u0300 vi so\u0301ng Bosch . T\u1ea5t c\u1ea3 nh\u1eefng g\u00ec b\u1ea1n c\u1ea7n l\u00e0m ch\u1ec9 l\u00e0 \u0111\u1eb7t th\u1ef1c ph\u1ea9m v\u00e0o trong, ch\u1ecdn c\u00f4ng th\u1ee9c ph\u00f9 h\u1ee3p v\u00e0 nh\u1eadp tr\u1ecdng l\u01b0\u1ee3ng; thi\u1ebft b\u1ecb s\u1ebd t\u1ef1 \u0111\u1ed9ng thi\u1ebft l\u1eadp nhi\u1ec7t \u0111\u1ed9, th\u1eddi gian ho\u1ea1t \u0111\u1ed9ng ph\u00f9 h\u1ee3p v\u1edbi lo\u1ea1i th\u1ef1c ph\u1ea9m \u0111\u00f3.<\/em><\/li>\n<li><em>Ch\u1ee9c n\u0103ng t\u1ef1 \u0111\u1ed9ng ki\u1ec3m so\u00e1t tr\u1ecdng l\u01b0\u1ee3ng th\u00f4ng minh gi\u00fap l\u00f2 vi so\u0301ng t\u1ef1 \u0111\u1ed9ng t\u00ednh to\u00e1n m\u1ee9c n\u0103ng l\u01b0\u1ee3ng v\u00e0 th\u1eddi gian n\u1ea5u chu\u1ea9n nh\u1ea5t cho t\u1eebng kh\u1ed1i l\u01b0\u1ee3ng th\u1ef1c ph\u1ea9m gi\u00fap vi\u1ec7c n\u1ea5u \u0103n cho gia \u0111\u00ecnh b\u1ea1n tr\u1edf n\u00ean v\u00f4 c\u00f9ng \u0111\u01a1n gi\u1ea3n.<\/em><\/li>\n<\/ul>\n<h3><strong>\u0110a\u0301nh gia\u0301 chi ti\u00ea\u0301t lo\u0300 vi so\u0301ng HMT84G654B<\/strong><\/h3>\n<p>Ngoa\u0300i \u0111a ti\u0301nh n\u0103ng,\u00a0<strong>l\u00f2 vi s\u00f3ng Bosch HMT84G654B<\/strong>\u00a0co\u0300n s\u01b0\u0309 du\u0323ng linh ki\u00ea\u0323n cao c\u00e2\u0301p, \u0111\u00f4\u0323 b\u00ea\u0300n cao, tu\u00f4\u0309i tho\u0323 co\u0301 th\u00ea\u0309 l\u00ean \u0111\u00ea\u0301n va\u0300i chu\u0323c n\u0103m tu\u0300y theo m\u01b0\u0301c \u0111\u00f4\u0323 s\u01b0\u0309 du\u0323ng.<\/p>\n<p><img title=\"lo-vi-song-bosch-hmt84g654b-01\" src=\"https:\/\/bepvuson.vn\/Data\/upload\/images\/lo%CC%80%20vi%20so%CC%81ng\/MCSA00722230_E4043_HMT75M654B_375473_defav.jpg\" alt=\"lo-vi-song-bosch-hmt84g654b-01\" \/><\/p>\n<ul>\n<li><em>L\u00f2 vi so\u0301ng Bosch\u00a0c\u00f3 k\u00edch th\u01b0\u1edbc cao x r\u1ed9ng x s\u00e2u l\u1ea7n l\u01b0\u1ee3t l\u00e0 382 x 594 x 388 mm\u00a0, dung t\u00edch 25L , m\u00e0n h\u00ecnh hi\u1ec3n th\u1ecb LCD gi\u00fap b\u1ea1n d\u1ec5 d\u00e0ng quan s\u00e1t c\u00e1c ch\u01b0\u01a1ng tr\u00ecnh ho\u1ea1t \u0111\u1ed9ng c\u1ee7a m\u00e1y.<\/em><\/li>\n<li><em>C\u00f4ng su\u00e2\u0301t lo\u0300 vi so\u0301ng Bosch l\u00ean t\u01a1\u0301i 900 W, lo\u0300 s\u01b0\u0309 du\u0323ng \u0111i\u0303a h\u00e2\u0300m b\u0103\u0300ng the\u0301p kh\u00f4ng gi\u0309 ,\u00a0b\u00ean trong khoang l\u00f2 \u0111\u01b0\u1ee3c tr\u00e1ng men ho\u00e0n h\u1ea3o, \u0111\u0129a xoay c\u1ee7a l\u00f2 c\u0169ng c\u00f3 k\u00edch th\u01b0\u1edbc l\u1edbn v\u1edbi 32cm.<\/em><\/li>\n<li><em>Lo\u0300 vi so\u0301ng Bosch \u0111\u01b0\u01a1\u0323c thi\u00ea\u0301t k\u00ea\u0301 h\u1ec7 th\u1ed1ng b\u1ea3ng \u0111i\u1ec1u khi\u1ec3n c\u1ea3m \u1ee9ng ph\u00eda b\u00ean d\u01b0\u1edbi v\u1edbi m\u00e0n h\u00ecnh hi\u1ec7n th\u1ecb \u0111\u1ed3ng h\u1ed3 \u0111i\u1ec7n t\u1eed d\u1ec5 d\u00e0ng cho vi\u1ec7c l\u1ef1a ch\u1ecdn m\u1ee9c c\u00f4ng su\u1ea5t vi s\u00f3ng, c\u00e1c ch\u1ee9c n\u0103ng t\u1ef1 \u0111\u1ed9ng.<\/em><\/li>\n<\/ul>\n<p><em><img title=\"lo-vi-song-bosch-hmt84g654b-02\" src=\"https:\/\/bepvuson.vn\/Data\/upload\/images\/lo%CC%80%20vi%20so%CC%81ng\/1502344431357_5641416.jpg\" alt=\"lo-vi-song-bosch-hmt84g654b-02\" \/><\/em><\/p>\n<\/div>\n<\/div>\n","protected":false},"excerpt":{"rendered":"<p>T\u1ed5ng quan chung L\u00f2 vi s\u00f3ng Bosch HMT84G654B Bosch\u00a0l\u00e0 th\u01b0\u01a1ng hi\u1ec7u n\u1ed5i ti\u1ebfng v\u1edbi c\u00e1c d\u00f2ng s\u1ea3n ph\u1ea9m nh\u00e0 b\u1ebfp &hellip; <a class=\"link-more\" href=\"http:\/\/maudep.com.vn\/chuyengiadienmay\/?product=lo-vi-song-bosch-hmt84g654b\" class=\"more-link\">\u0110\u1ecdc th\u00eam &raquo;<span class=\"screen-reader-text\"> &#8220;L\u00f2 vi s\u00f3ng Bosch HMT84G654B&#8221;<\/span><\/a><\/p>\n","protected":false},"featured_media":3442,"comment_status":"open","ping_status":"closed","template":"","meta":[],"_links":{"self":[{"href":"http:\/\/maudep.com.vn\/chuyengiadienmay\/index.php?rest_route=\/wp\/v2\/product\/3441"}],"collection":[{"href":"http:\/\/maudep.com.vn\/chuyengiadienmay\/index.php?rest_route=\/wp\/v2\/product"}],"about":[{"href":"http:\/\/maudep.com.vn\/chuyengiadienmay\/index.php?rest_route=\/wp\/v2\/types\/product"}],"replies":[{"embeddable":true,"href":"http:\/\/maudep.com.vn\/chuyengiadienmay\/index.php?rest_route=%2Fwp%2Fv2%2Fcomments&post=3441"}],"wp:featuredmedia":[{"embeddable":true,"href":"http:\/\/maudep.com.vn\/chuyengiadienmay\/index.php?rest_route=\/wp\/v2\/media\/3442"}],"wp:attachment":[{"href":"http:\/\/maudep.com.vn\/chuyengiadienmay\/index.php?rest_route=%2Fwp%2Fv2%2Fmedia&parent=3441"}],"curies":[{"name":"wp","href":"https:\/\/api.w.org\/{rel}","templated":true}]}}