{"id":3443,"date":"2019-01-17T16:57:46","date_gmt":"2019-01-17T09:57:46","guid":{"rendered":"http:\/\/maudep.com.vn\/chuyengiadienmay\/?post_type=product&#038;p=3443"},"modified":"2019-01-17T16:57:46","modified_gmt":"2019-01-17T09:57:46","slug":"lo-vi-song-bosch-hmh-cmg633bs1b","status":"publish","type":"product","link":"http:\/\/maudep.com.vn\/chuyengiadienmay\/?product=lo-vi-song-bosch-hmh-cmg633bs1b","title":{"rendered":"L\u00f2 vi s\u00f3ng BOSCH HMH CMG633BS1B"},"content":{"rendered":"<h3 class=\"title\">T\u1ed5ng quan chung L\u00f2 vi s\u00f3ng BOSCH HMH CMG633BS1B<\/h3>\n<div class=\"article-content\">\n<div class=\"js-content\">\n<h2>Lo\u0300 vi so\u0301ng Bosch HMH CMG633BS1B l\u00e0 d\u00f2ng s\u1ea3n ph\u1ea9m mang th\u01b0\u01a1ng hi\u1ec7u bosch,s\u1ea3n xu\u1ea5t t\u1ea1i nh\u00e0 m\u00e1y Bosch \u1edf Anh qu\u1ed1c,do \u0111\u00f3 m\u1ecdi ti\u00eau chu\u1ea9n k\u1ef9 thu\u1eadt \u0111\u1ec1u \u0111\u01b0\u1ee3c ki\u1ec3m \u0111\u1ecbnh r\u1ea5t kh\u1eaft khe tr\u01b0\u1edbc khi \u0111\u01b0a t\u1edbi tay ng\u01b0\u1eddi ti\u00eau d\u00f9ng. Thi\u00ea\u0301t k\u00ea\u0301 sang tro\u0323ng cu\u0300ng ti\u0301nh n\u0103ng th\u00f4ng minh, \u0111a\u0309m ba\u0309o se\u0303 la\u0300m ha\u0300i lo\u0300ng nh\u01b0\u0303ng ng\u01b0\u01a1\u0300i n\u00f4\u0323i tr\u01a1\u0323 kho\u0301 ti\u0301nh nh\u00e2\u0301t.<\/h2>\n<h3><strong>\u0110a\u0301nh gia\u0301 sa\u0309n ph\u00e2\u0309m lo\u0300 vi so\u0301ng HMH CMG633BS1B<\/strong><\/h3>\n<p><strong>L\u00f2 vi s\u00f3ng Bosch HMH CMG633BS1B<\/strong>\u00a0\u0111\u01b0\u1ee3c thi\u1ebft k\u1ebf v\u1edbi ki\u1ec3u d\u00e1ng \u00e2m t\u1ee7 ti\u1ec7n l\u1ee3i. Ph\u1ea7n th\u00e2n l\u00f2 vi s\u00f3ng m\u00e0u \u0111en l\u00e0m t\u0103ng t\u00ednh sang tr\u1ecdng cho c\u0103n b\u1ebfp.<\/p>\n<p><img title=\"lo-vi-song-bosch-hmh-cmg633bs1b\" src=\"https:\/\/bepvuson.vn\/Data\/upload\/images\/lo%CC%80%20vi%20so%CC%81ng\/maxresdefault.jpg\" alt=\"lo-vi-song-bosch-hmh-cmg633bs1b\" \/><\/p>\n<ul>\n<li><em>Thi\u1ebft k\u1ebf \u00e2m t\u1ee7 v\u1edbi m\u1eb7t k\u00ednh m\u00e0u \u0111en cao c\u1ea5p, ph\u1ea7n th\u00e2n v\u00e0 ph\u1ea7n khoang l\u00f2 vi so\u0301ng Bosch l\u00e0m b\u1eb1ng ch\u1ea5t li\u1ec7u th\u00e9p cao c\u1ea5p kh\u00f4ng r\u1ec9, kh\u00f4ng b\u00e1m v\u00e2n tay, c\u00f3 kh\u1ea3 n\u0103ng ch\u1ecbu l\u1ef1c, ch\u1ecbu nhi\u1ec7t \u0111\u1ed3ng th\u1eddi l\u00e0m t\u0103ng t\u00ednh sang tr\u1ecdng cho c\u0103n b\u1ebfp nh\u00e0 b\u1ea1n.<\/em><\/li>\n<li><em>Dung ti\u0301ch lo\u0300 vi so\u0301ng Bosch 45 li\u0301t phu\u0300 h\u01a1\u0323p v\u01a1\u0301i gia \u0111i\u0300nh co\u0301 \u0111\u00f4ng tha\u0300nh vi\u00ean.<\/em><\/li>\n<\/ul>\n<p><strong>Th\u00f4ng tin chi ti\u00ea\u0301t sa\u0309n ph\u00e2\u0309m<\/strong><\/p>\n<ul>\n<li><em>C\u00f4ng su\u1ea5t lo\u0300 vi s\u00f3ng t\u1ed1i \u0111a: 900 W; 5 m\u1ee9c c\u00f4ng su\u1ea5t vi s\u00f3ng (90 W,180 W,360 W,600 W,900 W) v\u1edbi c\u00f4ng ngh\u1ec7 Inverter (MW)<\/em><\/li>\n<li><em>Ma\u0300n hi\u0300nh ma\u0300u TFT d\u1ec5 d\u00e0ng s\u1eed d\u1ee5ng v\u00e0 hi\u1ec3n th\u1ecb r\u00f5 r\u00e0ng c\u00e1c k\u00fd hi\u1ec7u<\/em><\/li>\n<li><em>H\u1ec7 th\u1ed1ng \u0111\u00e8n LED chi\u1ebfu s\u00e1ng b\u00ean trong ti\u1ebft ki\u1ec7m \u0111i\u1ec7n n\u0103ng ti\u00eau th\u1ee5<\/em><\/li>\n<li><em>C\u1eeda l\u00f2 vi so\u0301ng Bosch \u0111\u01b0\u1ee3c thi\u1ebft k\u1ebf v\u1edbi c\u00f4ng ngh\u1ec7 \u0111\u00f3ng m\u1edf \u00eam, gi\u1ea3m ch\u1ea5n khi \u0111\u00f3ng<\/em><\/li>\n<li><em>Ph\u1ee5 ki\u1ec7n \u0111i k\u00e8m : 1 khay n\u01b0\u1edbng, 1 v\u1ec9 n\u01b0\u1edbng<\/em><\/li>\n<li><em>Lo\u0300 vi so\u0301ng Bosch ti\u0301ch h\u01a1\u0323p ch\u1ee9c n\u0103ng an to\u00e0n<\/em><\/li>\n<li><em>Kh\u00f3a tre\u0309 em<\/em><\/li>\n<li><em>T\u1ef1 t\u1eaft khi kh\u00f4ng s\u1eed d\u1ee5ng<\/em><\/li>\n<\/ul>\n<p><em>\u200b<img title=\"lo-vi-song-bosch-hmh-cmg633bs1b-01\" src=\"https:\/\/bepvuson.vn\/Data\/upload\/images\/lo%CC%80%20vi%20so%CC%81ng\/3956784177_a185a779e3.jpg\" alt=\"lo-vi-song-bosch-hmh-cmg633bs1b-01\" \/><\/em><\/p>\n<h3><strong>\u01afu \u0111i\u00ea\u0309m v\u01b0\u01a1\u0323t tr\u00f4\u0323i cu\u0309a lo\u0300 vi so\u0301ng HMH CMG633BS1B<\/strong><\/h3>\n<p><strong>L\u00f2 vi s\u00f3ng Bosch HMH CMG633BS1B<\/strong>\u00a0c\u00f3 thi\u1ebft k\u1ebf nh\u1ecf g\u1ecdn nh\u01b0ng \u0111\u01b0\u1ee3c t\u00edch h\u1ee3p nhi\u1ec1u t\u00ednh n\u0103ng th\u00f4ng minh, l\u00e0 s\u1ea3n ph\u1ea9m \u0111\u01b0\u1ee3c nhi\u1ec1u ng\u01b0\u1eddi n\u1ed9i tr\u1ee3 y\u00eau th\u00edch.<\/p>\n<p><img title=\"lo-vi-song-bosch-hmh-cmg633bs1b-02\" src=\"https:\/\/bepvuson.vn\/Data\/upload\/images\/lo%CC%80%20vi%20so%CC%81ng\/wyc4fbisuesm7.jpg\" alt=\"lo-vi-song-bosch-hmh-cmg633bs1b-02\" \/><\/p>\n<ul>\n<li><em>\u00d0i\u1ec1u khi\u1ec3n nu\u0301t v\u0103\u0323n\u00a0k\u1ebft h\u1ee3p m\u00e0n h\u00ecnh hi\u1ec3n th\u1ecb LCD cu\u0309a lo\u0300 vi so\u0301ng Bosch d\u1ec5 quan s\u00e1t v\u00e0 \u0111i\u1ec1u ch\u1ec9nh h\u01a1n khi n\u1ea5u n\u01b0\u1edbng. C\u00e0i \u0111\u1eb7t ch\u01b0\u01a1ng tr\u00ecnh \u0111i\u1ec7n t\u1eed gi\u00fap b\u1ea1n l\u1ef1a ch\u1ecdn \u0111\u01b0\u1ee3c c\u00e1c ch\u1ee9c n\u0103ng th\u1eddi gian v\u00e0 nhi\u1ec7t \u0111\u1ed9 \u0111\u01b0\u1ee3c d\u1ec5 d\u00e0ng.<\/em><\/li>\n<li><em>Vi\u1ec7c th\u1ef1c hi\u1ec7n \u0111\u1ea7u t\u01b0 t\u1ea5t c\u1ea3 nh\u1eefng s\u1ea3n ph\u1ea9m trong kh\u00f4ng gian b\u1ebfp c\u1ee7a ch\u00fang ta gi\u00fap ch\u00fang ta c\u00f3 \u0111\u01b0\u1ee3c nh\u1eefng \u0111\u00e1p \u1ee9ng c\u1ea7n thi\u1ebft nh\u1ea5t cho th\u1ef1c hi\u1ec7n n\u1ea5u n\u01b0\u1edbng v\u00e0 th\u1ef1c hi\u1ec7n vi\u1ec7c ch\u1ebf bi\u1ebfn c\u0169ng nh\u01b0 b\u1ea3o to\u00e0n t\u1ea5t c\u1ea3 c\u00e1c gi\u00e1 tr\u1ecb dinh d\u01b0\u1ee1ng c\u00f3 m\u1eb7t trong m\u00f3n \u0103n, khi s\u01b0\u0309 du\u0323ng lo\u0300 vi so\u0301ng Bosch d\u01b0\u01a1\u0303ng ch\u00e2\u0301t trong th\u01b0\u0301c \u0103n se\u0303 kh\u00f4ng bi\u0323 th\u00e2\u0301t thoa\u0301t ra ngoa\u0300i.<\/em><\/li>\n<li><em>Ch\u1ee9c n\u0103ng n\u1ea5u n\u01b0\u1edbng \u0111a d\u1ea1ng v\u00e0 phong ph\u00fa gi\u00fap ng\u01b0\u1eddi d\u00f9ng kh\u00f4ng c\u00f2n s\u1ef1 ng\u00e2\u0300n ng\u1ea1i trong ch\u1ebf bi\u1ebfn m\u00f3n \u0103n. Lo\u0300 vi so\u0301ng HMH CMG633BS1B c\u00f3 \u0111a ch\u01b0\u01a1ng tr\u00ecnh n\u1ea5u nh\u01b0 v\u00e2\u0323y l\u00f2 se\u0303 \u0111\u01b0\u01a1\u0323c c\u00e0i \u0111\u1eb7t ch\u1ebf \u0111\u1ed9 n\u1ea5u t\u1ef1 \u0111\u1ed9ng \u0111\u01a1n gi\u1ea3n kh\u00f4ng c\u00f2n nh\u1eefng thao t\u00e1c ph\u1ee9c t\u1ea1p trong n\u1ed9i tr\u1ee3 n\u1eefa.<\/em><\/li>\n<\/ul>\n<\/div>\n<\/div>\n","protected":false},"excerpt":{"rendered":"<p>T\u1ed5ng quan chung L\u00f2 vi s\u00f3ng BOSCH HMH CMG633BS1B Lo\u0300 vi so\u0301ng Bosch HMH CMG633BS1B l\u00e0 d\u00f2ng s\u1ea3n ph\u1ea9m mang &hellip; <a class=\"link-more\" href=\"http:\/\/maudep.com.vn\/chuyengiadienmay\/?product=lo-vi-song-bosch-hmh-cmg633bs1b\" class=\"more-link\">\u0110\u1ecdc th\u00eam &raquo;<span class=\"screen-reader-text\"> &#8220;L\u00f2 vi s\u00f3ng BOSCH HMH CMG633BS1B&#8221;<\/span><\/a><\/p>\n","protected":false},"featured_media":3444,"comment_status":"open","ping_status":"closed","template":"","meta":[],"_links":{"self":[{"href":"http:\/\/maudep.com.vn\/chuyengiadienmay\/index.php?rest_route=\/wp\/v2\/product\/3443"}],"collection":[{"href":"http:\/\/maudep.com.vn\/chuyengiadienmay\/index.php?rest_route=\/wp\/v2\/product"}],"about":[{"href":"http:\/\/maudep.com.vn\/chuyengiadienmay\/index.php?rest_route=\/wp\/v2\/types\/product"}],"replies":[{"embeddable":true,"href":"http:\/\/maudep.com.vn\/chuyengiadienmay\/index.php?rest_route=%2Fwp%2Fv2%2Fcomments&post=3443"}],"wp:featuredmedia":[{"embeddable":true,"href":"http:\/\/maudep.com.vn\/chuyengiadienmay\/index.php?rest_route=\/wp\/v2\/media\/3444"}],"wp:attachment":[{"href":"http:\/\/maudep.com.vn\/chuyengiadienmay\/index.php?rest_route=%2Fwp%2Fv2%2Fmedia&parent=3443"}],"curies":[{"name":"wp","href":"https:\/\/api.w.org\/{rel}","templated":true}]}}