{"id":3450,"date":"2019-01-18T12:15:00","date_gmt":"2019-01-18T05:15:00","guid":{"rendered":"http:\/\/maudep.com.vn\/chuyengiadienmay\/?post_type=product&#038;p=3450"},"modified":"2019-05-31T11:22:18","modified_gmt":"2019-05-31T04:22:18","slug":"dieu-hoa-sumikura-1-chieu-9-000btu-aps-apo-092","status":"publish","type":"product","link":"http:\/\/maudep.com.vn\/chuyengiadienmay\/?product=dieu-hoa-sumikura-1-chieu-9-000btu-aps-apo-092","title":{"rendered":"\u0110i\u1ec1u h\u00f2a Sumikura 1 chi\u1ec1u 9.000BTU  APS\/APO-092"},"content":{"rendered":"<div id=\"chitiet-1\" class=\"w-pd-i-content\">\n<p class=\"w-pd-i-c-head\"><strong>\u0110i\u1ec1u h\u00f2a Sumikura 1 chi\u1ec1u 9.000BTU APS\/APO-092<\/strong><\/p>\n<p style=\"text-align: justify;\">M\u00e1y \u0111i\u1ec1u h\u00f2a Sumikura\u00a0<strong>APS\/APO-092<\/strong> lo\u1ea1i 1 chi\u1ec1u l\u1ea1nh c\u00f4ng su\u1ea5t 9000Btu (1.0HP) s\u1eed d\u1ee5ng gas R22 thi\u1ebft k\u1ebf m\u1edbi Titan nh\u1eadp kh\u1ea9u ch\u00ednh h\u00e3ng Malaysia, b\u1ea3o h\u00e0nh ch\u00ednh h\u00e3ng 2 n\u0103m.<\/p>\n<p style=\"text-align: justify;\"><img style=\"height: 453px; width: 780px;\" src=\"\/Images\/Upload\/images\/dieu-hoa-sumikura.jpg\" alt=\"\" \/><img loading=\"lazy\" class=\"aligncenter size-full wp-image-3452\" src=\"http:\/\/maudep.com.vn\/chuyengiadienmay\/wp-content\/uploads\/2019\/01\/dieu-hoa-sumikura.jpg\" alt=\"\" width=\"780\" height=\"453\" srcset=\"http:\/\/maudep.com.vn\/chuyengiadienmay\/wp-content\/uploads\/2019\/01\/dieu-hoa-sumikura.jpg 780w, http:\/\/maudep.com.vn\/chuyengiadienmay\/wp-content\/uploads\/2019\/01\/dieu-hoa-sumikura-300x174.jpg 300w, http:\/\/maudep.com.vn\/chuyengiadienmay\/wp-content\/uploads\/2019\/01\/dieu-hoa-sumikura-768x446.jpg 768w, http:\/\/maudep.com.vn\/chuyengiadienmay\/wp-content\/uploads\/2019\/01\/dieu-hoa-sumikura-180x105.jpg 180w, http:\/\/maudep.com.vn\/chuyengiadienmay\/wp-content\/uploads\/2019\/01\/dieu-hoa-sumikura-600x348.jpg 600w\" sizes=\"(max-width: 780px) 100vw, 780px\" \/><\/p>\n<h3 style=\"text-align: justify;\">Ph\u00f9 h\u1ee3p l\u1eafp \u0111\u1eb7t cho c\u0103n ph\u00f2ng d\u01b0\u1edbi 15m2<\/h3>\n<p style=\"text-align: justify;\">\u0110i\u1ec1u h\u00f2a Sumikura Titan <strong>APS\/APO-092<\/strong> c\u00f3 thi\u1ebft k\u1ebf ho\u00e0n to\u00e0n m\u1edbi, \u0111\u01b0\u1eddng n\u00e9t tinh t\u1ebf, sang tr\u1ecdng. V\u1edbi c\u00f4ng su\u1ea5t 9000BTU, Sumikura APS\/APO-092 ph\u00f9 h\u1ee3p l\u1eafp \u0111\u1eb7t cho c\u0103n ph\u00f2ng c\u00f3 di\u1ec7n t\u00edch d\u01b0\u1edbi 15m2: Ph\u00f2ng ng\u1ee7, ph\u00f2ng l\u00e0m vi\u1ec7c&#8230;H\u01a1n n\u1eefa v\u1edbi \u0111\u00e8n hi\u1ec3n th\u1ecb nhi\u1ec7t \u0111\u1ed9 tr\u00ean d\u00e0n l\u1ea1nh gi\u00fap b\u1ea1n s\u1eed d\u1ee5ng d\u1ec5 d\u00e0ng h\u01a1n.<\/p>\n<p style=\"text-align: justify;\"><img style=\"height: 500px; width: 780px;\" src=\"\/Images\/Upload\/images\/sumikura-aps-apo-092.jpg\" alt=\"\" \/><img loading=\"lazy\" class=\"aligncenter size-full wp-image-3455\" src=\"http:\/\/maudep.com.vn\/chuyengiadienmay\/wp-content\/uploads\/2019\/01\/sumikura-aps-apo-092.jpg\" alt=\"\" width=\"780\" height=\"500\" srcset=\"http:\/\/maudep.com.vn\/chuyengiadienmay\/wp-content\/uploads\/2019\/01\/sumikura-aps-apo-092.jpg 780w, http:\/\/maudep.com.vn\/chuyengiadienmay\/wp-content\/uploads\/2019\/01\/sumikura-aps-apo-092-300x192.jpg 300w, http:\/\/maudep.com.vn\/chuyengiadienmay\/wp-content\/uploads\/2019\/01\/sumikura-aps-apo-092-768x492.jpg 768w, http:\/\/maudep.com.vn\/chuyengiadienmay\/wp-content\/uploads\/2019\/01\/sumikura-aps-apo-092-180x115.jpg 180w, http:\/\/maudep.com.vn\/chuyengiadienmay\/wp-content\/uploads\/2019\/01\/sumikura-aps-apo-092-600x385.jpg 600w\" sizes=\"(max-width: 780px) 100vw, 780px\" \/><\/p>\n<h3 style=\"text-align: justify;\">C\u00f4ng ngh\u1ec7 h\u00e0ng \u0111\u1ea7u Nh\u1eadt B\u1ea3n<\/h3>\n<p style=\"text-align: justify;\">Ch\u1ea5t l\u01b0\u1ee3ng v\u01b0\u1ee3t tr\u1ed9i, v\u1eadn h\u00e0nh b\u1ec1n b\u1ec9, m\u1ea1nh m\u1ebd v\u00e0 c\u1ef1c k\u1ef3 \u00eam \u00e1i<\/p>\n<p style=\"text-align: justify;\"><img style=\"height: 349px; width: 780px;\" src=\"\/Images\/Upload\/images\/sumikura-aps-apo-092-1.jpg\" alt=\"\" \/><img loading=\"lazy\" class=\"aligncenter size-full wp-image-3453\" src=\"http:\/\/maudep.com.vn\/chuyengiadienmay\/wp-content\/uploads\/2019\/01\/sumikura-aps-apo-092-1.jpg\" alt=\"\" width=\"780\" height=\"349\" srcset=\"http:\/\/maudep.com.vn\/chuyengiadienmay\/wp-content\/uploads\/2019\/01\/sumikura-aps-apo-092-1.jpg 780w, http:\/\/maudep.com.vn\/chuyengiadienmay\/wp-content\/uploads\/2019\/01\/sumikura-aps-apo-092-1-300x134.jpg 300w, http:\/\/maudep.com.vn\/chuyengiadienmay\/wp-content\/uploads\/2019\/01\/sumikura-aps-apo-092-1-768x344.jpg 768w, http:\/\/maudep.com.vn\/chuyengiadienmay\/wp-content\/uploads\/2019\/01\/sumikura-aps-apo-092-1-180x81.jpg 180w, http:\/\/maudep.com.vn\/chuyengiadienmay\/wp-content\/uploads\/2019\/01\/sumikura-aps-apo-092-1-600x268.jpg 600w\" sizes=\"(max-width: 780px) 100vw, 780px\" \/><\/p>\n<h3 style=\"text-align: justify;\">L\u00e0m l\u1ea1nh nhanh<\/h3>\n<p style=\"text-align: justify;\">C\u1eeda th\u1ed5i gi\u00f3 \u0111\u01b0\u1ee3c thi\u1ebft k\u1ebf v\u1edbi g\u00f3c th\u1ed5i r\u1ed9ng, \u0111\u01b0a kh\u00f4ng kh\u00ed l\u1ea1nh t\u1edbi m\u1ecdi n\u01a1i trong c\u0103n ph\u00f2ng c\u1ee7a B\u1ea1n. Mang l\u1ea1i cho B\u1ea1n c\u1ea3m gi\u00e1c tho\u1ea3i m\u00e1i s\u1ea3ng kho\u00e1i t\u1ee9c th\u00ec ngay khi b\u1eadt m\u00e1y.<\/p>\n<h3 style=\"text-align: justify;\">V\u1eadn h\u00e0nh \u00eam \u00e1i<\/h3>\n<p style=\"text-align: justify;\">Ch\u1ec9 v\u1edbi \u0111\u1ed9ng v\u1edbi \u0111\u1ed9 \u1ed3n d\u01b0\u1edbi m\u1ee9c 18Db, ti\u1ebfng \u0111\u1ed9ng duy nh\u1ea5t m\u00e0 b\u1ea1n c\u00f3 th\u1ec3 nghe \u0111\u01b0\u1ee3c l\u00e0 s\u1ef1 di chuy\u1ec3n c\u1ee7a lu\u1ed3ng gi\u00f3 l\u1ea1nh<\/p>\n<p style=\"text-align: justify;\"><img style=\"height: 430px; width: 780px;\" src=\"\/Images\/Upload\/images\/sumikura-aps-apo-092-2.jpg\" alt=\"\" \/><img loading=\"lazy\" class=\"aligncenter size-full wp-image-3454\" src=\"http:\/\/maudep.com.vn\/chuyengiadienmay\/wp-content\/uploads\/2019\/01\/sumikura-aps-apo-092-2.jpg\" alt=\"\" width=\"780\" height=\"430\" srcset=\"http:\/\/maudep.com.vn\/chuyengiadienmay\/wp-content\/uploads\/2019\/01\/sumikura-aps-apo-092-2.jpg 780w, http:\/\/maudep.com.vn\/chuyengiadienmay\/wp-content\/uploads\/2019\/01\/sumikura-aps-apo-092-2-300x165.jpg 300w, http:\/\/maudep.com.vn\/chuyengiadienmay\/wp-content\/uploads\/2019\/01\/sumikura-aps-apo-092-2-768x423.jpg 768w, http:\/\/maudep.com.vn\/chuyengiadienmay\/wp-content\/uploads\/2019\/01\/sumikura-aps-apo-092-2-180x99.jpg 180w, http:\/\/maudep.com.vn\/chuyengiadienmay\/wp-content\/uploads\/2019\/01\/sumikura-aps-apo-092-2-600x331.jpg 600w\" sizes=\"(max-width: 780px) 100vw, 780px\" \/><\/p>\n<h3 style=\"text-align: justify;\">Di\u1ec7t khu\u1ea9n kh\u1eed m\u00f9i hi\u1ec7u qu\u1ea3<\/h3>\n<p style=\"text-align: justify;\">M\u00e1y \u0111i\u1ec1u h\u00f2a 9.000 BTU Sumikura <strong>APS\/APO-092<\/strong> \u0111\u01b0\u1ee3c trang b\u1ecb b\u1ed9 l\u1ecdc carbon ho\u1ea1t t\u00ednh c\u00f3 kh\u1ea3 n\u0103ng kh\u1eed m\u00f9i kh\u00f3 ch\u1ecbu trong kh\u00f4ng kh\u00ed mang l\u1ea1i c\u1ea3m gi\u00e1c kh\u00f4ng kh\u00ed trong l\u00e0nh. Ngo\u00e0i ra m\u00e1y \u0111i\u1ec1u h\u00f2a Sumikura v\u1edbi ch\u1ebf \u0111\u1ed9 auto clean &#8211; t\u1ef1 l\u00e0m s\u1ea1ch: sau khi t\u1eaft m\u00e1y \u1edf ch\u1ebf \u0111\u1ed9 l\u00e0m l\u1ea1nh, qu\u1ea1t v\u1eabn ti\u1ebfp t\u1ee5c quay trong v\u00f2ng 3 ph\u00fat \u0111\u1ec3 l\u00e0m kh\u00f4 n\u01b0\u1edbc c\u00f2n \u0111\u1ecdng tr\u00ean d\u00e0n t\u1ea3n nhi\u1ec7t \u0111\u1ec3 tr\u00e1nh \u1ea9m m\u1ed1c.<\/p>\n<h3 style=\"text-align: justify;\">H\u1eb9n gi\u1edd t\u1eaft m\u1edf<\/h3>\n<p style=\"text-align: justify;\">\u0110i\u1ec1u h\u00f2a Sumikura thi\u1ebft k\u1ebf ch\u1ee9c n\u0103ng t\u1ef1 \u0111\u1ed9ng t\u1eaft \/ m\u1edf v\u00e0 \u0111\u01b0\u1ee3c l\u1eb7p l\u1ea1i m\u1ed7i 24 gi\u1edd.<\/p>\n<\/div>\n<p>&nbsp;<\/p>\n","protected":false},"excerpt":{"rendered":"<ul class=\"l pr-des-featured\">\n<li>\u0110i\u1ec1u h\u00f2a Sumikura 1 chi\u1ec1u 9.000BTU<\/li>\n<li>C\u00f4ng ngh\u1ec7 Nh\u1eadt B\u1ea3n, ch\u1ea5t l\u01b0\u1ee3ng v\u01b0\u1ee3t tr\u1ed9i<\/li>\n<li>L\u00e0m l\u1ea1nh nhanh, ho\u1ea1t \u0111\u1ed9ng \u00eam \u00e1i<\/li>\n<li>Di\u1ec7n t\u00edch l\u1eafp \u0111\u1eb7t &lt; 15m2<\/li>\n<li>Xu\u1ea5t x\u1ee9: Ch\u00ednh h\u00e3ng Malaysia<\/li>\n<li>B\u1ea3o h\u00e0nh: Ch\u00ednh h\u00e3ng 12 th\u00e1ng<\/li>\n<\/ul>\n","protected":false},"featured_media":3451,"comment_status":"open","ping_status":"closed","template":"","meta":[],"_links":{"self":[{"href":"http:\/\/maudep.com.vn\/chuyengiadienmay\/index.php?rest_route=\/wp\/v2\/product\/3450"}],"collection":[{"href":"http:\/\/maudep.com.vn\/chuyengiadienmay\/index.php?rest_route=\/wp\/v2\/product"}],"about":[{"href":"http:\/\/maudep.com.vn\/chuyengiadienmay\/index.php?rest_route=\/wp\/v2\/types\/product"}],"replies":[{"embeddable":true,"href":"http:\/\/maudep.com.vn\/chuyengiadienmay\/index.php?rest_route=%2Fwp%2Fv2%2Fcomments&post=3450"}],"wp:featuredmedia":[{"embeddable":true,"href":"http:\/\/maudep.com.vn\/chuyengiadienmay\/index.php?rest_route=\/wp\/v2\/media\/3451"}],"wp:attachment":[{"href":"http:\/\/maudep.com.vn\/chuyengiadienmay\/index.php?rest_route=%2Fwp%2Fv2%2Fmedia&parent=3450"}],"curies":[{"name":"wp","href":"https:\/\/api.w.org\/{rel}","templated":true}]}}