{"id":3569,"date":"2019-01-23T14:18:11","date_gmt":"2019-01-23T07:18:11","guid":{"rendered":"http:\/\/maudep.com.vn\/chuyengiadienmay\/?post_type=product&#038;p=3569"},"modified":"2021-10-18T15:43:11","modified_gmt":"2021-10-18T08:43:11","slug":"dieu-hoa-sumikura-9000btu-1-chieu-inverter-aps-apo-092dc","status":"publish","type":"product","link":"http:\/\/maudep.com.vn\/chuyengiadienmay\/?product=dieu-hoa-sumikura-9000btu-1-chieu-inverter-aps-apo-092dc","title":{"rendered":"\u0110i\u1ec1u h\u00f2a Sumikura 1 chi\u1ec1u 9000BTU inverter APS\/APO-092DC"},"content":{"rendered":"<div id=\"chitiet-1\" class=\"w-pd-i-content\">\n<p class=\"w-pd-i-c-head\">\u0110i\u1ec1u h\u00f2a Sumikura 9000BTU 1 chi\u1ec1u inverter APS\/APO-092DC<\/p>\n<p style=\"text-align: justify;\">M\u00e1y <strong>\u0111i\u1ec1u h\u00f2a Sumikura<\/strong>\u00a0<strong>APS\/APO-092DC<\/strong> lo\u1ea1i 1 chi\u1ec1u 9000BTU c\u00f4ng ngh\u1ec7 bi\u1ebfn t\u1ea7n inverter ti\u1ebft ki\u1ec7m \u0111i\u1ec7n, s\u1eed d\u1ee5ng gas R410a c\u00f4ng ngh\u1ec7 Nh\u1eadt \u0111\u01b0\u1ee3c nh\u1eadp kh\u1ea9u ch\u00ednh h\u00e3ng Th\u00e1i Lan.<\/p>\n<h3 style=\"text-align: justify;\">C\u00f4ng su\u1ea5t 9000BTU, l\u1eafp \u0111\u1eb7t cho ph\u00f2ng d\u01b0\u1edbi 15m2<\/h3>\n<p style=\"text-align: justify;\">Sumikura c\u00f3 s\u1ef1 \u0111\u1ed9t ph\u00e1 m\u1edbi v\u1ec1 thi\u1ebft k\u1ebf d\u00e0n l\u1ea1nh v\u1edbi \u0111\u01b0\u1eddng n\u00e9t bo tr\u00f2n, m\u00e0u tr\u1eafng s\u00e1ng b\u00f3ng l\u00e0m t\u00f4n vinh v\u1ebb \u0111\u1eb9p sang tr\u1ecdng. B\u1ea1n d\u1ec5 d\u00e0ng nh\u1eadn th\u1ea5y gi\u1edd \u0111\u00e2y ki\u1ec3u d\u00e1ng m\u1eabu m\u00e3 c\u1ee7a Sumikura kh\u00f4ng h\u1ec1 thua k\u00e9m c\u00e1c th\u01b0\u01a1ng hi\u1ec7u h\u00e0ng \u0111\u1ea7u th\u1ebf gi\u1edbi: Panasonic, LG. V\u1edbi c\u00f4ng su\u1ea5t 9000BTU m\u00e1y \u0111i\u1ec1u h\u00f2a Sumikura 1 chi\u1ec1u\u00a0<strong>APS\/APO-092DC <\/strong>ph\u00f9 h\u1ee3p l\u1eafp \u0111\u1eb7t cho c\u0103n ph\u00f2ng d\u01b0\u1edbi 15m2. H\u01a1n n\u1eefa, m\u00e1y c\u00f2n \u0111\u01b0\u1ee3c tranh b\u1ecb nh\u1eefng t\u00ednh n\u0103ng \u01b0u vi\u1ec7t.<\/p>\n<h3 style=\"text-align: justify;\">C\u00f4ng ngh\u1ec7 inverter ti\u1ebft ki\u1ec7m \u0111i\u1ec7n<\/h3>\n<h4 style=\"text-align: justify;\">Ti\u1ebft ki\u1ec7m n\u0103ng l\u01b0\u1ee3ng<\/h4>\n<p style=\"text-align: justify;\">Sau khi \u0111\u1ea1t \u0111\u01b0\u1ee3c nhi\u1ec7t \u0111\u1ed9 c\u00e0i \u0111\u1eb7t, m\u00e1y \u0111i\u1ec1u h\u00f2a kh\u00f4ng kh\u00ed inverter s\u1ebd h\u1ea1 c\u00f4ng su\u1ea5t \u0111\u1ec3 duy tr\u00ec nhi\u1ec7t \u0111\u1ed9 ph\u00f2ng, gi\u00fap ti\u1ebft ki\u1ec7m \u0111i\u1ec7n h\u01a1n so v\u1edbi m\u00e1y \u0111i\u1ec1u h\u00f2a kh\u00f4ng kh\u00ed kh\u00f4ng inverter.<\/p>\n<h4 style=\"text-align: justify;\">Tho\u1ea3i m\u00e1i<\/h4>\n<p style=\"text-align: justify;\">M\u00e1y \u0111i\u1ec1u h\u00f2a kh\u00f4ng kh\u00ed inverter \u0111i\u1ec1u ch\u1ec9nh c\u00f4ng su\u1ea5t d\u1ef1a v\u00e0o t\u1ea3i nhi\u1ec7t, gi\u1ea3m thi\u1ec3u c\u00e1ch bi\u1ec7t gi\u1eefa nhi\u1ec7t \u0111\u1ed9 ph\u00f2ng v\u00e0 nhi\u1ec7t \u0111\u1ed9 c\u00e0i \u0111\u1eb7t, mang l\u1ea1i s\u1ef1 tho\u1ea3i m\u00e1i cao h\u01a1n so v\u1edbi m\u00e1y kh\u00f4ng inverter.<\/p>\n<h4 style=\"text-align: justify;\">Ho\u1ea1t \u0111\u1ed9ng m\u1ea1nh m\u1ebd<\/h4>\n<p style=\"text-align: justify;\">M\u00e1y \u0111i\u1ec1u h\u00f2a kh\u00f4ng kh\u00ed inverter v\u1eadn h\u00e0nh \u1edf c\u00f4ng su\u1ea5t t\u1ed1i \u0111a ngay khi kh\u1edfi \u0111\u1ed9ng \u0111\u1ec3 nhanh ch\u00f3ng \u0111\u1ea1t \u0111\u01b0\u1ee3c nhi\u1ec7t \u0111\u1ed9 c\u00e0i \u0111\u1eb7t.<\/p>\n<p style=\"text-align: justify;\">T\u1ef1 \u0111\u1ed9ng \u0111i\u1ec1u ch\u1ec9nh n\u1eafp v\u00e0 lu\u1ed3ng kh\u00f4ng kh\u00ed gi\u00fap kh\u00f4 tho\u00e1ng v\u00e0 ch\u1ed1ng ch\u1ea3y n\u01b0\u1edbc. M\u00e1y n\u00e9n cho hi\u1ec7u su\u1ea5t l\u00e0m l\u1ea1nh cao, t\u00e1ch \u1ea9m gi\u00fap ti\u1ebft ki\u1ec7m t\u1eeb 30%-60% \u0111i\u1ec7n n\u0103ng so v\u1edbi c\u00e1c lo\u1ea1i m\u00e1y th\u00f4ng th\u01b0\u1eddng.<\/p>\n<h3 style=\"text-align: justify;\">S\u1eed d\u1ee5ng gas R410<\/h3>\n<p style=\"text-align: justify;\">\u1ede ph\u00e2n kh\u00fac gi\u00e1 r\u1ebb, c\u00e1c h\u00e3ng \u0111i\u1ec1u h\u00f2a \u0111ang c\u00f3 xu h\u01b0\u1edbng chuy\u1ec3n d\u1ea7n t\u1eeb gas R22 sang gas R410 b\u1edfi \u01b0u \u0111i\u1ec3m c\u1ee7a n\u00f3<\/p>\n<p style=\"text-align: justify;\">+ Hi\u1ec7u su\u1ea5t l\u00e0m l\u1ea1nh cao h\u01a1n gas R22 1.6 l\u1ea7n<\/p>\n<p style=\"text-align: justify;\">+ N\u1ebfu so v\u1edbi lo\u1ea1i d\u00f9ng gas R22 th\u00ec \u0111i\u1ec1u h\u00f2a d\u00f9ng gas R410A cho h\u01a1i l\u1ea1nh s\u00e2u h\u01a1n, ti\u1ebft ki\u1ec7m \u0111i\u1ec7n h\u01a1n.<\/p>\n<p style=\"text-align: justify;\">+ Lo\u1ea1i kh\u00ed gas R410A g\u00f3p ph\u1ea7n b\u1ea3o v\u1ec7 m\u00f4i tr\u01b0\u1eddng v\u00ec kh\u00f4ng g\u00e2y th\u1ee7ng t\u1ea7n ozone.<\/p>\n<h3 style=\"text-align: justify;\">\u0110i\u1ec1u khi\u1ec3n s\u00f3ng sin<\/h3>\n<p style=\"text-align: justify;\">C\u00f4ng ngh\u1ec7 chu\u1ea9n \u0111i\u1ec1u khi\u1ec3n s\u00f3ng sin 180<sup>0<\/sup> c\u00f3 nhi\u1ec1u \u01b0u vi\u1ec7t so v\u1edbi c\u00f4ng ngh\u1ec7 s\u00f3ng vu\u00f4ng120<sup>0 <\/sup>t\u1ea1o hi\u1ec7u su\u1ea5t cao h\u01a1n, ti\u00eau th\u1ee5 \u0111i\u1ec7n n\u0103ng th\u1ea5p, \u1ed5n \u0111\u1ecbnh v\u00e0 \u0111\u1ed9 tin c\u1eady cao.<\/p>\n<h3 style=\"text-align: justify;\">D\u00e0n \u0111\u1ed3ng nguy\u00ean ch\u1ea5t<\/h3>\n<p style=\"text-align: justify;\">Kh\u00f4ng nh\u01b0 m\u1ed9t s\u1ed1 h\u00e3ng \u0111i\u1ec1u h\u00f2a gi\u00e1 r\u1ebb kh\u00e1c tr\u00ean th\u1ecb tr\u01b0\u1eddng, \u0111i\u1ec1u h\u00f2a Inverter Sumikura <strong>APS\/APO-DC<\/strong> series v\u1edbi to\u00e0n b\u1ed9 d\u00e0n trao \u0111\u1ed5i nhi\u1ec7t, d\u00e2y qu\u1ea5n motor qu\u1ea1t v\u00e0 motor l\u1ed1c s\u1eed d\u1ee5ng ch\u1ea5t li\u1ec7u \u0111\u1ed3ng nguy\u00ean ch\u1ea5t, gi\u00fap m\u00e1y ho\u1ea1t \u0111\u1ed9ng b\u1ec1n b\u1ec9 v\u00e0 \u0111\u1ea1t hi\u1ec7u su\u1ea5t t\u1ed1i \u0111a.<\/p>\n<\/div>\n<p>&nbsp;<\/p>\n","protected":false},"excerpt":{"rendered":"<ul class=\"l pr-des-featured\">\n<li>\u0110i\u1ec1u h\u00f2a Sumikura treo t\u01b0\u1eddng inverter<\/li>\n<li>1 chi\u1ec1u &#8211; 9000BTU (1HP) &#8211; Gas R410a<\/li>\n<li>Si\u00eau ti\u1ebft ki\u1ec7m \u0111i\u1ec7n, l\u00e0m l\u1ea1nh nhanh<\/li>\n<li>T\u1ef1 l\u00e0m s\u1ea1ch m\u00e1y th\u00e2n thi\u1ec7n m\u00f4i tr\u01b0\u1eddng<\/li>\n<li>Xu\u1ea5t x\u1ee9: Ch\u00ednh h\u00e3ng Malaysia<\/li>\n<li>B\u1ea3o h\u00e0nh: Ch\u00ednh h\u00e3ng 24 th\u00e1ng<\/li>\n<\/ul>\n","protected":false},"featured_media":6705,"comment_status":"open","ping_status":"closed","template":"","meta":[],"_links":{"self":[{"href":"http:\/\/maudep.com.vn\/chuyengiadienmay\/index.php?rest_route=\/wp\/v2\/product\/3569"}],"collection":[{"href":"http:\/\/maudep.com.vn\/chuyengiadienmay\/index.php?rest_route=\/wp\/v2\/product"}],"about":[{"href":"http:\/\/maudep.com.vn\/chuyengiadienmay\/index.php?rest_route=\/wp\/v2\/types\/product"}],"replies":[{"embeddable":true,"href":"http:\/\/maudep.com.vn\/chuyengiadienmay\/index.php?rest_route=%2Fwp%2Fv2%2Fcomments&post=3569"}],"wp:featuredmedia":[{"embeddable":true,"href":"http:\/\/maudep.com.vn\/chuyengiadienmay\/index.php?rest_route=\/wp\/v2\/media\/6705"}],"wp:attachment":[{"href":"http:\/\/maudep.com.vn\/chuyengiadienmay\/index.php?rest_route=%2Fwp%2Fv2%2Fmedia&parent=3569"}],"curies":[{"name":"wp","href":"https:\/\/api.w.org\/{rel}","templated":true}]}}