{"id":3573,"date":"2019-01-23T14:31:24","date_gmt":"2019-01-23T07:31:24","guid":{"rendered":"http:\/\/maudep.com.vn\/chuyengiadienmay\/?post_type=product&#038;p=3573"},"modified":"2021-10-18T15:23:13","modified_gmt":"2021-10-18T08:23:13","slug":"thong-tin-san-pham","status":"publish","type":"product","link":"http:\/\/maudep.com.vn\/chuyengiadienmay\/?product=thong-tin-san-pham","title":{"rendered":"\u0110i\u1ec1u h\u00f2a Sumikura 2 chi\u1ec1u 24.000BTU inverter APS\/APO-H240DC"},"content":{"rendered":"","protected":false},"excerpt":{"rendered":"<ul class=\"l pr-des-featured\">\n<li>\u0110i\u1ec1u h\u00f2a Sumikura treo t\u01b0\u1eddng inverter<\/li>\n<li>1 chi\u1ec1u &#8211; 24000BTU (2.5HP) &#8211; Gas R410a<\/li>\n<li>Ki\u1ec3u d\u00e1ng sang tr\u1ecdng, l\u00e0m l\u1ea1nh nhanh<\/li>\n<li>Kh\u1eed m\u00f9i, di\u1ec7t khu\u1ea9n hi\u1ec7u qu\u1ea3<\/li>\n<li>Xu\u1ea5t x\u1ee9: Ch\u00ednh h\u00e3ng Malaysia<\/li>\n<li>B\u1ea3o h\u00e0nh: Ch\u00ednh h\u00e3ng 24 th\u00e1ng<\/li>\n<\/ul>\n","protected":false},"featured_media":3570,"comment_status":"open","ping_status":"closed","template":"","meta":[],"_links":{"self":[{"href":"http:\/\/maudep.com.vn\/chuyengiadienmay\/index.php?rest_route=\/wp\/v2\/product\/3573"}],"collection":[{"href":"http:\/\/maudep.com.vn\/chuyengiadienmay\/index.php?rest_route=\/wp\/v2\/product"}],"about":[{"href":"http:\/\/maudep.com.vn\/chuyengiadienmay\/index.php?rest_route=\/wp\/v2\/types\/product"}],"replies":[{"embeddable":true,"href":"http:\/\/maudep.com.vn\/chuyengiadienmay\/index.php?rest_route=%2Fwp%2Fv2%2Fcomments&post=3573"}],"wp:featuredmedia":[{"embeddable":true,"href":"http:\/\/maudep.com.vn\/chuyengiadienmay\/index.php?rest_route=\/wp\/v2\/media\/3570"}],"wp:attachment":[{"href":"http:\/\/maudep.com.vn\/chuyengiadienmay\/index.php?rest_route=%2Fwp%2Fv2%2Fmedia&parent=3573"}],"curies":[{"name":"wp","href":"https:\/\/api.w.org\/{rel}","templated":true}]}}