{"id":3581,"date":"2019-01-23T15:31:07","date_gmt":"2019-01-23T08:31:07","guid":{"rendered":"http:\/\/maudep.com.vn\/chuyengiadienmay\/?post_type=product&#038;p=3581"},"modified":"2021-10-18T15:24:49","modified_gmt":"2021-10-18T08:24:49","slug":"dieu-hoa-sumikura-2-chieu-9-000btu-aps-apo-h092","status":"publish","type":"product","link":"http:\/\/maudep.com.vn\/chuyengiadienmay\/?product=dieu-hoa-sumikura-2-chieu-9-000btu-aps-apo-h092","title":{"rendered":"\u0110i\u1ec1u h\u00f2a Sumikura 2 chi\u1ec1u 9.000BTU APS\/APO-H092"},"content":{"rendered":"<div id=\"chitiet-1\" class=\"w-pd-i-content\">\n<p class=\"w-pd-i-c-head\">\u0110i\u1ec1u h\u00f2a Sumikura 2 chi\u1ec1u 9.000BTU APS\/APO-H092<\/p>\n<p style=\"text-align: justify;\">M\u00e1y \u0111i\u1ec1u h\u00f2a Sumikura 2 chi\u1ec1u <strong>APS\/APO-H092<\/strong> c\u00f4ng su\u1ea5t 9.000BTU d\u00f2ng Titan d\u00f9ng gas R22 s\u1ea3n xu\u1ea5t theo c\u00f4ng ngh\u1ec7 Nh\u1eadt B\u1ea3n, nh\u1eadp kh\u1ea9u ch\u00ednh h\u00e3ng Malaysia.<\/p>\n<p style=\"text-align: justify;\"><img class=\"aligncenter\" src=\"https:\/\/banhangtaikho.com.vn\/Images\/Upload\/images\/dieu-hoa-sumikura.jpg\" \/><\/p>\n<h3 style=\"text-align: justify;\">Thi\u1ebft k\u1ebf tinh t\u1ebf<\/h3>\n<p style=\"text-align: justify;\">\u0110i\u1ec1u h\u00f2a treo t\u01b0\u1eddng Sumikura <strong>APS\/APO-H092<\/strong> thi\u1ebft k\u1ebf ho\u00e0n to\u00e0n m\u1edbi v\u1edbi \u0111\u01b0\u1eddng vi\u1ec1n m\u1ea1 b\u1ea1c sang tr\u1ecdng, \u0111\u1eb9p m\u1eaft c\u00f9ng m\u00e0n h\u00ecnh hi\u1ec3n th\u1ecb nhi\u1ec7t \u0111\u1ed9 tr\u00ean d\u00e0n l\u1ea1nh gi\u00fap b\u1ea1n s\u1eed d\u1ee5ng d\u1ec5 d\u00e0ng h\u01a1n bao gi\u1edd h\u1ebft \u0111\u1eb7c bi\u1ec7t khi tr\u1eddi t\u1ed1i. \u0110i\u1ec1u h\u00f2a 2 chi\u1ec1u 9000 BTU Sumikura <strong>APS\/APO-H092 <\/strong>ph\u00f9 h\u1ee3p l\u1eafp \u0111\u1eb7t cho c\u0103n ph\u00f2ng d\u01b0\u1edbi 15m2: Ph\u00f2ng ng\u1ee7, ph\u00f2ng l\u00e0m vi\u1ec7c&#8230;<\/p>\n<p style=\"text-align: justify;\"><img style=\"height: 500px; width: 780px;\" src=\"\/Images\/Upload\/images\/sumikura-aps-apo-h092-1.jpg\" alt=\"\" \/><img loading=\"lazy\" class=\"aligncenter size-full wp-image-3582\" src=\"http:\/\/maudep.com.vn\/chuyengiadienmay\/wp-content\/uploads\/2019\/01\/sumikura-aps-apo-092-3.jpg\" alt=\"\" width=\"780\" height=\"500\" srcset=\"http:\/\/maudep.com.vn\/chuyengiadienmay\/wp-content\/uploads\/2019\/01\/sumikura-aps-apo-092-3.jpg 780w, http:\/\/maudep.com.vn\/chuyengiadienmay\/wp-content\/uploads\/2019\/01\/sumikura-aps-apo-092-3-300x192.jpg 300w, http:\/\/maudep.com.vn\/chuyengiadienmay\/wp-content\/uploads\/2019\/01\/sumikura-aps-apo-092-3-768x492.jpg 768w, http:\/\/maudep.com.vn\/chuyengiadienmay\/wp-content\/uploads\/2019\/01\/sumikura-aps-apo-092-3-180x115.jpg 180w, http:\/\/maudep.com.vn\/chuyengiadienmay\/wp-content\/uploads\/2019\/01\/sumikura-aps-apo-092-3-600x385.jpg 600w\" sizes=\"(max-width: 780px) 100vw, 780px\" \/><\/p>\n<h3 style=\"text-align: justify;\">C\u00f4ng ngh\u1ec7 h\u00e0ng \u0111\u1ea7u Nh\u1eadt B\u1ea3n<\/h3>\n<p style=\"text-align: justify;\">Nh\u1eadt B\u1ea3n \u0111\u01b0\u1ee3c bi\u1ebft \u0111\u1ebfn l\u00e0 \u0111\u1ea5t n\u01b0\u1edbc s\u1ea3n sinh ra c\u00e1c th\u01b0\u01a1ng hi\u1ec7u h\u00e0ng \u0111\u1ea7u tr\u00ean th\u1ebf gi\u1edbi. N\u00f3i \u0111\u1ebfn h\u00e0ng Nh\u1eadt l\u00e0 n\u00f3i \u0111\u1ebfn: Ch\u1ea5t l\u01b0\u1ee3ng v\u01b0\u1ee3t tr\u1ed9i, v\u1eadn h\u00e0nh b\u1ec1n b\u1ec9, m\u1ea1nh m\u1ebd v\u00e0 c\u1ef1c k\u1ef3 \u00eam \u00e1i, c\u0169ng nh\u01b0 ti\u1ebft ki\u1ec7m chi ph\u00ed v\u1eadn h\u00e0nh.<\/p>\n<p style=\"text-align: justify;\"><img style=\"height: 349px; width: 780px;\" src=\"\/Images\/Upload\/images\/sumikura-aps-apo-h092-2.jpg\" alt=\"\" \/><img loading=\"lazy\" class=\"aligncenter size-full wp-image-3583\" src=\"http:\/\/maudep.com.vn\/chuyengiadienmay\/wp-content\/uploads\/2019\/01\/sumikura-aps-apo-092-1-1.jpg\" alt=\"\" width=\"780\" height=\"349\" srcset=\"http:\/\/maudep.com.vn\/chuyengiadienmay\/wp-content\/uploads\/2019\/01\/sumikura-aps-apo-092-1-1.jpg 780w, http:\/\/maudep.com.vn\/chuyengiadienmay\/wp-content\/uploads\/2019\/01\/sumikura-aps-apo-092-1-1-300x134.jpg 300w, http:\/\/maudep.com.vn\/chuyengiadienmay\/wp-content\/uploads\/2019\/01\/sumikura-aps-apo-092-1-1-768x344.jpg 768w, http:\/\/maudep.com.vn\/chuyengiadienmay\/wp-content\/uploads\/2019\/01\/sumikura-aps-apo-092-1-1-180x81.jpg 180w, http:\/\/maudep.com.vn\/chuyengiadienmay\/wp-content\/uploads\/2019\/01\/sumikura-aps-apo-092-1-1-600x268.jpg 600w\" sizes=\"(max-width: 780px) 100vw, 780px\" \/><\/p>\n<h3 style=\"text-align: justify;\">L\u00e0m l\u1ea1nh\/s\u01b0\u1edfi \u1ea5m nhanh ch\u00f3ng<\/h3>\n<p>Lu\u1ed3ng gi\u00f3 3 h\u01b0\u1edbng th\u1ed5i mang l\u1ea1i c\u1ea3m gi\u00e1c s\u1ea3ng kho\u00e1i \u0111\u1ebfn m\u1ecdi ng\u00f3c ng\u00e1ch trong ph\u00f2ng m\u1ed9t c\u00e1nh nhanh nh\u1ea5t.<\/p>\n<h3 style=\"text-align: justify;\">V\u1eadn h\u00e0nh \u00eam \u00e1i<\/h3>\n<p style=\"text-align: justify;\">Ch\u1ec9 v\u1edbi \u0111\u1ed9ng v\u1edbi \u0111\u1ed9 \u1ed3n d\u01b0\u1edbi m\u1ee9c 18Db, ti\u1ebfng \u0111\u1ed9ng duy nh\u1ea5t m\u00e0 b\u1ea1n c\u00f3 th\u1ec3 nghe \u0111\u01b0\u1ee3c l\u00e0 s\u1ef1 di chuy\u1ec3n c\u1ee7a lu\u1ed3ng gi\u00f3 l\u1ea1nh<\/p>\n<h3 style=\"text-align: justify;\">Di\u1ec7t khu\u1ea9n kh\u1eed m\u00f9i hi\u1ec7u qu\u1ea3<\/h3>\n<p style=\"text-align: justify;\">\u0110i\u1ec1u h\u00f2a Sumikura <strong>APS\/APO-H092<\/strong> \u0111\u01b0\u1ee3c trang b\u1ecb b\u1ed9 l\u1ecdc carbon ho\u1ea1t t\u00ednh c\u00f3 kh\u1ea3 n\u0103ng kh\u1eed m\u00f9i kh\u00f3 ch\u1ecbu trong kh\u00f4ng kh\u00ed mang l\u1ea1i c\u1ea3m gi\u00e1c kh\u00f4ng kh\u00ed trong l\u00e0nh. Ngo\u00e0i ra m\u00e1y \u0111i\u1ec1u h\u00f2a Sumikura v\u1edbi ch\u1ebf \u0111\u1ed9 auto clean &#8211; t\u1ef1 l\u00e0m s\u1ea1ch: sau khi t\u1eaft m\u00e1y \u1edf ch\u1ebf \u0111\u1ed9 l\u00e0m l\u1ea1nh, qu\u1ea1t v\u1eabn ti\u1ebfp t\u1ee5c quay trong v\u00f2ng 3 ph\u00fat \u0111\u1ec3 l\u00e0m kh\u00f4 n\u01b0\u1edbc c\u00f2n \u0111\u1ecdng tr\u00ean d\u00e0n t\u1ea3n nhi\u1ec7t \u0111\u1ec3 tr\u00e1nh \u1ea9m m\u1ed1c.<\/p>\n<p style=\"text-align: justify;\"><img style=\"height: 450px; width: 780px;\" src=\"\/Images\/Upload\/images\/sumikura-aps-apo-h092-3.jpg\" alt=\"\" \/><img loading=\"lazy\" class=\"aligncenter size-full wp-image-3584\" src=\"http:\/\/maudep.com.vn\/chuyengiadienmay\/wp-content\/uploads\/2019\/01\/sumikura-aps-apo-120-1-1.jpg\" alt=\"\" width=\"780\" height=\"450\" srcset=\"http:\/\/maudep.com.vn\/chuyengiadienmay\/wp-content\/uploads\/2019\/01\/sumikura-aps-apo-120-1-1.jpg 780w, http:\/\/maudep.com.vn\/chuyengiadienmay\/wp-content\/uploads\/2019\/01\/sumikura-aps-apo-120-1-1-300x173.jpg 300w, http:\/\/maudep.com.vn\/chuyengiadienmay\/wp-content\/uploads\/2019\/01\/sumikura-aps-apo-120-1-1-768x443.jpg 768w, http:\/\/maudep.com.vn\/chuyengiadienmay\/wp-content\/uploads\/2019\/01\/sumikura-aps-apo-120-1-1-180x104.jpg 180w, http:\/\/maudep.com.vn\/chuyengiadienmay\/wp-content\/uploads\/2019\/01\/sumikura-aps-apo-120-1-1-600x346.jpg 600w\" sizes=\"(max-width: 780px) 100vw, 780px\" \/><\/p>\n<h3 style=\"text-align: justify;\">Ch\u1ebf \u0111\u1ed9 h\u1eb9n gi\u1edd B\u1eadt\/T\u1eaft 24 ti\u1ebfng<\/h3>\n<p style=\"text-align: justify;\">\u0110\u1ed3ng h\u1ed3 h\u1eb9n gi\u1edd c\u00f3 th\u1ec3 b\u1eadt ho\u1eb7c t\u1eaft m\u00e1y \u0111i\u1ec1u h\u00f2a trong kho\u1ea3ng th\u1eddi gian 24 gi\u1edd. N\u00f3 c\u00f3 th\u1ec3 \u0111\u01b0\u1ee3c c\u00e0i \u0111\u1eb7t v\u1edbi bi\u00ean \u0111\u1ed9 10 ph\u00fat b\u1eb1ng c\u00e1ch b\u1ea5m n\u00fat H\u1eb9n gi\u1edd B\u1eadt\/T\u1eaft tr\u00ean thi\u1ebft b\u1ecb \u0111i\u1ec1u khi\u1ec3n t\u1eeb xa kh\u00f4ng d\u00e2y. C\u00f3 th\u1ec3 s\u1eed d\u1ee5ng k\u1ebft h\u1ee3p ch\u1ebf \u0111\u1ed9 h\u1eb9n gi\u1edd b\u1eadt\/t\u1eaft.<\/p>\n<\/div>\n<p>&nbsp;<\/p>\n","protected":false},"excerpt":{"rendered":"<p>&nbsp;<\/p>\n<ul>\n<li>\u0110i\u1ec1u h\u00f2a treo t\u01b0\u1eddng 2 chi\u1ec1u Gi\u00e1 r\u1ebb<\/li>\n<li>C\u00f4ng su\u1ea5t: 9.000BTU &#8211; Ga R410<\/li>\n<li>L\u00e0m l\u1ea1nh nhanh, s\u01b0\u1edfi \u1ea5m hi\u1ec7u qu\u1ea3<\/li>\n<li>Di\u1ec7n t\u00edch l\u1eafp \u0111\u1eb7t &lt; 15m2<\/li>\n<li>Xu\u1ea5t x\u1ee9: Ch\u00ednh h\u00e3ng Malaysia<\/li>\n<li>B\u1ea3o h\u00e0nh: Ch\u00ednh h\u00e3ng 24 th\u00e1ng<\/li>\n<\/ul>\n<p>&nbsp;<\/p>\n","protected":false},"featured_media":3585,"comment_status":"open","ping_status":"closed","template":"","meta":[],"_links":{"self":[{"href":"http:\/\/maudep.com.vn\/chuyengiadienmay\/index.php?rest_route=\/wp\/v2\/product\/3581"}],"collection":[{"href":"http:\/\/maudep.com.vn\/chuyengiadienmay\/index.php?rest_route=\/wp\/v2\/product"}],"about":[{"href":"http:\/\/maudep.com.vn\/chuyengiadienmay\/index.php?rest_route=\/wp\/v2\/types\/product"}],"replies":[{"embeddable":true,"href":"http:\/\/maudep.com.vn\/chuyengiadienmay\/index.php?rest_route=%2Fwp%2Fv2%2Fcomments&post=3581"}],"wp:featuredmedia":[{"embeddable":true,"href":"http:\/\/maudep.com.vn\/chuyengiadienmay\/index.php?rest_route=\/wp\/v2\/media\/3585"}],"wp:attachment":[{"href":"http:\/\/maudep.com.vn\/chuyengiadienmay\/index.php?rest_route=%2Fwp%2Fv2%2Fmedia&parent=3581"}],"curies":[{"name":"wp","href":"https:\/\/api.w.org\/{rel}","templated":true}]}}