{"id":3591,"date":"2019-01-23T15:51:52","date_gmt":"2019-01-23T08:51:52","guid":{"rendered":"http:\/\/maudep.com.vn\/chuyengiadienmay\/?post_type=product&#038;p=3591"},"modified":"2021-10-18T15:26:04","modified_gmt":"2021-10-18T08:26:04","slug":"dieu-hoa-sumikura-2-chieu-24-000btu-aps-apo-h240","status":"publish","type":"product","link":"http:\/\/maudep.com.vn\/chuyengiadienmay\/?product=dieu-hoa-sumikura-2-chieu-24-000btu-aps-apo-h240","title":{"rendered":"\u0110i\u1ec1u h\u00f2a Sumikura 2 chi\u1ec1u 24.000BTU APS\/APO-H240"},"content":{"rendered":"<div id=\"chitiet-1\" class=\"w-pd-i-content\">\n<p class=\"w-pd-i-c-head\">\u0110i\u1ec1u h\u00f2a Sumikura 2 chi\u1ec1u 24.000BTU APS\/APO-H240<\/p>\n<p><strong>\u0110i\u1ec1u h\u00f2a Sumikura Titan APS\/APO-H240<\/strong> lo\u1ea1i 2 chi\u1ec1u c\u00f4ng su\u1ea5t 24000BTU d\u00f9ng gas R22 th\u01b0\u01a1ng hi\u1ec7u Nh\u1eadt B\u1ea3n \u0111\u01b0\u1ee3c s\u1ea3n xu\u1ea5t nh\u1eadp kh\u1ea9u ch\u00ednh h\u00e3ng Malaysia, th\u1eddi gian b\u1ea3o h\u00e0nh 24 th\u00e1ng.<\/p>\n<h3 style=\"text-align: justify;\">Thi\u1ebft k\u1ebf tinh t\u1ebf, l\u1ef1a ch\u1ecdn cho c\u0103n ph\u00f2ng d\u01b0\u1edbi 40m2<\/h3>\n<p style=\"text-align: justify;\">\u0110i\u1ec1u h\u00f2a treo t\u01b0\u1eddng Sumikura <strong>APS\/APO-H240<\/strong> thi\u1ebft k\u1ebf ho\u00e0n to\u00e0n m\u1edbi v\u1edbi \u0111\u01b0\u1eddng vi\u1ec1n m\u1ea1 b\u1ea1c sang tr\u1ecdng, \u0111\u1eb9p m\u1eaft c\u00f9ng m\u00e0n h\u00ecnh hi\u1ec3n th\u1ecb nhi\u1ec7t \u0111\u1ed9 tr\u00ean d\u00e0n l\u1ea1nh gi\u00fap b\u1ea1n s\u1eed d\u1ee5ng d\u1ec5 d\u00e0ng h\u01a1n bao gi\u1edd h\u1ebft \u0111\u1eb7c bi\u1ec7t khi tr\u1eddi t\u1ed1i. \u0110i\u1ec1u h\u00f2a 24.000 BTU 2 chi\u1ec1u Sumikura <strong>APS\/APO-H240 <\/strong>ph\u00f9 h\u1ee3p l\u1eafp \u0111\u1eb7t cho c\u0103n ph\u00f2ng d\u01b0\u1edbi 40m2: Ph\u00f2ng kh\u00e1ch, ph\u00f2ng h\u1ee3p, nh\u00e0 h\u00e0ng&#8230;<\/p>\n<h3 style=\"text-align: justify;\">C\u00f4ng ngh\u1ec7 h\u00e0ng \u0111\u1ea7u Nh\u1eadt B\u1ea3n<\/h3>\n<p style=\"text-align: justify;\">Nh\u1eadt B\u1ea3n \u0111\u01b0\u1ee3c bi\u1ebft \u0111\u1ebfn l\u00e0 \u0111\u1ea5t n\u01b0\u1edbc s\u1ea3n sinh ra c\u00e1c th\u01b0\u01a1ng hi\u1ec7u h\u00e0ng \u0111\u1ea7u tr\u00ean th\u1ebf gi\u1edbi. N\u00f3i \u0111\u1ebfn h\u00e0ng Nh\u1eadt l\u00e0 n\u00f3i \u0111\u1ebfn: Ch\u1ea5t l\u01b0\u1ee3ng v\u01b0\u1ee3t tr\u1ed9i, v\u1eadn h\u00e0nh b\u1ec1n b\u1ec9, m\u1ea1nh m\u1ebd v\u00e0 c\u1ef1c k\u1ef3 \u00eam \u00e1i, c\u0169ng nh\u01b0 ti\u1ebft ki\u1ec7m chi ph\u00ed v\u1eadn h\u00e0nh.<\/p>\n<h3 style=\"text-align: justify;\">L\u00e0m l\u1ea1nh\/s\u01b0\u1edfi \u1ea5m nhanh ch\u00f3ng<\/h3>\n<p>Ch\u1ee9c n\u0103ng l\u00e0m l\u1ea1nh nhanh t\u0103ng l\u01b0u th\u00f4ng gi\u00f3 l\u00ean c\u1ef1c \u0111\u1ea1i trong v\u00f2ng 20 ph\u00fat. Sau \u0111\u00f3, m\u00e1y quay tr\u1edf v\u1ec1 ch\u1ebf \u0111\u1ed9 c\u00e0i \u0111\u1eb7t ban \u0111\u1ea7u.<\/p>\n<h3 style=\"text-align: justify;\">Di\u1ec7t khu\u1ea9n kh\u1eed m\u00f9i hi\u1ec7u qu\u1ea3<\/h3>\n<p style=\"text-align: justify;\">\u0110i\u1ec1u h\u00f2a 2 chi\u1ec1u Sumikura <strong>APS\/APO-H240<\/strong> \u0111\u01b0\u1ee3c trang b\u1ecb b\u1ed9 l\u1ecdc carbon ho\u1ea1t t\u00ednh c\u00f3 kh\u1ea3 n\u0103ng kh\u1eed m\u00f9i kh\u00f3 ch\u1ecbu trong kh\u00f4ng kh\u00ed mang l\u1ea1i c\u1ea3m gi\u00e1c kh\u00f4ng kh\u00ed trong l\u00e0nh. Ngo\u00e0i ra m\u00e1y \u0111i\u1ec1u h\u00f2a Sumikura v\u1edbi ch\u1ebf \u0111\u1ed9 auto clean &#8211; t\u1ef1 l\u00e0m s\u1ea1ch: sau khi t\u1eaft m\u00e1y \u1edf ch\u1ebf \u0111\u1ed9 l\u00e0m l\u1ea1nh, qu\u1ea1t v\u1eabn ti\u1ebfp t\u1ee5c quay trong v\u00f2ng 3 ph\u00fat \u0111\u1ec3 l\u00e0m kh\u00f4 n\u01b0\u1edbc c\u00f2n \u0111\u1ecdng tr\u00ean d\u00e0n t\u1ea3n nhi\u1ec7t \u0111\u1ec3 tr\u00e1nh \u1ea9m m\u1ed1c.<\/p>\n<h3 style=\"text-align: justify;\">V\u1eadn h\u00e0nh \u00eam \u00e1i<\/h3>\n<p style=\"text-align: justify;\">Ch\u1ec9 v\u1edbi \u0111\u1ed9ng v\u1edbi \u0111\u1ed9 \u1ed3n d\u01b0\u1edbi m\u1ee9c 18Db, ti\u1ebfng \u0111\u1ed9ng duy nh\u1ea5t m\u00e0 b\u1ea1n c\u00f3 th\u1ec3 nghe \u0111\u01b0\u1ee3c l\u00e0 s\u1ef1 di chuy\u1ec3n c\u1ee7a lu\u1ed3ng gi\u00f3 l\u1ea1nh<\/p>\n<h4 style=\"text-align: justify;\">Ch\u1ebf \u0111\u1ed9 ho\u1ea1t \u0111\u1ed9ng v\u00e0o ban \u0111\u00eam<\/h4>\n<p style=\"text-align: justify;\">Nh\u1ea5n n\u00fat Off timer \u0111\u1ec3 l\u1ef1a ch\u1ecdn t\u1ef1 \u0111\u1ed9ng ch\u1ebf \u0111\u1ed9 c\u00e0i \u0111\u1eb7t ban \u0111\u00eam. Ch\u1ee9c n\u0103ng n\u00e0y ng\u0103n ch\u1eb7n s\u1ef1 thay \u0111\u1ed5i nhi\u1ec7t \u0111\u1ed9 l\u00e0m l\u1ea1nh ho\u1eb7c s\u01b0\u1edfi \u1ea5m qu\u00e1 m\u1ee9c, cho gi\u1ea5c ng\u1ee7 ngon h\u01a1n. Sau 60 ph\u00fat, nhi\u1ec7t \u0111\u1ed9 ph\u00f2ng t\u0103ng l\u00ean \u0111\u1ec1u \u0111\u1eb7n 0.5 \u0111\u1ed9 C \u0111\u1ed1i v\u1edbi l\u00e0m l\u1ea1nh v\u00e0 gi\u1ea3m 2 \u0111\u1ed9 C \u0111\u1ed1i v\u1edbi s\u01b0\u1edfi \u1ea5m.<\/p>\n<h3 style=\"text-align: justify;\">Ch\u1ebf \u0111\u1ed9 h\u1eb9n gi\u1edd B\u1eadt\/T\u1eaft 24 ti\u1ebfng<\/h3>\n<p style=\"text-align: justify;\">\u0110\u1ed3ng h\u1ed3 h\u1eb9n gi\u1edd c\u00f3 th\u1ec3 b\u1eadt ho\u1eb7c t\u1eaft m\u00e1y \u0111i\u1ec1u h\u00f2a trong kho\u1ea3ng th\u1eddi gian 24 gi\u1edd. N\u00f3 c\u00f3 th\u1ec3 \u0111\u01b0\u1ee3c c\u00e0i \u0111\u1eb7t v\u1edbi bi\u00ean \u0111\u1ed9 10 ph\u00fat b\u1eb1ng c\u00e1ch b\u1ea5m n\u00fat H\u1eb9n gi\u1edd B\u1eadt\/T\u1eaft tr\u00ean thi\u1ebft b\u1ecb \u0111i\u1ec1u khi\u1ec3n t\u1eeb xa kh\u00f4ng d\u00e2y. C\u00f3 th\u1ec3 s\u1eed d\u1ee5ng k\u1ebft h\u1ee3p ch\u1ebf \u0111\u1ed9 h\u1eb9n gi\u1edd b\u1eadt\/t\u1eaft.<\/p>\n<\/div>\n<p>&nbsp;<\/p>\n","protected":false},"excerpt":{"rendered":"<ul class=\"l pr-des-featured\">\n<li>\u0110i\u1ec1u h\u00f2a treo t\u01b0\u1eddng Sumikura<\/li>\n<li>2 chi\u1ec1u &#8211; 24.000BTU<\/li>\n<li>L\u00e0m l\u1ea1nh nhanh, ho\u1ea1t \u0111\u1ed9ng m\u1ea1nh m\u1ebd<\/li>\n<li>Active-Carbon filter kh\u1eed m\u00f9i kh\u00f3 ch\u1ecbu<\/li>\n<li>Xu\u1ea5t x\u1ee9: Ch\u00ednh h\u00e3ng Malaysia<\/li>\n<li>B\u1ea3o h\u00e0nh: Ch\u00ednh h\u00e3ng 12 th\u00e1ng<\/li>\n<\/ul>\n","protected":false},"featured_media":3585,"comment_status":"open","ping_status":"closed","template":"","meta":[],"_links":{"self":[{"href":"http:\/\/maudep.com.vn\/chuyengiadienmay\/index.php?rest_route=\/wp\/v2\/product\/3591"}],"collection":[{"href":"http:\/\/maudep.com.vn\/chuyengiadienmay\/index.php?rest_route=\/wp\/v2\/product"}],"about":[{"href":"http:\/\/maudep.com.vn\/chuyengiadienmay\/index.php?rest_route=\/wp\/v2\/types\/product"}],"replies":[{"embeddable":true,"href":"http:\/\/maudep.com.vn\/chuyengiadienmay\/index.php?rest_route=%2Fwp%2Fv2%2Fcomments&post=3591"}],"wp:featuredmedia":[{"embeddable":true,"href":"http:\/\/maudep.com.vn\/chuyengiadienmay\/index.php?rest_route=\/wp\/v2\/media\/3585"}],"wp:attachment":[{"href":"http:\/\/maudep.com.vn\/chuyengiadienmay\/index.php?rest_route=%2Fwp%2Fv2%2Fmedia&parent=3591"}],"curies":[{"name":"wp","href":"https:\/\/api.w.org\/{rel}","templated":true}]}}