{"id":3830,"date":"2019-02-14T13:58:59","date_gmt":"2019-02-14T06:58:59","guid":{"rendered":"http:\/\/maudep.com.vn\/chuyengiadienmay\/?post_type=product&#038;p=3830"},"modified":"2019-06-25T10:03:23","modified_gmt":"2019-06-25T03:03:23","slug":"dieu-hoa-multi-daikin-12-000btu-ctkm35rvmv","status":"publish","type":"product","link":"http:\/\/maudep.com.vn\/chuyengiadienmay\/?product=dieu-hoa-multi-daikin-12-000btu-ctkm35rvmv","title":{"rendered":"D\u00e0n l\u1ea1nh Daikin Multi 2 chi\u1ec1u 12.000BTU CTXM35RVMV"},"content":{"rendered":"<div id=\"chitiet-1\" class=\"w-pd-i-content\">\n<p style=\"text-align: justify;\"><strong>Thi\u1ebft k\u1ebf hi\u1ec7n \u0111\u1ea1i, \u0111\u1eb3ng c\u1ea5p<\/strong><\/p>\n<p style=\"text-align: justify;\">D\u00e0n l\u1ea1nh treo t\u01b0\u1eddng \u0111i\u1ec1u h\u00f2a multi Daikin CTKM35RVMV\u00a0thi\u1ebft k\u1ebf m\u1edbi m\u00e0u tr\u1eafng tinh t\u1ebf, c\u00f9ng \u0111\u01b0\u1eddng n\u00e9t sang tr\u1ecdng mang l\u1ea1i kh\u00f4ng gian sang tr\u1ecdng cho c\u0103n ph\u00f2ng c\u1ee7a b\u1ea1n. V\u1edbi c\u00f4ng su\u1ea5t 12.000BTU (1.5HP), Daikin <strong>CTKM35RVMV <\/strong>l\u1ef1a ch\u1ecdn ph\u00f9 h\u1ee3p l\u1eafp \u0111\u1eb7t cho c\u0103n ph\u00f2ng d\u01b0\u1edbi 20m<sup>2<\/sup>.<\/p>\n<p style=\"text-align: justify;\"><strong>L\u00e0m l\u1ea1nh nhanh<\/strong><\/p>\n<p style=\"text-align: justify;\">\u0110i\u1ec1u h\u00f2a multi Daikin\u00a0<strong>CTKM35RVMV <\/strong>l\u00e0m l\u1ea1nh nhanh trong v\u00f2ng 20 ph\u00fat khi b\u1ea1n v\u1eeba b\u1eadt m\u00e1y \u0111i\u1ec1u h\u00f2a v\u00e0 khi b\u1ea1n mu\u1ed1n thay \u0111\u1ed5i nhanh nhi\u1ec7t \u0111\u1ed9 ph\u00f2ng. Mang l\u1ea1i kh\u00f4ng gian tho\u1ea3i m\u00e1i s\u1ea3ng kho\u00e1i t\u1ee9c th\u00ec ngay cho B\u1ea1n.<\/p>\n<p style=\"text-align: justify;\">M\u1eaft Th\u1ea7n Th\u00f4ng Minh (T\u1ef1 \u0111\u1ed9ng ti\u1ebft ki\u1ec7m \u0111i\u1ec7n)<\/p>\n<p style=\"text-align: justify;\">M\u1ed7i d\u00e0n l\u1ea1nh treo t\u01b0\u1eddng \u0111i\u1ec1u h\u00f2a multi Daikin \u0111\u01b0\u1ee3c k\u1ebft h\u1ee3p v\u1edbi m\u1eaft th\u1ea7n th\u00f4ng minh, l\u00e0 c\u1ea3m bi\u1ebfn h\u1ed3ng ngo\u1ea1i ho\u1ea1t \u0111\u1ed9ng m\u1ed9t c\u00f4ng t\u1eafc th\u00f4ng minh \u0111\u1ec3 ti\u1ebft ki\u1ec7m \u0111i\u1ec7n b\u1eb1ng c\u00e1ch t\u1ef1 \u0111\u1ed9ng \u0111i\u1ec1u ch\u1ec9nh nhi\u1ec7t \u0111\u1ed9 \u00b1 20C khi trong ph\u00f2ng kh\u00f4ng c\u00f3 ng\u01b0\u1eddi trong 20 ph\u00fat.<\/p>\n<p style=\"text-align: justify;\"><strong>T\u1ea5m l\u1ecdc di\u1ec7t khu\u1ea9n, kh\u1eed m\u00f9i hi\u1ec7u qu\u1ea3<\/strong><\/p>\n<p style=\"text-align: justify;\">Trong khi l\u01b0\u1edbi l\u1ecdc gi\u1eef l\u1ea1i nh\u1eefng h\u1ea1t b\u1ee5i b\u1ea9n c\u00f3 k\u00edch th\u01b0\u1edbc si\u00eau nh\u1ecf, th\u00ec phin l\u1ecdc Apatit Titan c\u00f3 t\u00e1c d\u1ee5ng h\u1ea5p th\u1ee5 m\u00f9i h\u00f4i, c\u00e1c ch\u1ea5t g\u00e2y d\u1ecb \u1ee9ng v\u00e0 ho\u1ea1t \u0111\u1ed9ng nh\u01b0 m\u1ed9t ch\u1ea5t kh\u1eed m\u00f9i.<\/p>\n<p style=\"text-align: justify;\"><strong>C\u00e1nh \u0110\u1ea3o Gi\u00f3 M\u1ea1nh M\u1ebd<\/strong><\/p>\n<p style=\"text-align: justify;\">Ch\u1ee9c n\u0103ng \u0111\u1ea3o gi\u00f3 m\u1ea1nh m\u1ebd \u0111i\u1ec1u ch\u1ec9nh \u0111\u1ed9 m\u1edf c\u1ee7a mi\u1ec7ng gi\u00f3 c\u1ea5p \u0111\u1ec3 t\u1ea1o ra m\u1ed9t h\u00ecnh d\u1ea1ng t\u1ed1i \u01b0u.<\/p>\n<p style=\"text-align: justify;\"><strong>Ch\u1ebf \u0110\u1ed9 D\u00e0n L\u1ea1nh Ho\u1ea1t \u0110\u1ed9ng \u00cam<\/strong><\/p>\n<p style=\"text-align: justify;\">\u0110\u1ed9 \u1ed3n ho\u1ea1t \u0111\u1ed9ng c\u1ee7a d\u00e0n l\u1ea1nh c\u00f3 th\u1ec3 gi\u1ea3m b\u1eb1ng c\u00e1ch gi\u1ea3m t\u1ed1c \u0111\u1ed9 qu\u1ea1t s\u1eed d\u1ee5ng \u0111i\u1ec1u khi\u1ec3n t\u1eeb xa kh\u00f4ng d\u00e2y.<\/p>\n<p style=\"text-align: justify;\"><strong>Ch\u1ee9c N\u0103ng Kh\u1eed \u1ea8m<\/strong><\/p>\n<p style=\"text-align: justify;\">K\u1ebft h\u1ee3p kh\u1eed \u1ea9m v\u00e0 ho\u1ea1t \u0111\u1ed9ng l\u00e0m l\u1ea1nh kh\u00f4 b\u1eb1ng c\u00e1ch s\u1eed d\u1ee5ng lu\u1ed3ng kh\u00f4ng kh\u00ed l\u1ea1nh t\u1ed1c \u0111\u1ed9 th\u1ea5p, k\u1ebft qu\u1ea3 l\u00e0 \u0111\u1ea1t \u0111\u01b0\u1ee3c nhi\u1ec7t \u0111\u1ed9 ph\u00f2ng th\u1ea5p h\u01a1n v\u1edbi \u0111\u1ed9 \u1ea9m th\u1ea5p.<\/p>\n<p style=\"text-align: justify;\"><strong>L\u1eadp L\u1ecbch Tu\u1ea7n<\/strong><\/p>\n<p style=\"text-align: justify;\">Daikin c\u00f3 th\u1ec3 thi\u1ebft l\u1eadp t\u1eaft m\u1edf c\u1ea3 tu\u1ea7n v\u1edbi th\u00f3i quen h\u1eb1ng ng\u00e0y c\u1ee7a b\u1ea1n, cho ph\u00e9p b\u1ea1n l\u00ean l\u1ecbch c\u00e0i \u0111\u1eb7t cho t\u1eebng ng\u00e0y, th\u1eddi gian v\u00e0 nhi\u1ec7t \u0111\u1ed9 l\u00ean t\u1edbi 4 c\u00e0i \u0111\u1eb7t. Cho d\u00f9 b\u1ea1n mu\u1ed1n t\u1eaft tr\u01b0\u1edbc khi b\u1ea1n \u0111i l\u00e0m, nhi\u1ec7t \u0111\u1ed9 \u1ea5m h\u01a1n v\u00e0o ban \u0111\u00eam, ho\u1eb7c l\u00e0m m\u00e1t h\u01a1n trong ng\u00e0y \u0111\u1ec1u \u0111\u01b0\u1ee3c.<\/p>\n<p style=\"text-align: justify;\"><strong>Gas R32<\/strong><\/p>\n<p style=\"text-align: justify;\">\u0110i\u1ec1u h\u00f2a multi Daikin gas R32\u00a0<strong>CTKM35RVMV<\/strong> v\u1edbi nhi\u1ec1u \u01b0u \u0111i\u1ec3m n\u1ed5i b\u1eadt: Kh\u00f4ng ph\u00e1 h\u1ee7y t\u1ea7ng \u00f4 z\u00f4n, Gi\u1ea3m t\u00e1c nh\u00e2n g\u00e2y n\u00f3ng l\u00ean to\u00e0n c\u1ea7u, T\u0103ng c\u01b0\u1eddng hi\u1ec7u su\u1ea5t s\u1eed d\u1ee5ng n\u0103ng l\u01b0\u1ee3ng. T\u1ea1i th\u1ecb tr\u01b0\u1eddng n\u01b0\u1edbc ta, Daikin l\u00e0 h\u00e3ng \u0111i\u1ec1u h\u00f2a \u0111\u1ea7u ti\u00ean s\u1eed d\u1ee5ng m\u00f4i ch\u1ea5t n\u00e0y cho d\u00f2ng m\u00e1y \u0111i\u1ec1u h\u00f2a multi. Daikin ti\u1ebfp t\u1ee5c kh\u1eb3ng \u0111\u1ecbnh v\u1ecb th\u1ebf ti\u00ean phong trong l\u0129nh v\u1ef1c \u0111i\u1ec1u h\u00f2a.<\/p>\n<\/div>\n<p>&nbsp;<\/p>\n","protected":false},"excerpt":{"rendered":"<ul class=\"l pr-des-featured\">\n<li>\u0110i\u1ec1u h\u00f2a mutli Daikin d\u00e0n l\u1ea1nh treo t\u01b0\u1eddng CTKM35RVMV<\/li>\n<li>1 chi\u1ec1u &#8211; 12000BTU (3.5KW) &#8211; Gas R32<\/li>\n<li>Ch\u1ebf \u0111\u1ed9 v\u1eadn h\u00e0nh si\u00eau m\u1ea1nh m\u1ebd<\/li>\n<li>C\u1ea3m bi\u1ebfn m\u1eaft th\u1ea7n th\u00f4ng minh<\/li>\n<li>Xu\u1ea5t x\u1ee9: Ch\u00ednh h\u00e3ng Th\u00e1i Lan<\/li>\n<li>B\u1ea3o h\u00e0nh: M\u00e1y 1 n\u0103m, m\u00e1y n\u00e9n 4 n\u0103m<\/li>\n<\/ul>\n","protected":false},"featured_media":3620,"comment_status":"open","ping_status":"closed","template":"","meta":[],"_links":{"self":[{"href":"http:\/\/maudep.com.vn\/chuyengiadienmay\/index.php?rest_route=\/wp\/v2\/product\/3830"}],"collection":[{"href":"http:\/\/maudep.com.vn\/chuyengiadienmay\/index.php?rest_route=\/wp\/v2\/product"}],"about":[{"href":"http:\/\/maudep.com.vn\/chuyengiadienmay\/index.php?rest_route=\/wp\/v2\/types\/product"}],"replies":[{"embeddable":true,"href":"http:\/\/maudep.com.vn\/chuyengiadienmay\/index.php?rest_route=%2Fwp%2Fv2%2Fcomments&post=3830"}],"wp:featuredmedia":[{"embeddable":true,"href":"http:\/\/maudep.com.vn\/chuyengiadienmay\/index.php?rest_route=\/wp\/v2\/media\/3620"}],"wp:attachment":[{"href":"http:\/\/maudep.com.vn\/chuyengiadienmay\/index.php?rest_route=%2Fwp%2Fv2%2Fmedia&parent=3830"}],"curies":[{"name":"wp","href":"https:\/\/api.w.org\/{rel}","templated":true}]}}