{"id":3834,"date":"2019-02-14T14:19:54","date_gmt":"2019-02-14T07:19:54","guid":{"rendered":"http:\/\/maudep.com.vn\/chuyengiadienmay\/?post_type=product&#038;p=3834"},"modified":"2019-06-25T09:59:11","modified_gmt":"2019-06-25T02:59:11","slug":"dieu-hoa-multi-daikin-9-000btu-ctxm25rvmv","status":"publish","type":"product","link":"http:\/\/maudep.com.vn\/chuyengiadienmay\/?product=dieu-hoa-multi-daikin-9-000btu-ctxm25rvmv","title":{"rendered":"D\u00e0n l\u1ea1nh Daikin Multi 2 chi\u1ec1u 9.000BTU CTXM25RVMV"},"content":{"rendered":"<div id=\"chitiet-1\" class=\"w-pd-i-content\">\n<p class=\"w-pd-i-c-head\">\u0110i\u1ec1u h\u00f2a multi Daikin 9.000BTU CTXM25RVMV<\/p>\n<p style=\"text-align: justify;\"><strong>Thi\u1ebft k\u1ebf thanh l\u1ecbch, sang tr\u1ecdng<\/strong><\/p>\n<p style=\"text-align: justify;\">D\u00e0n l\u1ea1nh treo t\u01b0\u1eddng \u0111i\u1ec1u h\u00f2a multi Daikin\u00a0<strong>CTXM25RVMV <\/strong>thi\u1ebft k\u1ebf m\u1edbi m\u00e0u tr\u1eafng tinh t\u1ebf thanh l\u1ecbch, c\u00f9ng \u0111\u01b0\u1eddng n\u00e9t sang tr\u1ecdng d\u1ec5 d\u00e0ng k\u1ebft h\u1ee3p v\u1edbi m\u1ecdi kh\u00f4ng gian n\u1ed9i th\u1ea5t c\u0103n ph\u00f2ng c\u1ee7a B\u1ea1n. C\u00f4ng su\u1ea5t 9.000BTU,\u00a0Daikin\u00a0<strong>CTXM25RVMV<\/strong>\u00a0<strong>\u00a0<\/strong>l\u1ef1a ch\u1ecdn ph\u00f9 h\u1ee3p l\u1eafp \u0111\u1eb7t cho c\u0103n ph\u00f2ng d\u01b0\u1edbi 15m<sup>2<\/sup>.<\/p>\n<p style=\"text-align: justify;\">Ti\u1ebfp t\u1ee5c gi\u1eef v\u1eefng v\u1ecb th\u1ebf nh\u00e0 s\u1ea3n xu\u1ea5t \u0111i\u1ec1u h\u00f2a kh\u00f4ng kh\u00ed h\u00e0ng \u0111\u1ea7u, Daikin kh\u00f4ng ng\u1eebng c\u1ea3i ti\u1ebfn \u0111\u1ec3 \u0111\u01b0a ra c\u00e1c gi\u1ea3i ph\u00e1p l\u00e0m l\u1ea1nh cho th\u1ebf h\u1ec7 ti\u1ebfp theo v\u01b0\u1ee3t qua nh\u1eefng gi\u1edbi h\u1ea1n trong l\u0129nh v\u1ef1c \u0111i\u1ec1u h\u00f2a kh\u00f4ng kh\u00ed.<\/p>\n<p style=\"text-align: justify;\"><strong>L\u00e0m l\u1ea1nh nhanh<\/strong><\/p>\n<p style=\"text-align: justify;\">M\u00e1y \u0111i\u1ec1u h\u00f2a mutli Daikin <strong>CTXM25RVMV <\/strong>\u0111\u01b0\u1ee3c trang b\u1ecb c\u00f4ng ngh\u1ec7 bi\u1ebfn t\u1ea7n Inverter c\u1ee7a Daikin \u0111\u01b0\u1ee3c bi\u1ebft \u0111\u1ebfn nh\u01b0 m\u1ed9t c\u01a1 ch\u1ebf \u0111i\u1ec1u khi\u1ec3n ho\u1ea1t \u0111\u1ed9ng ch\u00ednh x\u00e1c, gi\u00fap c\u1eaft gi\u1ea3m h\u00f3a \u0111\u01a1n ti\u1ec1n \u0111i\u1ec7n so v\u1edbi c\u00e1c d\u00f2ng m\u00e1y kh\u00f4ng c\u00f3 ch\u1ee9c n\u0103ng Inverter, \u0111\u1ed3ng th\u1eddi mang l\u1ea1i s\u1ef1 ti\u1ec7n nghi tho\u1ea3i m\u00e1i v\u00e0 m\u1ed9t m\u00f4i tr\u01b0\u1eddng \u0111i\u1ec1u h\u00f2a l\u00fd t\u01b0\u1edfng ch\u1ec9 v\u1edbi m\u1ed9t n\u00fat nh\u1ea5n.<\/p>\n<p style=\"text-align: justify;\">M\u00e1y \u0111i\u1ec1u h\u00f2a multi Daikin NX s\u1eed d\u1ee5ng c\u00f4ng ngh\u1ec7 bi\u1ebfn t\u1ea7n c\u00f3 th\u1ec3 gi\u1ea3m th\u1eddi gian \u0111\u1ec3 \u0111\u1ea1t \u0111\u1ebfn t\u1ed1c \u0111\u1ed9 quay t\u1ed1i \u0111a nh\u1eb1m t\u1ea1o ra lu\u1ed3ng gi\u00f3 l\u1ea1nh t\u1ee9c th\u00ec.<\/p>\n<p style=\"text-align: justify;\"><strong>M\u1eaft Th\u1ea7n Th\u00f4ng Minh (T\u1ef1 \u0111\u1ed9ng ti\u1ebft ki\u1ec7m \u0111i\u1ec7n)<\/strong><\/p>\n<p style=\"text-align: justify;\">M\u1ed7i d\u00e0n l\u1ea1nh treo t\u01b0\u1eddng \u0111i\u1ec1u h\u00f2a multi Daikin \u0111\u01b0\u1ee3c trang b\u1ecb c\u1ea3m bi\u1ebfn m\u1eaft th\u1ea7n th\u00f4ng minh, Ch\u1ee9c n\u0103ng n\u00e0y s\u1eed d\u1ee5ng m\u1eaft th\u1ea7n th\u00f4ng minh d\u00f2 t\u00ecm ng\u01b0\u1eddi trong khu v\u1ef1c ho\u1ea1t \u0111\u1ed9ng \u0111\u1ec3 h\u01b0\u1edbng lu\u1ed3ng gi\u00f3 tr\u00e1nh ho\u1eb7c th\u1ed5i tr\u1ef1c ti\u1ebfp v\u00e0o ng\u01b0\u1eddi.<\/p>\n<p style=\"text-align: justify;\">M\u1eaft th\u1ea7n th\u00f4ng minh ti\u1ebft ki\u1ec7m n\u0103ng l\u01b0\u1ee3ng b\u1eb1ng c\u00e1ch ph\u00e1t hi\u1ec7n s\u1ef1 hi\u1ec7n di\u1ec7n c\u1ee7a ng\u01b0\u1eddi trong ph\u00f2ng. N\u1ebfu kh\u00f4ng c\u00f3 ng\u01b0\u1eddi trong v\u00f2ng 20 ph\u00fat, m\u00e1y s\u1ebd t\u1ef1 \u0111\u1ed9ng t\u0103ng nhi\u1ec7t \u0111\u1ed9 c\u00e0i \u0111\u1eb7t kho\u1ea3ng 2 \u0111\u1ed9 C.<\/p>\n<p style=\"text-align: justify;\"><strong>Tinh l\u1ecdc kh\u00f4ng kh\u00ed<\/strong><\/p>\n<p style=\"text-align: justify;\">Kh\u00f4ng kh\u00ed l\u00e0m \u1ea3nh h\u01b0\u1edfng \u0111\u1ebfn ch\u1ea5t l\u01b0\u1ee3ng cu\u1ed9c s\u1ed1ng. M\u00e1y \u0111i\u1ec1u h\u00f2a multi Daikin c\u00f3 phin l\u1ecdc Apatit Titan gi\u00fap kh\u1eed m\u00f9i v\u00e0 lo\u1ea1i b\u1ecf ch\u1ea5t g\u00e2y d\u1ecb \u1ee9ng, mang l\u1ea1i kh\u00f4ng kh\u00ed trong l\u00e0nh cho gia \u0111\u00ecnh b\u1ea1n.<\/p>\n<p style=\"text-align: justify;\"><strong>Lu\u1ed3ng gi\u00f3 tho\u1ea3i m\u00e1i<\/strong><\/p>\n<p style=\"text-align: justify;\">Ch\u1ee9c n\u0103ng n\u00e0y ng\u0103n ch\u1eb7n lu\u1ed3ng gi\u00f3 tr\u1ef1c ti\u1ebfp th\u1ed5i v\u00e0o ng\u01b0\u1eddi. C\u00e1nh \u0111\u1ea3o gi\u00f3 s\u1ebd thay \u0111\u1ed5i h\u01b0\u1edbng gi\u00f3 th\u1ed5i, di chuy\u1ec3n \u0111i l\u00ean trong qu\u00e1 tr\u00ecnh l\u00e0m l\u1ea1nh.<\/p>\n<p style=\"text-align: justify;\"><strong>Ch\u1ebf \u0110\u1ed9 D\u00e0n L\u1ea1nh Ho\u1ea1t \u0110\u1ed9ng \u00cam<\/strong><\/p>\n<p style=\"text-align: justify;\">D\u00e0n l\u1ea1nh treo t\u01b0\u1eddng \u0111i\u1ec1u h\u00f2a 2 chi\u1ec1u multi Daikin <strong>CTXM25RVMV<\/strong> \u0111\u01b0\u1ee3c trang b\u1ecb qu\u1ea1t 5 c\u1ea5p \u0111\u1ed9, cho ph\u00e9p b\u1ea1n \u0111i\u1ec1u khi\u1ec3n t\u1ed1c \u0111\u1ed9 qu\u1ea1t ch\u00ednh x\u00e1c theo nhu c\u1ea7u s\u1eed d\u1ee5ng. V\u00ec th\u1ebf, t\u00ednh n\u0103ng v\u1eadn h\u00e0nh \u00eam gi\u00fap b\u1ea1n ng\u1ee7 ngon h\u01a1n v\u00e0o ban \u0111\u00eam.<\/p>\n<p style=\"text-align: justify;\"><strong>Ch\u1ee9c N\u0103ng Kh\u1eed \u1ea8m<\/strong><\/p>\n<p style=\"text-align: justify;\">K\u1ebft h\u1ee3p kh\u1eed \u1ea9m v\u00e0 ho\u1ea1t \u0111\u1ed9ng l\u00e0m l\u1ea1nh kh\u00f4 b\u1eb1ng c\u00e1ch s\u1eed d\u1ee5ng lu\u1ed3ng kh\u00f4ng kh\u00ed l\u1ea1nh t\u1ed1c \u0111\u1ed9 th\u1ea5p, k\u1ebft qu\u1ea3 l\u00e0 \u0111\u1ea1t \u0111\u01b0\u1ee3c nhi\u1ec7t \u0111\u1ed9 ph\u00f2ng th\u1ea5p h\u01a1n v\u1edbi \u0111\u1ed9 \u1ea9m th\u1ea5p.<\/p>\n<p style=\"text-align: justify;\"><strong>N\u00fat B\u1eadt\/T\u1eaft Tr\u00ean D\u00e0n L\u1ea1nh<\/strong><\/p>\n<p style=\"text-align: justify;\">C\u00f3 th\u1ec3 b\u1eadt m\u00e1y \u0111i\u1ec1u h\u00f2a b\u1eb1ng tay trong tr\u01b0\u1eddng h\u1ee3p \u0111i\u1ec1u khi\u1ec3n t\u1eeb xa b\u1ecb th\u1ea5t l\u1ea1c ho\u1eb7c h\u1ebft pin.<\/p>\n<p style=\"text-align: justify;\"><strong>Gas R32<\/strong><\/p>\n<p style=\"text-align: justify;\">\u0110i\u1ec1u h\u00f2a multi Daikin 2018 s\u1eed d\u1ee5ng gas R32 v\u1edbi nhi\u1ec1u \u01b0u \u0111i\u1ec3m n\u1ed5i b\u1eadt: Ch\u1ea5t l\u00e0m l\u1ea1nh R-32 kh\u00f4ng ph\u00e1 h\u1ee7y t\u1ea7ng \u00d4-z\u00f4n (ODP) v\u00e0 ch\u1ec9 s\u1ed1 l\u00e0m n\u00f3ng l\u00ean to\u00e0n c\u1ea7u (GWP) ch\u1ec9 b\u1eb1ng 1\/3 so v\u1edbi ch\u1ea5t l\u00e0m l\u1ea1nh R-410A v\u00e0 R-22.<\/p>\n<\/div>\n<p>&nbsp;<\/p>\n","protected":false},"excerpt":{"rendered":"<ul class=\"l pr-des-featured\">\n<li>\u0110i\u1ec1u h\u00f2a multi Daikin CTXM25RVMV d\u00e0n l\u1ea1nh treo t\u01b0\u1eddng<\/li>\n<li>2 chi\u1ec1u (l\u1ea1nh\/s\u01b0\u1edfi) &#8211; 9.000BTU &#8211; Gas R32<\/li>\n<li>Ki\u1ec3u d\u00e1ng tinh t\u1ebf, sang tr\u1ecdng<\/li>\n<li>Phin l\u1ecdc Aptatit titan di\u1ec7t khu\u1ea9n kh\u1eed m\u00f9i<\/li>\n<li>Xu\u1ea5t x\u1ee9: Ch\u00ednh h\u00e3ng Th\u00e1i Lan<\/li>\n<li>B\u1ea3o h\u00e0nh: M\u00e1y 1 n\u0103m, m\u00e1y n\u00e9n 4 n\u0103m<\/li>\n<\/ul>\n","protected":false},"featured_media":3835,"comment_status":"open","ping_status":"closed","template":"","meta":[],"_links":{"self":[{"href":"http:\/\/maudep.com.vn\/chuyengiadienmay\/index.php?rest_route=\/wp\/v2\/product\/3834"}],"collection":[{"href":"http:\/\/maudep.com.vn\/chuyengiadienmay\/index.php?rest_route=\/wp\/v2\/product"}],"about":[{"href":"http:\/\/maudep.com.vn\/chuyengiadienmay\/index.php?rest_route=\/wp\/v2\/types\/product"}],"replies":[{"embeddable":true,"href":"http:\/\/maudep.com.vn\/chuyengiadienmay\/index.php?rest_route=%2Fwp%2Fv2%2Fcomments&post=3834"}],"wp:featuredmedia":[{"embeddable":true,"href":"http:\/\/maudep.com.vn\/chuyengiadienmay\/index.php?rest_route=\/wp\/v2\/media\/3835"}],"wp:attachment":[{"href":"http:\/\/maudep.com.vn\/chuyengiadienmay\/index.php?rest_route=%2Fwp%2Fv2%2Fmedia&parent=3834"}],"curies":[{"name":"wp","href":"https:\/\/api.w.org\/{rel}","templated":true}]}}