{"id":3836,"date":"2019-02-14T14:25:34","date_gmt":"2019-02-14T07:25:34","guid":{"rendered":"http:\/\/maudep.com.vn\/chuyengiadienmay\/?post_type=product&#038;p=3836"},"modified":"2019-02-14T14:25:34","modified_gmt":"2019-02-14T07:25:34","slug":"dieu-hoa-multi-daikin-12-000btu-ctxm35rvmv","status":"publish","type":"product","link":"http:\/\/maudep.com.vn\/chuyengiadienmay\/?product=dieu-hoa-multi-daikin-12-000btu-ctxm35rvmv","title":{"rendered":"\u0110i\u1ec1u h\u00f2a multi Daikin 12.000BTU CTXM35RVMV"},"content":{"rendered":"<div id=\"chitiet-1\" class=\"w-pd-i-content\">\n<p class=\"w-pd-i-c-head\">\u0110i\u1ec1u h\u00f2a multi Daikin 12.000BTU CTXM35RVMV<\/p>\n<p style=\"text-align: justify;\"><strong>Thi\u1ebft k\u1ebf \u0111\u01a1n gi\u1ea3n, nh\u1ecf g\u1ecdn v\u00e0 tinh t\u1ebf<\/strong><\/p>\n<p style=\"text-align: justify;\">D\u00e0n l\u1ea1nh treo t\u01b0\u1eddng \u0111i\u1ec1u h\u00f2a multi Daikin CTXM35RVMV v\u1edbi thi\u1ebft k\u1ebf nh\u1ecf g\u1ecdn \u0111i c\u00f9ng t\u00f4ng m\u00e0u tr\u1eafng tinh t\u1ebf. Kh\u00f4ng gian c\u0103n ph\u00f2ng b\u1ea1n ch\u1eafc ch\u1eafn th\u00eam ph\u1ea7n sang tr\u1ecdng. C\u00f4ng su\u1ea5t 12.000BTU, Daikin <strong>CTXM35RVMV <\/strong>s\u1ebd nhanh ch\u00f3ng l\u00e0m m\u00e1t c\u0103n ph\u00f2ng ph\u00f9 h\u1ee3p v\u1edbi nh\u1eefng c\u0103n ph\u00f2ng c\u00f3 di\u1ec7n t\u00edch t\u1eeb 15-20 m\u00e9t vu\u00f4ng nh\u01b0 ph\u00f2ng \u0103n, ph\u00f2ng kh\u00e1ch, ph\u00f2ng ng\u1ee7,..<\/p>\n<p style=\"text-align: justify;\">Ti\u1ebfp t\u1ee5c gi\u1eef v\u1eefng v\u1ecb th\u1ebf nh\u00e0 s\u1ea3n xu\u1ea5t \u0111i\u1ec1u h\u00f2a kh\u00f4ng kh\u00ed h\u00e0ng \u0111\u1ea7u, Daikin kh\u00f4ng ng\u1eebng c\u1ea3i ti\u1ebfn \u0111\u1ec3 \u0111\u01b0a ra c\u00e1c gi\u1ea3i ph\u00e1p l\u00e0m l\u1ea1nh cho th\u1ebf h\u1ec7 ti\u1ebfp theo v\u01b0\u1ee3t qua nh\u1eefng gi\u1edbi h\u1ea1n trong l\u0129nh v\u1ef1c \u0111i\u1ec1u h\u00f2a kh\u00f4ng kh\u00ed.<\/p>\n<p style=\"text-align: justify;\"><strong>S\u01b0\u1edfi \u1ea5m, l\u00e0m l\u1ea1nh nhanh ch\u00f3ng<\/strong><\/p>\n<p style=\"text-align: justify;\">M\u00e1y \u0111i\u1ec1u h\u00f2a mutli <strong>Daikin CTXM35RVMV\u00a0<\/strong>\u0111\u01b0\u1ee3c trang b\u1ecb c\u00f4ng ngh\u1ec7 bi\u1ebfn t\u1ea7n Inverter c\u1ee7a Daikin \u0111\u01b0\u1ee3c bi\u1ebft \u0111\u1ebfn nh\u01b0 m\u1ed9t c\u01a1 ch\u1ebf \u0111i\u1ec1u khi\u1ec3n ho\u1ea1t \u0111\u1ed9ng ch\u00ednh x\u00e1c, gi\u00fap c\u1eaft gi\u1ea3m h\u00f3a \u0111\u01a1n ti\u1ec1n \u0111i\u1ec7n so v\u1edbi c\u00e1c d\u00f2ng m\u00e1y kh\u00f4ng c\u00f3 ch\u1ee9c n\u0103ng Inverter, \u0111\u1ed3ng th\u1eddi mang l\u1ea1i s\u1ef1 ti\u1ec7n nghi tho\u1ea3i m\u00e1i v\u00e0 m\u1ed9t m\u00f4i tr\u01b0\u1eddng \u0111i\u1ec1u h\u00f2a l\u00fd t\u01b0\u1edfng ch\u1ec9 v\u1edbi m\u1ed9t n\u00fat nh\u1ea5n.<\/p>\n<p>Kh\u00e1c v\u1edbi \u0111i\u1ec1u h\u00f2a multi 1 chi\u1ec1u ch\u1ec9 c\u00f3 kh\u1ea3 n\u0103ng l\u00e0m m\u00e1t, m\u00e1y \u0111i\u1ec1u h\u00f2a multi 2 chi\u1ec1u v\u1eeba l\u00e0m m\u00e1t v\u00e0 v\u1eeba s\u01b0\u1edfi \u1ea5m. Nh\u01b0 v\u1eady, ngo\u00e0i kh\u1ea3 n\u0103ng t\u1ea1o lu\u1ed3ng kh\u00ed m\u00e1t l\u1ea1nh nh\u01b0 th\u00f4ng th\u01b0\u1eddng, \u0111i\u1ec1u h\u00f2a multi hai chi\u1ec1u c\u00f2n th\u00edch h\u1ee3p cho nh\u1eefng n\u01a1i c\u00f3 ki\u1ec3u kh\u00ed h\u1eadu l\u1ea1nh nh\u1edd kh\u1ea3 n\u0103ng s\u01b0\u1edfi \u1ea5m c\u1ee7a m\u00ecnh.<\/p>\n<p style=\"text-align: justify;\"><strong>M\u1eaft Th\u1ea7n Th\u00f4ng Minh (T\u1ef1 \u0111\u1ed9ng ti\u1ebft ki\u1ec7m \u0111i\u1ec7n)<\/strong><\/p>\n<p style=\"text-align: justify;\">M\u1ed7i d\u00e0n l\u1ea1nh treo t\u01b0\u1eddng \u0111i\u1ec1u h\u00f2a multi Daikin \u0111\u01b0\u1ee3c trang b\u1ecb c\u1ea3m bi\u1ebfn m\u1eaft th\u1ea7n th\u00f4ng minh, Ch\u1ee9c n\u0103ng n\u00e0y s\u1eed d\u1ee5ng m\u1eaft th\u1ea7n th\u00f4ng minh d\u00f2 t\u00ecm ng\u01b0\u1eddi trong khu v\u1ef1c ho\u1ea1t \u0111\u1ed9ng \u0111\u1ec3 h\u01b0\u1edbng lu\u1ed3ng gi\u00f3 tr\u00e1nh ho\u1eb7c th\u1ed5i tr\u1ef1c ti\u1ebfp v\u00e0o ng\u01b0\u1eddi.<\/p>\n<p style=\"text-align: justify;\">M\u1eaft th\u1ea7n th\u00f4ng minh ti\u1ebft ki\u1ec7m n\u0103ng l\u01b0\u1ee3ng b\u1eb1ng c\u00e1ch ph\u00e1t hi\u1ec7n s\u1ef1 hi\u1ec7n di\u1ec7n c\u1ee7a ng\u01b0\u1eddi trong ph\u00f2ng. N\u1ebfu kh\u00f4ng c\u00f3 ng\u01b0\u1eddi trong v\u00f2ng 20 ph\u00fat, m\u00e1y s\u1ebd t\u1ef1 \u0111\u1ed9ng t\u0103ng nhi\u1ec7t \u0111\u1ed9 c\u00e0i \u0111\u1eb7t kho\u1ea3ng 2 \u0111\u1ed9 C.<\/p>\n<p style=\"text-align: justify;\"><strong>Tinh l\u1ecdc kh\u00f4ng kh\u00ed<\/strong><\/p>\n<p>T\u1ea5m l\u1ecdc vi b\u1ee5i Apatit Titan \u0111\u01b0\u1ee3c t\u00edch h\u1ee3p tr\u00ean d\u00e0n l\u1ea1nh \u0111i\u1ec1u h\u00f2a multi 2 chi\u1ec1u Daikin <strong>CTXM35RVMV <\/strong>c\u00f3 t\u00e1c d\u1ee5ng l\u1ecdc s\u1ea1ch vi khu\u1ea9n v\u00e0 b\u1ee5i b\u1ea9n t\u1ed3n t\u1ea1i trong kh\u00f4ng kh\u00ed. Nh\u1edd t\u1ea5m l\u1ecdc n\u00e0y, kh\u00f4ng kh\u00ed trong ph\u00f2ng s\u1ebd lu\u00f4n \u0111\u1ea3m b\u1ea3o trong l\u00e0nh v\u00e0 thanh s\u1ea1ch, b\u1ea3o v\u1ec7 t\u1ed1i \u01b0u s\u1ee9c kh\u1ecfe cho c\u00e1c th\u00e0nh vi\u00ean trong gia \u0111\u00ecnh.<\/p>\n<p style=\"text-align: justify;\"><strong>Lu\u1ed3ng gi\u00f3 tho\u1ea3i m\u00e1i<\/strong><\/p>\n<p style=\"text-align: justify;\">Ch\u1ee9c n\u0103ng n\u00e0y ng\u0103n ch\u1eb7n lu\u1ed3ng gi\u00f3 tr\u1ef1c ti\u1ebfp th\u1ed5i v\u00e0o ng\u01b0\u1eddi. C\u00e1nh \u0111\u1ea3o gi\u00f3 s\u1ebd thay \u0111\u1ed5i h\u01b0\u1edbng gi\u00f3 th\u1ed5i, di chuy\u1ec3n \u0111i l\u00ean trong qu\u00e1 tr\u00ecnh l\u00e0m l\u1ea1nh.<\/p>\n<p style=\"text-align: justify;\"><strong>Ch\u1ebf \u0110\u1ed9 D\u00e0n L\u1ea1nh Ho\u1ea1t \u0110\u1ed9ng \u00cam<\/strong><\/p>\n<p style=\"text-align: justify;\">Ch\u1ec9 c\u1ea7n nh\u1ea5n n\u00fat Quite tr\u00ean \u0111i\u1ec1u khi\u1ec3n d\u00e0n l\u1ea1nh treo t\u01b0\u1eddng \u0111i\u1ec1u h\u00f2a multi 2 chi\u1ec1u\u00a0<strong>Daikin CTXM35RVMV<\/strong> m\u00e1y s\u1ebd ho\u1ea1t \u0111\u1ed9ng \u00eam \u00e1i, duy tr\u00ec nhi\u1ec7t \u0111\u1ed9 \u1ed5n \u0111\u1ecbnh mang l\u1ea1i gi\u1ea5c ng\u1ee7 ngon v\u00e0 s\u00e2u h\u01a1n. \u0110\u00e2y l\u00e0 s\u1ef1 l\u1ef1a ch\u1ecdn tuy\u1ec7t v\u1eddi cho gia \u0111\u00ecnh c\u00f3 tr\u1ebb nh\u1ecf v\u00e0 ng\u01b0\u1eddi l\u1edbn tu\u1ed5i.<\/p>\n<p style=\"text-align: justify;\"><strong>Ch\u1ee9c N\u0103ng Kh\u1eed \u1ea8m<\/strong><\/p>\n<p style=\"text-align: justify;\">K\u1ebft h\u1ee3p kh\u1eed \u1ea9m v\u00e0 ho\u1ea1t \u0111\u1ed9ng l\u00e0m l\u1ea1nh kh\u00f4 b\u1eb1ng c\u00e1ch s\u1eed d\u1ee5ng lu\u1ed3ng kh\u00f4ng kh\u00ed l\u1ea1nh t\u1ed1c \u0111\u1ed9 th\u1ea5p, k\u1ebft qu\u1ea3 l\u00e0 \u0111\u1ea1t \u0111\u01b0\u1ee3c nhi\u1ec7t \u0111\u1ed9 ph\u00f2ng th\u1ea5p h\u01a1n v\u1edbi \u0111\u1ed9 \u1ea9m th\u1ea5p.<\/p>\n<p style=\"text-align: justify;\"><strong>N\u00fat B\u1eadt\/T\u1eaft Tr\u00ean D\u00e0n L\u1ea1nh<\/strong><\/p>\n<p style=\"text-align: justify;\">C\u00f3 th\u1ec3 b\u1eadt m\u00e1y \u0111i\u1ec1u h\u00f2a b\u1eb1ng tay trong tr\u01b0\u1eddng h\u1ee3p \u0111i\u1ec1u khi\u1ec3n t\u1eeb xa b\u1ecb th\u1ea5t l\u1ea1c ho\u1eb7c h\u1ebft pin.<\/p>\n<p style=\"text-align: justify;\"><strong>Gas R32<\/strong><\/p>\n<p style=\"text-align: justify;\">\u0110i\u1ec1u h\u00f2a multi Daikin 2018 s\u1eed d\u1ee5ng gas R32 m\u1ed9t l\u1ea7n n\u1eefa minh ch\u1ee9ng <span style=\"font-family: helvetica neue,helvetica,arial,sans-serif; font-size: 14px;\">Daikin l\u00e0 th\u01b0\u01a1ng hi\u1ec7u d\u1eabn \u0111\u1ea7u v\u1ec1 c\u00e1c d\u00f2ng s\u1ea3n ph\u1ea9m m\u00e1y \u0111i\u1ec1u h\u00f2a kh\u00f4ng gas R32. \u1ede Nh\u1eadt B\u1ea3n h\u1ea7u h\u1ebft ng\u01b0\u1eddi d\u00e2n \u0111\u1ec1u s\u1eed d\u1ee5ng m\u00e1y \u0111i\u1ec1u h\u00f2a c\u00f3 lo\u1ea1i gas n\u00e0y \u0111\u1ec3 b\u1ea3o v\u1ec7 m\u00f4i tr\u01b0\u1eddng, tr\u00e1nh g\u00e2y th\u1ee7ng t\u1ea7ng ozon. Ngo\u00e0i ra, lo\u1ea1i gas n\u00e0y c\u00f2n mang l\u1ea1i hi\u1ec7u qu\u1ea3 l\u00e0m l\u1ea1nh nhanh v\u00e0 t\u1ed1t cho s\u1ee9c kh\u1ecfe ng\u01b0\u1eddi d\u00f9ng h\u01a1n.<\/span><\/p>\n<\/div>\n<p>&nbsp;<\/p>\n","protected":false},"excerpt":{"rendered":"<ul class=\"l pr-des-featured\">\n<li>\u0110i\u1ec1u h\u00f2a multi Daikin CTXM35RVMV d\u00e0n l\u1ea1nh treo t\u01b0\u1eddng<\/li>\n<li>2 chi\u1ec1u (l\u1ea1nh\/s\u01b0\u1edfi) &#8211; 12.000BTU (2.5KW) &#8211; Gas R32<\/li>\n<li>C\u1ea3m bi\u1ebfn m\u1eaft th\u1ea7n th\u00f4ng minh<\/li>\n<li>Phin l\u1ecdc Aptatit titan di\u1ec7t khu\u1ea9n kh\u1eed m\u00f9i<\/li>\n<li>Xu\u1ea5t x\u1ee9: Ch\u00ednh h\u00e3ng Th\u00e1i Lan<\/li>\n<li>B\u1ea3o h\u00e0nh: M\u00e1y 1 n\u0103m, m\u00e1y n\u00e9n 4 n\u0103m<\/li>\n<\/ul>\n","protected":false},"featured_media":3835,"comment_status":"open","ping_status":"closed","template":"","meta":[],"_links":{"self":[{"href":"http:\/\/maudep.com.vn\/chuyengiadienmay\/index.php?rest_route=\/wp\/v2\/product\/3836"}],"collection":[{"href":"http:\/\/maudep.com.vn\/chuyengiadienmay\/index.php?rest_route=\/wp\/v2\/product"}],"about":[{"href":"http:\/\/maudep.com.vn\/chuyengiadienmay\/index.php?rest_route=\/wp\/v2\/types\/product"}],"replies":[{"embeddable":true,"href":"http:\/\/maudep.com.vn\/chuyengiadienmay\/index.php?rest_route=%2Fwp%2Fv2%2Fcomments&post=3836"}],"wp:featuredmedia":[{"embeddable":true,"href":"http:\/\/maudep.com.vn\/chuyengiadienmay\/index.php?rest_route=\/wp\/v2\/media\/3835"}],"wp:attachment":[{"href":"http:\/\/maudep.com.vn\/chuyengiadienmay\/index.php?rest_route=%2Fwp%2Fv2%2Fmedia&parent=3836"}],"curies":[{"name":"wp","href":"https:\/\/api.w.org\/{rel}","templated":true}]}}