{"id":3837,"date":"2019-02-14T14:29:50","date_gmt":"2019-02-14T07:29:50","guid":{"rendered":"http:\/\/maudep.com.vn\/chuyengiadienmay\/?post_type=product&#038;p=3837"},"modified":"2019-02-14T14:29:51","modified_gmt":"2019-02-14T07:29:51","slug":"dieu-hoa-multi-daikin-21-000btu-ctxm60rvmv","status":"publish","type":"product","link":"http:\/\/maudep.com.vn\/chuyengiadienmay\/?product=dieu-hoa-multi-daikin-21-000btu-ctxm60rvmv","title":{"rendered":"\u0110i\u1ec1u h\u00f2a multi Daikin 21.000BTU CTXM60RVMV"},"content":{"rendered":"","protected":false},"excerpt":{"rendered":"<ul class=\"l pr-des-featured\">\n<li>\u0110i\u1ec1u h\u00f2a multi Daikin CTXM60RVMV d\u00e0n l\u1ea1nh treo t\u01b0\u1eddng<\/li>\n<li>2 chi\u1ec1u (l\u1ea1nh\/s\u01b0\u1edfi) &#8211; 21.000BTU (6KW) &#8211; Gas R32<\/li>\n<li>C\u1ea3m bi\u1ebfn m\u1eaft th\u1ea7n th\u00f4ng minh<\/li>\n<li>Phin l\u1ecdc Aptatit titan di\u1ec7t khu\u1ea9n kh\u1eed m\u00f9i<\/li>\n<li>Xu\u1ea5t x\u1ee9: Ch\u00ednh h\u00e3ng Th\u00e1i Lan<\/li>\n<li>B\u1ea3o h\u00e0nh: M\u00e1y 1 n\u0103m, m\u00e1y n\u00e9n 4 n\u0103m<\/li>\n<\/ul>\n","protected":false},"featured_media":3835,"comment_status":"open","ping_status":"closed","template":"","meta":[],"_links":{"self":[{"href":"http:\/\/maudep.com.vn\/chuyengiadienmay\/index.php?rest_route=\/wp\/v2\/product\/3837"}],"collection":[{"href":"http:\/\/maudep.com.vn\/chuyengiadienmay\/index.php?rest_route=\/wp\/v2\/product"}],"about":[{"href":"http:\/\/maudep.com.vn\/chuyengiadienmay\/index.php?rest_route=\/wp\/v2\/types\/product"}],"replies":[{"embeddable":true,"href":"http:\/\/maudep.com.vn\/chuyengiadienmay\/index.php?rest_route=%2Fwp%2Fv2%2Fcomments&post=3837"}],"wp:featuredmedia":[{"embeddable":true,"href":"http:\/\/maudep.com.vn\/chuyengiadienmay\/index.php?rest_route=\/wp\/v2\/media\/3835"}],"wp:attachment":[{"href":"http:\/\/maudep.com.vn\/chuyengiadienmay\/index.php?rest_route=%2Fwp%2Fv2%2Fmedia&parent=3837"}],"curies":[{"name":"wp","href":"https:\/\/api.w.org\/{rel}","templated":true}]}}