{"id":3838,"date":"2019-02-14T14:36:37","date_gmt":"2019-02-14T07:36:37","guid":{"rendered":"http:\/\/maudep.com.vn\/chuyengiadienmay\/?post_type=product&#038;p=3838"},"modified":"2021-10-18T16:59:24","modified_gmt":"2021-10-18T09:59:24","slug":"dieu-hoa-multi-daikin-24-000btu-ctxm71rvmv","status":"publish","type":"product","link":"http:\/\/maudep.com.vn\/chuyengiadienmay\/?product=dieu-hoa-multi-daikin-24-000btu-ctxm71rvmv","title":{"rendered":"\u0110i\u1ec1u h\u00f2a multi Daikin 24.000BTU CTXM71RVMV"},"content":{"rendered":"","protected":false},"excerpt":{"rendered":"<ul class=\"l pr-des-featured\">\n<li>\u0110i\u1ec1u h\u00f2a multi Daikin CTXM71RVMV d\u00e0n l\u1ea1nh treo t\u01b0\u1eddng<\/li>\n<li>2 chi\u1ec1u (l\u1ea1nh\/s\u01b0\u1edfi) &#8211; 24.000BTU (7.1KW) &#8211; Gas R32<\/li>\n<li>V\u1eadn h\u00e0nh si\u00eau m\u1ea1nh m\u1ebd<\/li>\n<li>Phin l\u1ecdc Aptatit titan di\u1ec7t khu\u1ea9n kh\u1eed m\u00f9i<\/li>\n<li>Xu\u1ea5t x\u1ee9: Ch\u00ednh h\u00e3ng Th\u00e1i Lan<\/li>\n<li>B\u1ea3o h\u00e0nh: M\u00e1y 1 n\u0103m, m\u00e1y n\u00e9n 4 n\u0103m<\/li>\n<\/ul>\n","protected":false},"featured_media":3835,"comment_status":"open","ping_status":"closed","template":"","meta":[],"_links":{"self":[{"href":"http:\/\/maudep.com.vn\/chuyengiadienmay\/index.php?rest_route=\/wp\/v2\/product\/3838"}],"collection":[{"href":"http:\/\/maudep.com.vn\/chuyengiadienmay\/index.php?rest_route=\/wp\/v2\/product"}],"about":[{"href":"http:\/\/maudep.com.vn\/chuyengiadienmay\/index.php?rest_route=\/wp\/v2\/types\/product"}],"replies":[{"embeddable":true,"href":"http:\/\/maudep.com.vn\/chuyengiadienmay\/index.php?rest_route=%2Fwp%2Fv2%2Fcomments&post=3838"}],"wp:featuredmedia":[{"embeddable":true,"href":"http:\/\/maudep.com.vn\/chuyengiadienmay\/index.php?rest_route=\/wp\/v2\/media\/3835"}],"wp:attachment":[{"href":"http:\/\/maudep.com.vn\/chuyengiadienmay\/index.php?rest_route=%2Fwp%2Fv2%2Fmedia&parent=3838"}],"curies":[{"name":"wp","href":"https:\/\/api.w.org\/{rel}","templated":true}]}}