{"id":4075,"date":"2019-02-18T16:29:20","date_gmt":"2019-02-18T09:29:20","guid":{"rendered":"http:\/\/maudep.com.vn\/chuyengiadienmay\/?post_type=product&#038;p=4075"},"modified":"2021-10-15T10:44:48","modified_gmt":"2021-10-15T03:44:48","slug":"dieu-hoa-daikin-1-chieu-9-000btu-inverter-ftkc25uavmv","status":"publish","type":"product","link":"http:\/\/maudep.com.vn\/chuyengiadienmay\/?product=dieu-hoa-daikin-1-chieu-9-000btu-inverter-ftkc25uavmv","title":{"rendered":"\u0110i\u1ec1u h\u00f2a Daikin 1 chi\u1ec1u 9.000BTU inverter FTKC25UAVMV"},"content":{"rendered":"<div id=\"chitiet-1\" class=\"w-pd-i-content\">\n<div id=\"chitiet-1\" class=\"w-pd-i-content\">\n<p>\u0110i\u1ec1u h\u00f2a\u00a0<strong>Daikin\u00a0FTKC25UAVMV<\/strong>\u00a01 chi\u1ec1u 9.000BTU (1HP) c\u00f4ng ngh\u1ec7 inverter ti\u1ebft ki\u1ec7m \u0111i\u1ec7n, thi\u1ebft k\u1ebf COANDA, c\u1ea3m bi\u1ebfn m\u1eaft th\u1ea7n th\u00f4ng minh s\u1ea3n ph\u1ea9m d\u00f2ng cao c\u1ea5p m\u1edbi nh\u1ea5t c\u1ee7a h\u00e3ng\u00a0\u0111i\u1ec1u h\u00f2a Daikin\u00a0n\u0103m 2019.<\/p>\n<p><img src=\"https:\/\/banhangtaikho.com.vn\/Images\/Upload\/images\/daikin-ftkc25uavmv.jpg\" alt=\"\" \/><\/p>\n<h3>Thi\u1ebft k\u1ebf m\u1edbi hi\u1ec7n \u0111\u1ea1i, cao c\u1ea5p<\/h3>\n<p>&#8220;Ng\u00f4i nh\u00e0 \u0111\u1eb9p, c\u1ea7n n\u1ed9i th\u1ea5t \u0111\u1eb9p&#8221; m\u00e1y \u0111i\u1ec1u h\u00f2a Daikin 1 chi\u1ec1u 9000BTU\u00a0<strong>FTKC25UAVMV<\/strong>\u00a0s\u1ebd l\u00e0 l\u1ef1a ch\u1ecdn l\u00fd t\u01b0\u1edfng cho ng\u00f4i nh\u00e0 c\u1ee7a B\u1ea1n. Thi\u1ebft k\u1ebf v\u1edbi \u0111\u01b0\u1eddng n\u00e9t, c\u00f9ng m\u00e0u tr\u1eafng tinh t\u1ebf mang l\u1ea1i s\u1ef1 sang tr\u1ecdng, v\u00e0 ph\u00f9 h\u1ee3p v\u1edbi m\u1ecdi kh\u00f4ng gian n\u1ed9i th\u1ea5t.<\/p>\n<p>C\u00f4ng su\u1ea5t 9.000BTU (1HP), Daikin\u00a0<strong>FTKC25UAVMV\/RKC25UAVMV<\/strong>\u00a0ph\u00f9 h\u1ee3p l\u1eafp \u0111\u1eb7t cho ph\u00f2ng c\u00f3 di\u1ec7n t\u00edch nh\u1ecf h\u01a1n 15m2.<\/p>\n<p><img src=\"https:\/\/banhangtaikho.com.vn\/Images\/Upload\/images\/daikin-ftkc25uavmv-1.jpg\" alt=\"\" \/><\/p>\n<h3>Kh\u1eed \u1ea9m t\u0103ng 25%<\/h3>\n<p>Nh\u01b0 c\u00e1c b\u1ea1n bi\u1ebft \u0111\u1ed9 \u1ea9m t\u00e1c \u0111\u1ed9ng r\u1ea5t l\u1edbn \u0111\u1ebfn ch\u1ea5t l\u01b0\u1ee3ng cu\u1ed9c s\u1ed1ng nh\u01b0ng kh\u00f4ng \u0111\u01b0\u1ee3c quan t\u00e2m \u0111\u00fang m\u1ee9c. \u0110\u1ed9 \u1ea9m th\u1ea5p g\u00e2y n\u1ee9t n\u1ebb v\u00e0 kh\u00f4 da. \u0110\u1ed9 \u1ea9m cao l\u00e0 m\u00f4i tr\u01b0\u1eddng l\u00fd t\u01b0\u1edfng cho n\u1ea5m m\u1ed1c v\u00e0 vi khu\u1ea9n, l\u00e0m gi\u1ea3m kh\u1ea3 n\u0103ng to\u00e1t m\u1ed3 h\u00f4i khi\u1ebfn c\u01a1 th\u1ec3 n\u00f3ng b\u1ee9c kh\u00f3 ch\u1ecbu v\u00e0 g\u00e2y ra c\u00e1c v\u1ea5n \u0111\u1ec1 v\u1ec1 h\u00f4 h\u1ea5p.<\/p>\n<p>V\u1edbi kh\u1ea3 n\u0103ng kh\u1eed \u1ea5m v\u00e0 l\u00e0m l\u1ea1nh t\u0103ng 25% so v\u1edbi model th\u00f4ng th\u01b0\u1eddng,\u00a0\u0110i\u1ec1u h\u00f2a\u00a0Daikin 1 chi\u1ec1u\u00a0<strong>FTKC25UAVMV<\/strong>\u00a0mang l\u1ea1i c\u1ea3m gi\u00e1c tho\u1ea3i m\u00e1i ngay c\u1ea3 khi th\u1eddi ti\u1ebft oi b\u1ee9c.<\/p>\n<h3>Si\u00eau ti\u1ebft ki\u1ec7m \u0111i\u1ec7n v\u1edbi c\u00f4ng ngh\u1ec7 Inverter<\/h3>\n<p>M\u00e1y \u0111i\u1ec1u h\u00f2a Daikin\u00a0<strong>FTKC25UAVMV<\/strong>\u00a0\u0111\u01b0\u1ee3c trang b\u1ecb c\u00f4ng ngh\u1ec7 inverter gi\u00fap c\u1eaft gi\u1ea3m h\u00f3a \u0111\u01a1n ti\u1ec1n \u0111i\u1ec7n so v\u1edbi c\u00e1c d\u00f2ng m\u00e1y kh\u00f4ng c\u00f3 ch\u1ee9c n\u0103ng inverter, \u0111\u1ed3ng th\u1eddi mang l\u1ea1i s\u1ef1 ti\u1ec7n nghi tho\u1ea3i m\u00e1i v\u00e0 m\u1ed9t m\u00f4i tr\u01b0\u1eddng \u0111i\u1ec1u h\u00f2a l\u00fd t\u01b0\u1edfng ch\u1ec9 v\u1edbi m\u1ed9t n\u00fat nh\u1ea5n.<\/p>\n<p><img src=\"https:\/\/banhangtaikho.com.vn\/Images\/Upload\/images\/daikin-inverter-tiet-kiem-dien-3.jpg\" alt=\"\" \/><\/p>\n<p>V\u1edbi\u00a0\u01b0u \u0111i\u1ec3m c\u1ee7a \u0111i\u1ec1u h\u00f2a inverter: Ti\u1ebft ki\u1ec7m \u0111i\u1ec7n, ho\u1ea1t \u0111\u1ed9ng \u00eam, duy tr\u00ec nhi\u1ec7t \u0111\u1ed9 \u1ed5n \u0111\u1ecbnh v\u00e0 ph\u00e1t huy c\u00f4ng su\u1ea5t t\u1ed1i \u01b0u. M\u00e1y \u0111i\u1ec1u h\u00f2a Daikin 9000BTU\u00a0FTKC25UAVMV s\u1ebd l\u00e0 l\u1ef1a ch\u1ecdn tuy\u1ec7t v\u1eddi cho gia \u0111\u00ecnh B\u1ea1n.<\/p>\n<h3>Tinh l\u1ecdc kh\u00f4ng kh\u00ed<\/h3>\n<p>Theo th\u1ed1ng k\u00ea c\u1ee7a tg\u1ed5 ch\u1ee9c Y t\u1ebf th\u1ebf gi\u1edbi WHO n\u0103m 2016: M\u1ed7i n\u0103m c\u00f3 2 tri\u1ec7u tr\u1ebb em tr\u00ean th\u1ebf gi\u1edbi ch\u1ebft v\u00ec b\u1ec7nh \u0111\u01b0\u1eddng h\u00f4 h\u1ea5p v\u00e0 60% trong s\u1ed1 \u0111\u00f3 l\u00e0 do \u00f4 nhi\u1ec5m kh\u00f4ng kh\u00ed.<\/p>\n<p>Vi\u1ec7t Nam l\u00e0 m\u1ed9t trong 11 qu\u1ed1c gia c\u00f3 ch\u1ea5t l\u01b0\u1ee3ng kh\u00f4ng kh\u00ed k\u00e9m nh\u1ea5t th\u1ebf gi\u1edbi. H\u00e0 N\u1ed9i &amp; TP. H\u1ed3 Ch\u00ed Minh \u0111\u00e3 v\u00e0 \u0111ang n\u1eb1m trong danh s\u00e1ch 10 th\u00e0nh ph\u1ed1 \u00f4 nhi\u1ec5m kh\u00f4ng kh\u00ed c\u1ee7a khu v\u1ef1c Ch\u00e2u \u00c1 v\u00e0 th\u1ebf gi\u1edbi.<\/p>\n<p><img src=\"https:\/\/banhangtaikho.com.vn\/Images\/Upload\/images\/tam-loc-apatit-titan-daikin.jpg\" alt=\"\" \/><\/p>\n<p>Th\u1ea5u hi\u1ec3u r\u00f5 \u0111i\u1ec1u n\u00e0y, m\u00e1y \u0111i\u1ec1u h\u00f2a Daikin 1 chi\u1ec1u 9000BTU\u00a0<strong>FTKC25UAVMV<\/strong>\u00a0\u0111\u01b0\u1ee3c trang b\u1ecb\u00a0phin l\u1ecdc Apatit Titan\u00a0c\u00f3 t\u00e1c d\u1ee5ng h\u1ea5p th\u1ee5 c\u00e1c ch\u1ea5t g\u00e2y d\u1ecb \u1ee9ng v\u00e0 kh\u1eed m\u00f9i h\u00f4i gi\u00fap mang l\u1ea1i b\u1ea7u kh\u00f4ng kh\u00ed trong l\u00e0nh, b\u1ea3o v\u1ec7 s\u1ee9c kh\u1ecfe gia \u0111\u00ecnh B\u1ea1n.<\/p>\n<h3>M\u1eaft th\u1ea7n th\u00f4ng minh<\/h3>\n<p>Panasonic c\u00f3 c\u00f4ng ngh\u1ec7 c\u1ea3m bi\u1ebfn Econavi th\u00ec Daikin c\u00f3\u00a0c\u00f4ng ngh\u1ec7 m\u1eaft th\u1ea7n. \u0110i\u1ec1u h\u00f2a Daikin inverter 9000BTU\u00a0<strong>FTKC25UAVMV<\/strong>\u00a0\u0111\u01b0\u1ee3c trang b\u1ecb m\u1eaft th\u1ea7n ng\u0103n hao ph\u00ed n\u0103ng l\u01b0\u1ee3ng b\u1eb1ng c\u00e1ch s\u1eed d\u1ee5ng c\u1ea3m bi\u1ebfn h\u1ed3ng ngo\u1ea1i \u0111\u1ec3 ph\u00e1t hi\u1ec7n chuy\u1ec3n \u0111\u1ed9ng c\u1ee7a ng\u01b0\u1eddi trong ph\u00f2ng. N\u1ebfu kh\u00f4ng c\u00f3 chuy\u1ec3n \u0111\u1ed9ng trong v\u00f2ng 20 ph\u00fat, m\u1eaft th\u1ea7n s\u1ebd t\u1ef1 \u0111\u1ed9ng \u0111i\u1ec1u ch\u1ec9nh nhi\u1ec7t \u0111\u1ed9 c\u00e0i \u0111\u1eb7t kho\u1ea3ng 2 \u0111\u1ed9 C. M\u1ed9t khi m\u1eaft th\u1ea7n \u0111\u01b0\u1ee3c b\u1eadt, n\u00f3 s\u1ebd v\u1eadn h\u00e0nh t\u1ef1 \u0111\u1ed9ng m\u00e0 kh\u00f4ng c\u1ea7n ph\u1ea3i c\u00e0i \u0111\u1eb7t th\u00eam.<\/p>\n<p><img src=\"https:\/\/banhangtaikho.com.vn\/Images\/Upload\/images\/daikin-cam-bien-mat-than-1.jpg\" alt=\"\" \/><\/p>\n<h3>S\u1eed d\u1ee5ng gas R32<\/h3>\n<p>\u0110i\u1ec1u h\u00f2a Daikin inverter\u00a0<strong>FTKC25UAVMV<\/strong>\u00a0s\u1eed d\u1ee5ng m\u00f4i ch\u1ea5t l\u00e0m l\u1ea1nh R32 kh\u00f4ng ph\u00e1 h\u1ee7y t\u1ea7ng \u00d4 &#8211; z\u00f4n (ODP) v\u00e0 ch\u1ec9 s\u1ed1 l\u00e0m n\u00f3ng l\u00ean to\u00e0n c\u1ea7u (GWP) ch\u1ec9 b\u1eb1ng 1\/3 so v\u1edbi ch\u1ea5t l\u00e0m l\u1ea1nh R410A v\u00e0 R22.<\/p>\n<p><img src=\"https:\/\/banhangtaikho.com.vn\/Images\/Upload\/images\/daikin-gas-r32-1.jpg\" alt=\"\" \/><\/p>\n<h3>\u0110\u1ed9 b\u1ec1n cao<\/h3>\n<p>M\u00e1y \u0111i\u1ec1u h\u00f2a Daikin\u00a0<strong>FTKC25UAVMV<\/strong>\u00a0\u0111\u01b0\u1ee3c trang b\u1ecb m\u1ed9t m\u1ea1ch \u0111i\u1ec7n t\u1eed c\u00f3 \u0111\u1ed9 b\u1ec1n cao \u0111\u1ec3 c\u00f3 th\u1ec3 ch\u1ecbu \u0111\u1ef1ng \u0111\u01b0\u1ee3c \u0111i\u1ec7n \u00e1p l\u00ean \u0111\u1ebfn 440V. M\u1ea1ch \u0111i\u1ec7n n\u00e0y s\u1ebd lo\u1ea1i b\u1ecf s\u1ef1 c\u1ea7n thi\u1ebft ph\u1ea3i l\u1eafp th\u00eam b\u1ed9 \u1ed5n \u00e1p \u0111i\u1ec7n \u0111\u1ed3ng th\u1eddi t\u1ea1o ra b\u1ea3o v\u1ec7 b\u1ed5 sung cho c\u00e1c thi\u1ebft b\u1ecb trong d\u00e0n n\u00f3ng nh\u01b0 \u0111\u1ed9ng c\u01a1 qu\u1ea1t v\u00e0 m\u00e1y n\u00e9n.<\/p>\n<div class=\"cl\"><\/div>\n<\/div>\n<div id=\"chitiet-2\" class=\"w-pd-i-content\">\n<p class=\"w-pd-i-c-head\">\u00a0Th\u1ed1ng s\u1ed1 k\u1ef9 thu\u1eadt \u0110i\u1ec1u h\u00f2a Daikin 1 chi\u1ec1u 9.000BTU inverter FTKC25UAVMV<\/p>\n<div class=\"cl\"><\/div>\n<table border=\"0\" cellspacing=\"0\" cellpadding=\"0\">\n<tbody>\n<tr>\n<td colspan=\"2\"><strong>\u0110i\u1ec1u h\u00f2a Daikin<\/strong><\/td>\n<td><\/td>\n<td><strong>FTKC25UAVMV\/RKC25UAVMV\u00a0<\/strong><\/td>\n<\/tr>\n<tr>\n<td rowspan=\"2\">C\u00f4ng su\u1ea5t \u0111\u1ecbnh m\u1ee9c<\/td>\n<td>(T\u1ed1i thi\u1ec3u-T\u1ed1i \u0111a)<\/td>\n<td>kW<\/td>\n<td>2.5(1.0-3.2)<\/td>\n<\/tr>\n<tr>\n<td>(T\u1ed1i thi\u1ec3u-T\u1ed1i \u0111a)<\/td>\n<td>Btu\/h<\/td>\n<td>8,500<br \/>\n(3,400-10,900)<\/td>\n<\/tr>\n<tr>\n<td colspan=\"3\">Ngu\u1ed3n \u0111i\u1ec7n<\/td>\n<td>1 pha, 220~240V, 50Hz<\/td>\n<\/tr>\n<tr>\n<td colspan=\"2\">D\u00f2ng \u0111i\u1ec7n ho\u1ea1t \u0111\u1ed9ng<\/td>\n<td>A<\/td>\n<td>3,2<\/td>\n<\/tr>\n<tr>\n<td>\u0110i\u1ec7n n\u0103ng ti\u00eau th\u1ee5<\/td>\n<td>(T\u1ed1i thi\u1ec3u-T\u1ed1i \u0111a)<\/td>\n<td>W<\/td>\n<td>680 (190 &#8211; 1,100)<\/td>\n<\/tr>\n<tr>\n<td colspan=\"3\">CSPF<\/td>\n<td>5,75<\/td>\n<\/tr>\n<tr>\n<td colspan=\"3\"><strong>D\u00e0n l\u1ea1nh<\/strong><\/td>\n<td><strong>FTKC25UAVMV<\/strong><\/td>\n<\/tr>\n<tr>\n<td colspan=\"3\">M\u00e0u m\u1eb7t n\u1ea1<\/td>\n<td>Tr\u1eafng<\/td>\n<\/tr>\n<tr>\n<td rowspan=\"4\">L\u01b0u l\u01b0\u1ee3ng gi\u00f3<\/td>\n<td>Cao<\/td>\n<td>m<sup>3<\/sup>\/ph\u00fat<\/td>\n<td>9,4<\/td>\n<\/tr>\n<tr>\n<td>Trung B\u00ecnh<\/td>\n<td>m<sup>3<\/sup>\/ph\u00fat<\/td>\n<td>7,6<\/td>\n<\/tr>\n<tr>\n<td>Th\u1ea5p<\/td>\n<td>m<sup>3<\/sup>\/ph\u00fat<\/td>\n<td>5,4<\/td>\n<\/tr>\n<tr>\n<td>Y\u00ean t\u0129nh<\/td>\n<td>m<sup>3<\/sup>\/ph\u00fat<\/td>\n<td>4,1<\/td>\n<\/tr>\n<tr>\n<td colspan=\"3\">T\u1ed1c \u0111\u1ed9 qu\u1ea1t<\/td>\n<td>5 c\u1ea5p, \u00eam v\u00e0 t\u1ef1 \u0111\u1ed9ng<\/td>\n<\/tr>\n<tr>\n<td colspan=\"2\">\u0110\u1ed9 \u1ed3n (cao\/trung b\u00ecnh\/th\u1ea5p\/y\u00ean t\u0129nh)<\/td>\n<td>dB(A)<\/td>\n<td>38 \/ 33 \/ 25 \/ 19<\/td>\n<\/tr>\n<tr>\n<td colspan=\"2\">K\u00edch th\u01b0\u1edbc (CaoxR\u1ed9ng x D\u00e0y)<\/td>\n<td>mm<\/td>\n<td>285 x 770 x 242<\/td>\n<\/tr>\n<tr>\n<td colspan=\"2\">Kh\u1ed1i l\u01b0\u1ee3ng<\/td>\n<td>Kg<\/td>\n<td>8<\/td>\n<\/tr>\n<tr>\n<td colspan=\"3\"><strong>D\u00e0n n\u00f3ng<\/strong><\/td>\n<td><strong>RKC25UAVMV\u00a0<\/strong><\/td>\n<\/tr>\n<tr>\n<td colspan=\"3\">M\u00e0u v\u1ecf m\u00e1y<\/td>\n<td>Tr\u1eafng ng\u00e0<\/td>\n<\/tr>\n<tr>\n<td rowspan=\"2\">M\u00e1y n\u00e9n<\/td>\n<td>Lo\u1ea1i<\/td>\n<td><\/td>\n<td>M\u00e1y n\u00e9n Swing d\u1ea1ng k\u00edn<\/td>\n<\/tr>\n<tr>\n<td>C\u00f4ng su\u1ea5t \u0111\u1ea7u ra<\/td>\n<td>W<\/td>\n<td>500<\/td>\n<\/tr>\n<tr>\n<td rowspan=\"2\">M\u00f4i ch\u1ea5t l\u1ea1nh<\/td>\n<td colspan=\"2\">Lo\u1ea1i<\/td>\n<td>R-32<\/td>\n<\/tr>\n<tr>\n<td>Kh\u1ed1i l\u01b0\u1ee3ng nap<\/td>\n<td>Kg<\/td>\n<td>0.50<\/td>\n<\/tr>\n<tr>\n<td colspan=\"2\">\u0110\u1ed9 \u1ed3n (Cao\/th\u1ea5p)<\/td>\n<td>dB(A)<\/td>\n<td>47 \/ 44<\/td>\n<\/tr>\n<tr>\n<td colspan=\"2\">K\u00edch th\u01b0\u1edbc (CaoxR\u1ed9ng x D\u00e0y)<\/td>\n<td>mm<\/td>\n<td>550 x 658 x 275<\/td>\n<\/tr>\n<tr>\n<td colspan=\"2\">Kh\u1ed1i l\u01b0\u1ee3ng<\/td>\n<td>Kg<\/td>\n<td>23<\/td>\n<\/tr>\n<tr>\n<td colspan=\"2\">Gi\u1edbi h\u1ea1n ho\u1ea1t \u0111\u1ed9ng<\/td>\n<td>CDB<\/td>\n<td>19.4 \u0111\u1ebfn 46<\/td>\n<\/tr>\n<tr>\n<td rowspan=\"3\">K\u1ebft n\u1ed1i \u1ed1ng<\/td>\n<td>L\u1ecfng<\/td>\n<td>mm<\/td>\n<td>\u00f86.4<\/td>\n<\/tr>\n<tr>\n<td>H\u01a1i<\/td>\n<td>mm<\/td>\n<td>\u00f89.5<\/td>\n<\/tr>\n<tr>\n<td>N\u01b0\u1edbc x\u1ea3<\/td>\n<td>mm<\/td>\n<td>\u00f816.0<\/td>\n<\/tr>\n<tr>\n<td colspan=\"2\">Chi\u1ec1u d\u00e0i t\u1ed1i \u0111a<\/td>\n<td>m<\/td>\n<td>15<\/td>\n<\/tr>\n<tr>\n<td>Ch\u00eanh l\u1ec7ch \u0111\u1ed9 cao t\u1ed1i \u0111a<\/td>\n<td><\/td>\n<td>m<\/td>\n<td>12<\/td>\n<\/tr>\n<\/tbody>\n<\/table>\n<\/div>\n<\/div>\n","protected":false},"excerpt":{"rendered":"<div class=\"w-pd-b-r-col4\">\n<ul class=\"l pr-des-featured\">\n<li>\u0110i\u1ec1u h\u00f2a Daikin FTKC25UAVMV\/RKC25UAVMV<\/li>\n<li>1 chi\u1ec1u &#8211; 9000BTU (1HP) &#8211; Gas R32<\/li>\n<li>C\u00f4ng ngh\u1ec7 Inverter ti\u1ebft ki\u1ec7m \u0111i\u1ec7n, v\u1eadn h\u00e0nh \u00eam \u00e1i<\/li>\n<li>Thi\u1ebft k\u1ebf COANDA lu\u1ed3ng gi\u00f3 tho\u1ea3i m\u00e1i, d\u1ec5 ch\u1ecbu<\/li>\n<li>Xu\u1ea5t x\u1ee9: Ch\u00ednh h\u00e3ng Vi\u1ec7t Nam<\/li>\n<li>B\u1ea3o h\u00e0nh: M\u00e1y 1 n\u0103m, m\u00e1y n\u00e9n 5 n\u0103m<\/li>\n<\/ul>\n<\/div>\n<div class=\"w-pd-b-r-col5\"><\/div>\n","protected":false},"featured_media":6626,"comment_status":"open","ping_status":"closed","template":"","meta":[],"_links":{"self":[{"href":"http:\/\/maudep.com.vn\/chuyengiadienmay\/index.php?rest_route=\/wp\/v2\/product\/4075"}],"collection":[{"href":"http:\/\/maudep.com.vn\/chuyengiadienmay\/index.php?rest_route=\/wp\/v2\/product"}],"about":[{"href":"http:\/\/maudep.com.vn\/chuyengiadienmay\/index.php?rest_route=\/wp\/v2\/types\/product"}],"replies":[{"embeddable":true,"href":"http:\/\/maudep.com.vn\/chuyengiadienmay\/index.php?rest_route=%2Fwp%2Fv2%2Fcomments&post=4075"}],"wp:featuredmedia":[{"embeddable":true,"href":"http:\/\/maudep.com.vn\/chuyengiadienmay\/index.php?rest_route=\/wp\/v2\/media\/6626"}],"wp:attachment":[{"href":"http:\/\/maudep.com.vn\/chuyengiadienmay\/index.php?rest_route=%2Fwp%2Fv2%2Fmedia&parent=4075"}],"curies":[{"name":"wp","href":"https:\/\/api.w.org\/{rel}","templated":true}]}}