{"id":4083,"date":"2019-02-18T16:46:13","date_gmt":"2019-02-18T09:46:13","guid":{"rendered":"http:\/\/maudep.com.vn\/chuyengiadienmay\/?post_type=product&#038;p=4083"},"modified":"2021-10-15T10:59:30","modified_gmt":"2021-10-15T03:59:30","slug":"dieu-hoa-daikin-1-chieu-20-500btu-inverter-ftkc60uvmv","status":"publish","type":"product","link":"http:\/\/maudep.com.vn\/chuyengiadienmay\/?product=dieu-hoa-daikin-1-chieu-20-500btu-inverter-ftkc60uvmv","title":{"rendered":"\u0110i\u1ec1u h\u00f2a Daikin 1 chi\u1ec1u 20.500BTU inverter FTKC60UVMV"},"content":{"rendered":"<div id=\"chitiet-1\" class=\"w-pd-i-content\"><\/div>\n<div id=\"chitiet-1\" class=\"w-pd-i-content\">\n<p class=\"w-pd-i-c-head\">\n<p>\u0110i\u1ec1u h\u00f2a\u00a0<strong>Daikin\u00a0FTKC60UVMV<\/strong>\u00a01 chi\u1ec1u 21.000BTU (2.5HP) c\u00f4ng ngh\u1ec7 inverter ti\u1ebft ki\u1ec7m \u0111i\u1ec7n, thi\u1ebft k\u1ebf COANDA, c\u1ea3m bi\u1ebfn m\u1eaft th\u1ea7n th\u00f4ng minh&#8230;d\u00f2ng\u00a0\u0111i\u1ec1u h\u00f2a Daikin\u00a0cao c\u1ea5p v\u1edbi nhi\u1ec1u t\u00ednh n\u0103ng c\u00f4ng ngh\u1ec7 ti\u00ean ti\u1ebfn mang \u0111\u1ebfn cho ng\u01b0\u1eddi ti\u00eau d\u00f9ng tr\u1ea3i nghi\u1ec7m tuy\u1ec7t v\u1eddi.<\/p>\n<p><img src=\"https:\/\/banhangtaikho.com.vn\/Images\/Product\/ftkc60uvmv-S520a2.jpg\" alt=\"Daikin FTKC60UVMV, \u0110i\u1ec1u h\u00f2a \u0110aikin 1 chi\u1ec1u 20.500BTU inverter\" \/><\/p>\n<h2>Thi\u1ebft k\u1ebf m\u1edbi hi\u1ec7n \u0111\u1ea1i, cao c\u1ea5p<\/h2>\n<p>&#8220;<strong>Ng\u00f4i nh\u00e0 \u0111\u1eb9p, c\u1ea7n n\u1ed9i th\u1ea5t \u0111\u1eb9p<\/strong>&#8221; m\u00e1y \u0111i\u1ec1u h\u00f2a Daikin 1 chi\u1ec1u 21.000BTU\u00a0<strong>FTKC60UVMV\u00a0<\/strong>s\u1ebd l\u00e0 l\u1ef1a ch\u1ecdn l\u00fd t\u01b0\u1edfng cho ng\u00f4i nh\u00e0 c\u1ee7a B\u1ea1n. Thi\u1ebft k\u1ebf \u0111\u01b0\u1eddng n\u00e9t hi\u1ec7n \u0111\u1ea1i, c\u00f9ng m\u00e0u tr\u1eafng tinh t\u1ebf mang l\u1ea1i s\u1ef1 sang tr\u1ecdng, v\u00e0 ph\u00f9 h\u1ee3p v\u1edbi m\u1ecdi kh\u00f4ng gian n\u1ed9i th\u1ea5t.<\/p>\n<p>C\u00f4ng su\u1ea5t \u0111i\u1ec1u h\u00f2a 21000BTU\u00a0(2HP), Daikin\u00a0<strong>FTKC60UVMV\/RKC60UVMV<\/strong>\u00a0ph\u00f9 h\u1ee3p l\u1eafp \u0111\u1eb7t cho ph\u00f2ng kh\u00e1ch, ph\u00f2ng l\u00e0m vi\u1ec7c&#8230;c\u00f3 di\u1ec7n t\u00edch d\u01b0\u1edbi\u00a030m2.<\/p>\n<h2>\u0110i\u1ec1u h\u00f2a Daikin\u00a0Inverter &#8211;\u00a0 \u0110\u1ec9nh cao ti\u1ebft ki\u1ec7m \u0111i\u1ec7n<\/h2>\n<p>Gi\u1edd \u0111\u00e2y c\u00f4ng ngh\u1ec7\u00a0Inverter kh\u00f4ng c\u00f2n xa l\u1ea1 v\u1edbi ng\u01b0\u1eddi ti\u00eau d\u00f9ng b\u1edfi v\u00ec n\u00f3\u00a0\u0111\u01b0\u1ee3c \u1ee9ng d\u1ee5ng h\u1ea7u h\u1ebft tr\u00ean c\u00e1c thi\u1ebft b\u1ecb \u0111i\u1ec7n: T\u1ee7 l\u1ea1nh, m\u00e1y gi\u1eb7t v\u00e0 m\u00e1y\u00a0\u0111i\u1ec1u h\u00f2a\u00a0kh\u00f4ng kh\u00ed&#8230;<\/p>\n<p>\u0110i\u1ec1u h\u00f2a Daikin\u00a0<strong>FTKC60UVMV\u00a0<\/strong>inverter<strong>\u00a0<\/strong>ti\u1ebft ki\u1ec7m t\u1ed1i \u0111a \u0111i\u1ec7n n\u0103ng ti\u00eau th\u1ee5, gi\u00fap \u0111\u1ea1t \u0111\u01b0\u1ee3c v\u00e0 duy tr\u00ec nhi\u1ec7t \u0111\u1ed9 mong mu\u1ed1n nhanh ch\u00f3ng, ch\u00ednh x\u00e1c \u0111\u1ea3m b\u1ea3o s\u1ef1 ti\u1ec7n nghi c\u1ee7a b\u1ea1n.<\/p>\n<p><img src=\"https:\/\/banhangtaikho.com.vn\/Images\/Upload\/images\/daikin-inverter-tiet-kiem-dien-3.jpg\" alt=\"\" \/><\/p>\n<h2>M\u1eaft th\u1ea7n th\u00f4ng minh<\/h2>\n<p>M\u00e1y \u0111i\u1ec1u h\u00f2a Daikin inverter 21000BTU\u00a0<strong>FTKC60UVMV\u00a0<\/strong>\u0111\u01b0\u1ee3c trang b\u1ecb c\u00f4ng ngh\u1ec7\u00a0c\u1ea3m bi\u1ebfn\u00a0m\u1eaft th\u1ea7n th\u00f4ng minh\u00a0ng\u0103n hao ph\u00ed n\u0103ng l\u01b0\u1ee3ng b\u1eb1ng c\u00e1ch s\u1eed d\u1ee5ng c\u1ea3m bi\u1ebfn h\u1ed3ng ngo\u1ea1i \u0111\u1ec3 ph\u00e1t hi\u1ec7n chuy\u1ec3n \u0111\u1ed9ng c\u1ee7a ng\u01b0\u1eddi trong ph\u00f2ng. N\u1ebfu kh\u00f4ng c\u00f3 chuy\u1ec3n \u0111\u1ed9ng trong v\u00f2ng 20 ph\u00fat, m\u1eaft th\u1ea7n s\u1ebd t\u1ef1 \u0111\u1ed9ng \u0111i\u1ec1u ch\u1ec9nh nhi\u1ec7t \u0111\u1ed9 c\u00e0i \u0111\u1eb7t kho\u1ea3ng 2 \u0111\u1ed9 C. M\u1ed9t khi m\u1eaft th\u1ea7n \u0111\u01b0\u1ee3c b\u1eadt, n\u00f3 s\u1ebd v\u1eadn h\u00e0nh t\u1ef1 \u0111\u1ed9ng m\u00e0 kh\u00f4ng c\u1ea7n ph\u1ea3i c\u00e0i \u0111\u1eb7t th\u00eam.<\/p>\n<p><img src=\"https:\/\/banhangtaikho.com.vn\/Images\/Upload\/images\/daikin-cam-bien-mat-than-1.jpg\" alt=\"\" \/><\/p>\n<h2>T\u1ea5m l\u1ecdc Apatit Titian mang \u0111\u1ebfn kh\u00f4ng<\/h2>\n<p>Theo th\u1ed1ng k\u00ea c\u1ee7a t\u1ed5 ch\u1ee9c Y t\u1ebf th\u1ebf gi\u1edbi WHO n\u0103m 2016: M\u1ed7i n\u0103m c\u00f3 2 tri\u1ec7u tr\u1ebb em tr\u00ean th\u1ebf gi\u1edbi ch\u1ebft v\u00ec b\u1ec7nh \u0111\u01b0\u1eddng h\u00f4 h\u1ea5p v\u00e0 60% trong s\u1ed1 \u0111\u00f3 l\u00e0 do \u00f4 nhi\u1ec5m kh\u00f4ng kh\u00ed.<\/p>\n<p>Vi\u1ec7t Nam l\u00e0 m\u1ed9t trong 11 qu\u1ed1c gia c\u00f3 ch\u1ea5t l\u01b0\u1ee3ng kh\u00f4ng kh\u00ed k\u00e9m nh\u1ea5t th\u1ebf gi\u1edbi. H\u00e0 N\u1ed9i &amp; TP. H\u1ed3 Ch\u00ed Minh \u0111\u00e3 v\u00e0 \u0111ang n\u1eb1m trong danh s\u00e1ch 10 th\u00e0nh ph\u1ed1 \u00f4 nhi\u1ec5m kh\u00f4ng kh\u00ed c\u1ee7a khu v\u1ef1c Ch\u00e2u \u00c1 v\u00e0 th\u1ebf gi\u1edbi.<\/p>\n<p><img src=\"https:\/\/banhangtaikho.com.vn\/Images\/Upload\/images\/daikin-apatit-titan(1).jpg\" alt=\"\" \/><\/p>\n<p>Th\u1ea5u hi\u1ec3u r\u00f5 \u0111i\u1ec1u n\u00e0y, m\u00e1y \u0111i\u1ec1u h\u00f2a Daikin 1 chi\u1ec1u 21.000BTU\u00a0<strong>FTKC60UVMV\u00a0<\/strong>\u0111\u01b0\u1ee3c trang b\u1ecb\u00a0phin l\u1ecdc Apatit Titan\u00a0c\u00f3 t\u00e1c d\u1ee5ng h\u1ea5p th\u1ee5 c\u00e1c ch\u1ea5t g\u00e2y d\u1ecb \u1ee9ng v\u00e0 kh\u1eed m\u00f9i h\u00f4i gi\u00fap mang l\u1ea1i b\u1ea7u kh\u00f4ng kh\u00ed trong l\u00e0nh, b\u1ea3o v\u1ec7 s\u1ee9c kh\u1ecfe gia \u0111\u00ecnh B\u1ea1n.<\/p>\n<h2>Kh\u1eed \u1ea9m &amp; l\u00e0m l\u1ea1nh t\u0103ng 25%<\/h2>\n<p>Nh\u01b0 c\u00e1c b\u1ea1n bi\u1ebft \u0111\u1ed9 \u1ea9m t\u00e1c \u0111\u1ed9ng r\u1ea5t l\u1edbn \u0111\u1ebfn ch\u1ea5t l\u01b0\u1ee3ng cu\u1ed9c s\u1ed1ng nh\u01b0ng kh\u00f4ng \u0111\u01b0\u1ee3c quan t\u00e2m \u0111\u00fang m\u1ee9c. \u0110\u1ed9 \u1ea9m th\u1ea5p g\u00e2y n\u1ee9t n\u1ebb v\u00e0 kh\u00f4 da. \u0110\u1ed9 \u1ea9m cao l\u00e0 m\u00f4i tr\u01b0\u1eddng l\u00fd t\u01b0\u1edfng cho n\u1ea5m m\u1ed1c v\u00e0 vi khu\u1ea9n, l\u00e0m gi\u1ea3m kh\u1ea3 n\u0103ng to\u00e1t m\u1ed3 h\u00f4i khi\u1ebfn c\u01a1 th\u1ec3 n\u00f3ng b\u1ee9c kh\u00f3 ch\u1ecbu v\u00e0 g\u00e2y ra c\u00e1c v\u1ea5n \u0111\u1ec1 v\u1ec1 h\u00f4 h\u1ea5p.<\/p>\n<p>V\u1edbi kh\u1ea3 n\u0103ng kh\u1eed \u1ea5m v\u00e0 l\u00e0m l\u1ea1nh t\u0103ng 25% so v\u1edbi model th\u00f4ng th\u01b0\u1eddng,\u00a0\u0110i\u1ec1u h\u00f2a\u00a0Daikin 1 chi\u1ec1u\u00a0<strong>FTKC60UVMV\u00a0<\/strong>mang l\u1ea1i c\u1ea3m gi\u00e1c tho\u1ea3i m\u00e1i ngay c\u1ea3 khi th\u1eddi ti\u1ebft oi b\u1ee9c.<\/p>\n<h2>Daikin ti\u00ean phong s\u1eed d\u1ee5ng m\u00f4i ch\u1ea5t l\u1ea1nh gas\u00a0R32<\/h2>\n<p>\u0110i\u1ec1u h\u00f2a Daikin inverter\u00a0<strong>FTKC60UVMV<\/strong>\u00a0s\u1eed d\u1ee5ng m\u00f4i ch\u1ea5t l\u00e0m l\u1ea1nh R32 kh\u00f4ng ph\u00e1 h\u1ee7y t\u1ea7ng \u00d4 &#8211; z\u00f4n (ODP) v\u00e0 ch\u1ec9 s\u1ed1 l\u00e0m n\u00f3ng l\u00ean to\u00e0n c\u1ea7u (GWP) ch\u1ec9 b\u1eb1ng 1\/3 so v\u1edbi ch\u1ea5t l\u00e0m l\u1ea1nh R410A v\u00e0 R22.<\/p>\n<blockquote><p><img src=\"https:\/\/banhangtaikho.com.vn\/Images\/Upload\/images\/gas-r32.jpg\" alt=\"\" \/><\/p><\/blockquote>\n<h2>\u0110i\u1ec1u h\u00f2a Daikin b\u1ec1n b\u1ec9 b\u1ea5t ch\u1ea5p th\u1eddi gian<\/h2>\n<p>M\u00e1y \u0111i\u1ec1u h\u00f2a Daikin\u00a0<strong>FTKC60UVMV\u00a0<\/strong>d\u00e0n n\u00f3ng\u00a0<strong>RKC60UVMV<\/strong>\u00a0c\u00e1nh t\u1ea3n nhi\u1ec7t \u0111\u01b0\u1ee3c x\u1eed l\u00fd ch\u1ed1ng \u0103n m\u00f2n \u0111\u1eb7c bi\u1ec7t. B\u1ec1 m\u1eb7t \u0111\u01b0\u1ee3c ph\u1ee7 m\u1ed9t l\u1edbp nh\u1ef1a acrylic m\u1ecfng \u0111\u1ec3 t\u0103ng kh\u1ea3 n\u0103ng ch\u1ed1ng m\u01b0a axit v\u00e0 s\u1ef1 an m\u00f2n c\u1ee7a mu\u1ed1i. Gi\u00fap gia t\u0103ng tu\u1ed5i th\u1ecd, \u0111\u1ed9 b\u1ec1n cao v\u1edbi th\u1eddi gian.<\/p>\n<h2>\u0110i\u1ec1u h\u00f2a Daikin th\u01b0\u01a1ng hi\u1ec7u h\u00e0ng \u0111\u1ea7u Nh\u1eadt B\u1ea3n &#8211; Nh\u1eadp kh\u1ea9u Th\u00e1i Lan ch\u1ea5t l\u01b0\u1ee3ng To\u00e0n C\u1ea7u<\/h2>\n<p>Daikin &#8211; Th\u01b0\u01a1ng hi\u1ec7u m\u00e1y \u0111i\u1ec1u h\u00f2a Nh\u1eadt B\u1ea3n. M\u00e1y \u0111i\u1ec1u h\u00f2a Daikin 21000BTU inverter\u00a0<strong>FTKC60UVMV\u00a0<\/strong>\u0111\u01b0\u1ee3c \u0111\u01b0\u1ee3c s\u1ea3n xu\u1ea5t, nh\u1eadp kh\u1ea9u Th\u00e1i Lan. \u0110\u00e2y l\u00e0 n\u01a1i quy t\u1ee5 s\u1ea3n xu\u1ea5t c\u1ee7a c\u00e1c th\u01b0\u01a1ng hi\u1ec7u \u0111i\u1ec1u h\u00f2a h\u00e0ng \u0111\u1ea7u tr\u00ean th\u1ebf gi\u1edbi: Panasonic, Mitsubishi Heavy, Toshiba&#8230;<\/p>\n<p><img src=\"https:\/\/banhangtaikho.com.vn\/Images\/Upload\/images\/daikin-nhat-ban-thai-lan.jpg\" alt=\"\" \/><\/p>\n<p>V\u00ec th\u1ebf s\u1ea3n ph\u1ea9m\u00a0\u0111i\u1ec1u h\u00f2a Daikin inverter\u00a0<strong>FTKC60UVMV\u00a0<\/strong>\u0111\u01b0\u1ee3c s\u1ea3n xu\u1ea5t tr\u00ean d\u00e2y truy\u1ec1n c\u00f4ng ngh\u1ec7 ti\u00ean ti\u1ebfn hi\u1ec7n \u0111\u1ea1i nh\u1ea5t, c\u00f9ng v\u1edbi \u0111\u1ed9i ng\u0169 lao \u0111\u1ed9ng k\u1ef9 thu\u1eadt tay ngh\u1ec1 cao. Mang \u0111\u1ebfn cho ng\u01b0\u1eddi ti\u00eau d\u00f9ng s\u1ea3n ph\u1ea9m ch\u1ea5t l\u01b0\u1ee3ng t\u1ed1t nh\u1ea5t \u0111\u00e1p \u1ee9ng ti\u00eau chu\u1ea9n To\u00e0n C\u1ea7u.<\/p>\n<h2>Tuy\u1ec7t \u0111\u1ed1i y\u00ean t\u00e2m v\u1ec1 ch\u1ea5t l\u01b0\u1ee3ng s\u1ea3n ph\u1ea9m<\/h2>\n<p>Cu\u1ed1i c\u00f9ng, \u0111\u1ec3 cung c\u1ea5p c\u00e1c\u00a0s\u1ea3n ph\u1ea9m v\u1edbi ch\u1ea5t l\u01b0\u1ee3ng t\u1ed1t nh\u1ea5t, t\u1ea5t c\u1ea3 c\u00e1c m\u00e1y \u0111i\u1ec1u h\u00f2a Daikin \u0111\u1ec1u \u0111\u01b0\u1ee3c ki\u1ec3m tra k\u1ef9 l\u01b0\u1ee1ng v\u1ec1 c\u00f4ng su\u1ea5t, c\u00f4ng su\u1ea5t \u0111\u1ea7u v\u00e0o, l\u01b0u l\u01b0\u1ee3ng gi\u00f3, \u0111\u1ed9 \u1ed3n, v\u00e0 ch\u1ec9 duy nh\u1ea5t m\u00e1y n\u00e0o \u0111\u00e1p \u1ee9ng \u0111\u1ea7y \u0111\u1ee7 c\u00e1c th\u00f4ng s\u1ed1 ki\u1ec3m tra m\u1edbi \u0111\u01b0\u1ee3c ph\u00e2n ph\u1ed1i \u0111\u1ebfn ng\u01b0\u1eddi ti\u00eau d\u00f9ng.<\/p>\n<div class=\"cl\"><\/div>\n<\/div>\n<div id=\"chitiet-2\" class=\"w-pd-i-content\">\n<p class=\"w-pd-i-c-head\">\u00a0Th\u1ed1ng s\u1ed1 k\u1ef9 thu\u1eadt \u0110i\u1ec1u h\u00f2a Daikin 1 chi\u1ec1u 20.500BTU inverter FTKC60UVMV<\/p>\n<div class=\"cl\"><\/div>\n<table border=\"0\" cellspacing=\"0\" cellpadding=\"0\">\n<tbody>\n<tr>\n<td colspan=\"3\">\u0110i\u1ec1u h\u00f2a Daikin<\/td>\n<td>2.5 HP<\/td>\n<\/tr>\n<tr>\n<td colspan=\"3\">D\u00e3y c\u00f4ng su\u1ea5t<\/td>\n<td>21,000 Btu\/h<\/td>\n<\/tr>\n<tr>\n<td rowspan=\"2\">C\u00f4ng su\u1ea5t \u0111\u1ecbnh m\u1ee9c<\/td>\n<td>[T\u1ed1i thi\u1ec3u &#8211; T\u1ed1i \u0111a]<\/td>\n<td>kW<\/td>\n<td>6.0 (1.4 &#8211; 6.7)<\/td>\n<\/tr>\n<tr>\n<td>[T\u1ed1i thi\u1ec3u &#8211; T\u1ed1i \u0111a]<\/td>\n<td>Btu\/h<\/td>\n<td>20,500<br \/>\n(4,800 &#8211; 22,900)<\/td>\n<\/tr>\n<tr>\n<td colspan=\"3\">Ngu\u1ed3n \u0111i\u1ec7n<\/td>\n<td>1 pha, 220-240V, 50Hz \/ 220-230V, 60 Hz<\/td>\n<\/tr>\n<tr>\n<td colspan=\"3\">D\u00f2ng \u0111i\u1ec7n ho\u1ea1t \u0111\u1ed9ng<\/td>\n<td>8,2<\/td>\n<\/tr>\n<tr>\n<td>\u0110i\u1ec7n n\u0103ng ti\u00eau th\u1ee5<\/td>\n<td>[T\u1ed1i thi\u1ec3u &#8211; T\u1ed1i \u0111a]<\/td>\n<td>W<\/td>\n<td>1,740 (360 &#8211; 2,270)<\/td>\n<\/tr>\n<tr>\n<td colspan=\"3\">CSPF<\/td>\n<td>5,91<\/td>\n<\/tr>\n<tr>\n<td colspan=\"3\">D\u00c0N L\u1ea0NH<\/td>\n<td>FTKC60UVMV<\/td>\n<\/tr>\n<tr>\n<td colspan=\"3\">M\u00e0u m\u1eb7t n\u1ea1<\/td>\n<td>Tr\u1eafng<\/td>\n<\/tr>\n<tr>\n<td rowspan=\"4\">L\u01b0u l\u01b0\u1ee3ng gi\u00f3<\/td>\n<td>Cao<\/td>\n<td>m<sup>3<\/sup>\/ph\u00fat<\/td>\n<td>19.0<\/td>\n<\/tr>\n<tr>\n<td>Trung b\u00ecnh<\/td>\n<td>m<sup>3<\/sup>\/ph\u00fat<\/td>\n<td>15,2<\/td>\n<\/tr>\n<tr>\n<td>Th\u1ea5p<\/td>\n<td>m<sup>3<\/sup>\/ph\u00fat<\/td>\n<td>11,4<\/td>\n<\/tr>\n<tr>\n<td>Y\u00ean t\u0129nh<\/td>\n<td>m<sup>3<\/sup>\/ph\u00fat<\/td>\n<td>9,1<\/td>\n<\/tr>\n<tr>\n<td colspan=\"3\">T\u1ed1c \u0111\u1ed9 qu\u1ea1t<\/td>\n<td>5 c\u1ea5p, \u00eam v\u00e0 t\u1ef1 \u0111\u1ed9ng<\/td>\n<\/tr>\n<tr>\n<td colspan=\"2\">\u0110\u1ed9 \u1ed3n (Cao\/Trung b\u00ecnh\/ Th\u1ea5p\/Y\u00ean T\u0129nh<\/td>\n<td>dB(A)<\/td>\n<td>46 \/ 41 \/ 36 \/ 28<\/td>\n<\/tr>\n<tr>\n<td colspan=\"2\">K\u00edch th\u01b0\u1edbc (Cao x R\u1ed9ng x D\u00e0y)<\/td>\n<td>mm<\/td>\n<td>295 x 990 x 281<\/td>\n<\/tr>\n<tr>\n<td colspan=\"2\">Kh\u1ed1i l\u01b0\u1ee3ng<\/td>\n<td>kg<\/td>\n<td>13<\/td>\n<\/tr>\n<tr>\n<td colspan=\"3\">D\u00e0n n\u00f3ng<\/td>\n<td>RKC60UVMV<\/td>\n<\/tr>\n<tr>\n<td colspan=\"3\">M\u00e0u v\u1ecf m\u00e1y<\/td>\n<td>Tr\u1eafng ng\u00e0<\/td>\n<\/tr>\n<tr>\n<td rowspan=\"2\">M\u00e1y n\u00e9n<\/td>\n<td colspan=\"2\">Lo\u1ea1i<\/td>\n<td>M\u00e1y n\u00e9n Swing d\u1ea1ng k\u00edn<\/td>\n<\/tr>\n<tr>\n<td>C\u00f4ng su\u1ea5t \u0111\u1ea7u ra<\/td>\n<td>W<\/td>\n<td>1.200<\/td>\n<\/tr>\n<tr>\n<td rowspan=\"2\">M\u00f4i ch\u1ea5t l\u1ea1nh<\/td>\n<td colspan=\"2\">Lo\u1ea1i<\/td>\n<td>R-32<\/td>\n<\/tr>\n<tr>\n<td>Kh\u1ed1i l\u01b0\u1ee3ng n\u1ea1p<\/td>\n<td>Kg<\/td>\n<td>0,59<\/td>\n<\/tr>\n<tr>\n<td colspan=\"2\">\u0110\u1ed9 \u1ed3n (Cao \/ R\u1ea5t th\u1ea5p)<\/td>\n<td>dB(A)<\/td>\n<td>50 \/ 43<\/td>\n<\/tr>\n<tr>\n<td>K\u00edch th\u01b0\u1edbc (Cao x R\u1ed9ng x D\u00e0y)<\/td>\n<td><\/td>\n<td>mm<\/td>\n<td>595 x 845 x 300<\/td>\n<\/tr>\n<tr>\n<td colspan=\"2\">Kh\u1ed1i l\u01b0\u1ee3ng<\/td>\n<td>Kg<\/td>\n<td>32<\/td>\n<\/tr>\n<tr>\n<td colspan=\"2\">Gi\u1edbi h\u1ea1n ho\u1ea1t \u0111\u1ed9ng<\/td>\n<td>CDB<\/td>\n<td>19.4 \u0111\u1ebfn 46<\/td>\n<\/tr>\n<tr>\n<td rowspan=\"3\">K\u1ebft n\u1ed1i \u1ed1ng<\/td>\n<td>L\u1ecfng<\/td>\n<td>mm<\/td>\n<td>\u00f86.4<\/td>\n<\/tr>\n<tr>\n<td>H\u01a1i<\/td>\n<td>mm<\/td>\n<td>\u00f812.7<\/td>\n<\/tr>\n<tr>\n<td>N\u01b0\u1edbc x\u1ea3<\/td>\n<td>mm<\/td>\n<td>\u00f816.0<\/td>\n<\/tr>\n<tr>\n<td colspan=\"2\">Chi\u1ec1u d\u00e0i t\u1ed1i \u0111a<\/td>\n<td>m<\/td>\n<td>30<\/td>\n<\/tr>\n<tr>\n<td colspan=\"2\">Ch\u00eanh l\u1ec7ch \u0111\u1ed9 cao t\u1ed1i \u0111a<\/td>\n<td>m<\/td>\n<td>20<\/td>\n<\/tr>\n<\/tbody>\n<\/table>\n<\/div>\n","protected":false},"excerpt":{"rendered":"<ul class=\"l pr-des-featured\">\n<li>\u0110i\u1ec1u h\u00f2a Daikin FTKC60UVMV\/RKC60UVMV<\/li>\n<li>1 chi\u1ec1u &#8211; 20.500BTU (2.5HP) &#8211; Gas R32<\/li>\n<li>Inverter ti\u1ebft ki\u1ec7m \u0111i\u1ec7n, m\u1eaft th\u1ea7n th\u00f4ng minh<\/li>\n<li>Thi\u1ebft k\u1ebf COANDA m\u00e1t l\u1ea1nh m\u1ecdi n\u01a1i<\/li>\n<li>Xu\u1ea5t x\u1ee9: Ch\u00ednh h\u00e3ng Th\u00e1i Lan<\/li>\n<li>B\u1ea3o h\u00e0nh: M\u00e1y 1 n\u0103m, m\u00e1y n\u00e9n 5 n\u0103m<\/li>\n<\/ul>\n","protected":false},"featured_media":4078,"comment_status":"open","ping_status":"closed","template":"","meta":[],"_links":{"self":[{"href":"http:\/\/maudep.com.vn\/chuyengiadienmay\/index.php?rest_route=\/wp\/v2\/product\/4083"}],"collection":[{"href":"http:\/\/maudep.com.vn\/chuyengiadienmay\/index.php?rest_route=\/wp\/v2\/product"}],"about":[{"href":"http:\/\/maudep.com.vn\/chuyengiadienmay\/index.php?rest_route=\/wp\/v2\/types\/product"}],"replies":[{"embeddable":true,"href":"http:\/\/maudep.com.vn\/chuyengiadienmay\/index.php?rest_route=%2Fwp%2Fv2%2Fcomments&post=4083"}],"wp:featuredmedia":[{"embeddable":true,"href":"http:\/\/maudep.com.vn\/chuyengiadienmay\/index.php?rest_route=\/wp\/v2\/media\/4078"}],"wp:attachment":[{"href":"http:\/\/maudep.com.vn\/chuyengiadienmay\/index.php?rest_route=%2Fwp%2Fv2%2Fmedia&parent=4083"}],"curies":[{"name":"wp","href":"https:\/\/api.w.org\/{rel}","templated":true}]}}