{"id":4153,"date":"2019-02-21T15:14:56","date_gmt":"2019-02-21T08:14:56","guid":{"rendered":"http:\/\/maudep.com.vn\/chuyengiadienmay\/?post_type=product&#038;p=4153"},"modified":"2019-06-01T16:22:32","modified_gmt":"2019-06-01T09:22:32","slug":"dieu-hoa-toshiba-1-chieu-inverter-9200btu-ras-h10pkcvg-v","status":"publish","type":"product","link":"http:\/\/maudep.com.vn\/chuyengiadienmay\/?product=dieu-hoa-toshiba-1-chieu-inverter-9200btu-ras-h10pkcvg-v","title":{"rendered":"\u0110i\u1ec1u h\u00f2a Toshiba 1 chi\u1ec1u 9.000BTU inverter RAS-H10PKCVG-V"},"content":{"rendered":"<h2>\u0110i\u1ec1u h\u00f2a Toshiba RAS-H10PKCVG-V s\u1edf h\u1eefu thi\u1ebft k\u1ebf hi\u1ec7n \u0111\u1ea1i, \u0111\u01b0\u1eddng n\u00e9t thanh l\u1ecbch<\/h2>\n<h4>\u0110i\u1ec1u h\u00f2a Toshiba Inverter RAS-H10PKCVG-V \u0111\u01b0\u1ee3c c\u1ea3i ti\u1ebfn v\u1edbi thi\u1ebft k\u1ebf thanh l\u1ecbch, m\u00e0u tr\u1eafng trang nh\u00e3 h\u1ee9a h\u1eb9n s\u1ebd l\u00e0m \u0111i\u1ec3m nh\u1ea5n cho kh\u00f4ng gian n\u1ed9i th\u1ea5t gia \u0111\u00ecnh b\u1ea1n. C\u00f4ng su\u1ea5t 1HP l\u00e0m l\u1ea1nh hi\u1ec7u qu\u1ea3 v\u1edbi nh\u1eefng c\u0103n ph\u00f2ng c\u00f3 di\u1ec7n t\u00edch kho\u1ea3ng 15 m2.<\/h4>\n<p>&nbsp;<\/p>\n<figure id=\"attachment_46247\" class=\"wp-caption aligncenter\"><img loading=\"lazy\" class=\"wp-image-46247 size-full img-responsive\" src=\"https:\/\/thegioidienmayonline.com\/wp-content\/uploads\/2017\/08\/M%C3%A1y-l%E1%BA%A1nh-Toshiba-Inverter-1-HP-RAS-H10PKCVG-V-2.jpg\" sizes=\"(max-width: 800px) 100vw, 800px\" srcset=\"https:\/\/thegioidienmayonline.com\/wp-content\/uploads\/2017\/08\/M\u00e1y-l\u1ea1nh-Toshiba-Inverter-1-HP-RAS-H10PKCVG-V-2.jpg 800w, https:\/\/thegioidienmayonline.com\/wp-content\/uploads\/2017\/08\/M\u00e1y-l\u1ea1nh-Toshiba-Inverter-1-HP-RAS-H10PKCVG-V-2-300x188.jpg 300w, https:\/\/thegioidienmayonline.com\/wp-content\/uploads\/2017\/08\/M\u00e1y-l\u1ea1nh-Toshiba-Inverter-1-HP-RAS-H10PKCVG-V-2-768x482.jpg 768w, https:\/\/thegioidienmayonline.com\/wp-content\/uploads\/2017\/08\/M\u00e1y-l\u1ea1nh-Toshiba-Inverter-1-HP-RAS-H10PKCVG-V-2-24x15.jpg 24w, https:\/\/thegioidienmayonline.com\/wp-content\/uploads\/2017\/08\/M\u00e1y-l\u1ea1nh-Toshiba-Inverter-1-HP-RAS-H10PKCVG-V-2-36x23.jpg 36w, https:\/\/thegioidienmayonline.com\/wp-content\/uploads\/2017\/08\/M\u00e1y-l\u1ea1nh-Toshiba-Inverter-1-HP-RAS-H10PKCVG-V-2-48x30.jpg 48w\" alt=\"\u0110i\u1ec1u h\u00f2a Toshiba RAS-H10PKCVG-V s\u1edf h\u1eefu thi\u1ebft k\u1ebf hi\u1ec7n \u0111\u1ea1i, \u0111\u01b0\u1eddng n\u00e9t thanh l\u1ecbch\" width=\"800\" height=\"502\" \/><figcaption class=\"wp-caption-text\">\u0110i\u1ec1u h\u00f2a Toshiba RAS-H10PKCVG-V s\u1edf h\u1eefu thi\u1ebft k\u1ebf hi\u1ec7n \u0111\u1ea1i, \u0111\u01b0\u1eddng n\u00e9t thanh l\u1ecbch<\/figcaption><\/figure>\n<h3><strong>C\u00f4ng ngh\u1ec7 ti\u1ebft ki\u1ec7m \u0111i\u1ec7n n\u0103ng Hybrid Inverter<\/strong><\/h3>\n<p><strong>\u0110i\u1ec1u h\u00f2a Inverter Toshiba RAS-H10PKCVG-V<\/strong>\u00a0\u0111\u01b0\u1ee3c trang b\u1ecb c\u00f4ng ngh\u1ec7 bi\u1ebfn t\u1ea7n Hybrid Inverter ti\u00ean ti\u1ebfn, k\u1ebft h\u1ee3p ho\u00e0n h\u1ea3o c\u00f9ng 2 c\u00f4ng ngh\u1ec7 PAM v\u00e0 PWM s\u1ebd mang l\u1ea1i nhi\u1ec7t \u0111\u1ed9 c\u00e0i \u0111\u1eb7t trong th\u1eddi gian ng\u1eafn nh\u1ea5t, \u0111\u1ed3ng th\u1eddi duy tr\u00ec qu\u00e1 tr\u00ecnh ho\u1ea1t \u0111\u1ed9ng \u1ed5n \u0111\u1ecbnh. Nh\u1edd v\u1eady, gi\u00fap ng\u01b0\u1eddi s\u1eed d\u1ee5ng ti\u1ebft ki\u1ec7m \u0111\u1ebfn 50% chi ph\u00ed \u0111i\u1ec7n n\u0103ng m\u1ed7i th\u00e1ng.<\/p>\n<p>&nbsp;<\/p>\n<figure id=\"attachment_46249\" class=\"wp-caption aligncenter\"><img loading=\"lazy\" class=\"wp-image-46249 size-full img-responsive\" src=\"https:\/\/thegioidienmayonline.com\/wp-content\/uploads\/2017\/08\/M%C3%A1y-l%E1%BA%A1nh-Toshiba-Inverter-1-HP-RAS-H10PKCVG-V-3.jpg\" sizes=\"(max-width: 800px) 100vw, 800px\" srcset=\"https:\/\/thegioidienmayonline.com\/wp-content\/uploads\/2017\/08\/M\u00e1y-l\u1ea1nh-Toshiba-Inverter-1-HP-RAS-H10PKCVG-V-3.jpg 800w, https:\/\/thegioidienmayonline.com\/wp-content\/uploads\/2017\/08\/M\u00e1y-l\u1ea1nh-Toshiba-Inverter-1-HP-RAS-H10PKCVG-V-3-300x178.jpg 300w, https:\/\/thegioidienmayonline.com\/wp-content\/uploads\/2017\/08\/M\u00e1y-l\u1ea1nh-Toshiba-Inverter-1-HP-RAS-H10PKCVG-V-3-768x455.jpg 768w, https:\/\/thegioidienmayonline.com\/wp-content\/uploads\/2017\/08\/M\u00e1y-l\u1ea1nh-Toshiba-Inverter-1-HP-RAS-H10PKCVG-V-3-24x14.jpg 24w, https:\/\/thegioidienmayonline.com\/wp-content\/uploads\/2017\/08\/M\u00e1y-l\u1ea1nh-Toshiba-Inverter-1-HP-RAS-H10PKCVG-V-3-36x21.jpg 36w, https:\/\/thegioidienmayonline.com\/wp-content\/uploads\/2017\/08\/M\u00e1y-l\u1ea1nh-Toshiba-Inverter-1-HP-RAS-H10PKCVG-V-3-48x28.jpg 48w\" alt=\"\u0110i\u1ec1u h\u00f2a Toshiba RAS-H10PKCVG-V \" width=\"800\" height=\"474\" \/><figcaption class=\"wp-caption-text\">C\u00f4ng ngh\u1ec7 ti\u1ebft ki\u1ec7m \u0111i\u1ec7n n\u0103ng Hybrid Inverter<\/figcaption><\/figure>\n<h3>T\u1ed1c \u0111\u1ed9 l\u00e0m l\u1ea1nh nhanh v\u00e0 \u0111\u1ed3ng \u0111\u1ec1u<\/h3>\n<p><strong>\u0110i\u1ec1u h\u00f2a Toshiba RAS-H10PKCVG-V<\/strong>\u00a0\u0111\u01b0\u1ee3c trang b\u1ecb c\u00f4ng ngh\u1ec7 Hi Power, gi\u00fap ng\u01b0\u1eddi d\u00f9ng nhanh ch\u00f3ng c\u1ea3m nh\u1eadn \u0111\u01b0\u1ee3c b\u1ea7u kh\u00f4ng kh\u00ed m\u00e1t l\u1ea1nh. B\u1ea1n c\u00f3 th\u1ec3 d\u1ec5 d\u00e0ng k\u00edch ho\u1ea1t t\u00ednh n\u0103ng n\u00e0y, b\u1eb1ng c\u00e1ch b\u1ea5m n\u00fat tr\u1ef1c ti\u1ebfp tr\u00ean chi\u1ebfc Remote.<\/p>\n<p>&nbsp;<\/p>\n<figure id=\"attachment_46250\" class=\"wp-caption aligncenter\"><img loading=\"lazy\" class=\"wp-image-46250 size-full img-responsive\" src=\"https:\/\/thegioidienmayonline.com\/wp-content\/uploads\/2017\/08\/M%C3%A1y-l%E1%BA%A1nh-Toshiba-Inverter-1-HP-RAS-H10PKCVG-V-4.jpg\" sizes=\"(max-width: 800px) 100vw, 800px\" srcset=\"https:\/\/thegioidienmayonline.com\/wp-content\/uploads\/2017\/08\/M\u00e1y-l\u1ea1nh-Toshiba-Inverter-1-HP-RAS-H10PKCVG-V-4.jpg 800w, https:\/\/thegioidienmayonline.com\/wp-content\/uploads\/2017\/08\/M\u00e1y-l\u1ea1nh-Toshiba-Inverter-1-HP-RAS-H10PKCVG-V-4-300x201.jpg 300w, https:\/\/thegioidienmayonline.com\/wp-content\/uploads\/2017\/08\/M\u00e1y-l\u1ea1nh-Toshiba-Inverter-1-HP-RAS-H10PKCVG-V-4-768x516.jpg 768w, https:\/\/thegioidienmayonline.com\/wp-content\/uploads\/2017\/08\/M\u00e1y-l\u1ea1nh-Toshiba-Inverter-1-HP-RAS-H10PKCVG-V-4-24x16.jpg 24w, https:\/\/thegioidienmayonline.com\/wp-content\/uploads\/2017\/08\/M\u00e1y-l\u1ea1nh-Toshiba-Inverter-1-HP-RAS-H10PKCVG-V-4-36x24.jpg 36w, https:\/\/thegioidienmayonline.com\/wp-content\/uploads\/2017\/08\/M\u00e1y-l\u1ea1nh-Toshiba-Inverter-1-HP-RAS-H10PKCVG-V-4-48x32.jpg 48w\" alt=\"T\u1ed1c \u0111\u1ed9 l\u00e0m l\u1ea1nh nhanh v\u00e0 \u0111\u1ed3ng \u0111\u1ec1u\" width=\"800\" height=\"537\" \/><figcaption class=\"wp-caption-text\">T\u1ed1c \u0111\u1ed9 l\u00e0m l\u1ea1nh nhanh v\u00e0 \u0111\u1ed3ng \u0111\u1ec1u<\/figcaption><\/figure>\n<h3><strong>D\u00e0n l\u1ea1nh tr\u00e1ng l\u1edbp Magic Coil<\/strong><\/h3>\n<p>L\u00e1 nh\u00f4m \u0111\u01b0\u1ee3c tr\u00e1ng m\u1ed9t l\u1edbp \u0111\u1eb7c bi\u1ec7t, ch\u1ed1ng b\u00e1m b\u1ee5i hi\u1ec7u qu\u1ea3, ng\u0103n ng\u1eeba s\u1ef1 ph\u00e1t tri\u1ec3n c\u1ee7a n\u1ea5m m\u1ed1c. Ch\u00fang s\u1ebd \u0111\u01b0\u1ee3c lo\u1ea1i b\u1ecf ra ngo\u00e0i qua \u0111\u01b0\u1eddng \u1ed1ng tho\u00e1t n\u01b0\u1edbc. Gi\u00fap ng\u01b0\u1eddi d\u00f9ng kh\u00f4ng qu\u00e1 v\u1ea5t v\u1ea3 khi v\u1ec7 sinh v\u00e0 k\u00e9o d\u00e0i tu\u1ed5i th\u1ecd c\u1ee7a m\u00e1y.<\/p>\n<p>&nbsp;<\/p>\n<h3><img loading=\"lazy\" class=\"aligncenter wp-image-46252 size-full img-responsive\" src=\"https:\/\/thegioidienmayonline.com\/wp-content\/uploads\/2017\/08\/M%C3%A1y-l%E1%BA%A1nh-Toshiba-Inverter-1-HP-RAS-H10PKCVG-V-5.jpg\" sizes=\"(max-width: 800px) 100vw, 800px\" srcset=\"https:\/\/thegioidienmayonline.com\/wp-content\/uploads\/2017\/08\/M\u00e1y-l\u1ea1nh-Toshiba-Inverter-1-HP-RAS-H10PKCVG-V-5.jpg 800w, https:\/\/thegioidienmayonline.com\/wp-content\/uploads\/2017\/08\/M\u00e1y-l\u1ea1nh-Toshiba-Inverter-1-HP-RAS-H10PKCVG-V-5-300x150.jpg 300w, https:\/\/thegioidienmayonline.com\/wp-content\/uploads\/2017\/08\/M\u00e1y-l\u1ea1nh-Toshiba-Inverter-1-HP-RAS-H10PKCVG-V-5-768x384.jpg 768w, https:\/\/thegioidienmayonline.com\/wp-content\/uploads\/2017\/08\/M\u00e1y-l\u1ea1nh-Toshiba-Inverter-1-HP-RAS-H10PKCVG-V-5-24x12.jpg 24w, https:\/\/thegioidienmayonline.com\/wp-content\/uploads\/2017\/08\/M\u00e1y-l\u1ea1nh-Toshiba-Inverter-1-HP-RAS-H10PKCVG-V-5-36x18.jpg 36w, https:\/\/thegioidienmayonline.com\/wp-content\/uploads\/2017\/08\/M\u00e1y-l\u1ea1nh-Toshiba-Inverter-1-HP-RAS-H10PKCVG-V-5-48x24.jpg 48w\" alt=\"\" width=\"800\" height=\"400\" \/><\/h3>\n<p><strong>B\u1ed9 l\u1ecdc IQA mang t\u1edbi b\u1ea7u kh\u00f4ng kh\u00ed m\u00e1t l\u1ea1nh an to\u00e0n<\/strong><\/p>\n<p>\u0110i\u1ec1u h\u00f2a Toshiba \u0111\u01b0\u1ee3c trang b\u1ecb b\u1ed9 l\u1ecdc IQA, \u0111\u01b0\u1ee3c t\u00edch h\u1ee3p 2 t\u00e1c nh\u00e2n l\u00e0 c\u00e1c tinh th\u1ec3 b\u1ea1c Ag+ v\u00e0 Leuconostoc enzyme, ng\u0103n ng\u1eeba v\u00e0 lo\u1ea1i b\u1ecf c\u00e1c t\u00e1c nh\u00e2n g\u00e2y h\u1ea1i cho s\u1ee9c kh\u1ecfe c\u00e1c th\u00e0nh vi\u00ean trong gia \u0111\u00ecnh.<\/p>\n<p>&nbsp;<\/p>\n<p><img loading=\"lazy\" class=\"aligncenter wp-image-46253 size-full img-responsive\" src=\"https:\/\/thegioidienmayonline.com\/wp-content\/uploads\/2017\/08\/M%C3%A1y-l%E1%BA%A1nh-Toshiba-Inverter-1-HP-RAS-H10PKCVG-V-6.jpg\" sizes=\"(max-width: 800px) 100vw, 800px\" srcset=\"https:\/\/thegioidienmayonline.com\/wp-content\/uploads\/2017\/08\/M\u00e1y-l\u1ea1nh-Toshiba-Inverter-1-HP-RAS-H10PKCVG-V-6.jpg 800w, https:\/\/thegioidienmayonline.com\/wp-content\/uploads\/2017\/08\/M\u00e1y-l\u1ea1nh-Toshiba-Inverter-1-HP-RAS-H10PKCVG-V-6-300x140.jpg 300w, https:\/\/thegioidienmayonline.com\/wp-content\/uploads\/2017\/08\/M\u00e1y-l\u1ea1nh-Toshiba-Inverter-1-HP-RAS-H10PKCVG-V-6-768x357.jpg 768w, https:\/\/thegioidienmayonline.com\/wp-content\/uploads\/2017\/08\/M\u00e1y-l\u1ea1nh-Toshiba-Inverter-1-HP-RAS-H10PKCVG-V-6-24x11.jpg 24w, https:\/\/thegioidienmayonline.com\/wp-content\/uploads\/2017\/08\/M\u00e1y-l\u1ea1nh-Toshiba-Inverter-1-HP-RAS-H10PKCVG-V-6-36x17.jpg 36w, https:\/\/thegioidienmayonline.com\/wp-content\/uploads\/2017\/08\/M\u00e1y-l\u1ea1nh-Toshiba-Inverter-1-HP-RAS-H10PKCVG-V-6-48x22.jpg 48w\" alt=\"\" width=\"800\" height=\"372\" \/><\/p>\n<p>Ch\u1eafc r\u1eb1ng chi\u1ebfc m\u00e1y l\u1ea1nh \u0111i\u1ec1u h\u00f2a Toshiba RAS-H10PKCVG-V n\u00e0y \u0111\u00e3 l\u00e0m b\u1ea1n \u1ea5n t\u01b0\u1ee3ng. Li\u00ean h\u1ec7 v\u1edbi ch\u00fang t\u00f4i \u0111\u1ec3 nh\u1eadn ngay nh\u1eefng \u01b0u \u0111\u00e3i h\u1ea5p d\u1eabn nh\u1ea5t.<\/p>\n<p>&nbsp;<\/p>\n<p>&nbsp;<\/p>\n","protected":false},"excerpt":{"rendered":"<ul class=\"nks-general-un-order-list\">\n<li>\n<p class=\"nks-list-description\">C\u00f4ng ngh\u1ec7 ch\u1ed1ng b\u00e1m b\u1ea9n Magic Coil mang \u0111\u1ebfn kh\u00f4ng kh\u00ed tinh khi\u1ebft, trong l\u00e0nh<\/p>\n<\/li>\n<li>\n<p class=\"nks-list-description\">\u0110i\u1ec1u h\u00f2a kh\u00f4ng kh\u00ed 1 chi\u1ec1u v\u1edbi c\u00f4ng su\u1ea5t 1 HP l\u00e0m l\u1ea1nh t\u1ed1t cho c\u0103n ph\u00f2ng nh\u1ecf<\/p>\n<\/li>\n<li>\n<p class=\"nks-list-description\">C\u00f4ng ngh\u1ec7 di\u1ec7t khu\u1ea9n v\u00e0 kh\u1eed m\u00f9i t\u1ed1i \u01b0u IAQ, t\u1ea5m l\u1ecdc b\u1ee5i b\u1ea9n, n\u1ea5m m\u1ed1c<\/p>\n<\/li>\n<li>\n<p class=\"nks-list-description\">Ch\u1ee9c n\u0103ng h\u1eb9n gi\u1edd t\u1eaft\/m\u1edf v\u1edbi kho\u1ea3ng th\u1eddi gian \u0111\u1ebfn 24 gi\u1edd<\/p>\n<\/li>\n<\/ul>\n","protected":false},"featured_media":4155,"comment_status":"open","ping_status":"closed","template":"","meta":[],"_links":{"self":[{"href":"http:\/\/maudep.com.vn\/chuyengiadienmay\/index.php?rest_route=\/wp\/v2\/product\/4153"}],"collection":[{"href":"http:\/\/maudep.com.vn\/chuyengiadienmay\/index.php?rest_route=\/wp\/v2\/product"}],"about":[{"href":"http:\/\/maudep.com.vn\/chuyengiadienmay\/index.php?rest_route=\/wp\/v2\/types\/product"}],"replies":[{"embeddable":true,"href":"http:\/\/maudep.com.vn\/chuyengiadienmay\/index.php?rest_route=%2Fwp%2Fv2%2Fcomments&post=4153"}],"wp:featuredmedia":[{"embeddable":true,"href":"http:\/\/maudep.com.vn\/chuyengiadienmay\/index.php?rest_route=\/wp\/v2\/media\/4155"}],"wp:attachment":[{"href":"http:\/\/maudep.com.vn\/chuyengiadienmay\/index.php?rest_route=%2Fwp%2Fv2%2Fmedia&parent=4153"}],"curies":[{"name":"wp","href":"https:\/\/api.w.org\/{rel}","templated":true}]}}