{"id":4157,"date":"2019-02-21T15:28:33","date_gmt":"2019-02-21T08:28:33","guid":{"rendered":"http:\/\/maudep.com.vn\/chuyengiadienmay\/?post_type=product&#038;p=4157"},"modified":"2019-06-01T14:48:23","modified_gmt":"2019-06-01T07:48:23","slug":"dieu-hoa-toshiba-1-chieu-inverter-toshiba-ras-h18pkcvg-v","status":"publish","type":"product","link":"http:\/\/maudep.com.vn\/chuyengiadienmay\/?product=dieu-hoa-toshiba-1-chieu-inverter-toshiba-ras-h18pkcvg-v","title":{"rendered":"\u0110i\u1ec1u h\u00f2a Toshiba 1 chi\u1ec1u 18.000BTU inverter RAS-H18PKCVG"},"content":{"rendered":"<h2><strong>\u0110i\u1ec1u h\u00f2a Toshiba RAS-H18PKCVG-V s\u1edf h\u1eefu thi\u1ebft k\u1ebf g\u1ecdn g\u00e0ng v\u00e0 c\u00f4ng su\u1ea5t 18000BTU<\/strong><\/h2>\n<p><strong>\u0110i\u1ec1u h\u00f2a Toshiba Inverter RAS-H18PKCVG-V<\/strong> v\u1edbi thi\u1ebft k\u1ebf h\u00ecnh ch\u1eef nh\u1eadt \u0111\u01b0\u1eddng n\u00e9t g\u1ecdn g\u00e0ng, thanh l\u1ecbch. C\u00f3 c\u00f4ng su\u1ea5t 2 HP ph\u00f9 h\u1ee3p l\u00e0m l\u1ea1nh hi\u1ec7u qu\u1ea3 nh\u1ea5t cho nh\u1eefng kh\u00f4ng gian c\u00f3 di\u1ec7n t\u00edch 20 \u2013 30 m2.<\/p>\n<p>&nbsp;<\/p>\n<figure id=\"attachment_46267\" class=\"wp-caption aligncenter\"><img loading=\"lazy\" class=\"wp-image-46267 size-full img-responsive\" src=\"https:\/\/thegioidienmayonline.com\/wp-content\/uploads\/2017\/08\/M%C3%A1y-l%E1%BA%A1nh-Toshiba-Inverter-2-HP-RAS-H18PKCVG-V-2.jpg\" sizes=\"(max-width: 800px) 100vw, 800px\" srcset=\"https:\/\/thegioidienmayonline.com\/wp-content\/uploads\/2017\/08\/M\u00e1y-l\u1ea1nh-Toshiba-Inverter-2-HP-RAS-H18PKCVG-V-2.jpg 800w, https:\/\/thegioidienmayonline.com\/wp-content\/uploads\/2017\/08\/M\u00e1y-l\u1ea1nh-Toshiba-Inverter-2-HP-RAS-H18PKCVG-V-2-300x199.jpg 300w, https:\/\/thegioidienmayonline.com\/wp-content\/uploads\/2017\/08\/M\u00e1y-l\u1ea1nh-Toshiba-Inverter-2-HP-RAS-H18PKCVG-V-2-768x510.jpg 768w, https:\/\/thegioidienmayonline.com\/wp-content\/uploads\/2017\/08\/M\u00e1y-l\u1ea1nh-Toshiba-Inverter-2-HP-RAS-H18PKCVG-V-2-24x16.jpg 24w, https:\/\/thegioidienmayonline.com\/wp-content\/uploads\/2017\/08\/M\u00e1y-l\u1ea1nh-Toshiba-Inverter-2-HP-RAS-H18PKCVG-V-2-36x24.jpg 36w, https:\/\/thegioidienmayonline.com\/wp-content\/uploads\/2017\/08\/M\u00e1y-l\u1ea1nh-Toshiba-Inverter-2-HP-RAS-H18PKCVG-V-2-48x32.jpg 48w\" alt=\"\u0110i\u1ec1u h\u00f2a Toshiba RAS-H18PKCVG-V\" width=\"800\" height=\"531\" \/><figcaption class=\"wp-caption-text\">Ph\u00f9 h\u1ee3p nh\u1eefng c\u0103n ph\u00f2ng c\u00f3 di\u1ec7n t\u00edch v\u1eeba ph\u1ea3i<\/figcaption><\/figure>\n<h3><strong>C\u00f4ng ngh\u1ec7 hi\u1ec7n \u0111\u1ea1i PAM ti\u1ebft ki\u1ec7m \u0111i\u1ec7n n\u0103ng<\/strong><\/h3>\n<p><strong>\u0110i\u1ec1u h\u00f2a Toshiba RAS-H18PKCVG-V<\/strong>\u00a0\u0111\u01b0\u1ee3c t\u00edch h\u1ee3p c\u00f4ng ngh\u1ec7 Inverter v\u1edbi b\u1ed9 \u0111i\u1ec1u khi\u1ec3n PAM c\u00f3 c\u00f4ng su\u1ea5t cao, mang l\u1ea1i hi\u1ec7u qu\u1ea3 l\u00e0m l\u1ea1nh t\u1ed1i \u01b0u nh\u1ea5t, l\u00e0m l\u1ea1nh nhanh ch\u00f3ng m\u00e0 v\u1eabn \u0111\u1ea3m b\u1ea3o ti\u1ebft ki\u1ec7m \u0111i\u1ec7n n\u0103ng hi\u1ec7u qu\u1ea3.<\/p>\n<p>&nbsp;<\/p>\n<figure id=\"attachment_46268\" class=\"wp-caption aligncenter\"><img loading=\"lazy\" class=\"wp-image-46268 size-full img-responsive\" src=\"https:\/\/thegioidienmayonline.com\/wp-content\/uploads\/2017\/08\/M%C3%A1y-l%E1%BA%A1nh-Toshiba-Inverter-2-HP-RAS-H18PKCVG-V-3.jpg\" sizes=\"(max-width: 800px) 100vw, 800px\" srcset=\"https:\/\/thegioidienmayonline.com\/wp-content\/uploads\/2017\/08\/M\u00e1y-l\u1ea1nh-Toshiba-Inverter-2-HP-RAS-H18PKCVG-V-3.jpg 800w, https:\/\/thegioidienmayonline.com\/wp-content\/uploads\/2017\/08\/M\u00e1y-l\u1ea1nh-Toshiba-Inverter-2-HP-RAS-H18PKCVG-V-3-300x200.jpg 300w, https:\/\/thegioidienmayonline.com\/wp-content\/uploads\/2017\/08\/M\u00e1y-l\u1ea1nh-Toshiba-Inverter-2-HP-RAS-H18PKCVG-V-3-768x513.jpg 768w, https:\/\/thegioidienmayonline.com\/wp-content\/uploads\/2017\/08\/M\u00e1y-l\u1ea1nh-Toshiba-Inverter-2-HP-RAS-H18PKCVG-V-3-24x16.jpg 24w, https:\/\/thegioidienmayonline.com\/wp-content\/uploads\/2017\/08\/M\u00e1y-l\u1ea1nh-Toshiba-Inverter-2-HP-RAS-H18PKCVG-V-3-36x24.jpg 36w, https:\/\/thegioidienmayonline.com\/wp-content\/uploads\/2017\/08\/M\u00e1y-l\u1ea1nh-Toshiba-Inverter-2-HP-RAS-H18PKCVG-V-3-48x32.jpg 48w\" alt=\"\u0110i\u1ec1u h\u00f2a Toshiba RAS-H18PKCVG-V\" width=\"800\" height=\"534\" \/><figcaption class=\"wp-caption-text\">Ti\u1ebft ki\u1ec7m \u0111i\u1ec7n n\u0103ng t\u1ed1i \u01b0u v\u1edbi c\u00f4ng ngh\u1ec7 inverter<\/figcaption><\/figure>\n<h3><strong>B\u1ed9 l\u1ecdc IAQ mang \u0111\u1ebfn b\u1ea7u kh\u00f4ng kh\u00ed trong s\u1ea1ch nh\u1ea5t<\/strong><\/h3>\n<p>\u0110i\u1ec1u h\u00f2a Toshiba \u0111\u01b0\u1ee3c trang b\u1ecb b\u1ed9 l\u1ecdc IAQ c\u00f3 kh\u1ea3 n\u0103ng di\u1ec7t khu\u1ea9n,m\u00f9i h\u00f4i, n\u1ea5m m\u1ed1c, th\u1eadm ch\u00ed virus H5N1, cung c\u1ea5p cho c\u1ea3 gia \u0111\u00ecnh b\u1ea7u kh\u00f4ng kh\u00ed m\u00e1t l\u1ea1nh v\u00e0 an to\u00e0n nh\u1ea5t, \u0111\u1ea3m b\u1ea3o s\u1ee9c kh\u1ecfe cho c\u1ea3 gia \u0111\u00ecnh, \u0111\u1eb7c bi\u1ec7t gia \u0111\u00ecnh c\u00f3 tr\u1ebb nh\u1ecf.<\/p>\n<p>&nbsp;<\/p>\n<figure id=\"attachment_46269\" class=\"wp-caption aligncenter\"><img loading=\"lazy\" class=\"wp-image-46269 size-full img-responsive\" src=\"https:\/\/thegioidienmayonline.com\/wp-content\/uploads\/2017\/08\/M%C3%A1y-l%E1%BA%A1nh-Toshiba-Inverter-2-HP-RAS-H18PKCVG-V-4.jpg\" sizes=\"(max-width: 800px) 100vw, 800px\" srcset=\"https:\/\/thegioidienmayonline.com\/wp-content\/uploads\/2017\/08\/M\u00e1y-l\u1ea1nh-Toshiba-Inverter-2-HP-RAS-H18PKCVG-V-4.jpg 800w, https:\/\/thegioidienmayonline.com\/wp-content\/uploads\/2017\/08\/M\u00e1y-l\u1ea1nh-Toshiba-Inverter-2-HP-RAS-H18PKCVG-V-4-300x101.jpg 300w, https:\/\/thegioidienmayonline.com\/wp-content\/uploads\/2017\/08\/M\u00e1y-l\u1ea1nh-Toshiba-Inverter-2-HP-RAS-H18PKCVG-V-4-768x258.jpg 768w, https:\/\/thegioidienmayonline.com\/wp-content\/uploads\/2017\/08\/M\u00e1y-l\u1ea1nh-Toshiba-Inverter-2-HP-RAS-H18PKCVG-V-4-24x8.jpg 24w, https:\/\/thegioidienmayonline.com\/wp-content\/uploads\/2017\/08\/M\u00e1y-l\u1ea1nh-Toshiba-Inverter-2-HP-RAS-H18PKCVG-V-4-36x12.jpg 36w, https:\/\/thegioidienmayonline.com\/wp-content\/uploads\/2017\/08\/M\u00e1y-l\u1ea1nh-Toshiba-Inverter-2-HP-RAS-H18PKCVG-V-4-48x16.jpg 48w\" alt=\" B\u1ed9 l\u1ecdc IAQ b\u1ea3o v\u1ec7 s\u1ee9c kh\u1ecfe ng\u01b0\u1eddi d\u00f9ng\" width=\"800\" height=\"269\" \/><figcaption class=\"wp-caption-text\">B\u1ed9 l\u1ecdc IAQ b\u1ea3o v\u1ec7 s\u1ee9c kh\u1ecfe ng\u01b0\u1eddi d\u00f9ng<\/figcaption><\/figure>\n<h3><strong>T\u00ednh n\u0103ng l\u00e0m l\u1ea1nh nhanh Hi Power<\/strong><\/h3>\n<p>Khi k\u00edch ho\u1ea1t t\u00ednh n\u0103ng n\u00e0y, \u0111i\u1ec1u h\u00f2a s\u1ebd nhanh ch\u00f3ng h\u1ea1n nhi\u1ec7t \u0111\u1ed9 ph\u00f2ng xu\u1ed1ng c\u00f2n 3 \u0111\u1ed9 C. Khi \u0111\u1ea1t \u0111\u01b0\u1ee3c \u0111\u1ebfn nhi\u1ec7t \u0111\u1ed9 y\u00eau c\u1ea7u, m\u00e1y s\u1ebd ho\u1ea1t \u0111\u1ed9ng \u1ed5n \u0111\u1ecbnh tr\u1edf l\u1ea1i.<\/p>\n<p>&nbsp;<\/p>\n<figure id=\"attachment_46270\" class=\"wp-caption aligncenter\"><img loading=\"lazy\" class=\"wp-image-46270 size-full img-responsive\" src=\"https:\/\/thegioidienmayonline.com\/wp-content\/uploads\/2017\/08\/M%C3%A1y-l%E1%BA%A1nh-Toshiba-Inverter-2-HP-RAS-H18PKCVG-V-5.jpg\" sizes=\"(max-width: 800px) 100vw, 800px\" srcset=\"https:\/\/thegioidienmayonline.com\/wp-content\/uploads\/2017\/08\/M\u00e1y-l\u1ea1nh-Toshiba-Inverter-2-HP-RAS-H18PKCVG-V-5.jpg 800w, https:\/\/thegioidienmayonline.com\/wp-content\/uploads\/2017\/08\/M\u00e1y-l\u1ea1nh-Toshiba-Inverter-2-HP-RAS-H18PKCVG-V-5-300x201.jpg 300w, https:\/\/thegioidienmayonline.com\/wp-content\/uploads\/2017\/08\/M\u00e1y-l\u1ea1nh-Toshiba-Inverter-2-HP-RAS-H18PKCVG-V-5-768x516.jpg 768w, https:\/\/thegioidienmayonline.com\/wp-content\/uploads\/2017\/08\/M\u00e1y-l\u1ea1nh-Toshiba-Inverter-2-HP-RAS-H18PKCVG-V-5-24x16.jpg 24w, https:\/\/thegioidienmayonline.com\/wp-content\/uploads\/2017\/08\/M\u00e1y-l\u1ea1nh-Toshiba-Inverter-2-HP-RAS-H18PKCVG-V-5-36x24.jpg 36w, https:\/\/thegioidienmayonline.com\/wp-content\/uploads\/2017\/08\/M\u00e1y-l\u1ea1nh-Toshiba-Inverter-2-HP-RAS-H18PKCVG-V-5-48x32.jpg 48w\" alt=\" C\u00f4ng ngh\u1ec7 Hi Power l\u00e0m l\u1ea1nh nhanh ch\u00f3ng\" width=\"800\" height=\"537\" \/><figcaption class=\"wp-caption-text\">C\u00f4ng ngh\u1ec7 Hi Power l\u00e0m l\u1ea1nh nhanh ch\u00f3ng<\/figcaption><\/figure>\n<h3><strong>L\u00e0m l\u1ea1nh \u0111\u1ed3ng \u0111\u1ec1u<\/strong><\/h3>\n<p><strong>\u0110i\u1ec1u h\u00f2a Inverter RAS-H18PKCVG-V<\/strong>\u00a0\u0111\u01b0\u1ee3c trang b\u1ecb b\u1ed9 l\u1ecdc IAQ v\u1edbi g\u00f3c t\u1ea1o gi\u00f3 r\u1ed9ng c\u00f9ng 11 n\u1ea5c \u0111i\u1ec1u ch\u1ec9nh, s\u1ebd gi\u00fap b\u1ea1n d\u1ec5 d\u00e0ng \u0111i\u1ec1u ch\u1ec9nh h\u01b0\u1edbng gi\u00f3 theo mong mu\u1ed1n, \u0111\u1ea3m b\u1ea3o gi\u00f3 th\u1ed5i r\u1ed9ng kh\u1eafp c\u00e1c v\u1ecb tr\u00ed trong ph\u00f2ng.<\/p>\n<p>&nbsp;<\/p>\n<figure id=\"attachment_46271\" class=\"wp-caption aligncenter\"><img loading=\"lazy\" class=\"wp-image-46271 size-full img-responsive\" src=\"https:\/\/thegioidienmayonline.com\/wp-content\/uploads\/2017\/08\/M%C3%A1y-l%E1%BA%A1nh-Toshiba-Inverter-2-HP-RAS-H18PKCVG-V-6.jpg\" sizes=\"(max-width: 677px) 100vw, 677px\" srcset=\"https:\/\/thegioidienmayonline.com\/wp-content\/uploads\/2017\/08\/M\u00e1y-l\u1ea1nh-Toshiba-Inverter-2-HP-RAS-H18PKCVG-V-6.jpg 677w, https:\/\/thegioidienmayonline.com\/wp-content\/uploads\/2017\/08\/M\u00e1y-l\u1ea1nh-Toshiba-Inverter-2-HP-RAS-H18PKCVG-V-6-300x180.jpg 300w, https:\/\/thegioidienmayonline.com\/wp-content\/uploads\/2017\/08\/M\u00e1y-l\u1ea1nh-Toshiba-Inverter-2-HP-RAS-H18PKCVG-V-6-24x14.jpg 24w, https:\/\/thegioidienmayonline.com\/wp-content\/uploads\/2017\/08\/M\u00e1y-l\u1ea1nh-Toshiba-Inverter-2-HP-RAS-H18PKCVG-V-6-36x22.jpg 36w, https:\/\/thegioidienmayonline.com\/wp-content\/uploads\/2017\/08\/M\u00e1y-l\u1ea1nh-Toshiba-Inverter-2-HP-RAS-H18PKCVG-V-6-48x29.jpg 48w\" alt=\" 11 ch\u1ebf \u0111\u1ed9 \u0111i\u1ec1u ch\u1ec9nh g\u00f3c gi\u00f3\" width=\"677\" height=\"406\" \/><figcaption class=\"wp-caption-text\">11 ch\u1ebf \u0111\u1ed9 \u0111i\u1ec1u ch\u1ec9nh g\u00f3c gi\u00f3<\/figcaption><\/figure>\n<h3><strong>Ho\u1ea1t \u0111\u1ed9ng \u00eam \u00e1i \u2013 t\u1ed1i thi\u1ec3u ti\u1ebfng \u1ed3n<\/strong><\/h3>\n<p>Ch\u1ec9 c\u1ea7n \u0111\u01a1n gi\u1ea3n nh\u1ea5n n\u00fat tr\u00ean chi\u1ebfc remote, ngay l\u1eadp t\u1ee9c \u0111i\u1ec1u h\u00f2a Toshiba n\u00e0y s\u1ebd v\u1eadn h\u00e0nh m\u1ed9t c\u00e1ch \u00eam \u00e1i, \u0111\u1ed9 \u1ed3n th\u1ea5p, \u0111\u1ea3m b\u1ea3o s\u1ef1 y\u00ean t\u0129nh khi ng\u1ee7 ho\u1eb7c l\u00e0m vi\u1ec7c.<\/p>\n<p>&nbsp;<\/p>\n<figure id=\"attachment_46272\" class=\"wp-caption aligncenter\"><img loading=\"lazy\" class=\"wp-image-46272 size-full img-responsive\" src=\"https:\/\/thegioidienmayonline.com\/wp-content\/uploads\/2017\/08\/M%C3%A1y-l%E1%BA%A1nh-Toshiba-Inverter-2-HP-RAS-H18PKCVG-V-7.jpg\" sizes=\"(max-width: 677px) 100vw, 677px\" srcset=\"https:\/\/thegioidienmayonline.com\/wp-content\/uploads\/2017\/08\/M\u00e1y-l\u1ea1nh-Toshiba-Inverter-2-HP-RAS-H18PKCVG-V-7.jpg 677w, https:\/\/thegioidienmayonline.com\/wp-content\/uploads\/2017\/08\/M\u00e1y-l\u1ea1nh-Toshiba-Inverter-2-HP-RAS-H18PKCVG-V-7-300x180.jpg 300w, https:\/\/thegioidienmayonline.com\/wp-content\/uploads\/2017\/08\/M\u00e1y-l\u1ea1nh-Toshiba-Inverter-2-HP-RAS-H18PKCVG-V-7-24x14.jpg 24w, https:\/\/thegioidienmayonline.com\/wp-content\/uploads\/2017\/08\/M\u00e1y-l\u1ea1nh-Toshiba-Inverter-2-HP-RAS-H18PKCVG-V-7-36x22.jpg 36w, https:\/\/thegioidienmayonline.com\/wp-content\/uploads\/2017\/08\/M\u00e1y-l\u1ea1nh-Toshiba-Inverter-2-HP-RAS-H18PKCVG-V-7-48x29.jpg 48w\" alt=\" \u0110i\u1ec1u h\u00f2a Toshiba RAS-H18PKCVG-V mang b\u1ea1n \u0111\u1ebfn gi\u1ea5c ng\u1ee7 ngon v\u00e0 s\u00e2u\" width=\"677\" height=\"406\" \/><figcaption class=\"wp-caption-text\">\u0110i\u1ec1u h\u00f2a Toshiba RAS-H18PKCVG-V mang b\u1ea1n \u0111\u1ebfn gi\u1ea5c ng\u1ee7 ngon v\u00e0 s\u00e2u<\/figcaption><\/figure>\n<h3><strong>\u0110i\u1ec1u h\u00f2a RAS-H18PKCVG-V 18000BTU s\u1edf h\u1eefu nhi\u1ec1u t\u00ednh n\u0103ng th\u00f4ng minh kh\u00e1c<\/strong><\/h3>\n<ul>\n<li>T\u1ef1 kh\u1edfi \u0111\u1ed9ng khi c\u00f3 \u0111i\u1ec7n:\u00a0<strong>\u0110i\u1ec1u h\u00f2a Inverter Toshiba<\/strong>\u00a0n\u00e0y c\u00f3 kh\u1ea3 n\u0103ng ghi nh\u1edb c\u00e0i \u0111\u1eb7t k\u1ec3 c\u1ea3 khi m\u1ea5t \u0111i\u1ec7n. Khi c\u00f3 \u0111i\u1ec7n, m\u00e1y s\u1ebd \u0111\u01b0\u1ee3c v\u1eadn h\u00e0nh theo \u0111\u00fang nh\u01b0 nh\u1eefng c\u00e0i \u0111\u1eb7t tr\u01b0\u1edbc \u0111\u00f3.<\/li>\n<li>Ch\u1ebf \u0111\u1ed9 h\u1eb9n gi\u1edd: Kh\u1ea3 n\u0103ng h\u1eb9n gi\u1edd t\u1eaft\/b\u1eadt trong v\u00f2ng 24 ti\u1ebfng. V\u00ed d\u1ee5 s\u00e1ng \u0111i l\u00e0m b\u1ea1n c\u00f3 th\u1ec3 h\u1eb9n gi\u1edd k\u00edch ho\u1ea1t m\u00e1y khi \u0111i l\u00e0m v\u1ec1, b\u1ea1n c\u00f3 th\u1ec3 th\u01b0\u1edfng th\u1ee9c ngay b\u1ea7u kh\u00f4ng kh\u00ed m\u00e1t l\u1ea1nh.<\/li>\n<li>Gas R32 th\u00e2n thi\u1ec7n v\u1edbi m\u00f4i tr\u01b0\u1eddng: L\u00e0 lo\u1ea1i gas kh\u00e1 an to\u00e0n v\u1edbi m\u00f4i tr\u01b0\u1eddng, kh\u00f4ng g\u00e2y h\u1ea1i d\u1eabn t\u1edbi bi\u1ebfn \u0111\u1ed5i kh\u00ed h\u1eadu, hi\u1ec7u \u1ee9ng nh\u00e0 k\u00ednh. D\u1ec5 d\u00e0ng thay m\u1edbi v\u00e0 ti\u1ebft ki\u1ec7m \u0111i\u1ec7n. \u0110\u00e2y l\u00e0 lo\u1ea1i gas m\u1edbi \u0111\u01b0\u1ee3c s\u1eed d\u1ee5ng r\u1ed9ng r\u00e3i t\u1ea1i Nh\u1eadt B\u1ea3n.<\/li>\n<\/ul>\n<p>&nbsp;<\/p>\n<p>&nbsp;<\/p>\n","protected":false},"excerpt":{"rendered":"<ul class=\"describe\">\n<li>\u0110\u1ed9ng c\u01a1 inverter c\u00f9ng b\u1ed9 \u0111i\u1ec1u khi\u1ec3n PAM ti\u1ebft ki\u1ec7m \u0111i\u1ec7n t\u1ed1i \u01b0u.<\/li>\n<li>C\u00f4ng ngh\u1ec7 tinh l\u1ecdc kh\u00f4ng kh\u00ed IAQ ng\u0103n ch\u1eb7n s\u1ef1 ph\u00e1t tri\u1ec3n vi khu\u1ea9n.<\/li>\n<li>H\u1ec7 th\u1ed1ng trao \u0111\u1ed5i nhi\u1ec7t m\u1edbi v\u1edbi c\u00f4ng ngh\u1ec7 l\u00e0m l\u1ea1nh nhanh.<\/li>\n<li>M\u00f4i ch\u1ea5t l\u00e0m l\u1ea1nh th\u1ebf h\u1ec7 m\u1edbi R32 t\u0103ng hi\u1ec7u n\u0103ng l\u00e0m l\u1ea1nh.<\/li>\n<\/ul>\n","protected":false},"featured_media":4155,"comment_status":"open","ping_status":"closed","template":"","meta":[],"_links":{"self":[{"href":"http:\/\/maudep.com.vn\/chuyengiadienmay\/index.php?rest_route=\/wp\/v2\/product\/4157"}],"collection":[{"href":"http:\/\/maudep.com.vn\/chuyengiadienmay\/index.php?rest_route=\/wp\/v2\/product"}],"about":[{"href":"http:\/\/maudep.com.vn\/chuyengiadienmay\/index.php?rest_route=\/wp\/v2\/types\/product"}],"replies":[{"embeddable":true,"href":"http:\/\/maudep.com.vn\/chuyengiadienmay\/index.php?rest_route=%2Fwp%2Fv2%2Fcomments&post=4157"}],"wp:featuredmedia":[{"embeddable":true,"href":"http:\/\/maudep.com.vn\/chuyengiadienmay\/index.php?rest_route=\/wp\/v2\/media\/4155"}],"wp:attachment":[{"href":"http:\/\/maudep.com.vn\/chuyengiadienmay\/index.php?rest_route=%2Fwp%2Fv2%2Fmedia&parent=4157"}],"curies":[{"name":"wp","href":"https:\/\/api.w.org\/{rel}","templated":true}]}}