{"id":4158,"date":"2019-02-21T15:36:42","date_gmt":"2019-02-21T08:36:42","guid":{"rendered":"http:\/\/maudep.com.vn\/chuyengiadienmay\/?post_type=product&#038;p=4158"},"modified":"2019-06-01T14:47:12","modified_gmt":"2019-06-01T07:47:12","slug":"dieu-hoa-toshiba-1-chieu-inverter-toshiba-ras-h13pkcvg-v","status":"publish","type":"product","link":"http:\/\/maudep.com.vn\/chuyengiadienmay\/?product=dieu-hoa-toshiba-1-chieu-inverter-toshiba-ras-h13pkcvg-v","title":{"rendered":"\u0110i\u1ec1u h\u00f2a Toshiba 1 chi\u1ec1u 12.000BTU inverter RAS-H13PKCVG"},"content":{"rendered":"<h2><strong>\u0110i\u1ec1u h\u00f2a Toshiba RAS-H13PKCVG-V s\u1edf h\u1eefu ki\u1ec3u d\u00e1ng hi\u1ec7n \u0111\u1ea1i, \u0111\u01b0\u1eddng n\u00e9t tinh t\u1ebf<\/strong><\/h2>\n<p>Thu\u1ed9c d\u00f2ng Bright Future \u0111i\u1ec1u h\u00f2a Toshiba Inverter RAS-H13PKCVG-V\u00a0l\u00e0 d\u00f2ng m\u00e1y ti\u1ebft ki\u1ec7m \u0111i\u1ec7n n\u0103ng nh\u1ea5t c\u1ee7a Toshiba. V\u1edbi thi\u1ebft k\u1ebf hi\u1ec7n \u0111\u1ea1i, ki\u1ec3u d\u00e1ng tinh t\u1ebf, h\u1ee9a h\u1eb9n s\u1ebd l\u00e0m \u0111i\u1ec3m nh\u1ea5n n\u1ed5i b\u1eadt cho c\u0103n ph\u00f2ng c\u1ee7a gia \u0111\u00ecnh b\u1ea1n.<\/p>\n<figure id=\"attachment_46260\" class=\"wp-caption aligncenter\"><img loading=\"lazy\" class=\"wp-image-46260 size-full img-responsive\" src=\"https:\/\/thegioidienmayonline.com\/wp-content\/uploads\/2017\/08\/M%C3%A1y-l%E1%BA%A1nh-Toshiba-Inverter-1.5-HP-RAS-H13PKCVG-V-2.png\" sizes=\"(max-width: 800px) 100vw, 800px\" srcset=\"https:\/\/thegioidienmayonline.com\/wp-content\/uploads\/2017\/08\/M\u00e1y-l\u1ea1nh-Toshiba-Inverter-1.5-HP-RAS-H13PKCVG-V-2.png 800w, https:\/\/thegioidienmayonline.com\/wp-content\/uploads\/2017\/08\/M\u00e1y-l\u1ea1nh-Toshiba-Inverter-1.5-HP-RAS-H13PKCVG-V-2-300x162.png 300w, https:\/\/thegioidienmayonline.com\/wp-content\/uploads\/2017\/08\/M\u00e1y-l\u1ea1nh-Toshiba-Inverter-1.5-HP-RAS-H13PKCVG-V-2-768x416.png 768w, https:\/\/thegioidienmayonline.com\/wp-content\/uploads\/2017\/08\/M\u00e1y-l\u1ea1nh-Toshiba-Inverter-1.5-HP-RAS-H13PKCVG-V-2-24x13.png 24w, https:\/\/thegioidienmayonline.com\/wp-content\/uploads\/2017\/08\/M\u00e1y-l\u1ea1nh-Toshiba-Inverter-1.5-HP-RAS-H13PKCVG-V-2-36x19.png 36w, https:\/\/thegioidienmayonline.com\/wp-content\/uploads\/2017\/08\/M\u00e1y-l\u1ea1nh-Toshiba-Inverter-1.5-HP-RAS-H13PKCVG-V-2-48x26.png 48w\" alt=\"\u0110i\u1ec1u h\u00f2a Toshiba RAS-H13PKCVG-V s\u1edf h\u1eefu ki\u1ec3u d\u00e1ng hi\u1ec7n \u0111\u1ea1i, \u0111\u01b0\u1eddng n\u00e9t tinh t\u1ebf\" width=\"800\" height=\"433\" \/><figcaption class=\"wp-caption-text\">\u0110i\u1ec1u h\u00f2a Toshiba RAS-H13PKCVG-V s\u1edf h\u1eefu ki\u1ec3u d\u00e1ng hi\u1ec7n \u0111\u1ea1i, \u0111\u01b0\u1eddng n\u00e9t tinh t\u1ebf<\/figcaption><\/figure>\n<h3><strong>C\u00f4ng su\u1ea5t 1.5 HP ph\u00f9 h\u1ee3p v\u1edbi di\u1ec7n t\u00edch ph\u00f2ng nh\u1ecf<\/strong><\/h3>\n<p><strong>\u0110i\u1ec1u h\u00f2a Toshiba RAS-H13PKCVG-V<\/strong>\u00a0\u0111\u01b0\u1ee3c trang b\u1ecb c\u00f4ng su\u1ea5t 1.5 HP, l\u00e0m l\u1ea1nh hi\u1ec7u qu\u1ea3 nh\u1ea5t cho nh\u1eefng c\u0103n ph\u00f2ng c\u00f3 di\u1ec7n t\u00edch giao \u0111\u1ed9ng t\u1eeb 15 \u2013 20 m2.<\/p>\n<figure id=\"attachment_46261\" class=\"wp-caption aligncenter\"><img loading=\"lazy\" class=\"wp-image-46261 size-full img-responsive\" src=\"https:\/\/thegioidienmayonline.com\/wp-content\/uploads\/2017\/08\/M%C3%A1y-l%E1%BA%A1nh-Toshiba-Inverter-1.5-HP-RAS-H13PKCVG-V-3.jpg\" sizes=\"(max-width: 800px) 100vw, 800px\" srcset=\"https:\/\/thegioidienmayonline.com\/wp-content\/uploads\/2017\/08\/M\u00e1y-l\u1ea1nh-Toshiba-Inverter-1.5-HP-RAS-H13PKCVG-V-3.jpg 800w, https:\/\/thegioidienmayonline.com\/wp-content\/uploads\/2017\/08\/M\u00e1y-l\u1ea1nh-Toshiba-Inverter-1.5-HP-RAS-H13PKCVG-V-3-300x200.jpg 300w, https:\/\/thegioidienmayonline.com\/wp-content\/uploads\/2017\/08\/M\u00e1y-l\u1ea1nh-Toshiba-Inverter-1.5-HP-RAS-H13PKCVG-V-3-768x512.jpg 768w, https:\/\/thegioidienmayonline.com\/wp-content\/uploads\/2017\/08\/M\u00e1y-l\u1ea1nh-Toshiba-Inverter-1.5-HP-RAS-H13PKCVG-V-3-24x16.jpg 24w, https:\/\/thegioidienmayonline.com\/wp-content\/uploads\/2017\/08\/M\u00e1y-l\u1ea1nh-Toshiba-Inverter-1.5-HP-RAS-H13PKCVG-V-3-36x24.jpg 36w, https:\/\/thegioidienmayonline.com\/wp-content\/uploads\/2017\/08\/M\u00e1y-l\u1ea1nh-Toshiba-Inverter-1.5-HP-RAS-H13PKCVG-V-3-48x32.jpg 48w\" alt=\"\u0110i\u1ec1u h\u00f2a Toshiba Inverter 1.5 HP RAS-H13PKCVG-V \" width=\"800\" height=\"533\" \/><figcaption class=\"wp-caption-text\">C\u00f4ng su\u1ea5t 1.5 HP t\u01b0\u01a1ng \u0111\u01b0\u01a1ng 18000BTU ph\u00f9 h\u1ee3p v\u1edbi di\u1ec7n t\u00edch ph\u00f2ng 15 \u2013 20 m2<\/figcaption><\/figure>\n<h3>C\u00f4ng ngh\u1ec7 ti\u1ebft ki\u1ec7m \u0111i\u1ec7n n\u0103ng Hybird Inverter<\/h3>\n<p>\u0110\u01b0\u1ee3c trang b\u1ecb c\u00f4ng ngh\u1ec7 bi\u1ebfn t\u1ea7n\u00a0Hybird Inverter\u00a0l\u00e0 s\u1ef1 k\u1ebft h\u1ee3p ho\u00e0n h\u1ea3o c\u1ee7a 2 module s\u1eed d\u1ee5ng \u0111i\u1ec1u khi\u1ec3n ri\u00eang bi\u1ec7t PWM v\u00e0 PAW, c\u00f3 kh\u1ea3 n\u0103ng thay \u0111\u1ed5i c\u00f4ng su\u1ea5t \u0111i\u1ec7n th\u00edch h\u1ee3p nh\u1ea5t, kh\u00f4ng ch\u1ec9 mang l\u1ea1i hi\u1ec7u qu\u1ea3 ti\u1ebft ki\u1ec7m \u0111i\u1ec7n m\u00e0 c\u00f2n gi\u00fap \u0111i\u1ec1u h\u00f2a ho\u1ea1t \u0111\u1ed9ng v\u1edbi c\u00f4ng su\u1ea5t t\u1ed1i \u01b0u nh\u1ea5t!<\/p>\n<p>&nbsp;<\/p>\n<figure id=\"attachment_46262\" class=\"wp-caption aligncenter\"><img loading=\"lazy\" class=\"wp-image-46262 size-full img-responsive\" src=\"https:\/\/thegioidienmayonline.com\/wp-content\/uploads\/2017\/08\/M%C3%A1y-l%E1%BA%A1nh-Toshiba-Inverter-1.5-HP-RAS-H13PKCVG-V-4.jpg\" sizes=\"(max-width: 800px) 100vw, 800px\" srcset=\"https:\/\/thegioidienmayonline.com\/wp-content\/uploads\/2017\/08\/M\u00e1y-l\u1ea1nh-Toshiba-Inverter-1.5-HP-RAS-H13PKCVG-V-4.jpg 800w, https:\/\/thegioidienmayonline.com\/wp-content\/uploads\/2017\/08\/M\u00e1y-l\u1ea1nh-Toshiba-Inverter-1.5-HP-RAS-H13PKCVG-V-4-300x178.jpg 300w, https:\/\/thegioidienmayonline.com\/wp-content\/uploads\/2017\/08\/M\u00e1y-l\u1ea1nh-Toshiba-Inverter-1.5-HP-RAS-H13PKCVG-V-4-768x455.jpg 768w, https:\/\/thegioidienmayonline.com\/wp-content\/uploads\/2017\/08\/M\u00e1y-l\u1ea1nh-Toshiba-Inverter-1.5-HP-RAS-H13PKCVG-V-4-24x14.jpg 24w, https:\/\/thegioidienmayonline.com\/wp-content\/uploads\/2017\/08\/M\u00e1y-l\u1ea1nh-Toshiba-Inverter-1.5-HP-RAS-H13PKCVG-V-4-36x21.jpg 36w, https:\/\/thegioidienmayonline.com\/wp-content\/uploads\/2017\/08\/M\u00e1y-l\u1ea1nh-Toshiba-Inverter-1.5-HP-RAS-H13PKCVG-V-4-48x28.jpg 48w\" alt=\"\u0110i\u1ec1u h\u00f2a Toshiba RAS-H13PKCVG-V \" width=\"800\" height=\"474\" \/><figcaption class=\"wp-caption-text\">C\u00f4ng ngh\u1ec7 ti\u1ebft ki\u1ec7m \u0111i\u1ec7n n\u0103ng Hybird Inverter gi\u00fap ti\u1ebft ki\u1ec7m ti\u1ec1n \u0111i\u1ec7n \u0111\u00e1ng k\u1ec3<\/figcaption><\/figure>\n<h3><strong>B\u1ed9 l\u1ecdc IAQ b\u1ea3o v\u1ec7 s\u1ee9c kh\u1ecfe ng\u01b0\u1eddi s\u1eed d\u1ee5ng<\/strong><\/h3>\n<p><strong>\u0110i\u1ec1u h\u00f2a Inverter RAS-H13PKCVG-V<\/strong>\u00a0\u0111\u01b0\u1ee3c t\u00edch h\u1ee3p m\u00e0ng l\u1ecdc IQA Toshiba v\u1edbi 2 nh\u00e2n t\u1ed1 kh\u00e1ng khu\u1ea9n hi\u1ec7u qu\u1ea3 v\u00e0 tinh th\u1ec3 B\u1ea1c v\u00e0 kh\u00e1ng th\u1ec3 enzyme ng\u0103n ch\u1eb7n t\u1edbi 99,9% s\u1ef1 ph\u00e1t tri\u1ec3n c\u1ee7a vi khu\u1ea9n v\u00e0 n\u1ea5m m\u1ed1c g\u00e2y h\u1ea1i cho s\u1ee9c kh\u1ecfe ng\u01b0\u1eddi d\u00f9ng. \u0110\u1eb7c bi\u1ec7t m\u00e0ng l\u1ecdc n\u00e0y c\u00f2n lo\u1ea1i b\u1ecf \u0111\u01b0\u1ee3c vi khu\u1ea9n g\u00e2y H5N1.<\/p>\n<p>&nbsp;<\/p>\n<figure id=\"attachment_46263\" class=\"wp-caption aligncenter\"><img loading=\"lazy\" class=\"wp-image-46263 size-full img-responsive\" src=\"https:\/\/thegioidienmayonline.com\/wp-content\/uploads\/2017\/08\/M%C3%A1y-l%E1%BA%A1nh-Toshiba-Inverter-1.5-HP-RAS-H13PKCVG-V-5.jpg\" sizes=\"(max-width: 800px) 100vw, 800px\" srcset=\"https:\/\/thegioidienmayonline.com\/wp-content\/uploads\/2017\/08\/M\u00e1y-l\u1ea1nh-Toshiba-Inverter-1.5-HP-RAS-H13PKCVG-V-5.jpg 800w, https:\/\/thegioidienmayonline.com\/wp-content\/uploads\/2017\/08\/M\u00e1y-l\u1ea1nh-Toshiba-Inverter-1.5-HP-RAS-H13PKCVG-V-5-300x132.jpg 300w, https:\/\/thegioidienmayonline.com\/wp-content\/uploads\/2017\/08\/M\u00e1y-l\u1ea1nh-Toshiba-Inverter-1.5-HP-RAS-H13PKCVG-V-5-768x338.jpg 768w, https:\/\/thegioidienmayonline.com\/wp-content\/uploads\/2017\/08\/M\u00e1y-l\u1ea1nh-Toshiba-Inverter-1.5-HP-RAS-H13PKCVG-V-5-24x11.jpg 24w, https:\/\/thegioidienmayonline.com\/wp-content\/uploads\/2017\/08\/M\u00e1y-l\u1ea1nh-Toshiba-Inverter-1.5-HP-RAS-H13PKCVG-V-5-36x16.jpg 36w, https:\/\/thegioidienmayonline.com\/wp-content\/uploads\/2017\/08\/M\u00e1y-l\u1ea1nh-Toshiba-Inverter-1.5-HP-RAS-H13PKCVG-V-5-48x21.jpg 48w\" alt=\"B\u1ed9 l\u1ecdc IAQ b\u1ea3o v\u1ec7 s\u1ee9c kh\u1ecfe ng\u01b0\u1eddi s\u1eed d\u1ee5ng\" width=\"800\" height=\"352\" \/><figcaption class=\"wp-caption-text\">B\u1ed9 l\u1ecdc IAQ b\u1ea3o v\u1ec7 s\u1ee9c kh\u1ecfe ng\u01b0\u1eddi s\u1eed d\u1ee5ng<\/figcaption><\/figure>\n<h3><strong>C\u00f4ng ngh\u1ec7 hi\u1ec7n \u0111\u1ea1i Magic Coil ch\u1ed1ng b\u00e1m b\u1ea9n hi\u1ec7u qu\u1ea3<\/strong><\/h3>\n<p>M\u1eb7t ngo\u00e0i d\u00e0n l\u1ea1nh \u0111\u01b0\u1ee3c ph\u1ee7 1 l\u1edbp ch\u1ea5t \u0111\u1eb7c bi\u1ec7t Magic Coil gi\u00fap m\u00e1y l\u1ea1nh ng\u0103n ng\u1eeba s\u1ef1 b\u00e1m d\u00ednh c\u1ee7a b\u1ee5i b\u1ea9n. Gi\u00fap gi\u1ea3m chi ph\u00ed v\u00e0 th\u1eddi gian b\u1ea3o h\u00e0nh, b\u1ea3o tr\u00ec. Ti\u1ebft ki\u1ec7m \u0111i\u1ec7n n\u0103ng v\u00e0 cung c\u1ea5p lu\u1ed3ng kh\u00f4ng kh\u00ed m\u00e1t v\u00e0 trong l\u00e0nh nh\u1ea5t t\u1edbi ng\u01b0\u1eddi d\u00f9ng.<\/p>\n<p>&nbsp;<\/p>\n<figure id=\"attachment_46264\" class=\"wp-caption aligncenter\"><img loading=\"lazy\" class=\"wp-image-46264 size-full img-responsive\" src=\"https:\/\/thegioidienmayonline.com\/wp-content\/uploads\/2017\/08\/M%C3%A1y-l%E1%BA%A1nh-Toshiba-Inverter-1.5-HP-RAS-H13PKCVG-V-6.jpg\" sizes=\"(max-width: 800px) 100vw, 800px\" srcset=\"https:\/\/thegioidienmayonline.com\/wp-content\/uploads\/2017\/08\/M\u00e1y-l\u1ea1nh-Toshiba-Inverter-1.5-HP-RAS-H13PKCVG-V-6.jpg 800w, https:\/\/thegioidienmayonline.com\/wp-content\/uploads\/2017\/08\/M\u00e1y-l\u1ea1nh-Toshiba-Inverter-1.5-HP-RAS-H13PKCVG-V-6-220x300.jpg 220w, https:\/\/thegioidienmayonline.com\/wp-content\/uploads\/2017\/08\/M\u00e1y-l\u1ea1nh-Toshiba-Inverter-1.5-HP-RAS-H13PKCVG-V-6-768x1047.jpg 768w, https:\/\/thegioidienmayonline.com\/wp-content\/uploads\/2017\/08\/M\u00e1y-l\u1ea1nh-Toshiba-Inverter-1.5-HP-RAS-H13PKCVG-V-6-18x24.jpg 18w, https:\/\/thegioidienmayonline.com\/wp-content\/uploads\/2017\/08\/M\u00e1y-l\u1ea1nh-Toshiba-Inverter-1.5-HP-RAS-H13PKCVG-V-6-26x36.jpg 26w, https:\/\/thegioidienmayonline.com\/wp-content\/uploads\/2017\/08\/M\u00e1y-l\u1ea1nh-Toshiba-Inverter-1.5-HP-RAS-H13PKCVG-V-6-35x48.jpg 35w\" alt=\"\u0110i\u1ec1u h\u00f2a Toshiba Inverter 1.5 HP RAS-H13PKCVG-V \" width=\"800\" height=\"1091\" \/><figcaption class=\"wp-caption-text\">C\u00f4ng ngh\u1ec7 hi\u1ec7n \u0111\u1ea1i Magic Coil c\u00f3 t\u00ednh n\u0103ng ng\u0103n ng\u1eeba b\u1ee5i b\u1ea9n, vi khu\u1ea9n c\u00f9ng t\u1ed1t<\/figcaption><\/figure>\n<p>&nbsp;<\/p>\n<h3><strong>T\u00edch h\u1ee3p nhi\u1ec1u c\u00f4ng ngh\u1ec7 th\u00f4ng minh<\/strong><\/h3>\n<ul>\n<li>T\u1ef1 kh\u1edfi \u0111\u1ed9ng m\u00e1y v\u00e0 c\u00e1c c\u00e0i \u0111\u1eb7t khi c\u00f3 \u0111i\u1ec7n: B\u1ea1n kh\u00f4ng c\u1ea7n lo l\u1eafng m\u1ed7i khi \u0111i\u1ec7n b\u1ecb m\u1ea5t \u0111\u1ed9t ng\u1ed9t n\u1eefa, v\u1edbi t\u00ednh n\u0103ng n\u00e0y\u00a0\u0111i\u1ec1u h\u00f2a Toshiba s\u1ebd t\u1ef1 kh\u1edfi \u0111\u1ed9ng l\u1ea1i v\u1edbi nh\u1eefng th\u00f4ng s\u1ed1 \u0111\u00e3 c\u00e0i \u0111\u1eb7t tr\u01b0\u1edbc khi m\u1ea5t \u0111i\u1ec7n<\/li>\n<li>Kh\u1ea3 n\u0103ng t\u1ef1 l\u00e0m s\u1ea1ch: M\u00e1y s\u1ebd v\u1eabn ho\u1ea1t \u0111\u1ed9ng ngay c\u1ea3 khi b\u1ea1n t\u1eaft m\u00e1y. Qu\u1ea1t b\u00ean trong v\u1eabn ho\u1ea1t \u0111\u1ed9ng cho \u0111\u1ebfn khi l\u00e0m kh\u00f4 ho\u00e0n to\u00e0n l\u01b0\u1ee3ng kh\u00f4ng kh\u00ed \u1ea9m c\u00f2n s\u00f3t l\u1ea1i b\u00ean trong.<\/li>\n<li>H\u1eb9n gi\u1edd th\u00f4ng minh: B\u1ea1n c\u00f3 th\u1ec3 t\u1eadn h\u01b0\u1edfng ngay l\u1eadp t\u1ee9c kh\u00f4ng gian m\u00e1t m\u1ebb khi v\u1eeba \u0111i l\u00e0m v\u1ec1 hay kh\u00f4ng c\u1ea7n ph\u1ea3i th\u1ee9c d\u1eady n\u1eeda \u0111\u00eam \u0111\u1ec3 t\u1eaft m\u00e1y l\u1ea1nh n\u1eefa. Ch\u1ebf \u0111\u1ed9 h\u1eb9n gi\u1edd th\u00f4ng minh s\u1ebd thay b\u1ea1n l\u00e0m t\u1ea5t c\u1ea3. Ch\u1ee9c n\u0103ng n\u00e0y c\u00f3 t\u00e1c d\u1ee5ng trong v\u00f2ng 24 ti\u1ebfng. B\u1ea1n c\u00f3 th\u1ec3 c\u00e0i \u0111\u1eb7t ch\u1ebf \u0111\u1ed9 n\u00e0y tr\u01b0\u1edbc 10 ph\u00fat b\u1eb1ng c\u00e1ch nh\u1ea5n n\u00fat On\/Off tr\u00ean b\u1ed9 \u0111i\u1ec1u khi\u1ec3n t\u1eeb xa v\u00e0 ch\u1ebf \u0111\u1ed9 h\u1eb9n gi\u1edd On\/Off t\u1ef1 \u0111\u1ed9ng n\u00e0y c\u00f3 th\u1ec3 s\u1eed d\u1ee5ng k\u1ebft h\u1ee3p v\u1edbi nhau v\u00f4 c\u00f9ng ti\u1ec7n l\u1ee3i.<\/li>\n<\/ul>\n<p>&nbsp;<\/p>\n<p><img loading=\"lazy\" class=\"aligncenter wp-image-46265 size-full img-responsive\" src=\"https:\/\/thegioidienmayonline.com\/wp-content\/uploads\/2017\/08\/M%C3%A1y-l%E1%BA%A1nh-Toshiba-Inverter-1.5-HP-RAS-H13PKCVG-V-7.jpg\" sizes=\"(max-width: 800px) 100vw, 800px\" srcset=\"https:\/\/thegioidienmayonline.com\/wp-content\/uploads\/2017\/08\/M\u00e1y-l\u1ea1nh-Toshiba-Inverter-1.5-HP-RAS-H13PKCVG-V-7.jpg 800w, https:\/\/thegioidienmayonline.com\/wp-content\/uploads\/2017\/08\/M\u00e1y-l\u1ea1nh-Toshiba-Inverter-1.5-HP-RAS-H13PKCVG-V-7-300x225.jpg 300w, https:\/\/thegioidienmayonline.com\/wp-content\/uploads\/2017\/08\/M\u00e1y-l\u1ea1nh-Toshiba-Inverter-1.5-HP-RAS-H13PKCVG-V-7-768x576.jpg 768w, https:\/\/thegioidienmayonline.com\/wp-content\/uploads\/2017\/08\/M\u00e1y-l\u1ea1nh-Toshiba-Inverter-1.5-HP-RAS-H13PKCVG-V-7-24x18.jpg 24w, https:\/\/thegioidienmayonline.com\/wp-content\/uploads\/2017\/08\/M\u00e1y-l\u1ea1nh-Toshiba-Inverter-1.5-HP-RAS-H13PKCVG-V-7-36x27.jpg 36w, https:\/\/thegioidienmayonline.com\/wp-content\/uploads\/2017\/08\/M\u00e1y-l\u1ea1nh-Toshiba-Inverter-1.5-HP-RAS-H13PKCVG-V-7-48x36.jpg 48w\" alt=\"\" width=\"800\" height=\"600\" \/><\/p>\n<ul>\n<li>H\u1ebf \u0111\u1ed9 ng\u1ee7 \u0111\u00eam: B\u1ea1n kh\u00f4ng mu\u1ed1n t\u1eaft h\u1eb3n \u0111i\u1ec1u h\u00f2a, th\u00ec ch\u1ed1 \u0111\u1ed9 ti\u1ec7n \u00edch n\u00e0y s\u1ebd gi\u00fap b\u1ea1n c\u00f3 m\u1ed9t gi\u1ea5c ng\u1ee7 ngon v\u00e0 s\u00e2u nh\u1ea5t. Ch\u1ec9 c\u1ea7n nh\u1ea5n n\u00fat tr\u00ean \u0111i\u1ec1u khi\u1ec3n \u0111\u1ec3 k\u00edch ho\u1ea1t ch\u01b0\u01a1ng tr\u00ecnh, sau 1 kho\u1ea3ng th\u1eddi gian, m\u00e1y s\u1ebd t\u1ef1 \u0111\u1ed9ng t\u0103ng nhi\u1ec7t \u0111\u1ed9 sau m\u1ed9t kho\u1ea3ng th\u1eddi gian nh\u1ea5t \u0111\u1ecbnh.<\/li>\n<\/ul>\n<p>&nbsp;<\/p>\n","protected":false},"excerpt":{"rendered":"<ul class=\"describe\">\n<li>L\u1edbp ph\u1ee7 \u0111\u1eb7c bi\u1ec7t Magic Coil ng\u0103n ng\u1eeba b\u1ee5i b\u1ea9n, vi khu\u1ea9n, n\u1ea5m m\u1ed1c.<\/li>\n<li>C\u00f4ng ngh\u1ec7 tinh l\u1ecdc kh\u00f4ng kh\u00ed IAQ ng\u0103n ch\u1eb7n s\u1ef1 ph\u00e1t tri\u1ec3n c\u1ee7a vi khu\u1ea9n v\u00e0 vi r\u00fat.<\/li>\n<li>H\u1ec7 th\u1ed1ng trao \u0111\u1ed5i nhi\u1ec7t m\u1edbi v\u1edbi c\u00f4ng ngh\u1ec7 l\u00e0m l\u1ea1nh nhanh.<\/li>\n<li>M\u00f4i ch\u1ea5t l\u00e0m l\u1ea1nh th\u1ebf h\u1ec7 m\u1edbi R32 th\u00e2n thi\u1ec7n m\u00f4i tr\u01b0\u1eddng, t\u0103ng hi\u1ec7u n\u0103ng l\u00e0m l\u1ea1nh.<\/li>\n<li>\u0110\u1ed9ng c\u01a1 inverter c\u00f9ng b\u1ed9 \u0111i\u1ec1u khi\u1ec3n PAM ti\u1ebft ki\u1ec7m \u0111i\u1ec7n t\u1ed1i \u01b0u.<\/li>\n<\/ul>\n","protected":false},"featured_media":4155,"comment_status":"open","ping_status":"closed","template":"","meta":[],"_links":{"self":[{"href":"http:\/\/maudep.com.vn\/chuyengiadienmay\/index.php?rest_route=\/wp\/v2\/product\/4158"}],"collection":[{"href":"http:\/\/maudep.com.vn\/chuyengiadienmay\/index.php?rest_route=\/wp\/v2\/product"}],"about":[{"href":"http:\/\/maudep.com.vn\/chuyengiadienmay\/index.php?rest_route=\/wp\/v2\/types\/product"}],"replies":[{"embeddable":true,"href":"http:\/\/maudep.com.vn\/chuyengiadienmay\/index.php?rest_route=%2Fwp%2Fv2%2Fcomments&post=4158"}],"wp:featuredmedia":[{"embeddable":true,"href":"http:\/\/maudep.com.vn\/chuyengiadienmay\/index.php?rest_route=\/wp\/v2\/media\/4155"}],"wp:attachment":[{"href":"http:\/\/maudep.com.vn\/chuyengiadienmay\/index.php?rest_route=%2Fwp%2Fv2%2Fmedia&parent=4158"}],"curies":[{"name":"wp","href":"https:\/\/api.w.org\/{rel}","templated":true}]}}