{"id":5229,"date":"2019-04-26T17:49:23","date_gmt":"2019-04-26T10:49:23","guid":{"rendered":"http:\/\/maudep.com.vn\/chuyengiadienmay\/?post_type=product&#038;p=5229"},"modified":"2019-04-26T17:49:23","modified_gmt":"2019-04-26T10:49:23","slug":"dieu-hoa-giau-tran-scm-multi-fdum50vf","status":"publish","type":"product","link":"http:\/\/maudep.com.vn\/chuyengiadienmay\/?product=dieu-hoa-giau-tran-scm-multi-fdum50vf","title":{"rendered":"\u0110I\u1ec0U H\u00d2A GI\u1ea4U TR\u1ea6N SCM MULTI FDUM50VF"},"content":{"rendered":"<h4 class=\"title\">CHI TI\u1ebeT S\u1ea2N PH\u1ea8M<\/h4>\n<div class=\"product-description\">\n<h1>D\u00f2ng s\u1ea3n ph\u1ea9m SCM Multi Premium FDUM &#8211; VF lo\u1ea1i Gi\u1ea5u tr\u1ea7n<\/h1>\n<hr \/>\n<ul>\n<li>Thi\u1ebft k\u1ebf ti\u00ean ti\u1ebfn, nhi\u1ec1u ch\u1ee9c n\u0103ng ti\u1ec7n d\u1ee5ng \u0111em l\u1ea1i s\u1ef1 l\u1ef1a ch\u1ecdn ho\u00e0n h\u1ea3o.<\/li>\n<li>Ti\u1ebft ki\u1ec7m n\u0103ng l\u01b0\u1ee3ng t\u1ed1i \u0111a v\u1edbi c\u00f4ng ngh\u1ec7 bi\u1ebfn t\u1ea7n DC PAM<\/li>\n<li>S\u1eed d\u1ee5ng Gas R410A th\u00e2n thi\u1ec7n m\u1edbi m\u00f4i tr\u01b0\u1eddng.<\/li>\n<\/ul>\n<h1>\u0110em l\u1ea1i hi\u1ec7u su\u1ea5t cao v\u1edbi c\u00f4ng ngh\u1ec7 \u0111\u1ea1t ti\u00eau chu\u1ea9n Ch\u00e2u \u00c2u &#8211; CLASS A v\u1ec1 Ti\u1ebft ki\u1ec7m \u0111i\u1ec7n v\u00e0 B\u1ea3o v\u1ec7 m\u00f4i tr\u01b0\u1eddng<\/h1>\n<hr \/>\n<p>Ti\u00eau chu\u1ea9n b\u1ea3o v\u1ec7 m\u00f4i tr\u01b0\u1eddng<\/p>\n<p>S\u1eed d\u1ee5ng vi\u1ec7t li\u1ec7u h\u00e0n kh\u00f4ng ch\u00ec 0- \u0110\u1ea1t ti\u00eau chu\u1ea9n RoSH<\/p>\n<p>\u0110\u1ec3 tr\u00e1nh \u00f4 nhi\u1ec5m m\u00f4i tr\u01b0\u01a1ng cho to\u00e0n c\u1ea7u, t\u1ea5t c\u1ea3 c\u00e1c lo\u1ea1i s\u1ea3n ph\u1ea9m c\u1ee7a ch\u00fang t\u00f4i \u0111\u00e3 \u0111\u01b0\u1ee3c \u00e1p d\u1ee5ng v\u1eadt li\u1ec7u h\u1ee3p kim h\u00e0n kh\u00f4ng ch\u00ec trong s\u1ea3n xu\u1ea5t. Trong \u0111\u00f3 c\u00f3 6 lo\u1ea1i h\u00f3a ch\u1ea5t \u0111\u1ed9c h\u1ea1i m\u00e0 ch\u00fang t\u00f4i kh\u00f4ng s\u1eed d\u1ee5ng bao g\u1ed3m : Pb, Hg, Cd, Cr6+\u00a0, PBB, PBDE \u00e1p d\u1ee5ng theo ti\u00eau chu\u1ea9n RoHS t\u1ea1i c\u00e1c th\u1ecb tr\u01b0\u1eddng Ch\u00e2u \u00c2u ( EU) t\u1eeb ng\u00e0y 01\/07\/2006<\/p>\n<p>Hi\u1ec7u su\u1ea5t cao v\u1edbi c\u00f4ng ngh\u1ec7 bi\u1ebfn t\u1ea7n DC PAM<\/p>\n<p>Ki\u1ec3m so\u00e1t c\u00f4ng su\u1ea5t nhanh v\u00e0 hi\u1ec7u qu\u1ea3<\/p>\n<p>Inverter l\u00e0 c\u00f4ng ngh\u1ec7 bi\u1ebfn t\u1ea7n l\u00e0m thay \u0111\u1ed5i c\u00f4ng su\u1ea5t v\u1eadn h\u00e0nh th\u00f4ng qua vi\u1ec7c \u0111i\u1ec1u ch\u1ec9nh t\u1ea7n s\u1ed1. M\u00e1y \u0111i\u1ec1u h\u00f2a kh\u00f4ng kh\u00ed Inverter t\u0103ng c\u00f4ng su\u1ea5t c\u1ef1c \u0111\u1ea1i ngay khi kh\u1edfi \u0111\u1ed9ng v\u00e0 \u0111\u1ea1t t\u1edbi nhi\u1ec7t \u0111\u1ed9 c\u00e0i \u0111\u1eb7t r\u1ea5t nhanh, l\u00e0m l\u1ea1nh ph\u00f2ng nhanh ch\u00f3ng.<\/p>\n<p>Sau khi \u0111\u1ea1t \u0111\u1ebfn nhi\u1ec7t \u0111\u1ed9 c\u00e0i \u0111\u1eb7t, b\u1ed9 bi\u1ebfn t\u1ea7n s\u1ebd \u0111i\u1ec1u ch\u1ec9nh c\u00f4ng su\u1ea5t c\u1ee7a \u0111\u1ed9ng c\u01a1 m\u00e1y n\u00e9n ho\u1ea1t \u0111\u1ed9ng \u1edf t\u1ed1c \u0111\u1ed9 th\u1ea5p \u0111\u1ec3 ti\u1ebft ki\u1ec7m \u0111i\u1ec7n n\u0103ng, \u0111\u1ed3ng th\u1eddi duy tr\u00ec nhi\u1ec7t \u0111\u1ed9 ph\u00f2ng kh\u00f4ng ch\u00eanh l\u1ec7ch nhi\u1ec1u so v\u1edbi nhi\u1ec7t \u0111\u1ed9 c\u00e0i \u0111\u1eb7t.<\/p>\n<p>\u0110i\u1ec3m \u01b0u vi\u1ec7t c\u1ee7a c\u00f4ng ngh\u1ec7 bi\u1ebfn t\u1ea7n Inverter ngo\u00e0i vi\u1ec7c ti\u1ebft ki\u1ec7m \u0111i\u1ec7n n\u0103ng ch\u00ednh l\u00e0 duy tr\u00ec s\u1ef1 ch\u00eanh l\u1ec7ch nhi\u1ec7t \u0111\u1ed9 th\u1ea5p so v\u1edbi nhi\u1ec7t \u0111\u1ed9 c\u00e0i \u0111\u1eb7t t\u1eeb 0.5 ~ 1.50C, t\u1ea1o c\u1ea3m gi\u00e1c tho\u1ea3i m\u00e1i \u1ed5n \u0111\u1ecbnh cho ng\u01b0\u1eddi s\u1eed d\u1ee5ng h\u01a1n l\u00e0 lo\u1ea1i m\u00e1y th\u00f4ng th\u01b0\u1eddng. H\u01a1n n\u1eefa, \u0111\u1ed9ng c\u01a1 m\u00e1t n\u00e9n DC t\u1ea1o ra hi\u1ec7u su\u1ea5t v\u1eadn h\u00e0nh cao h\u01a1n.<\/p>\n<p>M\u00e1y \u0111i\u1ec1u h\u00f2a kh\u00f4ng kh\u00ed Mitsubishi Heavy Industries \u00e1p d\u1ee5ng c\u00f4ng ngh\u1ec7 bi\u1ebfn t\u1ea7n DC PAM, c\u00f3 th\u1ec3 \u0111i\u1ec1u khi\u1ec3n \u0111\u01b0\u1ee3c \u0111i\u1ec7n \u00e1p v\u00e0 t\u1ea7n s\u1ed1 ho\u1ea1t \u0111\u1ed9ng c\u1ee7a m\u00e1t, l\u00e0m gi\u1ea3m s\u1ef1 ti\u00eau th\u1ee5 \u0111i\u1ec7n n\u0103ng t\u1ed1i \u0111a, t\u0103ng hi\u1ec7u su\u1ea5t l\u00e0m l\u1ea1nh nhanh v\u00e0 m\u1ea1nh.<\/p>\n<p>\u0110i\u1ec1u khi\u1ec3n b\u1ebfn t\u1ea7n m\u1edbi ( \u0110i\u1ec1u khi\u1ec3n Vector)<\/p>\n<p>C\u00f4ng ngh\u1ec7 \u0111i\u1ec1u khi\u1ec3n bi\u1ebfn t\u1ea7n m\u1edbi d\u1ef1a tr\u00ean c\u00f4ng ngh\u1ec7 \u0111i\u1ec1u khi\u1ec3n ki\u1ec3u Vector, do \u0111\u00f3 cho hi\u1ec7u su\u1ea5t v\u1eadn h\u00e0nh cao nh\u1ea5t.<\/p>\n<ul>\n<li>Ho\u1ea1t \u0111\u1ed9ng \u00eam t\u1eeb t\u1ed1c \u0111\u1ed9 th\u1ea5p \u0111\u1ebfn t\u1ed1c \u0111\u1ed9 cao.<\/li>\n<li>\u0110\u1ea1t \u0111\u01b0\u1ee3c dao \u0111\u1ed9ng \u0111i\u1ec7n \u00e1p d\u1ea1ng h\u00ecnh sin m\u01b0\u1ee3t.<\/li>\n<li>Hi\u1ec7u su\u1ea5t n\u0103ng l\u01b0\u1ee3ng \u0111\u01b0\u1ee3c c\u1ea3i thi\u1ec7n \u0111\u00e1ng k\u1ec3 trong ph\u1ea1m vi t\u1ed1c \u0111\u1ed9 th\u1ea5p.<\/li>\n<\/ul>\n<p>S\u1eed d\u1ee5ng Gas R410A<\/p>\n<p>T\u1ea5t c\u1ea3 s\u1ea3n ph\u1ea9m s\u1eed d\u1ee5ng gas R410A v\u1edbi h\u1ec7 s\u1ed1 \u1ea3nh h\u01b0\u01a1ng cho t\u1ea7ng kh\u00ed quy\u1ec3n b\u1eb1ng 0.<\/p>\n<p>&nbsp;<\/p>\n<\/div>\n","protected":false},"excerpt":{"rendered":"<p>CHI TI\u1ebeT S\u1ea2N PH\u1ea8M D\u00f2ng s\u1ea3n ph\u1ea9m SCM Multi Premium FDUM &#8211; VF lo\u1ea1i Gi\u1ea5u tr\u1ea7n Thi\u1ebft k\u1ebf ti\u00ean ti\u1ebfn, &hellip; <a class=\"link-more\" href=\"http:\/\/maudep.com.vn\/chuyengiadienmay\/?product=dieu-hoa-giau-tran-scm-multi-fdum50vf\" class=\"more-link\">\u0110\u1ecdc th\u00eam &raquo;<span class=\"screen-reader-text\"> &#8220;\u0110I\u1ec0U H\u00d2A GI\u1ea4U TR\u1ea6N SCM MULTI FDUM50VF&#8221;<\/span><\/a><\/p>\n","protected":false},"featured_media":5232,"comment_status":"open","ping_status":"closed","template":"","meta":[],"_links":{"self":[{"href":"http:\/\/maudep.com.vn\/chuyengiadienmay\/index.php?rest_route=\/wp\/v2\/product\/5229"}],"collection":[{"href":"http:\/\/maudep.com.vn\/chuyengiadienmay\/index.php?rest_route=\/wp\/v2\/product"}],"about":[{"href":"http:\/\/maudep.com.vn\/chuyengiadienmay\/index.php?rest_route=\/wp\/v2\/types\/product"}],"replies":[{"embeddable":true,"href":"http:\/\/maudep.com.vn\/chuyengiadienmay\/index.php?rest_route=%2Fwp%2Fv2%2Fcomments&post=5229"}],"wp:featuredmedia":[{"embeddable":true,"href":"http:\/\/maudep.com.vn\/chuyengiadienmay\/index.php?rest_route=\/wp\/v2\/media\/5232"}],"wp:attachment":[{"href":"http:\/\/maudep.com.vn\/chuyengiadienmay\/index.php?rest_route=%2Fwp%2Fv2%2Fmedia&parent=5229"}],"curies":[{"name":"wp","href":"https:\/\/api.w.org\/{rel}","templated":true}]}}