{"id":5997,"date":"2019-05-28T09:34:05","date_gmt":"2019-05-28T02:34:05","guid":{"rendered":"http:\/\/maudep.com.vn\/chuyengiadienmay\/?post_type=product&#038;p=5997"},"modified":"2021-10-15T11:33:00","modified_gmt":"2021-10-15T04:33:00","slug":"dieu-hoa-daikin-1-chieu-18000btu-inverter-ftkz50vvmv","status":"publish","type":"product","link":"http:\/\/maudep.com.vn\/chuyengiadienmay\/?product=dieu-hoa-daikin-1-chieu-18000btu-inverter-ftkz50vvmv","title":{"rendered":"\u0110i\u1ec1u h\u00f2a Daikin 1 chi\u1ec1u 18000BTU inverter FTKZ50VVMV"},"content":{"rendered":"<div id=\"chitiet-1\" class=\"w-pd-i-content\">\n<h2>FTKZ50VVMV, \u0110i\u1ec1u h\u00f2a 1 chi\u1ec1u 18000 BTU x\u1ecbn nh\u1ea5t 2021<\/h2>\n<p>\u0110i\u1ec1u h\u00f2a Daikin\u00a0FTKZ50VVMV\u00a018000 BTU 1 chi\u1ec1u\u00a0inverter\u00a0gas R32 t\u00edch h\u1ee3p nh\u1eefng t\u00ednh n\u0103ng, c\u00f4ng ngh\u1ec7 ti\u00ean ti\u1ebfn nh\u1ea5t&#8230;x\u1ecbn nh\u1ea5t \u0111\u01b0\u1ee3c ng\u01b0\u1eddi ti\u00eau d\u00f9ng mong mu\u1ed1n mua\u00a0nh\u1ea5t 2021.<\/p>\n<p><img src=\"https:\/\/banhangtaikho.com.vn\/Images\/Product\/ftkz50vvmv-llS1jV.jpg\" alt=\"Daikin FTKZ50VVMV, \u0110i\u1ec1u h\u00f2a Daikin 1 chi\u1ec1u 18000BTU inverter\" \/><\/p>\n<h2>Thi\u1ebft k\u1ebf m\u1edbi \u0111\u1ed9c \u0111\u00e1o, tinh t\u1ebf<\/h2>\n<p>M\u00e1y\u00a0\u0111i\u1ec1u h\u00f2a Daikin\u00a018000 BTU 1 chi\u1ec1u\u00a0inverter\u00a0FTKZ50VVMV\u00a0thi\u1ebft k\u1ebf m\u1eb7t n\u1ea1\u00a0Coanda \u0111\u1ed9c \u0111\u00e1o \u0111\u01b0a lu\u1ed3ng gi\u00f3 \u0111i d\u1ecdc theo tr\u1ea7n nh\u00e0, ph\u00e2n b\u1ed5 kh\u00f4ng kh\u00ed t\u01b0\u01a1i m\u00e1t \u0111\u1ec1u kh\u1eafp ph\u00f2ng, tr\u00e1nh gi\u00f3 l\u00f9a tr\u1ef1c ti\u1ebfp v\u00e0o c\u01a1 th\u1ec3, gi\u00fap mang l\u1ea1i c\u1ea3m gi\u00e1c tho\u1ea3i m\u00e1i t\u1ed1i \u0111a.<\/p>\n<p><img src=\"https:\/\/banhangtaikho.com.vn\/Images\/Upload\/images\/dieu-hoa-daikin-ftkz-series.jpg\" alt=\"\" \/><\/p>\n<p>V\u1edbi c\u00f4ng su\u1ea5t\u00a0\u0111i\u1ec1u h\u00f2a\u00a018000 BTU, Daikin\u00a0FTKZ50VVMV l\u01b0u l\u01b0\u1ee3ng gi\u00f3 \u0111\u1ea1t m\u1ee9c c\u1ef1c \u0111\u1ea1i trong v\u00f2ng 20 ph\u00fat cho ph\u00e9p ng\u01b0\u1eddi d\u00f9ng t\u1eadn h\u01b0\u1edfng c\u1ea3m gi\u00e1c m\u00e1t l\u1ea1nh s\u1ea3ng kho\u00e1i t\u1ee9c th\u00ec.<\/p>\n<h2>Ti\u1ebft ki\u1ec7m \u0111i\u1ec7n v\u00e0 ti\u1ebft ki\u1ec7m \u0111i\u1ec7n h\u01a1n n\u1eefa<\/h2>\n<p>Theo nh\u01b0 s\u1ed1 li\u1ec7u c\u00f4ng b\u1ed1 ch\u1ec9 s\u1ed1 ti\u00eau th\u1ee5 \u0111i\u1ec7n th\u00ec m\u00e1y \u0111i\u1ec1u h\u00f2a Daikin 18000 BTU inverter FTKZ50VVMV ti\u1ebft ki\u1ec7m \u0111i\u1ec7n nh\u1ea5t 2021 b\u1edfi v\u00ec \u0111\u00f3 l\u00e0 s\u1ef1 t\u00edch h\u1ee3p 2 c\u00f4ng ngh\u1ec7:<\/p>\n<h3>C\u00f4ng ngh\u1ec7 Inverter ti\u1ebft ki\u1ec7m \u0111i\u1ec7t l\u00ean t\u1edbi 65%<\/h3>\n<p>\u0110i\u1ec1u h\u00f2a Daikin inverter FTKZ50VVMV gi\u00fap ti\u1ebft ki\u1ec7m \u0111i\u1ec7n l\u00ean\u00a0\u0111\u1ebfn 65%. \u0110\u1ed3ng th\u1eddi, c\u1ea3i ti\u1ebfn \u0111\u1ed9 \u1ed3n d\u00e0n n\u00f3ng v\u00e0 d\u00e0n l\u1ea1nh gi\u00fap m\u00e1y ho\u1ea1t \u0111\u1ed9ng \u00eam \u00e1i, duy tr\u00ec nhi\u1ec7t \u0111\u1ed9 \u1ed5n \u0111\u1ecbnh v\u00e0 \u0111\u1ea1t c\u00f4ng su\u1ea5t t\u1ed1i \u01b0u.<\/p>\n<p><img src=\"https:\/\/banhangtaikho.com.vn\/Images\/Upload\/images\/dieu-hoa-daikin-inverter.jpg\" \/><\/p>\n<h3>C\u1ea3m bi\u1ebfn m\u1eaft th\u1ea7n th\u00f4ng minh<\/h3>\n<p>M\u1eaft th\u1ea7n th\u00f4ng minh\u00a0ng\u0103n hao ph\u00ed \u0111i\u1ec7n n\u0103ng b\u1eb1ng vi\u1ec7c ph\u00e1t hi\u1ec7n chuy\u1ec3n \u0111\u1ed9ng c\u1ee7a ng\u01b0\u1eddi trong ph\u00f2ng. N\u1ebfu kh\u00f4ng c\u00f3 chuy\u1ec3n \u0111\u1ed9ng n\u00e0o trong v\u00f2ng 20 ph\u00fat, m\u00e1y s\u1ebd t\u1ef1 \u0111\u1ed9ng \u0111i\u1ec1u ch\u1ec9nh t\u0103ng nhi\u1ec7t \u0111\u1ed9 c\u00e0i \u0111\u1eb7t 2\u00b0C v\u00e0 gi\u1ea3m 2\u00b0C n\u1ebfu ph\u00e1t hi\u1ec7n c\u00f3 ng\u01b0\u1eddi quay l\u1ea1i.<\/p>\n<p><img src=\"https:\/\/banhangtaikho.com.vn\/Images\/Upload\/images\/daikin-cam-bien-mat-than-1.jpg\" alt=\"\" \/><\/p>\n<h2>C\u00e2n b\u1eb1ng \u1ea9m Hybrid Cooling mang l\u1ea1i s\u1ef1 tho\u1ea3i m\u00e1i t\u1ed1i \u0111a<\/h2>\n<p>Ch\u1ec9 c\u00f3 \u1edf m\u00e1y \u0111i\u1ec1u h\u00f2a Daikin inverter 1 chi\u1ec1u 18000BTU FTKZ50VVMV m\u1edbi \u0111\u01b0\u1ee3c trang b\u1ecb t\u00ednh n\u0103ng\u00a0hybrid Cooling\u00a0gi\u00fap ki\u1ec3m so\u00e1t \u0111\u1ed3ng th\u1eddi nhi\u1ec7t \u0111\u1ed9 v\u00e0 \u0111\u1ed9 \u1ea9m, mang l\u1ea1i s\u1ef1 tho\u1ea3i m\u00e1i t\u1ed1i \u0111a, ng\u0103n ng\u1eeba s\u1ef1 ph\u00e1t tri\u1ec3n c\u1ee7a n\u1ea5m m\u1ed1c, vi khu\u1ea9n, h\u1ea1n ch\u1ebf c\u00e1c b\u1ec7nh v\u1ec1 h\u00f4 h\u1ea5p, b\u1ea3o v\u1ec7 n\u1ed9i th\u1ea5t trong gia \u0111\u00ecnh v\u00e0 gi\u1ea3m ti\u00eau hao n\u0103ng l\u01b0\u1ee3ng.<\/p>\n<p><img src=\"https:\/\/banhangtaikho.com.vn\/Images\/Upload\/images\/dieu-hoa-daikin-ftkz-series-6.jpg\" \/><\/p>\n<h2>H\u1ec7 th\u1ed1ng l\u1ecdc kh\u00ed T\u1ed0T NH\u1ea4T 2021<\/h2>\n<p>\u0110i\u1ec1u h\u00f2a Daikin 1 chi\u1ec1u 18000BTU\u00a0FTKZ50VVMV \u0111\u01b0\u1ee3c trang b\u1ecb h\u1ec7 th\u1ed1ng l\u1ecdc kh\u00ed ti\u00ean ti\u1ebfn nh\u1ea5t, t\u1ed1t nh\u1ea5t hi\u1ec7n nay. H\u1ec7 th\u1ed1ng\u00a0l\u1ecdc kh\u00ed n\u00e0y c\u1ee7a m\u00e1y \u0111i\u1ec1u h\u00f2a Daikin\u00a0ho\u00e0n to\u00e0n t\u01b0\u01a1ng t\u1ef1 nh\u01b0\u00a0m\u00e1y l\u1ecdc kh\u00f4ng kh\u00ed Daikin. V\u00ec th\u1ebf B\u1ea1n s\u1ebd \u0111\u01b0\u1ee3c t\u1eadn h\u01b0\u1edfng kh\u00f4ng gian s\u1ed1ng c\u1ef1c k\u1ef3 trong l\u00e0nh v\u00e0 an to\u00e0n.<\/p>\n<h3>C\u00f4ng ngh\u1ec7 STREAMER<\/h3>\n<p>Ph\u00e2n h\u1ee7y vi khu\u1ea9n v\u00e0 n\u1ea5m m\u1ed1c b\u00e1m tr\u00ean phin l\u1ecdc d\u01b0\u1edbi h\u00ecnh th\u1ee9c ph\u00f3ng \u0111i\u1ec7n plasma ti\u00ean ti\u1ebfn, nhanh h\u01a1n 1000 l\u1ea7n so v\u1edbi ph\u00f3ng \u0111i\u1ec7n plasma th\u00f4ng th\u01b0\u1eddng.<\/p>\n<p><img src=\"https:\/\/banhangtaikho.com.vn\/Images\/Upload\/images\/dieu-hoa-daikin-Streamer.jpg\" alt=\"\" \/><\/p>\n<h3>Phin l\u1ecdc\u00a0Enzyme Blue<\/h3>\n<p>Phin l\u1ecdc n\u00e0y nh\u01b0 m\u1ed9t l\u00e1 ch\u1eafn b\u1ea3o v\u1ec7, \u0111\u01b0a ra m\u1ed9t gi\u1ea3i ph\u00e1p t\u1ed1i \u01b0u nh\u1eb1m mang l\u1ea1i b\u1ea7u kh\u00f4ng kh\u00ed trong l\u00e0nh, lo\u1ea1i b\u1ecf m\u00f9i h\u00f4i v\u00e0 ch\u1ea5t g\u00e2y d\u1ecb \u1ee9ng, gi\u1ea3m 99,9% m\u1ed9t s\u1ed1 lo\u1ea1i vi khu\u1ea9n, gi\u1ea3m kh\u1ea3 n\u0103ng l\u00e2y nhi\u1ec5m vi r\u00fat xu\u1ed1ng d\u01b0\u1edbi 1: 1000.<\/p>\n<p><img src=\"https:\/\/banhangtaikho.com.vn\/Images\/Upload\/images\/phin-loc-enzyme-blue-2.jpg\" \/><\/p>\n<h3>Ch\u1ee9c n\u0103ng ch\u1ed1ng \u1ea9m\u00a0m\u1ed1c k\u1ebft h\u1ee3p STREAMER<\/h3>\n<p>Ch\u1ee9c n\u0103ng ch\u1ed1ng \u1ea9m\u00a0m\u1ed1c k\u1ebft h\u1ee3p STREAMER Khi ng\u01b0ng ch\u1ee9c n\u0103ng l\u00e0m l\u1ea1nh ho\u1eb7c kh\u1eed \u1ea9m, m\u00e1y s\u1ebd t\u1ef1 \u0111\u1ed9ng ho\u1ea1t \u0111\u1ed9ng \u1edf ch\u1ebf \u0111\u1ed9 ch\u1ec9 ch\u1ea1y qu\u1ea1t trong 1 gi\u1edd \u0111\u1ec3 l\u00e0m kh\u00f4 b\u00ean trong d\u00e0n l\u1ea1nh nh\u1eb1m l\u00e0m gi\u1ea3m s\u1ef1 ph\u00e1t sinh n\u1ea5m m\u1ed1c v\u00e0 c\u00e1c m\u00f9i kh\u00f3 ch\u1ecbu, \u0111em l\u1ea1i lu\u1ed3ng kh\u00f4ng kh\u00ed m\u00e1t m\u1ebb, ngo\u00e0i ra c\u00f2n gi\u00fap duy tr\u00ec hi\u1ec7u su\u1ea5t v\u00e0 tu\u1ed5i th\u1ecd c\u1ee7a d\u00e0n l\u1ea1nh.<\/p>\n<p>B\u00ean c\u1ea1nh \u0111\u00f3 Lu\u1ed3ng \u0111i\u1ec7n Streamer ph\u00f3ng ra v\u00e0 l\u00e0m kh\u00f4 b\u00ean trong d\u00e0n l\u1ea1nh, d\u00e0n t\u1ea3n nhi\u1ec7t v\u00e0 \u0111\u01b0\u1eddng th\u1ed5i gi\u00f3 v\u00e0 v\u00f4 hi\u1ec7u h\u00f3a c\u00e1c ch\u1ea5t \u0111\u1ed9c h\u1ea1i nh\u01b0 vi r\u00fat, n\u1ea5m m\u1ed1c v\u00e0 c\u00e1c ch\u1ea5t g\u00e2y d\u1ecb \u1ee9ng<\/p>\n<h2>D\u1ec5 d\u00e0ng \u0111i\u1ec1u khi\u1ec3n t\u1eeb xa b\u1eb1ng \u0111i\u1ec7n tho\u1ea1i th\u00f4ng minh<\/h2>\n<p>B\u1ea1n d\u1ec5 d\u00e0ng \u0111i\u1ec1u khi\u1ec3n \u0111i\u1ec1u h\u00f2a Daikin 1 chi\u1ec1u\u00a0FTKZ50VVMV d\u00f9 \u1edf b\u1ea5t k\u1ef3 \u0111\u00e2u tr\u00ean to\u00e0n th\u1ebf gi\u1edbi b\u1edfi v\u00ec m\u00e1y \u0111\u01b0\u1ee3c\u00a0gi\u00fap duy tr\u00ec kh\u00f4ng gian tho\u1ea3i m\u00e1i ti\u1ec7n nghi cho ng\u00f4i nh\u00e0 c\u1ee7a b\u1ea1n \u0111\u1ed3ng th\u1eddi ti\u1ebft ki\u1ec7m \u0111i\u1ec7n n\u0103ng.<\/p>\n<p><img src=\"https:\/\/banhangtaikho.com.vn\/Images\/Upload\/images\/dieu-hoa-daikin-dieu-khien-tu-xa-smart-phone.jpg\" alt=\"\" \/><\/p>\n<p>V\u1edbi \u1ee9ng d\u1ee5ng ti\u1ec7n l\u1ee3i n\u00e0y, b\u1ea1n c\u00f3 th\u1ec3 \u0111i\u1ec1u khi\u1ec3n nh\u1eefng ch\u1ee9c n\u0103ng ch\u00ednh y\u1ebfu nh\u01b0 b\u1eadt\/t\u1eaft, ch\u1ebf \u0111\u1ed9 ho\u1ea1t \u0111\u1ed9ng v\u00e0 c\u00e0i \u0111\u1eb7t nhi\u1ec7t \u0111\u1ed9 c\u0169ng nh\u01b0 nh\u1eefng t\u00ednh n\u0103ng ti\u00ean ti\u1ebfn h\u01a1n nh\u01b0 l\u1eadp l\u1ecbch h\u00e0ng tu\u1ea7n. \u1ee8ng d\u1ee5ng c\u00f2n cho ph\u00e9p b\u1ea1n theo d\u00f5i h\u1ec7 th\u1ed1ng\u00a0\u0111i\u1ec1u h\u00f2a\u00a0\u0111\u1ea3m b\u1ea3o m\u00e1y ho\u1ea1t \u0111\u1ed9ng nh\u01b0 b\u1ea1n mong mu\u1ed1n. C\u00e0i \u0111\u1eb7t c\u1ef1c k\u1ef3 d\u1ec5 d\u00e0ng. Sau khi t\u1ea3i \u1ee9ng d\u1ee5ng, b\u1ea1n ch\u1ec9 c\u1ea7n k\u1ebft n\u1ed1i v\u1edbi m\u1ea1ng kh\u00f4ng d\u00e2y trong nh\u00e0 ho\u1eb7c m\u1ea1ng b\u00ean ngo\u00e0i b\u1eb1ng \u0111i\u1ec7n tho\u1ea1i.<\/p>\n<h2>\u0110\u1ed9 b\u1ec1n cao, n\u1ed3i \u0111\u1ed1ng c\u1ed1i \u0111\u00e1<\/h2>\n<p>\u0110i\u1ec1u h\u00f2a Daikin 18000BTU 1 chi\u1ec1u\u00a0FTKZ50VVMV\/RKZ50VVMV d\u00e0n t\u1ea3n nhi\u1ec7t Microchannel,\u00a0c\u00e1nh trao \u0111\u1ed5i nhi\u1ec7t c\u1ee7a d\u00e0n n\u00f3ng \u0111\u01b0\u1ee3c s\u01a1n ph\u1ee7 2 l\u1edbp t\u0129nh \u0111i\u1ec7n: l\u1edbp nh\u1ef1a acrylic v\u00e0 l\u1edbp ch\u1ed1ng th\u1ea5m n\u01b0\u1edbc \u0111\u1ec3 t\u0103ng kh\u1ea3 n\u0103ng ch\u1ed1ng m\u01b0a axit v\u00e0 s\u1ef1 \u0103n m\u00f2n c\u1ee7a mu\u1ed1i.<\/p>\n<h2>FTKZ50VVMV, \u0110i\u1ec1u h\u00f2a 18000BTU 1 chi\u1ec1u inverter gi\u00e1 \u0111\u1eaft nh\u1ea5t 2021<\/h2>\n<p>Do \u0111i\u1ec1u h\u00f2a Daikin\u00a0FTKZ50VVMV \u0111\u01b0\u1ee3c t\u00edch h\u1ee3p nh\u1eefng t\u00ednh n\u0103ng, c\u00f4ng ngh\u1ec7 hi\u1ec7n \u0111\u1ea1i t\u1ed1t nh\u1ea5t nh\u01b0 v\u1eady v\u00ec th\u1ebf m\u00e1y ch\u1eb3ng r\u1ebb ch\u00fat n\u00e0o. V\u00ec th\u1ebf m\u00e0 \u0111i\u1ec1u h\u00f2a Daikin\u00a0FTKZ50VVMV ch\u1ec9 d\u00e0nh cho nh\u1eefng th\u01b0\u1ee3ng \u0111\u1ebf y\u00eau c\u1ea7u ti\u00eau chu\u1ea9n ch\u1ea5t l\u01b0\u1ee3ng cao, ti\u00eau chu\u1ea9n s\u1ed1ng \u0111\u1eb3ng c\u1ea5p.<\/p>\n<p dir=\"ltr\">\n<div class=\"cl\"><\/div>\n<\/div>\n<div id=\"chitiet-2\" class=\"w-pd-i-content\">\n<p class=\"w-pd-i-c-head\">\u00a0Th\u1ed1ng s\u1ed1 k\u1ef9 thu\u1eadt \u0110i\u1ec1u h\u00f2a Daikin 1 chi\u1ec1u 18000BTU inverter FTKZ50VVMV<\/p>\n<div class=\"cl\"><\/div>\n<table style=\"height: 816px\" border=\"0\" cellspacing=\"0\" cellpadding=\"0\">\n<tbody>\n<tr style=\"height: 24px\">\n<td style=\"height: 24px;width: 356.375px\" colspan=\"2\"><strong>\u0110i\u1ec1u h\u00f2a Daikin<\/strong><\/td>\n<td style=\"height: 24px;width: 54.25px\"><\/td>\n<td style=\"height: 24px;width: 292.375px\"><strong>FTKZ50VVMV\/RKZ50VVMV<\/strong><\/td>\n<\/tr>\n<tr style=\"height: 24px\">\n<td style=\"height: 24px;width: 356.375px\" colspan=\"2\">D\u00e3y c\u00f4ng su\u1ea5t<\/td>\n<td style=\"height: 24px;width: 54.25px\"><\/td>\n<td style=\"height: 24px;width: 292.375px\">18,000Btu\/h<\/td>\n<\/tr>\n<tr style=\"height: 24px\">\n<td style=\"height: 72px;width: 223.938px\" rowspan=\"2\">C\u00f4ng su\u1ea5t danh \u0111\u1ecbnh<\/td>\n<td style=\"height: 24px;width: 130.438px\">(T\u1ed1i thi\u1ec3u &#8211; T\u1ed1i \u0111a)<\/td>\n<td style=\"height: 24px;width: 54.25px\">kW<\/td>\n<td style=\"height: 24px;width: 292.375px\">5.2 (1.2~6.2)<\/td>\n<\/tr>\n<tr style=\"height: 48px\">\n<td style=\"height: 48px;width: 130.438px\">(T\u1ed1i thi\u1ec3u &#8211; T\u1ed1i \u0111a)<\/td>\n<td style=\"height: 48px;width: 54.25px\">Btu\/h<\/td>\n<td style=\"height: 48px;width: 292.375px\">17,700<br \/>\n(4,100~21,200)<\/td>\n<\/tr>\n<tr style=\"height: 24px\">\n<td style=\"height: 24px;width: 356.375px\" colspan=\"2\">Ngu\u1ed3n \u0111i\u1ec7n<\/td>\n<td style=\"height: 24px;width: 54.25px\"><\/td>\n<td style=\"height: 24px;width: 292.375px\">1 pha, 220-240V, 50Hz \/ 220-230V, 60HZ<\/td>\n<\/tr>\n<tr style=\"height: 24px\">\n<td style=\"height: 24px;width: 356.375px\" colspan=\"2\">D\u00f2ng \u0111i\u1ec7n ho\u1ea1t \u0111\u1ed9ng<\/td>\n<td style=\"height: 24px;width: 54.25px\">A<\/td>\n<td style=\"height: 24px;width: 292.375px\">6,4<\/td>\n<\/tr>\n<tr style=\"height: 24px\">\n<td style=\"height: 24px;width: 223.938px\">\u0110i\u1ec7n n\u0103ng ti\u00eau th\u1ee5<\/td>\n<td style=\"height: 24px;width: 130.438px\">(T\u1ed1i thi\u1ec3u &#8211; T\u1ed1i \u0111a)<\/td>\n<td style=\"height: 24px;width: 54.25px\">W<\/td>\n<td style=\"height: 24px;width: 292.375px\">1,320 (185-2,000)<\/td>\n<\/tr>\n<tr style=\"height: 24px\">\n<td style=\"height: 24px;width: 223.938px\">CSPF<\/td>\n<td style=\"height: 24px;width: 130.438px\"><\/td>\n<td style=\"height: 24px;width: 54.25px\"><\/td>\n<td style=\"height: 24px;width: 292.375px\">6,69<\/td>\n<\/tr>\n<tr style=\"height: 24px\">\n<td style=\"height: 24px;width: 356.375px\" colspan=\"2\">D\u00c0N L\u1ea0NH<\/td>\n<td style=\"height: 24px;width: 54.25px\"><\/td>\n<td style=\"height: 24px;width: 292.375px\">FTKZ50VVMV<\/td>\n<\/tr>\n<tr style=\"height: 24px\">\n<td style=\"height: 24px;width: 356.375px\" colspan=\"2\">M\u00e0u m\u1eb7t n\u1ea1<\/td>\n<td style=\"height: 24px;width: 54.25px\"><\/td>\n<td style=\"height: 24px;width: 292.375px\">Tr\u1eafng<\/td>\n<\/tr>\n<tr style=\"height: 24px\">\n<td style=\"height: 96px;width: 223.938px\" rowspan=\"4\">L\u01b0u l\u01b0\u1ee3ng gi\u00f3<\/td>\n<td style=\"height: 24px;width: 130.438px\">Cao<\/td>\n<td style=\"height: 24px;width: 54.25px\">m\u00b3\/ph\u00fat<\/td>\n<td style=\"height: 24px;width: 292.375px\">18<\/td>\n<\/tr>\n<tr style=\"height: 24px\">\n<td style=\"height: 24px;width: 130.438px\">Trung B\u00ecnh<\/td>\n<td style=\"height: 24px;width: 54.25px\">m\u00b3\/ph\u00fat<\/td>\n<td style=\"height: 24px;width: 292.375px\">14,6<\/td>\n<\/tr>\n<tr style=\"height: 24px\">\n<td style=\"height: 24px;width: 130.438px\">Th\u1ea5p<\/td>\n<td style=\"height: 24px;width: 54.25px\">m\u00b3\/ph\u00fat<\/td>\n<td style=\"height: 24px;width: 292.375px\">12<\/td>\n<\/tr>\n<tr style=\"height: 24px\">\n<td style=\"height: 24px;width: 130.438px\">Y\u00ean t\u0129nh<\/td>\n<td style=\"height: 24px;width: 54.25px\">m\u00b3\/ph\u00fat<\/td>\n<td style=\"height: 24px;width: 292.375px\">9,6<\/td>\n<\/tr>\n<tr style=\"height: 24px\">\n<td style=\"height: 24px;width: 356.375px\" colspan=\"2\">T\u1ed1c \u0111\u1ed9 qu\u1ea1t<\/td>\n<td style=\"height: 24px;width: 54.25px\"><\/td>\n<td style=\"height: 24px;width: 292.375px\">5 c\u1ea5p, \u00eam v\u00e0 t\u1ef1 \u0111\u1ed9ng<\/td>\n<\/tr>\n<tr style=\"height: 24px\">\n<td style=\"height: 24px;width: 356.375px\" colspan=\"2\">\u0110\u1ed9 \u1ed3n (Cao\/Trung b\u00ecnh\/Th\u1ea5p\/ Y\u00ean t\u0129nh)<\/td>\n<td style=\"height: 24px;width: 54.25px\">dB(A)<\/td>\n<td style=\"height: 24px;width: 292.375px\">45\/40\/35\/29<\/td>\n<\/tr>\n<tr style=\"height: 24px\">\n<td style=\"height: 24px;width: 356.375px\" colspan=\"2\">K\u00edch th\u01b0\u1edbc (Cao x R\u1ed9ng x D\u00e0y)<\/td>\n<td style=\"height: 24px;width: 54.25px\">mm<\/td>\n<td style=\"height: 24px;width: 292.375px\">300 x 1,100 x 240<\/td>\n<\/tr>\n<tr style=\"height: 24px\">\n<td style=\"height: 24px;width: 356.375px\" colspan=\"2\">Kh\u1ed1i l\u01b0\u1ee3ng<\/td>\n<td style=\"height: 24px;width: 54.25px\">kg<\/td>\n<td style=\"height: 24px;width: 292.375px\">15<\/td>\n<\/tr>\n<tr style=\"height: 24px\">\n<td style=\"height: 24px;width: 356.375px\" colspan=\"2\">D\u00c0N N\u00d3NG<\/td>\n<td style=\"height: 24px;width: 54.25px\"><\/td>\n<td style=\"height: 24px;width: 292.375px\">RKZ50VVMV<\/td>\n<\/tr>\n<tr style=\"height: 24px\">\n<td style=\"height: 24px;width: 356.375px\" colspan=\"2\">M\u00e0u v\u1ecf m\u00e1y<\/td>\n<td style=\"height: 24px;width: 54.25px\"><\/td>\n<td style=\"height: 24px;width: 292.375px\">Tr\u1eafng ng\u00e0<\/td>\n<\/tr>\n<tr style=\"height: 24px\">\n<td style=\"height: 48px;width: 223.938px\" rowspan=\"2\">M\u00e1y n\u00e9n<\/td>\n<td style=\"height: 24px;width: 130.438px\">Lo\u1ea1i<\/td>\n<td style=\"height: 24px;width: 54.25px\"><\/td>\n<td style=\"height: 24px;width: 292.375px\">M\u00e1y n\u00e9n Swing d\u1ea1ng k\u00edn<\/td>\n<\/tr>\n<tr style=\"height: 24px\">\n<td style=\"height: 24px;width: 130.438px\">C\u00f4ng su\u1ea5t \u0111\u1ea7u ra<\/td>\n<td style=\"height: 24px;width: 54.25px\">W<\/td>\n<td style=\"height: 24px;width: 292.375px\">1.100<\/td>\n<\/tr>\n<tr style=\"height: 24px\">\n<td style=\"height: 48px;width: 223.938px\" rowspan=\"2\">M\u00f4i ch\u1ea5t l\u1ea1nh<\/td>\n<td style=\"height: 24px;width: 130.438px\">Lo\u1ea1i<\/td>\n<td style=\"height: 24px;width: 54.25px\"><\/td>\n<td style=\"height: 24px;width: 292.375px\">R-32<\/td>\n<\/tr>\n<tr style=\"height: 24px\">\n<td style=\"height: 24px;width: 130.438px\">Kh\u1ed1i l\u01b0\u1ee3ng n\u1ea1p<\/td>\n<td style=\"height: 24px;width: 54.25px\">Kg<\/td>\n<td style=\"height: 24px;width: 292.375px\">0,60<\/td>\n<\/tr>\n<tr style=\"height: 24px\">\n<td style=\"height: 24px;width: 223.938px\">\u0110\u1ed9 \u1ed3n (Cao\/R\u1ea5t th\u1ea5p)<\/td>\n<td style=\"height: 24px;width: 130.438px\"><\/td>\n<td style=\"height: 24px;width: 54.25px\">dB(A)<\/td>\n<td style=\"height: 24px;width: 292.375px\">47\/44<\/td>\n<\/tr>\n<tr style=\"height: 24px\">\n<td style=\"height: 24px;width: 223.938px\">K\u00edch th\u01b0\u1edbc (Cao x R\u1ed9ng x D\u00e0y)<\/td>\n<td style=\"height: 24px;width: 130.438px\"><\/td>\n<td style=\"height: 24px;width: 54.25px\">mm<\/td>\n<td style=\"height: 24px;width: 292.375px\">595 x 845 x 300<\/td>\n<\/tr>\n<tr style=\"height: 24px\">\n<td style=\"height: 24px;width: 223.938px\">Kh\u1ed1i l\u01b0\u1ee3ng<\/td>\n<td style=\"height: 24px;width: 130.438px\"><\/td>\n<td style=\"height: 24px;width: 54.25px\">Kg<\/td>\n<td style=\"height: 24px;width: 292.375px\">34<\/td>\n<\/tr>\n<tr style=\"height: 24px\">\n<td style=\"height: 24px;width: 223.938px\">Gi\u1edbi h\u1ea1n ho\u1ea1t \u0111\u1ed9ng<\/td>\n<td style=\"height: 24px;width: 130.438px\"><\/td>\n<td style=\"height: 24px;width: 54.25px\">\u00b0CDB<\/td>\n<td style=\"height: 24px;width: 292.375px\">19.4 \u0111\u1ebfn 46<\/td>\n<\/tr>\n<tr style=\"height: 24px\">\n<td style=\"height: 72px;width: 223.938px\" rowspan=\"3\">K\u1ebft n\u1ed1i \u1ed1ng<\/td>\n<td style=\"height: 24px;width: 130.438px\">L\u1ecfng<\/td>\n<td style=\"height: 24px;width: 54.25px\">mm<\/td>\n<td style=\"height: 24px;width: 292.375px\">\u03a66.4<\/td>\n<\/tr>\n<tr style=\"height: 24px\">\n<td style=\"height: 24px;width: 130.438px\">H\u01a1i<\/td>\n<td style=\"height: 24px;width: 54.25px\">mm<\/td>\n<td style=\"height: 24px;width: 292.375px\">\u03a612.7<\/td>\n<\/tr>\n<tr style=\"height: 24px\">\n<td style=\"height: 24px;width: 130.438px\">N\u01b0\u1edbc x\u1ea3<\/td>\n<td style=\"height: 24px;width: 54.25px\">mm<\/td>\n<td style=\"height: 24px;width: 292.375px\">\u03a616.0<\/td>\n<\/tr>\n<tr style=\"height: 24px\">\n<td style=\"height: 24px;width: 223.938px\">Chi\u1ec1u d\u00e0i t\u1ed1i \u0111a<\/td>\n<td style=\"height: 24px;width: 130.438px\"><\/td>\n<td style=\"height: 24px;width: 54.25px\">m<\/td>\n<td style=\"height: 24px;width: 292.375px\">30<\/td>\n<\/tr>\n<tr style=\"height: 24px\">\n<td style=\"height: 24px;width: 223.938px\">Ch\u00eanh l\u1ec7ch \u0111\u1ed9 cao t\u1ed1i \u0111a<\/td>\n<td style=\"height: 24px;width: 130.438px\"><\/td>\n<td style=\"height: 24px;width: 54.25px\">m<\/td>\n<td style=\"height: 24px;width: 292.375px\">20<\/td>\n<\/tr>\n<\/tbody>\n<\/table>\n<\/div>\n<p>&nbsp;<\/p>\n","protected":false},"excerpt":{"rendered":"<ul class=\"l pr-des-featured\">\n<li>\u0110i\u1ec1u h\u00f2a Daikin 18000 BTU 1 chi\u1ec1u inverter FTKZ50VVMV [Model 2021]<\/li>\n<li>Thi\u1ebft k\u1ebf Coanda lu\u1ed3ng gi\u00f3 m\u00e1t l\u1ea1nh d\u1ec5 ch\u1ecbu<\/li>\n<li>C\u00f4ng ngh\u1ec7 streamer ch\u1ed1ng n\u1ea5m m\u1ed1c, vi khu\u1ea9n vi r\u00fat<\/li>\n<li>T\u00edch h\u1ee3p Wifi \u0111i\u1ec1u khi\u1ec3n \u0111i\u1ec1u h\u00f2a d\u00f9 \u1edf b\u1ea5t k\u1ef3 \u0111\u00e2u<\/li>\n<li>Xu\u1ea5t x\u1ee9: Ch\u00ednh h\u00e3ng Th\u00e1i Lan<\/li>\n<li>B\u1ea3o h\u00e0nh: M\u00e1y 1 n\u0103m, m\u00e1y n\u00e9n 5 n\u0103m<\/li>\n<\/ul>\n","protected":false},"featured_media":6648,"comment_status":"open","ping_status":"closed","template":"","meta":[],"_links":{"self":[{"href":"http:\/\/maudep.com.vn\/chuyengiadienmay\/index.php?rest_route=\/wp\/v2\/product\/5997"}],"collection":[{"href":"http:\/\/maudep.com.vn\/chuyengiadienmay\/index.php?rest_route=\/wp\/v2\/product"}],"about":[{"href":"http:\/\/maudep.com.vn\/chuyengiadienmay\/index.php?rest_route=\/wp\/v2\/types\/product"}],"replies":[{"embeddable":true,"href":"http:\/\/maudep.com.vn\/chuyengiadienmay\/index.php?rest_route=%2Fwp%2Fv2%2Fcomments&post=5997"}],"wp:featuredmedia":[{"embeddable":true,"href":"http:\/\/maudep.com.vn\/chuyengiadienmay\/index.php?rest_route=\/wp\/v2\/media\/6648"}],"wp:attachment":[{"href":"http:\/\/maudep.com.vn\/chuyengiadienmay\/index.php?rest_route=%2Fwp%2Fv2%2Fmedia&parent=5997"}],"curies":[{"name":"wp","href":"https:\/\/api.w.org\/{rel}","templated":true}]}}