{"id":6001,"date":"2019-05-28T10:13:39","date_gmt":"2019-05-28T03:13:39","guid":{"rendered":"http:\/\/maudep.com.vn\/chuyengiadienmay\/?post_type=product&#038;p=6001"},"modified":"2021-10-15T10:37:16","modified_gmt":"2021-10-15T03:37:16","slug":"dieu-hoa-daikin-inverter-1-chieu-18000btu-ftka50uavmv","status":"publish","type":"product","link":"http:\/\/maudep.com.vn\/chuyengiadienmay\/?product=dieu-hoa-daikin-inverter-1-chieu-18000btu-ftka50uavmv","title":{"rendered":"\u0110i\u1ec1u h\u00f2a Daikin inverter 1 chi\u1ec1u 18000BTU FTKA50UAVMV"},"content":{"rendered":"<div id=\"chitiet-1\" class=\"w-pd-i-content\">\n<div id=\"chitiet-1\" class=\"w-pd-i-content\">\n<h3>Daikin FTKA50UAVMV, model \u0111i\u1ec1u h\u00f2a Daikin m\u1edbi nh\u1ea5t 2020<\/h3>\n<p><img src=\"https:\/\/banhangtaikho.com.vn\/Images\/Product\/ftka50uavmv-8YAurh.jpg\" alt=\"Daikin FTKA50UAVMV, \u0110i\u1ec1u h\u00f2a Daikin inverter 18000BTU 1 chi\u1ec1u\" \/><\/p>\n<h3><\/h3>\n<p>M\u00e1y\u00a0\u0111i\u1ec1u h\u00f2a Daikin\u00a0FTKA50UAVMV 1 chi\u1ec1u 18000BTU (2.0HP) d\u00f2ng inverter ti\u00eau chu\u1ea9n t\u00edch h\u1ee3p c\u00f4ng ngh\u1ec7 l\u00e0m l\u1ea1nh Coanda, model \u0111i\u1ec1u h\u00f2a Daikin 2020 s\u1ebd thay th\u1ebf model tr\u01b0\u1edbc \u0111\u00f3 FTKQ50SAVMV.<\/p>\n<h3>Daikin FTKA50UAVMV ch\u00ednh h\u00e3ng: Th\u01b0\u01a1ng hi\u1ec7u Nh\u1eadt, s\u1ea3n xu\u1ea5t t\u1ea1i Vi\u1ec7t Nam<\/h3>\n<p>Daikin v\u1edbi b\u1ec1 d\u00e0y l\u1ecbch s\u1eed h\u01a1n 100 n\u0103m v\u00e0 l\u00e0 th\u01b0\u01a1ng hi\u1ec7u m\u00e1y \u0111i\u1ec1u h\u00f2a kh\u00f4ng kh\u00ed h\u00e0ng \u0111\u1ea7u Nh\u1eadt B\u1ea3n. Daikin l\u00e0 th\u01b0\u01a1ng hi\u1ec7u b\u00e1n ch\u1ea1y s\u1ed1 1 th\u1ebf gi\u1edbi.\u00a0<em>\u201cTheo s\u1ed1 li\u1ec7u th\u1ed1ng k\u00ea Global cho th\u1ea5y c\u1ee9 100 b\u1ed9 m\u00e1y \u0111i\u1ec1u h\u00f2a b\u00e1n ra tr\u00ean to\u00e0n c\u1ea7u th\u00ec c\u00f3 16 b\u1ed9 m\u00e1y \u0111i\u1ec1u h\u00f2a th\u01b0\u01a1ng hi\u1ec7u Daikin<\/em>\u201d. \u0110i\u1ec1u \u0111\u00f3 kh\u1eb3ng \u0111\u1ecbnh \u0111\u01b0\u1ee3c uy t\u00edn &amp; gi\u00e1 tr\u1ecb ch\u1ea5t l\u01b0\u1ee3ng s\u1ea3n ph\u1ea9m, v\u00e0 d\u1ecbch v\u1ee5 m\u00e0 Daikin cung c\u1ea5p t\u1ed1t nh\u01b0 th\u1ebf n\u00e0o t\u1edbi ng\u01b0\u1eddi ti\u00eau d\u00f9ng.<\/p>\n<p><img src=\"https:\/\/banhangtaikho.com.vn\/Images\/Upload\/images\/icon-nhat-ban-viet-nam.jpg\" \/><\/p>\n<p>M\u00e1y \u0111i\u1ec1u h\u00f2a Daikin inverter\u00a0FTKA50UAVMV ch\u00ednh h\u00e3ng \u0111\u01b0\u1ee3c s\u1ea3n xu\u1ea5t v\u00e0 l\u1eafp r\u00e1p t\u1ea1i\u00a0nh\u00e0 m\u00e1y Daikin Vi\u1ec7t Nam\u00a0v\u1edbi d\u00e2y truy\u1ec1n s\u1ea3n xu\u1ea5t, c\u00f4ng ngh\u1ec7 hi\u1ec7n \u0111\u1ea1i, quy m\u00f4 l\u1edbn nh\u1ea5t \u0110\u00f4ng Nam \u00c1 theo ti\u00eau chu\u1ea9n ch\u1ea5t l\u01b0\u1ee3ng kh\u1eaft khe c\u1ee7a t\u1eadp \u0111o\u00e0n Daikin.\u00a0<strong>Daikin FTKA50UAVMV made by Daikin, made in VI\u1ec7t Nam<\/strong>.<\/p>\n<h3>Thi\u1ebft k\u1ebf COANDA hi\u1ec7n \u0111\u1ea1i sang tr\u1ecdng<\/h3>\n<p>M\u00e1y \u0111i\u1ec1u h\u00f2a Daikin FTKA50UAVMV\u00a0thi\u1ebft k\u1ebf coanda\u00a0\u0111\u01b0\u1eddng n\u00e9t sang tr\u1ecdng &amp; tinh t\u1ebf. H\u01a1n n\u1eefa v\u1edbi thi\u1ebft k\u1ebf \u0111\u1ed9c \u0111\u00e1o n\u00e0y c\u1ee7a Daikin gi\u00fap l\u00e0m m\u00e1t tho\u1ea3i m\u00e1i d\u1ec5 ch\u1ecbu h\u01a1n.<\/p>\n<p>V\u1edbi c\u00f4ng su\u1ea5t 18000BTU, Daikin FTKA50UAVMV l\u1ef1a ch\u1ecdn t\u1ed1i \u01b0u l\u1eafp \u0111\u1eb7t \u0111i\u1ec1u h\u00f2a cho c\u0103n ph\u00f2ng nh\u1ecf h\u01a1n 30m2: Ph\u00f2ng kh\u00e1ch, ph\u00f2ng h\u1ecdp&#8230;<\/p>\n<p><img src=\"https:\/\/banhangtaikho.com.vn\/Images\/Upload\/images\/thiet-ke-coanda-daikin.jpg\" \/><\/p>\n<h2>Daikin FTKA50UAVMV \u0111\u1ec9nh cao Inverter ti\u1ebft ki\u1ec7m \u0111i\u1ec7n<\/h2>\n<p>N\u0103m 2020, c\u00f4ng ngh\u1ec7 inverter v\u1eabn l\u00e0 c\u00f4ng ngh\u1ec7 \u0111\u1ec9nh cao nh\u1ea5t trong l\u0129nh v\u1ef1c m\u00e1y \u0111i\u1ec1u h\u00f2a kh\u00f4ng kh\u00ed.<\/p>\n<p>B\u1edfi v\u00ec nh\u1eefng gi\u00e1 tr\u1ecb v\u00e0\u00a0\u01b0u \u0111i\u1ec3m c\u1ee7a c\u00f4ng ngh\u1ec7 inverter\u00a0l\u00e0 ti\u1ebft ki\u1ec7m \u0111i\u1ec7n (ti\u1ebft ki\u1ec7m chi ph\u00ed ti\u1ec1n \u0111i\u1ec7n h\u00e0ng th\u00e1ng), m\u00e1y v\u1eadn h\u00e0nh \u00eam \u00e1i, gi\u00fap t\u0103ng tu\u1ed5i th\u1ecd c\u1ee7a s\u1ea3n ph\u1ea9m. Ch\u00ednh v\u00ec v\u1eady m\u00e0 h\u1ea7u h\u1ebft c\u00e1c h\u00e3ng \u0111i\u1ec1u h\u00f2a \u0111\u1ec1u trang b\u1ecb c\u00f4ng ngh\u1ec7 n\u00e0y cho c\u00e1c d\u00f2ng s\u1ea3n ph\u1ea9m cao c\u1ea5p nh\u1ea5t c\u1ee7a m\u00ecnh.<\/p>\n<p><img src=\"https:\/\/banhangtaikho.com.vn\/Images\/Upload\/images\/icon-inverter.jpg\" \/><\/p>\n<p>Do \u0111\u00f3 khi b\u1ea1n ch\u1ecdn mua m\u00e1y \u0111i\u1ec1u h\u00f2a Daikin inverter\u00a0<strong>FTKA50UAVMV<\/strong>\u00a0b\u1ea1n s\u1ebd \u0111\u01b0\u1ee3c tr\u1ea3i nghi\u1ec7m \u01b0u \u0111i\u1ec3m tuy\u1ec7t v\u1eddi c\u1ee7a c\u00f4ng ngh\u1ec7 tr\u00ean.<\/p>\n<h3>T\u1ea5m l\u1ecdc Apatit Titan \u2013 L\u00e1 ch\u1eafn b\u1ea3o v\u1ec7 s\u1ee9c kh\u1ecfe<\/h3>\n<p>Ch\u01b0a n\u0103m n\u00e0o m\u00e0 t\u00ecnh tr\u1ea1ng \u00f4 nhi\u1ec5m kh\u00f4ng kh\u00ed l\u1ea1i kh\u1ee7ng khi\u1ebfp nh\u01b0 n\u0103m 2019. B\u1ea1n d\u1ec5 d\u00e0ng th\u1ea5y b\u00e1o \u0111\u00e0i ph\u1ea3n \u00e1nh li\u00ean t\u1ee5c v\u1ec1 t\u00ecnh tr\u1ea1ng nguy hi\u1ec3m n\u00e0y \u0111\u1eb7c bi\u1ec7t \u1edf c\u00e1c th\u00e0nh ph\u1ed1 l\u1edbn: H\u00e0 N\u1ed9i, TP, H\u1ed3 Ch\u00ed Minh.<\/p>\n<p>\u00d4 nhi\u1ec5m kh\u00f4ng kh\u00ed\u00a0v\u1eeba l\u00e0 nguy\u00ean nh\u00e2n h\u00ecnh th\u00e0nh, v\u1eeba l\u00e0 y\u1ebfu t\u1ed1 l\u00e0m tr\u1ea7m tr\u1ecdng th\u00eam m\u1ed9t s\u1ed1 b\u1ec7nh, li\u00ean quan \u0111\u1ebfn h\u00f4 h\u1ea5p: S\u1ed5 m\u0169i, C\u00fam A, vi r\u00fat, v\u00e0 c\u00e1c b\u1ec7nh tim m\u1ea1ch,\u2026C\u00e1c h\u1ea1t b\u1ee5i m\u1ecbn v\u00e0 si\u00eau m\u1ecbn k\u00edch th\u01b0\u1edbc &lt; PM2.5 m\u1ed9t trong nh\u1eefng th\u00e0nh ph\u1ea7n ch\u00ednh c\u1ee7a kh\u00f4ng kh\u00ed \u00f4 nhi\u1ec5m, \u0111\u00e3 \u0111\u01b0\u1ee3c C\u01a1 quan Nghi\u00ean c\u1ee9u Ung th\u01b0 Qu\u1ed1c t\u1ebf x\u1ebfp v\u00e0o nh\u00f3m ch\u1ea5t g\u00e2y ung th\u01b0 cho con ng\u01b0\u1eddi.<\/p>\n<p><img src=\"https:\/\/banhangtaikho.com.vn\/Images\/Upload\/images\/daikin%20phin%20loc%20tac%20xuc%20quang.jpg\" \/><\/p>\n<p>V\u1edbi m\u00e1y \u0111i\u1ec1u h\u00f2a Daikin FTKA50UAVMV b\u1ea1n ho\u00e0n to\u00e0n y\u00ean t\u00e2m b\u1edfi Daikin \u0111\u01b0\u1ee3c trang b\u1ecb\u00a0t\u1ea5m l\u1ecdc Apatit Titan\u00a0c\u00f3 ch\u1ee9c n\u0103ng kh\u1eed m\u00f9i, \u1ee9c ch\u1ebf s\u1ef1 ph\u00e1t tri\u1ec3n c\u1ee7a vi khu\u1ea9n v\u00e0 vi r\u00fat, lo\u1ea1i b\u1ecf b\u1ee5i b\u1ea9n hi\u1ec7u qu\u1ea3 t\u1edbi 99,9%, mang l\u1ea1i m\u00f4i tr\u01b0\u1eddng s\u1ed1ng trong l\u00e0nh h\u01a1n.<\/p>\n<p>Daikin FTKA50UAVM l\u00e1 ch\u1eafn k\u1ef3 di\u1ec7u ch\u0103m s\u00f3c b\u1ea3o v\u1ec7 nh\u1eefng ng\u01b0\u1eddi th\u00e2n y\u00eau c\u1ee7a\u00a0B\u1ea1n.<\/p>\n<h3>Daikin FTKA50UAVMV b\u1ec1n b\u1ec9 b\u1ea5p ch\u1ea5p th\u1eddi gian<\/h3>\n<p>Ni\u1ec1m tin c\u1ee7a ng\u01b0\u1eddi ti\u00eau d\u00f9ng d\u00e0nh cho th\u01b0\u01a1ng hi\u1ec7u Nh\u1eadt n\u00f3i chung v\u00e0 d\u00e0nh cho Daikin n\u00f3i ri\u00eang ho\u00e0n to\u00e0n c\u00f3 c\u01a1 s\u1edf v\u00e0 gi\u00e1 tr\u1ecb ki\u1ec3m ch\u1ee9ng.<\/p>\n<h4>B\u1ea3o v\u1ec7 \u0111i\u1ec7n \u00e1p cao \u2013 th\u1ea5p cho bo m\u1ea1ch<\/h4>\n<p>D\u00f2ng s\u1ea3n ph\u1ea9m m\u00e1y \u0111i\u1ec1u h\u00f2a Daikin FTKA \u0111\u01b0\u1ee3c trang b\u1ecb bo m\u1ea1ch \u0111i\u1ec7n t\u1eed c\u00f3 \u0111\u1ed9 b\u1ec1n cao c\u00f3 th\u1ec3 ho\u1ea1t \u0111\u1ed9ng trong m\u1ee9c dao \u0111\u1ed9ng \u0111i\u1ec7n \u00e1p t\u1eeb 150V-264V.<\/p>\n<p><img src=\"https:\/\/banhangtaikho.com.vn\/Images\/Upload\/images\/daikin-dan-dong.jpg\" \/><\/p>\n<h4>Gi\u1ea3i ph\u00e1p cho vi\u1ec7c l\u1eafp \u0111\u1eb7t \u1edf m\u00f4i tr\u01b0\u1eddng b\u1ecb \u0103n m\u00f2n<\/h4>\n<p>C\u00e1nh trao \u0111\u1ed5i nhi\u1ec7t c\u1ee7a d\u00e0n n\u00f3ng Daikin\u00a0<strong>RKA50UVMV\u00a0<\/strong>\u0111\u01b0\u1ee3c x\u1eed l\u00fd ch\u1ed1ng \u0103n m\u00f2n \u0111\u1eb7c bi\u1ec7t. B\u1ec1 m\u1eb7t \u0111\u01b0\u1ee3c ph\u1ee7 l\u1edbp nh\u1ef1a arylic m\u1ecfng \u0111\u1ec3 t\u0103ng kh\u1ea3 n\u0103ng ch\u1ed1ng m\u01b0a axit v\u00e0 s\u1ef1 an m\u00f2n c\u1ee7a mu\u1ed1i.<\/p>\n<p>Nh\u01b0 th\u1ebf n\u1ebfu Qu\u00fd v\u1ecb \u1edf c\u00e1c khu v\u1ef1c ven bi\u1ec3n: H\u1ea3i Ph\u00f2ng, Nam \u0110\u1ecbnh, Thanh H\u00f3a, \u0110\u00e0 N\u1eb5ng\u2026th\u00ec Daikin FTKA50UAVMV l\u00e0 s\u1ef1 l\u1ef1a ch\u1ecdn tuy\u1ec7t v\u1eddi cho c\u00f4ng tr\u00ecnh c\u1ee7a B\u1ea1n.<\/p>\n<h3>S\u1eed d\u1ee5ng gas R32 \u2013 Th\u00e2n thi\u1ec7n m\u00f4i tr\u01b0\u1eddng<\/h3>\n<p>\u0110i\u1ec1u h\u00f2a Daikin 1 chi\u1ec1u\u00a0inverter 18000BTU FTKA50UAVMV s\u1eed d\u1ee5ng\u00a0gas R32\u00a0l\u00e0 m\u00f4i ch\u1ea5t l\u00e0m l\u1ea1nh m\u1edbi nh\u1ea5t v\u1edbi nhi\u1ec1u \u01b0u \u0111i\u1ec3m: Hi\u1ec7u su\u1ea5t l\u00e0m l\u1ea1nh cao gi\u00fap ti\u1ebft ki\u1ec7m \u0111i\u1ec7n n\u0103ng, kh\u00f4ng t\u00e1c \u0111\u1ed9ng \u0111\u1ebfn t\u1ea7ng \u00f4-z\u00f4n th\u00e2n thi\u1ec7n v\u1edbi m\u00f4i tr\u01b0\u1eddng.<\/p>\n<p><img src=\"https:\/\/banhangtaikho.com.vn\/Images\/Upload\/images\/daikin-gas-r32-1.jpg\" \/><\/p>\n<p>Ngo\u00e0i ra, \u0110i\u1ec1u h\u00f2a Daikin FTKA50UAVMV\u00a0c\u00f2n nhi\u1ec1u t\u00ednh n\u0103ng kh\u00e1c \u0111ang mong ch\u1edd B\u1ea1n tr\u1ea3i nghi\u1ec7m: Ch\u1ebf \u0111\u1ed9 h\u1eb9n gi\u1edd,<\/p>\n<h3>B\u1ea3o h\u00e0nh 1 n\u0103m, m\u00e1y n\u00e9n 5 n\u0103m<\/h3>\n<p>Qu\u00fd kh\u00e1ch h\u00e0ng ch\u1ecdn mua m\u00e1y \u0111i\u1ec1u h\u00f2a\u00a0Daikin 18000 BTU 1 chi\u1ec1u\u00a0FTKA50UAVMV\u00a0s\u1ebd \u0111\u01b0\u1ee3c tr\u1ea3i nghi\u1ec7m d\u1ecbch v\u1ee5 b\u1ea3o h\u00e0nh 5 sao: B\u1ea3o h\u00e0nh to\u00e0n b\u1ed9 s\u1ea3n ph\u1ea9m 1 n\u0103m v\u00e0 m\u00e1y n\u00e9n 5 n\u0103m.<\/p>\n<div class=\"cl\"><\/div>\n<\/div>\n<div id=\"chitiet-2\" class=\"w-pd-i-content\">\n<p class=\"w-pd-i-c-head\">\u00a0Th\u1ed1ng s\u1ed1 k\u1ef9 thu\u1eadt \u0110i\u1ec1u h\u00f2a Daikin inverter 1 chi\u1ec1u 18000BTU FTKA50UAVMV<\/p>\n<div class=\"cl\"><\/div>\n<table border=\"0\" cellspacing=\"0\" cellpadding=\"0\">\n<tbody>\n<tr>\n<td colspan=\"3\"><strong>\u0110i\u1ec1u h\u00f2a Daikin 1 chi\u1ec1u 18000BTU inverter<\/strong><\/td>\n<td><strong>FTKA50UAVMV\/RKA50UVMV<\/strong><\/td>\n<\/tr>\n<tr>\n<td colspan=\"2\">D\u00e3y c\u00f4ng su\u1ea5t<\/td>\n<td><\/td>\n<td>18.000 Btu\/h<\/td>\n<\/tr>\n<tr>\n<td rowspan=\"2\">C\u00f4ng su\u1ea5t \u0111\u1ecbnh m\u1ee9c<\/td>\n<td>(T\u1ed1i thi\u1ec3u &#8211; T\u1ed1i \u0111a)<\/td>\n<td>kW<\/td>\n<td>5.0 (1.6~5.4)<\/td>\n<\/tr>\n<tr>\n<td>(T\u1ed1i thi\u1ec3u &#8211; T\u1ed1i \u0111a)<\/td>\n<td>Btu\/h<\/td>\n<td>17100<br \/>\n(5,500~18,400)<\/td>\n<\/tr>\n<tr>\n<td colspan=\"2\">Ngu\u1ed3n \u0111i\u1ec7n<\/td>\n<td><\/td>\n<td>1 pha, 220-240V, 50Hz \/ 220-230V, 60 Hz<\/td>\n<\/tr>\n<tr>\n<td colspan=\"2\">D\u00f2ng \u0111i\u1ec7n ho\u1ea1t \u0111\u1ed9ng<\/td>\n<td>A<\/td>\n<td>8,5<\/td>\n<\/tr>\n<tr>\n<td>\u0110i\u1ec7n n\u0103ng ti\u00eau th\u1ee5<\/td>\n<td>(T\u1ed1i thi\u1ec3u &#8211; T\u1ed1i \u0111a)<\/td>\n<td>W<\/td>\n<td>1,800 (360 &#8211; 2,020)<\/td>\n<\/tr>\n<tr>\n<td colspan=\"2\">CSPF<\/td>\n<td><\/td>\n<td>4,67<\/td>\n<\/tr>\n<tr>\n<td colspan=\"2\"><strong>D\u00c0N L\u1ea0NH<\/strong><\/td>\n<td><\/td>\n<td><strong>FTKA50UAVMV<\/strong><\/td>\n<\/tr>\n<tr>\n<td colspan=\"2\">M\u00e0u m\u1eb7t n\u1ea1<\/td>\n<td><\/td>\n<td>Tr\u1eafng<\/td>\n<\/tr>\n<tr>\n<td rowspan=\"4\">L\u01b0u l\u01b0\u1ee3ng gi\u00f3<\/td>\n<td>Cao<\/td>\n<td>m3\/ph\u00fat<\/td>\n<td>12,9<\/td>\n<\/tr>\n<tr>\n<td>Trung b\u00ecnh<\/td>\n<td>m3\/ph\u00fat<\/td>\n<td>10,6<\/td>\n<\/tr>\n<tr>\n<td>Th\u1ea5p<\/td>\n<td>m3\/ph\u00fat<\/td>\n<td>8,6<\/td>\n<\/tr>\n<tr>\n<td>Y\u00ean t\u0129nh<\/td>\n<td>m3\/ph\u00fat<\/td>\n<td>7,1<\/td>\n<\/tr>\n<tr>\n<td colspan=\"2\">T\u1ed1c \u0111\u1ed9 qu\u1ea1t<\/td>\n<td><\/td>\n<td>5 b\u01b0\u1edbc, \u00eam v\u00e0 t\u1ef1 \u0111\u1ed9ng<\/td>\n<\/tr>\n<tr>\n<td colspan=\"2\">\u0110\u1ed9 \u1ed3n (Cao\/Trung b\u00ecnh\/Th\u1ea5p\/Y\u00ean t\u0129nh)<\/td>\n<td>dB(A)<\/td>\n<td>44 \/ 40 \/ 35 \/ 29<\/td>\n<\/tr>\n<tr>\n<td colspan=\"2\">K\u00edch th\u01b0\u1edbc (Cao x R\u1ed9ng x D\u00e0y)<\/td>\n<td>mm<\/td>\n<td>285x 770 x 226<\/td>\n<\/tr>\n<tr>\n<td colspan=\"2\">Kh\u1ed1i l\u01b0\u1ee3ng<\/td>\n<td>Kg<\/td>\n<td>8<\/td>\n<\/tr>\n<tr>\n<td colspan=\"2\"><strong>D\u00c0N N\u00d3NG<\/strong><\/td>\n<td><\/td>\n<td><strong>RKA50UVMV<\/strong><\/td>\n<\/tr>\n<tr>\n<td colspan=\"2\">M\u00e0u v\u1ecf m\u00e1y<\/td>\n<td><\/td>\n<td>Tr\u1eafng ng\u00e0<\/td>\n<\/tr>\n<tr>\n<td>M\u00e1y n\u00e9n<\/td>\n<td>Lo\u1ea1i<\/td>\n<td><\/td>\n<td>M\u00e1y n\u00e9n Swing d\u1ea1ng k\u00edn<\/td>\n<\/tr>\n<tr>\n<td rowspan=\"3\">M\u00f4i ch\u1ea5t l\u1ea1nh<\/td>\n<td>C\u00f4ng su\u1ea5t \u0111\u1ea7u ra<\/td>\n<td>W<\/td>\n<td>1200<\/td>\n<\/tr>\n<tr>\n<td>Lo\u1ea1i<\/td>\n<td><\/td>\n<td>R-32<\/td>\n<\/tr>\n<tr>\n<td>Kh\u1ed1i l\u01b0\u1ee3ng n\u1ea1p<\/td>\n<td>Kg<\/td>\n<td>0,78<\/td>\n<\/tr>\n<tr>\n<td colspan=\"2\">\u0110\u1ed9 \u1ed3n (Cao\/R\u1ea5t th\u1ea5p)<\/td>\n<td>dB(A)<\/td>\n<td>51\/47<\/td>\n<\/tr>\n<tr>\n<td colspan=\"2\">K\u00edch th\u01b0\u1edbc (Cao x R\u1ed9ng x D\u00e0y)<\/td>\n<td>mm<\/td>\n<td>550 x 675 x 284<\/td>\n<\/tr>\n<tr>\n<td colspan=\"2\">Kh\u1ed1i l\u01b0\u1ee3ng<\/td>\n<td>Kg<\/td>\n<td>26<\/td>\n<\/tr>\n<tr>\n<td colspan=\"2\">Gi\u1edbi h\u1ea1n ho\u1ea1t \u0111\u1ed9ng<\/td>\n<td>\u00b0CDB<\/td>\n<td>19.4 \u0111\u1ebfn 46<\/td>\n<\/tr>\n<tr>\n<td rowspan=\"3\">K\u1ebft n\u1ed1i \u1ed1ng<\/td>\n<td>L\u1ecfng<\/td>\n<td>mm<\/td>\n<td>\u00f86.4<\/td>\n<\/tr>\n<tr>\n<td>H\u01a1i<\/td>\n<td>mm<\/td>\n<td>\u00f812.7<\/td>\n<\/tr>\n<tr>\n<td>N\u01b0\u1edbc x\u1ea3<\/td>\n<td>mm<\/td>\n<td>\u00f816<\/td>\n<\/tr>\n<tr>\n<td colspan=\"2\">Chi\u1ec1u d\u00e0i t\u1ed1i \u0111\u00e3<\/td>\n<td>m<\/td>\n<td>30<\/td>\n<\/tr>\n<tr>\n<td colspan=\"2\">Ch\u00eanh l\u1ec7ch \u0111\u1ed9 cao t\u1ed1i \u0111a<\/td>\n<td>m<\/td>\n<td>20<\/td>\n<\/tr>\n<\/tbody>\n<\/table>\n<\/div>\n<\/div>\n","protected":false},"excerpt":{"rendered":"<ul class=\"l pr-des-featured\">\n<li>\u0110i\u1ec1u h\u00f2a Daikin inverter 1 chi\u1ec1u 18000BTU FTKA50UAVMV<\/li>\n<li>Thi\u1ebft k\u1ebf coanda l\u00e0m l\u1ea1nh tho\u1ea3i m\u00e1i d\u1ec5 ch\u1ecbu<\/li>\n<li>C\u00f4ng ngh\u1ec7 Inverter ti\u1ebft ki\u1ec7m \u0111i\u1ec7n, v\u1eadn h\u00e0nh \u00eam \u00e1i<\/li>\n<li>Di\u1ec7t khu\u1ea9n, kh\u1eed m\u00f9i v\u1edbi t\u1ea5m l\u1ecdc Apatit Titan<\/li>\n<li>Xu\u1ea5t x\u1ee9: Ch\u00ednh h\u00e3ng Vi\u1ec7t Nam \/ Th\u00e1i Lan<\/li>\n<li>B\u1ea3o h\u00e0nh: M\u00e1y 1 n\u0103m, m\u00e1y n\u00e9n 5 n\u0103m<\/li>\n<\/ul>\n","protected":false},"featured_media":6622,"comment_status":"open","ping_status":"closed","template":"","meta":[],"_links":{"self":[{"href":"http:\/\/maudep.com.vn\/chuyengiadienmay\/index.php?rest_route=\/wp\/v2\/product\/6001"}],"collection":[{"href":"http:\/\/maudep.com.vn\/chuyengiadienmay\/index.php?rest_route=\/wp\/v2\/product"}],"about":[{"href":"http:\/\/maudep.com.vn\/chuyengiadienmay\/index.php?rest_route=\/wp\/v2\/types\/product"}],"replies":[{"embeddable":true,"href":"http:\/\/maudep.com.vn\/chuyengiadienmay\/index.php?rest_route=%2Fwp%2Fv2%2Fcomments&post=6001"}],"wp:featuredmedia":[{"embeddable":true,"href":"http:\/\/maudep.com.vn\/chuyengiadienmay\/index.php?rest_route=\/wp\/v2\/media\/6622"}],"wp:attachment":[{"href":"http:\/\/maudep.com.vn\/chuyengiadienmay\/index.php?rest_route=%2Fwp%2Fv2%2Fmedia&parent=6001"}],"curies":[{"name":"wp","href":"https:\/\/api.w.org\/{rel}","templated":true}]}}