{"id":6003,"date":"2019-05-28T10:29:39","date_gmt":"2019-05-28T03:29:39","guid":{"rendered":"http:\/\/maudep.com.vn\/chuyengiadienmay\/?post_type=product&#038;p=6003"},"modified":"2021-10-15T10:56:10","modified_gmt":"2021-10-15T03:56:10","slug":"dieu-hoa-daikin-1-chieu-24-000btu-inverter-ftkc71uvmv","status":"publish","type":"product","link":"http:\/\/maudep.com.vn\/chuyengiadienmay\/?product=dieu-hoa-daikin-1-chieu-24-000btu-inverter-ftkc71uvmv","title":{"rendered":"\u0110i\u1ec1u h\u00f2a Daikin 1 chi\u1ec1u 24.000BTU inverter FTKC71UVMV"},"content":{"rendered":"<div id=\"chitiet-1\" class=\"w-pd-i-content\">\n<div id=\"chitiet-1\" class=\"w-pd-i-content\">\n<p class=\"w-pd-i-c-head\">\n<p>Daikin\u00a0<strong>FTKC71UVMV\u00a0<\/strong>&#8211; \u0110i\u1ec1u h\u00f2a Daikin 1 chi\u1ec1u 24000BTU\u00a0inverter ti\u1ebft ki\u1ec7m \u0111i\u1ec7n s\u1eed d\u1ee5ng gas R32 thi\u1ebft k\u1ebf d\u00e0n l\u1ea1nh\u00a0COANDA s\u1ea3n ph\u1ea9m m\u1edbi nh\u1ea5t \u0111\u01b0\u1ee3c Daikin ch\u00ednh th\u1ee9c b\u00e1n ra v\u00e0o th\u00e1ng 5\/2019 thay th\u1ebf model c\u0169 FTKC71TVMV<\/p>\n<p><img src=\"https:\/\/banhangtaikho.com.vn\/Images\/Upload\/images\/daikin-ftkc71uvmv-5.jpg\" alt=\"\" \/><\/p>\n<h3>Thi\u1ebft k\u1ebf sang tr\u1ecdng, hi\u1ec7n \u0111\u1ea1i<\/h3>\n<p>Daikin\u00a0\u0111\u01b0\u1ee3c\u00a0bi\u1ebft\u00a0\u0111\u1ebfn\u00a0nh\u01b0\u00a0l\u00e0\u00a0ng\u01b0\u1eddi\u00a0s\u00e1ng\u00a0t\u1ea1o\u00a0th\u1ef1c\u00a0s\u1ef1\u00a0trong l\u0129nh v\u1ef1c c\u00f4ng nghi\u1ec7p \u0111i\u1ec1u h\u00f2a kh\u00f4ng kh\u00ed to\u00e0n c\u1ea7u\u00a0th\u00f4ng qua s\u1ef1 \u0111\u1ed5i m\u1edbi kh\u00f4ng ng\u1eebng trong c\u00f4ng ngh\u1ec7 v\u00e0\u00a0thi\u1ebft k\u1ebf s\u1ea3n ph\u1ea9m. Trong \u0111\u00f3\u00a0\u0111i\u1ec1u h\u00f2a Daikin\u00a0<strong>FTKC71UVMV\u00a0<\/strong>l\u00e0 m\u1ed9t trong nh\u1eefng d\u1eabn ch\u1ee9ng cho thi\u1ebft k\u1ebf \u0111\u00f3.\u00a0C\u00f4ng su\u1ea5t\u00a02400BTU, Daikin\u00a0<strong>FTKC71UVMV\u00a0<\/strong>ph\u00f9 h\u1ee3p l\u1eafp \u0111\u1eb7t cho c\u0103n ph\u00f2ng d\u01b0\u1edbi 40m2: Ph\u00f2ng kh\u00e1ch, ph\u00f2ng h\u1ecdp, nh\u00e0 h\u00e0ng&#8230;<\/p>\n<h3>Inverter ti\u1ebft ki\u1ec7m \u0111i\u1ec7n \u0111\u1ec9nh cao<\/h3>\n<p>D\u00f2ng s\u1ea3n ph\u1ea9m n\u00e0y c\u0169ng mang trong m\u00ecnh c\u00f4ng ngh\u1ec7 ti\u1ebft ki\u1ec7m n\u0103ng l\u01b0\u1ee3ng\u00a0n\u1ed5i ti\u1ebfng c\u1ee7a Daikin, nh\u1edd v\u00e0o m\u00e1y n\u00e9n swing \u0111\u01b0\u1ee3c c\u1ea3i ti\u1ebfn. Chi\u1ebfc m\u00e1y \u0111i\u1ec1u\u00a0h\u00f2a \u0111a n\u0103ng n\u00e0y l\u00e0 gi\u1ea3i ph\u00e1p to\u00e0n di\u1ec7n cho c\u00e1c nh\u00e0 thi\u1ebft k\u1ebf, ki\u1ebfn tr\u00fac s\u01b0\u00a0v\u00e0 nh\u1eefng gia ch\u1ee7 y\u00eau th\u00edch s\u1ef1 trang nh\u00e3.<\/p>\n<p><img src=\"https:\/\/banhangtaikho.com.vn\/Images\/Upload\/images\/daikin-inverter-tiet-kiem-dien-3.jpg\" alt=\"\" \/><\/p>\n<h3>Thi\u1ebft k\u1ebf\u00a0COANDA \u0111\u1ed9c \u0111\u00e1o<\/h3>\n<p>M\u00e1y\u00a0\u0111i\u1ec1u h\u00f2a\u00a0Daikin\u00a0inverter\u00a0<strong>FTKC71UVMV\u00a0<\/strong>thi\u1ebft k\u1ebf d\u00e0n l\u1ea1nh \u1ee9ng d\u1ee5ng\u00a0c\u00f4ng ngh\u1ec7\u00a0COANDA\u00a0gi\u00fap m\u00e1y l\u00e0m l\u1ea1nh t\u1eeb tr\u1ea7n nh\u00e0 \u0111\u1ebfn xung quanh t\u01b0\u1eddng mang l\u1ea1i c\u1ea3m gi\u00e1c tho\u1ea3i m\u00e1i s\u00e1ng kho\u00e1i nh\u1ea5t cho b\u1ea1n.\u00a0Hi\u1ec7u \u1ee9ng RADIANT COOLING &#8211; L\u00e0m l\u1ea1nh b\u1eb1ng t\u1ea3n nhi\u1ec7t l\u00e0m b\u1ea1n m\u00e1t m\u1ebb m\u00e0 kh\u00f4ng c\u1ea7n th\u1ed5i\u00a0lu\u1ed3ng gi\u00f3 tr\u1ef1c ti\u1ebfp. B\u1ea1n s\u1ebd c\u00f3 c\u1ea3m gi\u00e1c d\u1ec5 ch\u1ecbu nh\u01b0 khi d\u1ea1o b\u01b0\u1edbc v\u00e0o m\u1ed9t trung t\u00e2m th\u01b0\u01a1ng m\u1ea1i.<\/p>\n<p><img src=\"https:\/\/banhangtaikho.com.vn\/Images\/Upload\/images\/dieu-hoa-daikin-coanda.jpg\" alt=\"\" \/><\/p>\n<h3>C\u1ea3m bi\u1ebfn h\u1ed3ng ngo\u1ea1i m\u1eaft th\u1ea7n th\u00f4ng minh<\/h3>\n<p>M\u1eaft th\u1ea7n th\u00f4ng minh l\u00e0 c\u00f4ng ngh\u1ec7 nh\u1eb1m t\u0103ng hi\u1ec7u qu\u1ea3 ti\u1ebft ki\u1ec7m \u0111i\u1ec7n nh\u1edd vi\u1ec7c \u0111i\u1ec1u ch\u1ec9nh nhi\u1ec7t \u0111\u1ed9 d\u1ef1a tr\u00ean c\u1ea3m bi\u1ebfn h\u1ed3ng ngo\u1ea1i ph\u00e1t hi\u1ec7n chuy\u1ec3n \u0111\u1ed9ng ng\u01b0\u1eddi d\u00f9ng. Khi kh\u00f4ng ph\u00e1t hi\u1ec7n chuy\u1ec3n \u0111\u1ed9ng ng\u01b0\u1eddi d\u00f9ng, m\u00e1y s\u1ebd \u0111i\u1ec1u ch\u1ec9nh t\u0103ng 2 \u0111\u1ed9. Ng\u01b0\u1ee3c l\u1ea1i, n\u1ebfu c\u00f3 ng\u01b0\u1eddi d\u00f9ng trong ph\u00f2ng, m\u00e1y s\u1ebd quay l\u1ea1i nhi\u1ec7t \u0111\u1ed9 ban \u0111\u1ea7u \u0111\u1ec3 \u0111\u1ea3m b\u1ea3o \u0111\u1ed9 l\u1ea1nh.<\/p>\n<h3>S\u1eed d\u1ee5ng gas R32 th\u00e2n thi\u1ec7n m\u00f4i tr\u01b0\u1eddng<\/h3>\n<p><img src=\"https:\/\/banhangtaikho.com.vn\/Images\/Upload\/images\/daikin-gas-r32-1.jpg\" alt=\"\" \/><\/p>\n<p>L\u00e0 c\u00f4ng ty duy nh\u1ea5t tr\u00ean th\u1ebf gi\u1edbi s\u1ea3n xu\u1ea5t c\u1ea3 m\u00e1y \u0111i\u1ec1u h\u00f2a kh\u00f4ng kh\u00ed v\u00e0 m\u00f4i ch\u1ea5t l\u1ea1nh, Daikin kh\u00f4ng ng\u1eebng nghi\u00ean c\u1ee9u c\u00e1c lo\u1ea1i m\u00f4i ch\u1ea5t l\u1ea1nh c\u0169ng nh\u01b0 nh\u1eefng c\u00f4ng ngh\u1ec7 th\u00e2n thi\u1ec7n v\u1edbi m\u00f4i tr\u01b0\u1eddng \u0111\u1ec3 \u1ee9ng d\u1ee5ng cho m\u00e1y \u0111i\u1ec1u h\u00f2a. Bi\u1ebfn \u0111\u1ed5i kh\u00ed h\u1eadu gia t\u0103ng khi\u1ebfn nhu c\u1ea7u v\u1ec1 m\u1ed9t lo\u1ea1i m\u00f4i ch\u1ea5t l\u1ea1nh c\u00f3 t\u00e1c \u0111\u1ed9ng t\u1ed1i thi\u1ec3u \u0111\u1ed1i v\u1edbi t\u00ecnh tr\u1ea1ng n\u00f3ng l\u00ean to\u00e0n c\u1ea7u tr\u1edf l\u00ean c\u1ea5p thi\u1ebft. Gi\u1edd \u0111\u00e2y Daikin \u0111\u00e3 s\u1eed d\u1ee5ng\u00a0gas R32, m\u00f4i ch\u1ea5t l\u1ea1nh th\u1ebf h\u1ec7 m\u1edbi kh\u00f4ng ch\u1ee9a ch\u1ea5t g\u00e2y suy gi\u1ea3m t\u1ea7ng ozone v\u00e0 c\u00f3 t\u00e1c \u0111\u1ed9ng l\u00e0m n\u00f3ng tr\u00e1i \u0111\u1ea5t r\u1ea5t th\u1ea5p.<\/p>\n<h3>Th\u01b0\u01a1ng hi\u1ec7u h\u00e0ng \u0111\u1ea7u Nh\u1eadt B\u1ea3n, s\u1ea3n xu\u1ea5t Th\u00e1i Lan<\/h3>\n<p>Th\u00e1i Lan \u0111\u1ea5t n\u01b0\u1edbc \u0111\u01b0\u1ee3c bi\u1ebft \u0111\u1ebfn l\u00e0 c\u00e1i n\u00f4i s\u1ea3n xu\u1ea5t r\u1ea5t nhi\u1ec1u s\u1ea3n ph\u1ea9m \u0111i\u1ec7n t\u1eed, \u0111i\u1ec7n l\u1ea1nh c\u1ee7a c\u00e1c th\u01b0\u01a1ng hi\u1ec7u h\u00e0ng \u0111\u1ea7u tr\u00ean th\u1ebf gi\u1edbi c\u00f3 th\u1ec3 k\u1ec3 \u0111\u1ebfn: Panasonic, Toshiba, Mitsubishi Heavy&#8230;V\u00ec th\u1ebf B\u1ea1n ho\u00e0n to\u00e0n y\u00ean t\u00e2m v\u1edbi m\u1ed7i s\u1ea3n ph\u1ea9m m\u00e1y\u00a0\u0111i\u1ec1u h\u00f2a\u00a0Daikin \u0111\u01b0\u1ee3c s\u1ea3n xu\u1ea5t tr\u00ean d\u00e2y truy\u1ec1n ti\u00ean ti\u1ebfn hi\u1ec7n \u0111\u1ea1i nh\u1ea5t, c\u00f9ng quy tr\u00ecnh ki\u1ec3m tra s\u1ea3n ph\u1ea9m nghi\u00eam ng\u1eb7t mang \u0111\u1ebfn cho ng\u01b0\u1eddi ti\u00eau d\u00f9ng s\u1ea3n ph\u1ea9m \u0111\u00e1p \u1ee9ng ti\u00eau chu\u1ea9n quy m\u00f4 To\u00e0n C\u1ea7u.<\/p>\n<div class=\"cl\"><\/div>\n<\/div>\n<div id=\"chitiet-2\" class=\"w-pd-i-content\">\n<p class=\"w-pd-i-c-head\">\u00a0Th\u1ed1ng s\u1ed1 k\u1ef9 thu\u1eadt \u0110i\u1ec1u h\u00f2a Daikin 1 chi\u1ec1u 24.000BTU inverter FTKC71UVMV<\/p>\n<div class=\"cl\"><\/div>\n<table border=\"0\" cellspacing=\"0\" cellpadding=\"0\">\n<tbody>\n<tr>\n<td colspan=\"3\">\u0110i\u1ec1u h\u00f2a Daikin<\/td>\n<td>3 HP<\/td>\n<\/tr>\n<tr>\n<td colspan=\"3\">D\u00e3y c\u00f4ng su\u1ea5t<\/td>\n<td>25,000 Btu\/h<\/td>\n<\/tr>\n<tr>\n<td rowspan=\"2\">C\u00f4ng su\u1ea5t \u0111\u1ecbnh m\u1ee9c<\/td>\n<td>[T\u1ed1i thi\u1ec3u &#8211; T\u1ed1i \u0111a]<\/td>\n<td>kW<\/td>\n<td>7.1 (2.1 &#8211; 7.5)<\/td>\n<\/tr>\n<tr>\n<td>[T\u1ed1i thi\u1ec3u &#8211; T\u1ed1i \u0111a]<\/td>\n<td>Btu\/h<\/td>\n<td>24,200<br \/>\n(7,200 &#8211; 25,600)<\/td>\n<\/tr>\n<tr>\n<td colspan=\"3\">Ngu\u1ed3n \u0111i\u1ec7n<\/td>\n<td>1 pha, 220-240V, 50Hz \/ 220-230V, 60 Hz<\/td>\n<\/tr>\n<tr>\n<td colspan=\"3\">D\u00f2ng \u0111i\u1ec7n ho\u1ea1t \u0111\u1ed9ng<\/td>\n<td>10<\/td>\n<\/tr>\n<tr>\n<td>\u0110i\u1ec7n n\u0103ng ti\u00eau th\u1ee5<\/td>\n<td>[T\u1ed1i thi\u1ec3u &#8211; T\u1ed1i \u0111a]<\/td>\n<td>W<\/td>\n<td>2,230 (400 &#8211; 2,625)<\/td>\n<\/tr>\n<tr>\n<td colspan=\"3\">CSPF<\/td>\n<td>5,86<\/td>\n<\/tr>\n<tr>\n<td colspan=\"3\">D\u00c0N L\u1ea0NH<\/td>\n<td>FTKC71UVMV<\/td>\n<\/tr>\n<tr>\n<td colspan=\"3\">M\u00e0u m\u1eb7t n\u1ea1<\/td>\n<td>Tr\u1eafng<\/td>\n<\/tr>\n<tr>\n<td rowspan=\"4\">L\u01b0u l\u01b0\u1ee3ng gi\u00f3<\/td>\n<td>Cao<\/td>\n<td>m<sup>3<\/sup>\/ph\u00fat<\/td>\n<td>19,4<\/td>\n<\/tr>\n<tr>\n<td>Trung b\u00ecnh<\/td>\n<td>m<sup>3<\/sup>\/ph\u00fat<\/td>\n<td>15,4<\/td>\n<\/tr>\n<tr>\n<td>Th\u1ea5p<\/td>\n<td>m<sup>3<\/sup>\/ph\u00fat<\/td>\n<td>11,6<\/td>\n<\/tr>\n<tr>\n<td>Y\u00ean t\u0129nh<\/td>\n<td>m<sup>3<\/sup>\/ph\u00fat<\/td>\n<td>9,3<\/td>\n<\/tr>\n<tr>\n<td colspan=\"3\">T\u1ed1c \u0111\u1ed9 qu\u1ea1t<\/td>\n<td>5 c\u1ea5p, \u00eam v\u00e0 t\u1ef1 \u0111\u1ed9ng<\/td>\n<\/tr>\n<tr>\n<td colspan=\"2\">\u0110\u1ed9 \u1ed3n (Cao\/Trung b\u00ecnh\/ Th\u1ea5p\/Y\u00ean T\u0129nh<\/td>\n<td>dB(A)<\/td>\n<td>46 \/ 42 \/ 37 \/ 29<\/td>\n<\/tr>\n<tr>\n<td colspan=\"2\">K\u00edch th\u01b0\u1edbc (Cao x R\u1ed9ng x D\u00e0y)<\/td>\n<td>mm<\/td>\n<td>295 x 990 x 281<\/td>\n<\/tr>\n<tr>\n<td colspan=\"2\">Kh\u1ed1i l\u01b0\u1ee3ng<\/td>\n<td>kg<\/td>\n<td>13<\/td>\n<\/tr>\n<tr>\n<td colspan=\"3\">D\u00e0n n\u00f3ng<\/td>\n<td>RKC71UVMV<\/td>\n<\/tr>\n<tr>\n<td colspan=\"3\">M\u00e0u v\u1ecf m\u00e1y<\/td>\n<td>Tr\u1eafng ng\u00e0<\/td>\n<\/tr>\n<tr>\n<td rowspan=\"2\">M\u00e1y n\u00e9n<\/td>\n<td colspan=\"2\">Lo\u1ea1i<\/td>\n<td>M\u00e1y n\u00e9n Swing d\u1ea1ng k\u00edn<\/td>\n<\/tr>\n<tr>\n<td>C\u00f4ng su\u1ea5t \u0111\u1ea7u ra<\/td>\n<td>W<\/td>\n<td>1.300<\/td>\n<\/tr>\n<tr>\n<td rowspan=\"2\">M\u00f4i ch\u1ea5t l\u1ea1nh<\/td>\n<td colspan=\"2\">Lo\u1ea1i<\/td>\n<td>R-32<\/td>\n<\/tr>\n<tr>\n<td>Kh\u1ed1i l\u01b0\u1ee3ng n\u1ea1p<\/td>\n<td>Kg<\/td>\n<td>0,59<\/td>\n<\/tr>\n<tr>\n<td colspan=\"2\">\u0110\u1ed9 \u1ed3n (Cao \/ R\u1ea5t th\u1ea5p)<\/td>\n<td>dB(A)<\/td>\n<td>51 \/ 46<\/td>\n<\/tr>\n<tr>\n<td>K\u00edch th\u01b0\u1edbc (Cao x R\u1ed9ng x D\u00e0y)<\/td>\n<td><\/td>\n<td>mm<\/td>\n<td>595 x 845 x 300<\/td>\n<\/tr>\n<tr>\n<td colspan=\"2\">Kh\u1ed1i l\u01b0\u1ee3ng<\/td>\n<td>Kg<\/td>\n<td>35<\/td>\n<\/tr>\n<tr>\n<td colspan=\"2\">Gi\u1edbi h\u1ea1n ho\u1ea1t \u0111\u1ed9ng<\/td>\n<td>CDB<\/td>\n<td>19.4 \u0111\u1ebfn 46<\/td>\n<\/tr>\n<tr>\n<td rowspan=\"3\">K\u1ebft n\u1ed1i \u1ed1ng<\/td>\n<td>L\u1ecfng<\/td>\n<td>mm<\/td>\n<td>\u00f86.4<\/td>\n<\/tr>\n<tr>\n<td>H\u01a1i<\/td>\n<td>mm<\/td>\n<td>\u00f815.9<\/td>\n<\/tr>\n<tr>\n<td>N\u01b0\u1edbc x\u1ea3<\/td>\n<td>mm<\/td>\n<td>\u00f816.0<\/td>\n<\/tr>\n<tr>\n<td colspan=\"2\">Chi\u1ec1u d\u00e0i t\u1ed1i \u0111a<\/td>\n<td>m<\/td>\n<td>30<\/td>\n<\/tr>\n<tr>\n<td colspan=\"2\">Ch\u00eanh l\u1ec7ch \u0111\u1ed9 cao t\u1ed1i \u0111a<\/td>\n<td>m<\/td>\n<td>20<\/td>\n<\/tr>\n<\/tbody>\n<\/table>\n<\/div>\n<\/div>\n","protected":false},"excerpt":{"rendered":"<p>&nbsp;<\/p>\n<ul>\n<li>\u0110i\u1ec1u h\u00f2a Daikin FTKC71UVMV\/RKC71UVMV<\/li>\n<li>1 chi\u1ec1u &#8211; 24.000BTU (3HP) &#8211; Gas R32<\/li>\n<li>Inverter ti\u1ebft ki\u1ec7m \u0111i\u1ec7n, m\u1eaft th\u1ea7n th\u00f4ng minh<\/li>\n<li>Thi\u1ebft k\u1ebf COANDA, kh\u1eed \u1ea9m hi\u1ec7u qu\u1ea3<\/li>\n<li>Xu\u1ea5t x\u1ee9: Ch\u00ednh h\u00e3ng Th\u00e1i Lan<\/li>\n<li>B\u1ea3o h\u00e0nh: M\u00e1y 1 n\u0103m, m\u00e1y n\u00e9n 5 n\u0103m<\/li>\n<\/ul>\n<p>&nbsp;<\/p>\n","protected":false},"featured_media":6006,"comment_status":"open","ping_status":"closed","template":"","meta":[],"_links":{"self":[{"href":"http:\/\/maudep.com.vn\/chuyengiadienmay\/index.php?rest_route=\/wp\/v2\/product\/6003"}],"collection":[{"href":"http:\/\/maudep.com.vn\/chuyengiadienmay\/index.php?rest_route=\/wp\/v2\/product"}],"about":[{"href":"http:\/\/maudep.com.vn\/chuyengiadienmay\/index.php?rest_route=\/wp\/v2\/types\/product"}],"replies":[{"embeddable":true,"href":"http:\/\/maudep.com.vn\/chuyengiadienmay\/index.php?rest_route=%2Fwp%2Fv2%2Fcomments&post=6003"}],"wp:featuredmedia":[{"embeddable":true,"href":"http:\/\/maudep.com.vn\/chuyengiadienmay\/index.php?rest_route=\/wp\/v2\/media\/6006"}],"wp:attachment":[{"href":"http:\/\/maudep.com.vn\/chuyengiadienmay\/index.php?rest_route=%2Fwp%2Fv2%2Fmedia&parent=6003"}],"curies":[{"name":"wp","href":"https:\/\/api.w.org\/{rel}","templated":true}]}}