{"id":6056,"date":"2019-05-29T13:38:29","date_gmt":"2019-05-29T06:38:29","guid":{"rendered":"http:\/\/maudep.com.vn\/chuyengiadienmay\/?post_type=product&#038;p=6056"},"modified":"2021-10-14T14:37:04","modified_gmt":"2021-10-14T07:37:04","slug":"dieu-hoa-panasonic-24-000btu-1-chieu-inverter-u24vkh-8","status":"publish","type":"product","link":"http:\/\/maudep.com.vn\/chuyengiadienmay\/?product=dieu-hoa-panasonic-24-000btu-1-chieu-inverter-u24vkh-8","title":{"rendered":"\u0110i\u1ec1u h\u00f2a Panasonic 24.000BTU 1 chi\u1ec1u inverter U24VKH-8"},"content":{"rendered":"<div id=\"chitiet-1\" class=\"w-pd-i-content\">\n<div id=\"chitiet-1\" class=\"w-pd-i-content\">\n<h2>Panasonic U24VKH-8, \u0110i\u1ec1u h\u00f2a 24000BTU 1 chi\u1ec1u cao c\u1ea5p nh\u1ea5t 2021<\/h2>\n<p>\u0110i\u1ec1u h\u00f2a\u00a0Panasonic\u00a0<strong>U24VKH-8<\/strong>\u00a01 chi\u1ec1u 24000BTU (2.5HP) d\u00f2ng inverter cao c\u1ea5p, s\u1eed d\u1ee5ng gas R32\u00a0nh\u1eadp kh\u1ea9u ch\u00ednh h\u00e3ng Malaysia. Panasonic U24VKH-8\u00a0ra m\u1eaft n\u0103m\u00a02019 v\u00e0 ti\u1ebfp t\u1ee5c \u0111\u01b0\u1ee3c\u00a0<strong>duy tr\u00ec b\u00e1n trong n\u0103m 2021<\/strong>.<\/p>\n<p><img src=\"https:\/\/banhangtaikho.com.vn\/Images\/Product\/u24vkh8-Did8hU.jpg\" alt=\"Panasonic U24VKH-8, \u0110i\u1ec1u h\u00f2a Panasonic 1 chi\u1ec1u 24000BTU Inverter\" \/><\/p>\n<h2>\u0110i\u1ec1u h\u00f2a Panasonic \u0110\u1ec8NH CAO c\u1ee7a s\u1ef1 tinh t\u1ebf<\/h2>\n<p>M\u00e1y\u00a0\u0111i\u1ec1u h\u00f2a Panasonic\u00a01 chi\u1ec1u\u00a0<strong>U24VKH-8<\/strong>\u00a0\u0111\u01b0\u1eddng n\u00e9t tinh t\u1ebf, m\u1ec1m m\u1ea1i, b\u1ec1 m\u1eb7t \u0111\u01b0\u1ee3c ph\u1ee7 l\u1edbp \u00e1nh ng\u1ecdc trai trang nh\u00e3, k\u1ebft h\u1ee3p \u0111\u01b0\u1eddng vi\u1ec1n m\u1ea1 Cr\u00f4m \u00e1nh b\u1ea1c\u00a0l\u00e0m t\u00f4n vinh v\u1ebb \u0111\u1eb9p sang tr\u1ecdng hi\u1ec7n \u0111\u1ea1i cho\u00a0c\u0103n ph\u00f2ng c\u1ee7a B\u1ea1n t\u1eeb m\u1ecdi g\u00f3c nh\u00ecn.<\/p>\n<p>V\u1edbi c\u00f4ng su\u1ea5t \u0111i\u1ec1u h\u00f2a\u00a024000BTU, Panasonic\u00a0<strong>U24VKH-8<\/strong>\u00a0l\u1ef1a ch\u1ecdn l\u1eafp \u0111\u1eb7t tuy\u1ec7t v\u1eddi cho\u00a0<strong>c\u0103n ph\u00f2ng di\u1ec7n t\u00edch\u00a0d\u01b0\u1edbi 40m<sup>2<\/sup><\/strong>: Ph\u00f2ng kh\u00e1ch, ph\u00f2ng h\u1ecdp&#8230;<\/p>\n<p><img src=\"https:\/\/banhangtaikho.com.vn\/Images\/Upload\/images\/panasonic-u24vkh8-1.jpg\" alt=\"\" \/><\/p>\n<h2>Panasonic inverter &#8211; Ti\u1ebft ki\u1ec7m \u0111i\u1ec7n si\u00eau v\u01b0\u1ee3t tr\u1ed9i<\/h2>\n<p>M\u00e1y\u00a0\u0111i\u1ec1u h\u00f2a\u00a0Panasonic\u00a0<strong>U24VKH-8<\/strong>\u00a0\u0111\u01b0\u1ee3c trang b\u1ecb\u00a0c\u00f4ng ngh\u1ec7 inverter\u00a0thay \u0111\u1ed5i t\u1ed1c \u0111\u1ed9 quay c\u1ee7a m\u00e1y n\u00e9n, \u0111\u1ec3 duy tr\u00ec ch\u00ednh x\u00e1c nhi\u1ec7t \u0111\u1ed9 c\u00e0i \u0111\u1eb7t. Do \u0111\u00f3, m\u00e1y \u0111i\u1ec1u h\u00f2a Panasonic inverter\u00a0<strong>U24VKH-8<\/strong>\u00a0gi\u00fap ti\u1ebft ki\u1ec7m \u0111i\u1ec7n n\u0103ng v\u01b0\u1ee3t tr\u1ed9i v\u00e0 v\u1eabn \u0111\u1ea3m b\u1ea3o ng\u01b0\u1eddi d\u00f9ng lu\u00f4n c\u1ea3m th\u1ea5y tho\u1ea3i m\u00e1i d\u1ec5 ch\u1ecbu nh\u1ea5t.<\/p>\n<p><img src=\"https:\/\/banhangtaikho.com.vn\/Images\/Upload\/images\/may%20dieu%20hoa%20panasonic%20inverter.jpg\" alt=\"\" \/><\/p>\n<p>C\u00f4ng ngh\u1ec7 Inverter\u00a0m\u00e0\u00a0ng\u01b0\u1eddi ti\u00eau d\u00f9ng d\u1ec5 d\u00e0nh c\u1ea3m nh\u1eadn v\u00e0 \u0111\u00e1nh gi\u00e1 nh\u1ea5t. Nh\u1edd duy tr\u00ec nhi\u1ec7t \u0111\u1ed9 \u1ed5n \u0111\u1ecbnh, v\u1eadn h\u00e0nh \u00eam \u00e1i\u00a0mang \u0111\u1ebfn cho b\u1ea1n gi\u1ea5c ng\u1ee7 ngon h\u01a1n.<\/p>\n<h2>V\u1edbi \u0111i\u1ec1u h\u00f2a Panasonic gi\u00fap\u00a0B\u1ea1n t\u1eadn h\u01b0\u1edfng m\u00e1t l\u1ea1nh t\u1eebng gi\u00e2y<\/h2>\n<p>C\u00f3 qu\u00e1 nhi\u1ec1u \u0111i\u1ec1u tuy\u1ec7t v\u1eddi khi nh\u1eafc\u00a0\u0111\u1ebfn \u0111i\u1ec1u h\u00f2a Panasonic trong \u0111\u00f3 ph\u1ea3i n\u00f3i \u0111\u1ebfn kh\u1ea3 n\u0103ng l\u00e0m l\u1ea1nh nhanh ch\u00f3ng m\u00e0 ch\u01b0a c\u00f3 h\u00e3ng \u0111i\u1ec1u h\u00f2a n\u00e0o so k\u1ecbp.<\/p>\n<p><strong>B\u1edfi v\u00ec:<\/strong><\/p>\n<h3>C\u00f4ng ngh\u1ec7 l\u00e0m l\u1ea1nh nhanh P-Tech<\/h3>\n<p>\u0110i\u1ec1u h\u00f2a Panasonic 24000BTU\u00a0<strong>U24VKH-8<\/strong>\u00a0c\u00f9ng v\u1edbi vi\u1ec7c trang b\u1ecb\u00a0m\u00e1y n\u00e9n inverter c\u00f4ng su\u1ea5t cao, c\u00f2n \u0111\u01b0\u1ee3c t\u00edch h\u1ee3p c\u00f4ng ngh\u1ec7\u00a0l\u00e0m l\u1ea1nh nhanh\u00a0P-TECh\u00a0mang l\u1ea1i kh\u00f4ng kh\u00ed m\u00e1t l\u1ea1nh ngay t\u1ee9c th\u00ec trong th\u1eddi gian c\u1ef1c ng\u1eafn. Gi\u00fap b\u1ea1n t\u1eadn h\u01b0\u1edfng c\u1ea3m gi\u00e1c tho\u1ea3i m\u00e1i d\u1ec5 ch\u1ecbu ngay khi nh\u1ea5n n\u00fat \u0111i\u1ec1u khi\u1ec3n.<\/p>\n<p><img src=\"https:\/\/banhangtaikho.com.vn\/Images\/Upload\/images\/panasonic-aerowings-1.jpg\" alt=\"\" \/><\/p>\n<h3>C\u00e1nh \u0111\u1ea3o gi\u00f3 AEROWINGS<\/h3>\n<p>M\u00e1y \u0111i\u1ec1u h\u00f2a\u00a0Panasonic 1 chi\u1ec1u\u00a024000BTU inverter\u00a0<strong>CU\/CS-U24VKH-8<\/strong>\u00a0\u0111\u01b0\u1ee3c trang b\u1ecb 2\u00a0c\u00e1nh \u0111\u1ea3o gi\u00f3\u00a0AEROWINGS\u00a0\u0111\u1ed9c l\u1eadp gi\u00fap h\u01b0\u1edbng lu\u1ed3ng kh\u00f4ng kh\u00ed t\u1eadp trung \u0111\u1ec3 l\u00e0m m\u00e1t ph\u00f2ng m\u1ed9t c\u00e1ch hi\u1ec7u qu\u1ea3. Hai c\u00e1nh \u0111\u1ea3o gi\u00f3 c\u00f3 th\u1ec3 h\u01b0\u1edbng lu\u1ed3ng kh\u00ed l\u1ea1nh l\u00ean cao v\u1ec1 ph\u00eda tr\u1ea7n nh\u00e0, kh\u00f4ng kh\u00ed lan t\u1ecfa r\u1ed9ng kh\u1eafp gi\u00fap l\u00e0m m\u00e1t \u0111\u1ed3ng \u0111\u1ec1u, hay g\u1ecdi l\u00e0 l\u00e0m m\u00e1t d\u1ec5 ch\u1ecbu.<\/p>\n<h2>Panasonic Nanoe-G CH\u1eb2NG S\u1ee2 vi khu\u1ea9n, vi r\u00fat &amp; n\u1ea5m m\u1ed1c<\/h2>\n<p>Nh\u01b0 c\u00e1c b\u1ea1n bi\u1ebft kh\u00f4ng gian s\u1ed1ng c\u1ee7a ch\u00fang ta c\u00f3 nhi\u1ec1u lo\u1ea1i ch\u1ea5t g\u00e2y d\u1ecb \u1ee9ng, nh\u01b0 b\u1ee5i b\u1ea9n trong nh\u00e0, n\u1ea5m m\u1ed1c, l\u00f4ng th\u00fa nu\u00f4i. B\u1ee5i trong nh\u00e0 \u0111\u01b0\u1ee3c cho l\u00e0 nguy\u00ean nh\u00e2n ch\u00ednh g\u00e2y ra hen suy\u1ec5n.<\/p>\n<p>Th\u1ea5u hi\u1ec3u \u0111\u01b0\u1ee3c \u0111i\u1ec1u n\u00e0y: \u0110\u1ec3 b\u1ea3o v\u1ec7 s\u1ee9c kh\u1ecfe c\u1ee7a B\u1ea1n, m\u00e1y \u0111i\u1ec1u h\u00f2a kh\u00f4ng kh\u00ed Panasonic \u0111\u00e3 t\u00edch h\u1ee3p\u00a0c\u00f4ng ngh\u1ec7 l\u1ecdc kh\u00ed Nanoe-G\u00a0ti\u00ean ti\u1ebfn. Nanoe-G gi\u1ea3i ph\u00f3ng 3 ng\u00e0n t\u1ef7 h\u1ea1t si\u00eau nh\u1ecf gi\u00fap l\u00e0m s\u1ea1ch kh\u00f4ng kh\u00ed\u00a0trong ph\u00f2ng, \u0111em l\u1ea1i cho gia \u0111\u00ecnh b\u1ea1n kh\u00f4ng gian s\u1ed1ng trong l\u00e0nh v\u00e0 s\u1ea1ch s\u1ebd h\u01a1n.<\/p>\n<p><img src=\"https:\/\/banhangtaikho.com.vn\/Images\/Upload\/images\/panasonic-nanoe-g-2.jpg\" alt=\"\" \/><\/p>\n<h2>\u0110i\u1ec1u khi\u1ec3n t\u1eeb xa d\u1ec5 s\u1eed d\u1ee5ng<\/h2>\n<p>\u0110i\u1ec1u khi\u1ec3n \u0111i\u1ec1u h\u00f2a\u00a0Panasonic\u00a0<strong>CU\/CS-U24VKH-8<\/strong>\u00a0\u0111\u01b0\u1ee3c trang b\u1ecb m\u00e0n h\u00ecnh LCD l\u1edbn d\u1ec5 s\u1eed d\u1ee5ng. Nh\u1edd th\u1ebf b\u1ea1n c\u00f3 th\u1ec3 tho\u1ea3i m\u00e1i s\u1eed d\u1ee5ng d\u1ec5 d\u00e0ng v\u00e0 t\u1eadn h\u01b0\u1edfng nh\u1eefng ti\u1ec7n \u00edch c\u1ee7a m\u00e1y \u0111i\u1ec1u h\u00f2a Panasonic mang l\u1ea1i.<\/p>\n<p><img src=\"https:\/\/banhangtaikho.com.vn\/Images\/Product\/large_u24vkh8-Hy5Y53.jpg\" alt=\"Panasonic U24VKH-8, \u00c4\u0090i\u00e1\u00bb\u0081u h\u00c3\u00b2a Panasonic 24.000BTU 1 chi\u00e1\u00bb\u0081u inverter\" \/><\/p>\n<h2>\u0110\u1ed9 b\u1ec1n cao th\u00e1ch th\u1ee9c th\u1eddi gian<\/h2>\n<p>Th\u01b0\u01a1ng hi\u1ec7u Nh\u1eadt B\u1ea3n, s\u1ea3n ph\u1ea9m Nh\u1eadt B\u1ea3n c\u00f3 v\u1ecb th\u1ebf v\u1eefng ch\u1eafc trong l\u00f2ng ng\u01b0\u1eddi ti\u00eau d\u00f9ng Vi\u1ec7t v\u1ec1 ch\u1ea5t l\u01b0\u1ee3ng, \u0111\u1ed9 b\u1ec1n. \u0110i\u1ec1u h\u00f2a Panasonic\u00a0<strong>U24VKH-8<\/strong>\u00a0c\u0169ng v\u1eady, m\u1ed7i s\u1ea3n ph\u1ea9m Panasonic lu\u00f4n \u0111\u01b0\u1ee3c ki\u1ec3m tra nghi\u00eam ng\u1eb7t v\u1ec1 \u0111\u1ed9 b\u1ec1n c\u1ee7a m\u00e1y tr\u01b0\u1edbc khi \u0111\u01b0a ra th\u1ecb tr\u01b0\u1eddng.<\/p>\n<p><img src=\"https:\/\/banhangtaikho.com.vn\/Images\/Upload\/images\/dan-nong-panasonic.jpg\" \/><\/p>\n<p>D\u1ea3n t\u1ea3n nhi\u1ec7t \u1ed1ng \u0111\u1ed3ng c\u1ee7a m\u00e1y\u00a0\u0111i\u1ec1u h\u00f2a\u00a01 chi\u1ec1u inverter Panasonic\u00a0<strong>U24VKH-8<\/strong>\u00a0gi\u00fap trao \u0111\u1ed5i nhi\u1ec7t t\u1ed1t h\u01a1n, kh\u1ea3 n\u0103ng l\u00e0m l\u1ea1nh cao h\u01a1n, d\u1ec5 d\u00e0ng v\u1ec7 sinh v\u00e0 b\u1ea3o d\u01b0\u1ee1ng.<\/p>\n<h2>Gas R32 \u2013 Th\u00e2n thi\u1ec7n m\u00f4i tr\u01b0\u1eddng<\/h2>\n<p><img src=\"https:\/\/banhangtaikho.com.vn\/Images\/Upload\/images\/gas-r32.jpg\" \/><\/p>\n<p>\u0110i\u1ec1u h\u00f2a\u00a0Panasonic 24000BTU\u00a01 chi\u1ec1u\u00a0<strong>U24VKH-8<\/strong>\u00a0s\u1eed d\u1ee5ng\u00a0gas R32\u00a0l\u00e0 m\u00f4i ch\u1ea5t l\u00e0m l\u1ea1nh m\u1edbi nh\u1ea5t v\u1edbi nhi\u1ec1u \u01b0u \u0111i\u1ec3m: Hi\u1ec7u su\u1ea5t l\u00e0m l\u1ea1nh cao gi\u00fap ti\u1ebft ki\u1ec7m \u0111i\u1ec7n n\u0103ng, kh\u00f4ng t\u00e1c \u0111\u1ed9ng \u0111\u1ebfn t\u1ea7ng \u00f4-z\u00f4n th\u00e2n thi\u1ec7n v\u1edbi m\u00f4i tr\u01b0\u1eddng.<\/p>\n<div><\/div>\n<div class=\"cl\">\u00a0Th\u1ed1ng s\u1ed1 k\u1ef9 thu\u1eadt \u0110i\u1ec1u h\u00f2a Panasonic 24.000BTU 1 chi\u1ec1u inverter U24VKH-8<\/div>\n<\/div>\n<div id=\"chitiet-2\" class=\"w-pd-i-content\">\n<div class=\"cl\"><\/div>\n<table border=\"0\" cellspacing=\"0\" cellpadding=\"0\">\n<tbody>\n<tr>\n<td colspan=\"2\" rowspan=\"2\"><strong>\u0110i\u1ec1u h\u00f2a Panasonic<\/strong><\/td>\n<td rowspan=\"2\"><strong>(50Hz)<\/strong><\/td>\n<td rowspan=\"2\"><strong>CS-U24VKH-8<br \/>\n(CU-U24VKH-8)<\/strong><\/td>\n<\/tr>\n<tr>\n<td rowspan=\"2\">C\u00f4ng su\u1ea5t l\u00e0m l\u1ea1nh<\/td>\n<td rowspan=\"2\">(nh\u1ecf nh\u1ea5t &#8211; L\u1edbn nh\u1ea5t)<\/td>\n<td>k\/W<\/td>\n<td>6.00(1.12-6.90)<\/td>\n<\/tr>\n<tr>\n<td>Btu\/h<\/td>\n<td>20,500(3,820-23,500)<\/td>\n<\/tr>\n<tr>\n<td colspan=\"3\">Ch\u1ec9 s\u1ed1 hi\u1ec7u su\u1ea5t n\u0103ng l\u01b0\u1ee3ng (CSPF)<\/td>\n<td>6.21<\/td>\n<\/tr>\n<tr>\n<td>EER<\/td>\n<td>(nh\u1ecf nh\u1ea5t &#8211; L\u1edbn nh\u1ea5t)<\/td>\n<td>W\/W<\/td>\n<td>3.64(3.50-3.37)<\/td>\n<\/tr>\n<tr>\n<td rowspan=\"3\">Th\u00f4ng s\u1ed1 \u0111i\u1ec7n<\/td>\n<td>\u0110i\u1ec7n \u00e1p<\/td>\n<td>V<\/td>\n<td>220<\/td>\n<\/tr>\n<tr>\n<td>C\u01b0\u1eddng \u0111\u1ed9 d\u00f2ng<\/td>\n<td>A<\/td>\n<td>7.7<\/td>\n<\/tr>\n<tr>\n<td>\u0110i\u1ec7n v\u00e0o<br \/>\n(nh\u1ecf nh\u1ea5t &#8211; l\u1edbn nh\u1ea5t)<\/td>\n<td>W<\/td>\n<td>1,650(320-2,050)<\/td>\n<\/tr>\n<tr>\n<td colspan=\"2\" rowspan=\"2\">Kh\u1eed \u1ea9m<\/td>\n<td>L\/h<\/td>\n<td>3.3<\/td>\n<\/tr>\n<tr>\n<td>Pt\/h<\/td>\n<td>7.0<\/td>\n<\/tr>\n<tr>\n<td rowspan=\"2\">L\u01b0u l\u01b0\u1ee3ng kh\u00f4ng kh\u00ed<\/td>\n<td>Kh\u1ed1i trong nh\u00e0<\/td>\n<td>m<sup>3<\/sup>\/min (ft<sup>3<\/sup>\/min)<\/td>\n<td>20.3(715)<\/td>\n<\/tr>\n<tr>\n<td>Kh\u1ed1i ngo\u00e0i tr\u1eddi<\/td>\n<td>m<sup>3<\/sup>\/min(ft<sup>3<\/sup>\/min)<\/td>\n<td>46.3(1,635)<\/td>\n<\/tr>\n<tr>\n<td rowspan=\"2\">\u0110\u1ed9 \u1ed3n<\/td>\n<td>Trong nh\u00e0 (H\/L\/Q-Lo)<\/td>\n<td>dB(A)<\/td>\n<td>46\/36\/33<\/td>\n<\/tr>\n<tr>\n<td>Ngo\u00e0i tr\u1eddi (H\/L)<\/td>\n<td>dB(A)<\/td>\n<td>50<\/td>\n<\/tr>\n<tr>\n<td rowspan=\"6\">K\u00edch th\u01b0\u1edbc<\/td>\n<td rowspan=\"2\">Cao<\/td>\n<td>mm<\/td>\n<td>302(695)<\/td>\n<\/tr>\n<tr>\n<td>inch<\/td>\n<td>11-29\/32(27-3\/8)<\/td>\n<\/tr>\n<tr>\n<td rowspan=\"2\">R\u1ed9ng<\/td>\n<td>mm<\/td>\n<td>1,120(875)<\/td>\n<\/tr>\n<tr>\n<td>inch<\/td>\n<td>44-1\/8(34-15\/32)<\/td>\n<\/tr>\n<tr>\n<td rowspan=\"2\">S\u00e2u<\/td>\n<td>mm<\/td>\n<td>241(320)<\/td>\n<\/tr>\n<tr>\n<td>inch<\/td>\n<td>9-1\/2(12-5\/8)<\/td>\n<\/tr>\n<tr>\n<td rowspan=\"2\">Kh\u1ed1i l\u01b0\u1ee3ng t\u1ecbnh<\/td>\n<td>Kh\u1ed1i trong nh\u00e0<\/td>\n<td>kg(lb)<\/td>\n<td>12(26)<\/td>\n<\/tr>\n<tr>\n<td>Kh\u1ed1i ngo\u00e0i tr\u1eddi<\/td>\n<td>kg(Ib)<\/td>\n<td>41(90)<\/td>\n<\/tr>\n<tr>\n<td rowspan=\"4\">\u0110\u01b0\u1eddng k\u00ecnh \u1ed1ng d\u1eabn<\/td>\n<td rowspan=\"2\">\u1ed0ng l\u1ecfng<\/td>\n<td>mm<\/td>\n<td>\u00f86.35<\/td>\n<\/tr>\n<tr>\n<td>inch<\/td>\n<td>1\/4<\/td>\n<\/tr>\n<tr>\n<td rowspan=\"2\">\u1ed0ng ga<\/td>\n<td>mm<\/td>\n<td>\u00f815.88<\/td>\n<\/tr>\n<tr>\n<td>inch<\/td>\n<td>5\/8<\/td>\n<\/tr>\n<tr>\n<td rowspan=\"4\">N\u1ed1i \u1ed1ng d\u00e0i<\/td>\n<td>Chi\u1ec1u d\u00e0i \u1ed1ng chu\u1ea9n<\/td>\n<td>m<\/td>\n<td>10<\/td>\n<\/tr>\n<tr>\n<td>Chi\u1ec1u d\u00e0i \u1ed1ng t\u1ed1i \u0111a<\/td>\n<td>m<\/td>\n<td>30<\/td>\n<\/tr>\n<tr>\n<td>Ch\u00eanh l\u1ec7ch \u0111\u1ed9 cao t\u1ed1i \u0111a<\/td>\n<td>m<\/td>\n<td>20<\/td>\n<\/tr>\n<tr>\n<td colspan=\"2\">L\u01b0\u1ee3ng m\u00f4i ch\u1ea5t l\u1ea1nh ga c\u1ea7n b\u1ed5 sung\u00a0\u00a0\u00a0\u00a0\u00a0\u00a0\u00a0\u00a0\u00a0\u00a0\u00a0\u00a0 g\/m<\/td>\n<td>25<\/td>\n<\/tr>\n<tr>\n<td colspan=\"3\">Ngu\u1ed3n c\u1ea5p \u0111i\u1ec7n<\/td>\n<td>Kh\u1ed1i trong nh\u00e0<\/td>\n<\/tr>\n<\/tbody>\n<\/table>\n<\/div>\n<\/div>\n","protected":false},"excerpt":{"rendered":"<ul class=\"l pr-des-featured\">\n<li>\u0110i\u1ec1u h\u00f2a Panasonic CU\/CS-U24VKH-8<\/li>\n<li>1 chi\u1ec1u &#8211; 24.000BTU (2.5HP) &#8211; Gas R32<\/li>\n<li>Inverter ti\u1ebft ki\u1ec7m \u0111i\u1ec7n 65%, Nanoe-G di\u1ec7t khu\u1ea9n<\/li>\n<li>L\u00e0m m\u00e1t d\u1ec5 ch\u1ecbu AEROWINGS, C\u1ea3m bi\u1ebfn Econavi<\/li>\n<li>Xu\u1ea5t x\u1ee9: Ch\u00ednh h\u00e3ng Malaysia<\/li>\n<li>B\u1ea3o h\u00e0nh: M\u00e1y 1 n\u0103m, m\u00e1y n\u00e9n 7 n\u0103m<\/li>\n<\/ul>\n","protected":false},"featured_media":6600,"comment_status":"open","ping_status":"closed","template":"","meta":[],"_links":{"self":[{"href":"http:\/\/maudep.com.vn\/chuyengiadienmay\/index.php?rest_route=\/wp\/v2\/product\/6056"}],"collection":[{"href":"http:\/\/maudep.com.vn\/chuyengiadienmay\/index.php?rest_route=\/wp\/v2\/product"}],"about":[{"href":"http:\/\/maudep.com.vn\/chuyengiadienmay\/index.php?rest_route=\/wp\/v2\/types\/product"}],"replies":[{"embeddable":true,"href":"http:\/\/maudep.com.vn\/chuyengiadienmay\/index.php?rest_route=%2Fwp%2Fv2%2Fcomments&post=6056"}],"wp:featuredmedia":[{"embeddable":true,"href":"http:\/\/maudep.com.vn\/chuyengiadienmay\/index.php?rest_route=\/wp\/v2\/media\/6600"}],"wp:attachment":[{"href":"http:\/\/maudep.com.vn\/chuyengiadienmay\/index.php?rest_route=%2Fwp%2Fv2%2Fmedia&parent=6056"}],"curies":[{"name":"wp","href":"https:\/\/api.w.org\/{rel}","templated":true}]}}