{"id":6093,"date":"2019-05-29T14:44:22","date_gmt":"2019-05-29T07:44:22","guid":{"rendered":"http:\/\/maudep.com.vn\/chuyengiadienmay\/?post_type=product&#038;p=6093"},"modified":"2021-10-14T10:23:29","modified_gmt":"2021-10-14T03:23:29","slug":"dieu-hoa-panasonic-9000-btu-1-chieu-inverter-xpu9xkh-8","status":"publish","type":"product","link":"http:\/\/maudep.com.vn\/chuyengiadienmay\/?product=dieu-hoa-panasonic-9000-btu-1-chieu-inverter-xpu9xkh-8","title":{"rendered":"\u0110i\u1ec1u h\u00f2a Panasonic 9000 BTU 1 chi\u1ec1u inverter XPU9XKH-8"},"content":{"rendered":"<div id=\"chitiet-1\" class=\"w-pd-i-content\">\n<h2>Panasonic XPU9XKH-8, Model \u0111i\u1ec1u h\u00f2a Panasonic 2021 m\u1edbi nh\u1ea5t<\/h2>\n<p>\u0110i\u1ec1u h\u00f2a Panasonic 9000BTU 1 chi\u1ec1u inverter XPU9XKH-8\u00a0s\u1eed d\u1ee5ng gas R32 t\u00edch h\u1ee3p c\u00f4ng ngh\u1ec7 Nanoe-G nh\u1eadp kh\u1ea9u ch\u00ednh h\u00e3ng Malaysia model m\u1edbi nh\u1ea5t\u00a0\u0111i\u1ec1u h\u00f2a Panasonic\u00a02021.<\/p>\n<p><img src=\"https:\/\/banhangtaikho.com.vn\/Images\/Product\/xpu9xkh8-419yK7.jpg\" alt=\"Panasonic XPU9XKH-8, \u0110i\u1ec1u h\u00f2a Panasonic 9000 BTU 1 chi\u1ec1u inverter\" \/><\/p>\n<p><em><strong>Qu\u00fd kh\u00e1ch h\u00e0ng l\u01b0u \u00fd: CU\/CS-XPU9XKH-8 s\u1ebd thay th\u1ebf cho model CU\/CS-XPU9WKH-8<\/strong><\/em><\/p>\n<h2>Panasonic &#8211; \u0110i\u1ec1u h\u00f2a Nh\u1eadt B\u1ea3n, S\u1ea3n xu\u1ea5t t\u1ea1i Malaysia<\/h2>\n<p>Panasonic \u2013\u00a0<strong>th\u01b0\u01a1ng hi\u1ec7u \u0111\u1ebfn t\u1eeb Nh\u1eadt B\u1ea3n<\/strong>\u00a0v\u1edbi c\u00e1c s\u1ea3n ph\u1ea9m \u0110i\u1ec7n t\u1eed, \u0111i\u1ec7n l\u1ea1nh, \u0111i\u1ec7n d\u00e2n d\u1ee5ng\u00a0cao c\u1ea5p \u0111\u01b0\u1ee3c c\u1ea3 th\u1ebf gi\u1edbi tin d\u00f9ng. \u0110\u00e2y l\u00e0 \u0111\u1ea5t n\u01b0\u1edbc \u0111\u01b0\u1ee3c bi\u1ebft \u0111\u1ebfn c\u00f3 ti\u00eau chu\u1ea9n ki\u1ec3m so\u00e1t\u00a0v\u1ec1 ch\u1ea5t l\u01b0\u1ee3ng kh\u1eaft khe b\u1eadc nh\u1ea5t th\u1ebf gi\u1edbi nh\u1eb1m\u00a0t\u1ea1o ra s\u1ea3n ph\u1ea9m ch\u1ea5t l\u01b0\u1ee3ng tuy\u1ec7t v\u1eddi: S\u1eed d\u1ee5ng d\u1ec5 d\u00e0ng,\u00a0b\u1ec1n b\u1ec9, ti\u1ebft ki\u1ec7m \u0111i\u1ec7n, th\u00e2n thi\u1ec7n m\u00f4i tr\u01b0\u1eddng&#8230;<\/p>\n<p>Ch\u00ednh v\u00ec th\u1ebf c\u0169ng th\u1ef1c s\u1ef1 d\u1ec5 hi\u1ec3u Panasonic v\u1edbi l\u1ecbch s\u1eed g\u1ea7n 100 n\u0103m ho\u1ea1t \u0111\u1ed9ng kinh doanh v\u00e0 50 n\u0103m \u0111\u1ed3ng h\u00e0nh c\u00f9ng n\u01b0\u1eddi ti\u00eau d\u00f9ng Vi\u1ec7t Nam. Panasonic lu\u00f4n l\u00e0 c\u00e1i t\u00ean m\u00e0 ng\u01b0\u1eddi ti\u00eau d\u00f9ng lu\u00f4n khao kh\u00e1t s\u1edf h\u1eefu.<\/p>\n<p><img src=\"https:\/\/banhangtaikho.com.vn\/Images\/Upload\/images\/panasonic-nhat-ban-malaysia.jpg\" \/><\/p>\n<p>\u0110i\u1ec1u h\u00f2a\u00a0Panasonic XPU9XKH-8 ch\u00ednh h\u00e3ng \u0111\u01b0\u1ee3c\u00a0<strong>s\u1ea3n xu\u1ea5t t\u1ea1i Malaysia<\/strong>. Nh\u00e0 m\u00e1y Panasonic t\u1ea1i Malaysia\u00a0c\u00f3 quy m\u00f4 l\u1edbn, d\u00e2y chuy\u1ec3n c\u00f4ng ngh\u1ec7 hi\u1ec7n \u0111\u1ea1i, \u0111\u1ed9i ng\u0169\u00a0nh\u00e2n vi\u00ean ch\u1ea5t l\u01b0\u1ee3ng cao. M\u1ecdi quy tr\u00ecnh s\u1ea3n xu\u1ea5t v\u00e0 ki\u1ec3m tra s\u1ea3n ph\u1ea9m \u0111\u1ec1u \u0111\u01b0\u1ee3c gi\u00e1m s\u00e1t nghi\u00eam ng\u1eb7t \u0111\u1ea3m b\u1ea3o ch\u1ea5t l\u01b0\u1ee3ng s\u1ea3n ph\u1ea9m theo ti\u00eau chu\u1ea9n To\u00e0n c\u1ea7u\u00a0\u0111\u01b0a \u0111\u1ebfn tay ng\u01b0\u1eddi ti\u00eau d\u00f9ng ch\u1ea5t l\u01b0\u1ee3ng t\u1ed1t nh\u1ea5t.<\/p>\n<h2>\u0110i\u1ec1u h\u00f2a Panasonic XPU9XKH-8 sang tr\u1ecdng, tinh t\u1ebf cho ph\u00f2ng di\u1ec7n t\u00edch &lt; 15m<sup>2<\/sup><\/h2>\n<p>\u0110i\u1ec1u ho\u00e0 Panasonic 1 chi\u1ec1u 9000BTU inverter XPU9XKH-8 v\u1edbi thi\u1ebft k\u1ebf hi\u1ec7n \u0111\u1ea1i, sang tr\u1ecdng, t\u1eebng \u0111\u01b0\u1eddng n\u00e9t tinh t\u1ebf s\u1ebd l\u00e0m t\u00f4n vinh gi\u00e1 tr\u1ecb th\u1ea9m m\u1ef9 cho c\u0103n ph\u00f2ng c\u1ee7a b\u1ea1n.<\/p>\n<p>V\u1edbi c\u00f4ng su\u1ea5t\u00a0\u0111i\u1ec1u h\u00f2a 9000\u00a0BTU, Panasonic CS-XPU9XKH-8 l\u1ef1a ch\u1ecdn l\u1eafp \u0111\u1eb7t l\u00fd t\u01b0\u1edfng nh\u1ea5t cho\u00a0<strong>c\u0103n ph\u00f2ng di\u1ec7n t\u00edch d\u01b0\u1edbi 15m<sup>2<\/sup><\/strong>: Ph\u00f2ng ng\u1ee7, Ph\u00f2ng l\u00e0m vi\u1ec7c, Ph\u00f2ng \u0111\u1ecdc s\u00e1ch&#8230;<\/p>\n<h2>C\u00f4ng ngh\u1ec7 l\u00e0m l\u1ea1nh P-Tech t\u1eadn h\u01b0\u1edfng m\u00e1t l\u1ea1nh t\u1eebng gi\u00e2y<\/h2>\n<p>\u0110i\u1ec1u ho\u00e0\u00a0Panasonic inverter 1 chi\u1ec1u XPU9XKH-8 c\u00f2n \u0111\u01b0\u1ee3c trang b\u1ecb c\u00f4ng ngh\u1ec7 l\u00e0m l\u1ea1nh nhanh P-Tech c\u00f3 kh\u1ea3 n\u0103ng l\u00e0m m\u00e1t t\u1ee9c th\u00ec ngay khi v\u1eeba kh\u1edfi \u0111\u1ed9ng. Th\u00eam v\u00e0o \u0111\u00f3, c\u00e1nh \u0111\u1ea3o gi\u00f3 Aerowings v\u1edbi lu\u1ed3ng gi\u00f3 th\u1ed5i xa h\u01a1n gi\u00fap ph\u00e2n ph\u1ed1i lu\u1ed3ng gi\u00f3 \u0111\u1ec1u kh\u1eafp ph\u00f2ng.<\/p>\n<p>V\u1edbi \u0111i\u1ec1u ho\u00e0 Panasonic XPU9XKH-8 kh\u00e1ch h\u00e0ng kh\u00f4ng bao gi\u1edd ph\u1ea3i ch\u1ecbu c\u1ea3m gi\u00e1c gi\u00f3 bu\u1ed1t, kh\u00f4ng gian lu\u00f4n \u0111\u01b0\u1ee3c bao ph\u1ee7 trong lu\u1ed3ng gi\u00f3 m\u00e1t d\u1ecbu d\u1ec5 ch\u1ecbu.<\/p>\n<p><img src=\"https:\/\/banhangtaikho.com.vn\/Images\/Upload\/images\/panasonic-lam-lanh-nhanh.jpg\" \/><\/p>\n<h2>\u0110i\u1ec1u\u00a0h\u00f2a Panasonic inverter ch\u1eb3ng lo ti\u1ec1n \u0111i\u1ec7n<\/h2>\n<p>\u0110i\u1ec1u h\u00f2a Panasonic 9000 BTU 1 chi\u1ec1u XPU9XKH-8 \u0111\u01b0\u1ee3c trang b\u1ecb c\u00f4ng ngh\u1ec7 inverter. \u0110\u00e2y l\u00e0 c\u00f4ng ngh\u1ec7\u00a0ti\u00ean ti\u1ebfn, \u0111\u1ec9nh cao nh\u1ea5t hi\u1ec7n nay kh\u00f4ng nh\u1eefng \u0111\u01b0\u1ee3c\u00a0\u1ee9ng d\u1ee5ng tr\u00ean c\u00e1c s\u1ea3n ph\u1ea9m m\u00e1y \u0111i\u1ec1u h\u00f2a kh\u00f4ng kh\u00ed\u00a0m\u00e0 c\u00f2n \u0111\u01b0\u1ee3c \u1ee9ng d\u1ee5ng \u1edf c\u00e1c s\u1ea3n ph\u1ea9m: T\u1ee7 l\u1ea1nh, m\u00e1y gi\u1eb7t&#8230;<\/p>\n<p>Khi s\u1eed d\u1ee5ng \u0111i\u1ec1u h\u00f2a Panasonic inverter B\u1ea1n s\u1ebd \u0111\u01b0\u1ee3c t\u1eadn h\u01b0\u1edfng 3 gi\u00e1 tr\u1ecb c\u1ed1t l\u00f5i sau m\u00e0 n\u00f3\u00a0mang l\u1ea1i:<\/p>\n<p>+ Ti\u1ebft ki\u1ec7m \u0111i\u1ec7n hi\u1ec7u qu\u1ea3 =&gt; Ti\u1ebft ki\u1ec7m chi ph\u00ed ti\u1ec1n \u0111i\u1ec7n h\u00e0ng th\u00e1ng.<\/p>\n<p>+ M\u1ee9c ch\u00eanh l\u1ec7ch nhi\u1ec7t \u0111\u1ed9 r\u1ea5t th\u1ea5p ch\u1ec9 0.5C =&gt; Mang l\u1ea1i s\u1ef1 tho\u1ea3i m\u00e1i d\u1ec5 ch\u1ecbu<\/p>\n<p>+ M\u00e1y v\u1eadn h\u00e0nh \u00eam \u00e1i gi\u00fap gia t\u0103ng tu\u1ed5i th\u1ecd cho s\u1ea3n ph\u1ea9m.<\/p>\n<p><strong>=&gt; T\u00ecm hi\u1ec3u th\u00eam b\u00e0i vi\u1ebft<\/strong>:\u00a0\u0110i\u1ec1u h\u00f2a inverter l\u00e0 g\u00ec<\/p>\n<h2>Panasonic\u00a0Nanoe-G kh\u00f4ng s\u1ee3 vi khu\u1ea9n &amp; n\u1ea5m m\u1ed1c<\/h2>\n<p>Hi\u1ec7n nay, nhi\u1ec1u v\u1ea5n \u0111\u1ec1 nh\u01b0 \u00f4 nhi\u1ec5m ngu\u1ed3n n\u01b0\u1edbc, \u00f4 nhi\u1ec5m kh\u00f4ng kh\u00ed, ch\u1ea5t l\u01b0\u1ee3ng v\u1ec7 sinh an to\u00e0n th\u1ef1c ph\u1ea9m \u0111ang tr\u1edf th\u00e0nh n\u1ed7i lo ng\u1ea1i cho nhi\u1ec1u ng\u01b0\u1eddi d\u00e2n. L\u00e0 th\u01b0\u01a1ng hi\u1ec7u ng\u00e0nh h\u00e0ng \u0111i\u1ec7n m\u00e1y ti\u00eau d\u00f9ng Nh\u1eadt B\u1ea3n h\u00e0ng \u0111\u1ea7u, v\u1edbi cam k\u1ebft mang t\u1edbi \u201cM\u1ed9t cu\u1ed9c s\u1ed1ng t\u1ed1t \u0111\u1eb9p h\u01a1n, M\u1ed9t th\u1ebf gi\u1edbi t\u1ed1t \u0111\u1eb9p h\u01a1n\u201d, Panasonic ti\u00ean phong gi\u1edbi thi\u1ec7u B\u1ed9 Gi\u1ea3i Ph\u00e1p S\u1ee9c Kh\u1ecfe To\u00e0n Di\u1ec7n Wellness Solution, trong \u0111\u00f3 c\u00f3 Nh\u00f3m Gi\u1ea3i Ph\u00e1p Di\u1ec7t Khu\u1ea9n c\u00f4ng ngh\u1ec7 nanoe X h\u00e0ng \u0111\u1ea7u Nh\u1eadt B\u1ea3n. \u0110\u00e2y c\u0169ng l\u00e0 l\u1ee3i th\u1ebf c\u1ea1nh tranh c\u0169ng nh\u01b0 \u0111\u1eb7c \u0111i\u1ec3m thu h\u00fat kh\u00e1ch h\u00e0ng c\u1ee7a \u0111i\u1ec1u ho\u00e0 Panasonic. C\u00f4ng ngh\u1ec7 n\u00e0y c\u00f3 kh\u1ea3 n\u0103ng gi\u1ea3m thi\u1ec3u v\u00e0 \u1ee9c ch\u1ebf 5 t\u00e1c nh\u00e2n g\u00e2y \u00f4 nhi\u1ec5m gi\u00fap l\u1ecdc kh\u00ed, kh\u1eed m\u00f9i hi\u1ec7u qu\u1ea3: 1.Vi khu\u1ea9n, virut, 2.N\u1ea5m m\u1ed1c, 3.Ch\u1ea5t g\u00e2y d\u1ecb \u1ee9ng, 4.Ph\u1ea5n hoa, 5.H\u1ea1t ch\u1ea5t nguy hi\u1ec3m.<\/p>\n<p><img src=\"https:\/\/banhangtaikho.com.vn\/Images\/Upload\/images\/panasonic-nanoeg-3.jpg\" \/><\/p>\n<p>Ch\u1ebf \u0111\u1ed9 Nanoe-g c\u1ee7a \u0111i\u1ec1u h\u00f2a Panasonic: B\u1ed9 ph\u00e1t nanoe s\u1ebd t\u1ea1o ra c\u00e1c ph\u00e2n t\u1eed n\u01b0\u1edbc t\u00edch \u0111i\u1ec7n k\u00edch th\u01b0\u1edbc si\u00eau nh\u1ecf c\u00f3 ch\u1ee9a c\u00e1c g\u1ed1c OH t\u1ef1 do. C\u00e1c ph\u00e2n t\u1eed n\u00e0y s\u1ebd ti\u1ebfp c\u1eadn v\u00e0 v\u00f4 hi\u1ec7u ho\u00e1 ch\u1ea5t g\u00e2y \u00f4 nhi\u1ec5m, b\u1eaft gi\u1eef \u0111\u01b0a v\u1ec1 m\u00e0ng l\u1ecdc v\u00e0 \u1ee9c ch\u1ebf ho\u1ea1t \u0111\u1ed9ng c\u1ee7a ch\u00fang. Th\u00eam v\u00e0o \u0111\u00f3, b\u1ed9 ph\u00e1t n\u00e0y c\u00f2n ho\u1ea1t \u0111\u1ed9ng ngay c\u1ea3 khi kh\u00e1ch h\u00e0ng kh\u00f4ng b\u1eadt m\u00e1y. N\u1ebfu duy tr\u00ec ngu\u1ed3n \u0111i\u1ec7n v\u00e0o \u0111i\u1ec1u ho\u00e0, b\u1ed9 ph\u00e1t v\u1eabn ho\u1ea1t \u0111\u1ed9ng, l\u00e0m s\u1ea1ch kh\u00f4ng kh\u00ed ngay c\u1ea3 khi b\u1ea1n kh\u00f4ng \u1edf nh\u00e0. L\u01b0\u1ee3ng \u0111i\u1ec7n n\u0103ng ti\u00eau th\u1ee5 cho qu\u00e1 tr\u00ecnh ho\u1ea1t \u0111\u1ed9ng n\u00e0y ch\u01b0a b\u1eb1ng \u0111i\u1ec7n n\u0103ng ti\u00eau th\u1ee5 c\u1ee7a b\u00f3ng \u0111\u00e8n 25W.<\/p>\n<h2>\u0110i\u1ec1u h\u00f2a Panasonic \u0111\u1ed9 b\u1ec1n th\u00e1ch th\u1ee9c th\u1eddi gian<\/h2>\n<p>D\u00e0n n\u00f3ng \u0111i\u1ec1u ho\u00e0 Panasonic\u00a0CU-XPU9XKH-8 s\u1eed d\u1ee5ng\u00a0<strong>d\u00e0n \u0111\u1ed3ng, k\u1ebft v\u1edbi v\u1edbi c\u00e1nh t\u1ea3n nhi\u1ec7t \u0111\u01b0\u1ee3c\u00a0l\u1edbp ph\u1ee7 xanh<\/strong>\u00a0(Blue-Fin) b\u1ea3o v\u1ec7 d\u00e0n t\u1ea3n nhi\u1ec7t kh\u1ecfi s\u1ef1 \u0103n m\u00f2n do kh\u00f4ng kh\u00ed, n\u01b0\u1edbc v\u00e0 c\u00e1c ch\u1ea5t \u0103n m\u00f2n kh\u00e1c.<\/p>\n<p>M\u1ed9t \u0111\u1eb7c \u0111i\u1ec3m \u0111\u1eb7c bi\u1ec7t m\u00e0 ch\u1ec9 c\u00f3 \u1edf d\u00f2ng \u0111i\u1ec1u ho\u00e0 Panasonic XPU-XKH-8 series\u00a0trang b\u1ecb l\u1edbp v\u1ecf Touch Shield \u0111\u01b0\u1ee3c c\u1ea5u t\u1ea1o t\u1eeb c\u00e1c th\u00e0nh ph\u1ea7n c\u00f3 \u0111\u1ed9 b\u1ec1n cao: K\u1ebdm, nh\u00f4m, Mg, Silicon.<\/p>\n<h2>M\u00e1y \u0111i\u1ec1u h\u00f2a\u00a0Panasonic s\u1eed d\u1ee5ng m\u00f4i ch\u1ea5t l\u1ea1nh ti\u00ean ti\u1ebfn nh\u1ea5t gas R32<\/h2>\n<p>\u0110i\u1ec1u ho\u00e0 Panasonic 9000BTU 1 chi\u1ec1u XPU9XKH-8 s\u1eed d\u1ee5ng m\u00f4i ch\u1ea5t l\u00e0m l\u1ea1nh\u00a0<strong>Gas R32<\/strong>. \u0110\u00e2y l\u00e0 d\u00f2ng gas ti\u00ean ti\u1ebfn, hi\u1ec7n \u0111\u1ea1i nh\u1ea5t hi\u1ec7n nay v\u1edbi nhi\u1ec1u \u01b0u \u0111i\u1ec3m nh\u01b0: Hi\u1ec7u su\u1ea5t l\u00e0m l\u1ea1nh nhanh, gi\u1ea3m thi\u1ec3u t\u1ed1i \u0111a c\u00e1c t\u00e1c \u0111\u1ed9ng x\u1ea5u li\u00ean quan \u0111\u1ebfn m\u00f4i tr\u01b0\u1eddng. \u0110\u00e2y l\u00e0 d\u00f2ng Gas m\u00e0 c\u00e1c h\u00e3ng \u0111i\u1ec1u ho\u00e0 \u0111ang h\u01b0\u1edbng \u0111\u1ebfn trong th\u1eddi gian t\u1edbi.<\/p>\n<p><img src=\"https:\/\/banhangtaikho.com.vn\/Images\/Upload\/images\/panasonic-gas-r32.jpg\" \/><\/p>\n<p>&#8230;\u00a0<em>Ngo\u00e0i ra \u0111i\u1ec1u h\u00f2a Panasonic c\u00f2n nhi\u1ec1u t\u00ednh n\u0103ng c\u00f4ng ngh\u1ec7 th\u00fa v\u1ecb:\u00a0Ch\u1ebf \u0111\u1ed9 h\u00fat \u1ea9m, \u0111i\u1ec1u khi\u1ec3n s\u1eed d\u1ee5ng d\u1ec5 d\u00e0ng, &#8230;<\/em><\/p>\n<\/div>\n<p>&nbsp;<\/p>\n","protected":false},"excerpt":{"rendered":"<p>&nbsp;<\/p>\n<ul>\n<li>\u0110i\u1ec1u h\u00f2a Panasonic 9000BTU 1 chi\u1ec1u inverter XPU9XKH-8 gas R32 [2021]<\/li>\n<li>Thi\u1ebft k\u1ebf sang tr\u1ecdng, m\u00e0u s\u1eafc tinh t\u1ebf<\/li>\n<li>C\u00f4ng ngh\u1ec7 Inverter ti\u1ebft ki\u1ec7m \u0111i\u1ec7n, v\u1eadn h\u00e0nh \u00eam \u00e1i<\/li>\n<li>L\u00e0m l\u1ea1nh nhanh, b\u1ec1n b\u1ec9 v\u1edbi th\u1eddi gian<\/li>\n<li>Xu\u1ea5t x\u1ee9: Ch\u00ednh h\u00e3ng Malaysia<\/li>\n<li>B\u1ea3o h\u00e0nh: M\u00e1y 1 n\u0103m, m\u00e1y n\u00e9n 7 n\u0103m<\/li>\n<li><\/li>\n<\/ul>\n","protected":false},"featured_media":6592,"comment_status":"open","ping_status":"closed","template":"","meta":[],"_links":{"self":[{"href":"http:\/\/maudep.com.vn\/chuyengiadienmay\/index.php?rest_route=\/wp\/v2\/product\/6093"}],"collection":[{"href":"http:\/\/maudep.com.vn\/chuyengiadienmay\/index.php?rest_route=\/wp\/v2\/product"}],"about":[{"href":"http:\/\/maudep.com.vn\/chuyengiadienmay\/index.php?rest_route=\/wp\/v2\/types\/product"}],"replies":[{"embeddable":true,"href":"http:\/\/maudep.com.vn\/chuyengiadienmay\/index.php?rest_route=%2Fwp%2Fv2%2Fcomments&post=6093"}],"wp:featuredmedia":[{"embeddable":true,"href":"http:\/\/maudep.com.vn\/chuyengiadienmay\/index.php?rest_route=\/wp\/v2\/media\/6592"}],"wp:attachment":[{"href":"http:\/\/maudep.com.vn\/chuyengiadienmay\/index.php?rest_route=%2Fwp%2Fv2%2Fmedia&parent=6093"}],"curies":[{"name":"wp","href":"https:\/\/api.w.org\/{rel}","templated":true}]}}