{"id":6124,"date":"2019-05-30T15:44:36","date_gmt":"2019-05-30T08:44:36","guid":{"rendered":"http:\/\/maudep.com.vn\/chuyengiadienmay\/?post_type=product&#038;p=6124"},"modified":"2019-05-31T11:25:37","modified_gmt":"2019-05-31T04:25:37","slug":"dieu-hoa-sumikura-1-chieu-28-000btu-aps-apo-280","status":"publish","type":"product","link":"http:\/\/maudep.com.vn\/chuyengiadienmay\/?product=dieu-hoa-sumikura-1-chieu-28-000btu-aps-apo-280","title":{"rendered":"\u0110i\u1ec1u h\u00f2a Sumikura 1 chi\u1ec1u 28.000BTU APS\/APO-280"},"content":{"rendered":"","protected":false},"excerpt":{"rendered":"<ul class=\"l pr-des-featured\">\n<li>\u0110i\u1ec1u h\u00f2a Sumikura APS\/APO-280<\/li>\n<li>1 chi\u1ec1u &#8211; 28.000BTU (3HP) &#8211; Ga R410<\/li>\n<li>L\u00e0m l\u1ea1nh nhanh, ho\u1ea1t \u0111\u1ed9ng m\u1ea1nh m\u1ebd<\/li>\n<li>Di\u1ec7t khu\u1ea9n kh\u1eed m\u00f9i hi\u1ec7u qu\u1ea3<\/li>\n<li>Xu\u1ea5t x\u1ee9: Ch\u00ednh h\u00e3ng Malaysia<\/li>\n<li>B\u1ea3o h\u00e0nh: Ch\u00ednh h\u00e3ng 12 th\u00e1ng<\/li>\n<\/ul>\n","protected":false},"featured_media":6125,"comment_status":"open","ping_status":"closed","template":"","meta":[],"_links":{"self":[{"href":"http:\/\/maudep.com.vn\/chuyengiadienmay\/index.php?rest_route=\/wp\/v2\/product\/6124"}],"collection":[{"href":"http:\/\/maudep.com.vn\/chuyengiadienmay\/index.php?rest_route=\/wp\/v2\/product"}],"about":[{"href":"http:\/\/maudep.com.vn\/chuyengiadienmay\/index.php?rest_route=\/wp\/v2\/types\/product"}],"replies":[{"embeddable":true,"href":"http:\/\/maudep.com.vn\/chuyengiadienmay\/index.php?rest_route=%2Fwp%2Fv2%2Fcomments&post=6124"}],"wp:featuredmedia":[{"embeddable":true,"href":"http:\/\/maudep.com.vn\/chuyengiadienmay\/index.php?rest_route=\/wp\/v2\/media\/6125"}],"wp:attachment":[{"href":"http:\/\/maudep.com.vn\/chuyengiadienmay\/index.php?rest_route=%2Fwp%2Fv2%2Fmedia&parent=6124"}],"curies":[{"name":"wp","href":"https:\/\/api.w.org\/{rel}","templated":true}]}}