{"id":6128,"date":"2019-05-30T15:51:51","date_gmt":"2019-05-30T08:51:51","guid":{"rendered":"http:\/\/maudep.com.vn\/chuyengiadienmay\/?post_type=product&#038;p=6128"},"modified":"2021-10-18T15:30:06","modified_gmt":"2021-10-18T08:30:06","slug":"dieu-hoa-sumikura-2-chieu-28-000btu-aps-apo-h280","status":"publish","type":"product","link":"http:\/\/maudep.com.vn\/chuyengiadienmay\/?product=dieu-hoa-sumikura-2-chieu-28-000btu-aps-apo-h280","title":{"rendered":"\u0110i\u1ec1u h\u00f2a Sumikura 2 chi\u1ec1u 28.000BTU APS\/APO-H280"},"content":{"rendered":"","protected":false},"excerpt":{"rendered":"<ul class=\"l pr-des-featured\">\n<li>\u0110i\u1ec1u h\u00f2a Sumikura APS\/APO-H280<\/li>\n<li>2 chi\u1ec1u &#8211; 28.000BTU &#8211; Ga R410<\/li>\n<li>L\u00e0m l\u1ea1nh nhanh, ho\u1ea1t \u0111\u1ed9ng m\u1ea1nh m\u1ebd<\/li>\n<li>Active-Carbon filter kh\u1eed m\u00f9i kh\u00f3 ch\u1ecbu<\/li>\n<li>Xu\u1ea5t x\u1ee9: Ch\u00ednh h\u00e3ng Malaysia<\/li>\n<li>B\u1ea3o h\u00e0nh: Ch\u00ednh h\u00e3ng 12 th\u00e1ng<\/li>\n<\/ul>\n","protected":false},"featured_media":6129,"comment_status":"open","ping_status":"closed","template":"","meta":[],"_links":{"self":[{"href":"http:\/\/maudep.com.vn\/chuyengiadienmay\/index.php?rest_route=\/wp\/v2\/product\/6128"}],"collection":[{"href":"http:\/\/maudep.com.vn\/chuyengiadienmay\/index.php?rest_route=\/wp\/v2\/product"}],"about":[{"href":"http:\/\/maudep.com.vn\/chuyengiadienmay\/index.php?rest_route=\/wp\/v2\/types\/product"}],"replies":[{"embeddable":true,"href":"http:\/\/maudep.com.vn\/chuyengiadienmay\/index.php?rest_route=%2Fwp%2Fv2%2Fcomments&post=6128"}],"wp:featuredmedia":[{"embeddable":true,"href":"http:\/\/maudep.com.vn\/chuyengiadienmay\/index.php?rest_route=\/wp\/v2\/media\/6129"}],"wp:attachment":[{"href":"http:\/\/maudep.com.vn\/chuyengiadienmay\/index.php?rest_route=%2Fwp%2Fv2%2Fmedia&parent=6128"}],"curies":[{"name":"wp","href":"https:\/\/api.w.org\/{rel}","templated":true}]}}