{"id":6134,"date":"2019-06-01T09:32:18","date_gmt":"2019-06-01T02:32:18","guid":{"rendered":"http:\/\/maudep.com.vn\/chuyengiadienmay\/?post_type=product&#038;p=6134"},"modified":"2019-06-01T09:32:18","modified_gmt":"2019-06-01T02:32:18","slug":"dieu-hoa-mitsubishi-electric-1-chieu-24-000btu-ms-hp60vf","status":"publish","type":"product","link":"http:\/\/maudep.com.vn\/chuyengiadienmay\/?product=dieu-hoa-mitsubishi-electric-1-chieu-24-000btu-ms-hp60vf","title":{"rendered":"\u0110i\u1ec1u h\u00f2a Mitsubishi Electric 1 chi\u1ec1u  24.000BTU MS-HP60VF"},"content":{"rendered":"<div id=\"chitiet-1\" class=\"w-pd-i-content\">\n<p class=\"w-pd-i-c-head\">\u0110i\u1ec1u h\u00f2a Mitsubishi Electric 24.000BTU 1 chi\u1ec1u MS-HP60VF<\/p>\n<p style=\"text-align: justify;\">Mitsubishi Electric MS-HP60VF, \u0110i\u1ec1u h\u00f2a 22.000BTU 1 chi\u1ec1u gas R32 th\u01b0\u01a1ng hi\u1ec7u h\u00e0ng \u0111\u1ea7u Nh\u1eadt B\u1ea3n s\u1ea3n xu\u1ea5t nh\u1eadp kh\u1ea9u nguy\u00ean b\u1ed9 Th\u00e1i Lan hi\u1ec7u su\u1ea5t v\u1eadn h\u00e0nh cao, \u01b0u ti\u00ean l\u1ef1a ch\u1ecdn h\u00e0ng \u0111\u1ea7u d\u00f2ng cao c\u1ea5p c\u1ee7a ng\u01b0\u1eddi ti\u00eau d\u00f9ng.<\/p>\n<h3 style=\"text-align: justify;\">Lu\u1ed3ng gi\u00f3 m\u00e1t l\u1ea1nh d\u1ec5 ch\u1ecbu<\/h3>\n<p style=\"text-align: justify;\">\u0110i\u1ec1u h\u00f2a Mitsubishi Electric\u00a0<strong>MS-HP60VF<\/strong> ki\u1ec3u d\u00e1ng ch\u1eafc ch\u1eafn, \u0111\u01b0\u1eddng n\u00e9t sang tr\u1ecdng c\u00f9ng gam m\u00e0u s\u00e1ng tr\u1eafng d\u1ec5 d\u00e0ng k\u1ebft h\u1ee3p v\u1edbi m\u1ecdi kh\u00f4ng gian n\u1ed9i th\u1ea5t l\u00e0m n\u1ed5i b\u1eadt c\u0103n ph\u00f2ng c\u1ee7a B\u1ea1n. C\u00f4ng su\u1ea5t 22.000BTU (2.5HP), Mitsubishi Electric <strong>HP60VF<\/strong> l\u1ef1a ch\u1ecdn l\u1eafp \u0111\u1eb7t ph\u00f9 h\u1ee3p cho c\u0103n ph\u00f2ng nh\u1ecf h\u01a1n <strong>40m2<\/strong>, l\u00e0m l\u1ea1nh nhanh t\u1ee9c th\u00ec nh\u1edd t\u1ed1c \u0111\u1ed9 qu\u1ea1t \u0111\u01b0\u1ee3c t\u0103ng 10% khi k\u00edch ho\u1ea1t gi\u00fap b\u1ea1n t\u1eadn h\u01b0\u1edfng c\u1ea3m gi\u00e1c m\u00e1t l\u1ea1nh t\u1ee9c th\u00ec ngay khi b\u1eadt m\u00e1y.<\/p>\n<h3 style=\"text-align: justify;\">V\u1eadn h\u00e0nh \u00eam \u00e1i<\/h3>\n<p style=\"text-align: justify;\">Kh\u00f4ng ch\u1ec9 mang \u0111\u1ebfn cho B\u1ea1n c\u1ea3m gi\u00e1c m\u00e1t l\u1ea1nh s\u1ea3ng kho\u00e1i ngay khi b\u1eadt m\u00e1y. \u0110i\u1ec1u h\u00f2a Mitsubishi Electric v\u1eadn h\u00e0nh \u00eam \u00e1i gi\u00fap b\u1ea1n t\u1eadn h\u01b0\u1edfng t\u1eebng gi\u00e2y t\u1eebng ph\u00fat y\u00ean t\u0129nh h\u01b0\u1edfng nh\u1eefng b\u1ea3n nh\u1ea1c tr\u1eef t\u00ecnh, hay gi\u1ea5c ng\u1ee7 ngon kh\u00f4ng b\u1ecb qu\u1ea5y r\u1ea7y b\u1edfi ti\u1ebfng gi\u00f3 th\u1ed5i v\u00f9 v\u00f9 hay \u0111\u1ed9ng c\u01a1 k\u00eau c\u1ea1ch c\u1ea1ch.<\/p>\n<h3 style=\"text-align: justify;\">Nano Platinum kh\u1eed m\u00f9i kh\u00e1ng khu\u1ea9n<\/h3>\n<p style=\"text-align: justify;\">Ng\u00e0y nay, M\u1ed7i ch\u00fang ta \u0111\u1ec3 b\u1ea3o v\u1ec7 s\u1ee9c kh\u1ecfe cho ch\u00ednh m\u00ecnh th\u00ec th\u01b0\u1eddng quan t\u00e2m nhi\u1ec1u \u0111\u1ebfn th\u1ee9c \u0103n, \u0111\u1ed3 u\u1ed1ng ch\u1ee9 r\u1ea5t \u00edt quan t\u00e2m \u0111\u1ebfn ch\u1ea5t l\u01b0\u1ee3ng kh\u00f4ng kh\u00ed th\u1ee9 m\u00e0 ch\u00fang ta ti\u00eau th\u1ee5 nhi\u1ec1u nh\u1ea5t h\u00edt th\u1edf m\u1ed7i ng\u00e0y.<\/p>\n<p style=\"text-align: justify;\">H\u01a1n n\u1eefa, theo nh\u01b0 s\u1ed1 li\u1ec7u th\u1ed1ng k\u00ea c\u1ee7a t\u1ed5 ch\u1ee9c Y t\u1ebf th\u1ebf gi\u1edbi WHO n\u0103m 2016 th\u00ec Vi\u1ec7t Nam l\u00e0 m\u1ed9t trong 11 qu\u1ed1c gia c\u00f3 ch\u1ea5t l\u01b0\u1ee3ng kh\u00f4ng kh\u00ed k\u00e9m nh\u1ea5t th\u1ebf gi\u1edbi.<\/p>\n<p style=\"text-align: justify;\">Th\u1ea5u hi\u1ec3u \u0111\u01b0\u1ee3c \u0111i\u1ec1u n\u00e0y, m\u00e1y \u0111i\u1ec1u h\u00f2a 24000BTU Mitsubishi Electric MS-HP60VF \u0111\u01b0\u1ee3c trang b\u1ecb m\u00e0ng l\u1ecdc Nano Platinum gi\u00fap kh\u00e1ng khu\u1ea9n kh\u1eed m\u00f9i hi\u1ec7u qu\u1ea3, mang l\u1ea1i b\u1ea7u kh\u00f4ng kh\u00ed trong l\u00e0nh v\u00e0 an to\u00e0n cho ng\u01b0\u1eddi s\u1eed d\u1ee5ng. Gi\u00fap B\u1ea1n tr\u00e1nh kh\u1ecfi c\u00e1c b\u1ec7nh th\u01b0\u1eddng g\u1eb7p ph\u1ea3i v\u1ec1 \u0111\u01b0\u1eddng h\u00f4 h\u1ea5p, Mitsubishi <strong>HP60VF<\/strong> \u01b0u ti\u00ean l\u1ef1a ch\u1ecdn cho gia \u0111\u00ecnh c\u00f3 tr\u1ebb nh\u1ecf hay ng\u01b0\u1eddi cao tu\u1ed5i.<\/p>\n<h3 style=\"text-align: justify;\">V\u1eadn h\u00e0nh b\u1ec1n b\u1ec9 b\u1ea5t ch\u1ea5p m\u1ecdi \u0111i\u1ec1u ki\u1ec7n th\u1eddi ti\u1ebft<\/h3>\n<p style=\"text-align: justify;\">\u0110i\u1ec1u h\u00f2a Mitsubishi v\u1eadn h\u00e0nh b\u1ec1n b\u1ec9 b\u1ea5t ch\u1ea5p m\u1ecdi \u0111i\u1ec1u ki\u1ec7n th\u1eddi ti\u1ebft kh\u1eafc nghi\u1ec7t: D\u00e0n n\u00f3ng \u0111i\u1ec1u h\u00f2a Mitsubishi <span style=\"font-family: helvetica neue,helvetica,arial,sans-serif;\"><strong>MU-HP60VF<\/strong> <\/span>\u0111\u01b0\u1ee3c ph\u1ee7 l\u1edbp s\u01a1n ch\u1ed1ng g\u1ec9 k\u1ebft h\u1ee3p v\u1edbi k\u1ebft c\u1ea5u th\u00e9p m\u1ea1 k\u1ebdm. H\u01a1n n\u1eefa h\u1ed9p kim lo\u1ea1i b\u1ea3o v\u1ec7 bo m\u1ea1ch gi\u00fap v\u1eadn h\u00e0nh an to\u00e0n v\u00e0 ph\u00f2ng ch\u1ed1ng s\u1ef1 c\u1ed1 ch\u00e1y n\u1ed5 do ch\u1eadp m\u1ea1ch.<\/p>\n<h3 style=\"text-align: justify;\">Gas R32 &#8211; Th\u00e2n thi\u1ec7n m\u00f4i tr\u01b0\u1eddng<\/h3>\n<h3 style=\"text-align: justify;\">Th\u01b0\u01a1ng hi\u1ec7u Nh\u1eadt, Nh\u1eadp kh\u1ea9u Th\u00e1i Lan<\/h3>\n<p style=\"text-align: justify;\">Mitsubishi Electric th\u01b0\u01a1ng hi\u1ec7u h\u00e0ng \u0111\u1ea7u Nh\u1eadt B\u1ea3n &#8211; C\u00e1i n\u00f4i c\u1ee7a c\u00e1c th\u01b0\u01a1ng hi\u1ec7u \u0111i\u1ec7n t\u1eed \u0111i\u1ec7n l\u1ea1nh h\u00e0ng \u0111\u1ea7u tr\u00ean th\u1ebf gi\u1edbi. Ngo\u00e0i ra \u0110i\u1ec1u h\u00f2a Mitsubishi Electric \u0111\u01b0\u1ee3c s\u1ea3n xu\u1ea5t nguy\u00ean b\u1ed9 t\u1ea1i Th\u00e1i Lan tr\u00ean d\u00e2y truy\u1ec1n c\u00f4ng ngh\u1ec7 hi\u1ec7n \u0111\u1ea1i, c\u00f9ng quy tr\u00ecnh ki\u1ec3m tra nghi\u00eam ng\u1eb7t mang \u0111\u1ebfn cho ng\u01b0\u1eddi ti\u00eau d\u00f9ng s\u1ea3n ph\u1ea9m ch\u1ea5t l\u01b0\u1ee3ng to\u00e0n c\u1ea7u.<\/p>\n<p style=\"text-align: justify;\">V\u1edbi nh\u1eefng t\u00ednh n\u0103ng c\u00f4ng ngh\u1ec7 tr\u00ean c\u00f9ng l\u1ee3i th\u1ebf v\u1ec1 th\u01b0\u01a1ng hi\u1ec7u &amp; ngu\u1ed3n g\u1ed1c xu\u1ea5t x\u1ee9 th\u00ec \u0111\u00e2y l\u00e0 \u0111\u00e1p \u00e1p r\u00f5 nh\u1ea5t kh\u1eb3ng \u0111\u1ecbnh \u0111i\u1ec1u h\u00f2a Mitsubishi Electric c\u00f3 t\u1ed1t kh\u00f4ng?<\/p>\n<p style=\"text-align: justify;\">V\u00ec th\u1ebf, m\u00e1y \u0111i\u1ec1u h\u00f2a Mitsubishi 22000BTU <strong>MS-HP60VF<\/strong> c\u00f9ng v\u1edbi Panasonic <strong>N24VKH-8<\/strong>, Daikin <strong>FTC60NV1V<\/strong> lu\u00f4n l\u00e0 TOP s\u1ea3n ph\u1ea9m \u0111i\u1ec1u h\u00f2a 1 chi\u1ec1u th\u00f4ng d\u1ee5ng cao c\u1ea5p \u0111\u00e1ng mua nh\u1ea5t.<\/p>\n<\/div>\n<p>&nbsp;<\/p>\n","protected":false},"excerpt":{"rendered":"<ul class=\"l pr-des-featured\">\n<li>\u0110i\u1ec1u h\u00f2a Mitsubishi Electric MS-HP60VF\/MU-HP60VF<\/li>\n<li>1 chi\u1ec1u &#8211; 24.000BTU (2.5HP) &#8211; Gas R32<\/li>\n<li>L\u00e0m l\u1ea1nh nhanh, b\u1ec1n b\u1ec9<\/li>\n<li>M\u00e0ng l\u1ecdc Nano Platinum kh\u1eed m\u00f9i kh\u00e1ng khu\u1ea9n<\/li>\n<li>Xu\u1ea5t x\u1ee9: Ch\u00ednh h\u00e3ng Th\u00e1i Lan<\/li>\n<li>B\u1ea3o h\u00e0nh: Ch\u00ednh h\u00e3ng 2 n\u0103m<\/li>\n<\/ul>\n","protected":false},"featured_media":6135,"comment_status":"open","ping_status":"closed","template":"","meta":[],"_links":{"self":[{"href":"http:\/\/maudep.com.vn\/chuyengiadienmay\/index.php?rest_route=\/wp\/v2\/product\/6134"}],"collection":[{"href":"http:\/\/maudep.com.vn\/chuyengiadienmay\/index.php?rest_route=\/wp\/v2\/product"}],"about":[{"href":"http:\/\/maudep.com.vn\/chuyengiadienmay\/index.php?rest_route=\/wp\/v2\/types\/product"}],"replies":[{"embeddable":true,"href":"http:\/\/maudep.com.vn\/chuyengiadienmay\/index.php?rest_route=%2Fwp%2Fv2%2Fcomments&post=6134"}],"wp:featuredmedia":[{"embeddable":true,"href":"http:\/\/maudep.com.vn\/chuyengiadienmay\/index.php?rest_route=\/wp\/v2\/media\/6135"}],"wp:attachment":[{"href":"http:\/\/maudep.com.vn\/chuyengiadienmay\/index.php?rest_route=%2Fwp%2Fv2%2Fmedia&parent=6134"}],"curies":[{"name":"wp","href":"https:\/\/api.w.org\/{rel}","templated":true}]}}