{"id":6188,"date":"2019-06-01T16:06:59","date_gmt":"2019-06-01T09:06:59","guid":{"rendered":"http:\/\/maudep.com.vn\/chuyengiadienmay\/?post_type=product&#038;p=6188"},"modified":"2019-06-01T16:07:00","modified_gmt":"2019-06-01T09:07:00","slug":"dieu-hoa-toshiba-18-000btu-1-chieu-ras-h18u2ksg","status":"publish","type":"product","link":"http:\/\/maudep.com.vn\/chuyengiadienmay\/?product=dieu-hoa-toshiba-18-000btu-1-chieu-ras-h18u2ksg","title":{"rendered":"\u0110i\u1ec1u h\u00f2a Toshiba 18.000BTU 1 chi\u1ec1u RAS-H18U2KSG"},"content":{"rendered":"<div class=\"box_article\">\n<article id=\"tinh-nang\" class=\"area_article\">\n<h3>Thi\u1ebft k\u1ebf hi\u1ec7n \u0111\u1ea1i, sang tr\u1ecdng<\/h3>\n<p>\u0110i\u1ec1u h\u00f2a Toshiba 18.000BTU 1 chi\u1ec1u RAS-H18U2KSG c\u00f3 thi\u1ebft k\u1ebf truy\u1ec1n th\u1ed1ng c\u1ee7a Toshiba l\u00e0 vu\u00f4ng v\u1eafn, c\u00e1c \u0111\u01b0\u1eddng n\u00e9t g\u00f3c c\u1ea1nh m\u1ea1nh m\u1ebd r\u1ea5t \u01b0a nh\u00ecn v\u00e0 s\u1ebd l\u00e0m t\u0103ng th\u00eam n\u00e9t sang tr\u1ecdng cho kh\u00f4ng gian n\u1ed9i th\u1ea5t c\u1ee7a gia \u0111\u00ecnh b\u1ea1n.\u00a0<img class=\" lazyloaded\" src=\"https:\/\/dienmaycholon.vn\/public\/userupload\/images\/may-lanh-toshiba-20-hp-rash18u2ksgv.png\" alt=\"M\u00e1y L\u1ea1nh TOSHIBA 2.0 HP RAS-H18U2KSG-V\" data-src=\"\/public\/userupload\/images\/may-lanh-toshiba-20-hp-rash18u2ksgv.png\" \/><\/p>\n<h3>C\u00f4ng ngh\u1ec7 ch\u1ed1ng b\u00e1m b\u1ea9n Magic Coil<\/h3>\n<p>D\u00e0n l\u1ea1nh \u0111\u01b0\u1ee3c ph\u1ee7 m\u1ed9t l\u1edbp ch\u1ed1ng b\u00e1m b\u1ea9n, vi khu\u1ea9n, n\u1ea5m m\u1ed1c c\u00f3 t\u00ean l\u00e0 Magic Coil. H\u1ec7 th\u1ed1ng trao \u0111\u1ed5i nhi\u1ec7t s\u1ebd h\u1ea5p thu v\u00e0 lo\u1ea1i b\u1ecf ho\u00e0n to\u00e0n b\u1ee5i b\u1ea9n, vi khu\u1ea9n, n\u1ea5m m\u1ed1c, c\u00e1c lo\u1ea1i ch\u1ea5t b\u1ea9n n\u00e0y s\u1ebd tr\u00f4i theo n\u01b0\u1edbc th\u1ea3i ra ngo\u00e0i. \u0110i\u1ec1u n\u00e0y gi\u00fap cho m\u00e1y ho\u1ea1t \u0111\u1ed9ng t\u1ed1i \u01b0u, b\u1ec1n b\u1ec9 h\u01a1n, cho lu\u1ed3ng kh\u00ed m\u00e1t trong l\u00e0nh tinh khi\u1ebft b\u1ea3o v\u1ec7 s\u1ee9c kho\u1ebb gia \u0111\u00ecnh b\u1ea1n.\u00a0<img class=\" lazyloaded\" src=\"https:\/\/dienmaycholon.vn\/public\/userupload\/images\/may-lanh-toshiba-20-hp-rash18u2ksgv%20(1).png\" alt=\"M\u00e1y L\u1ea1nh TOSHIBA 2.0 HP RAS-H18U2KSG-V\" data-src=\"\/public\/userupload\/images\/may-lanh-toshiba-20-hp-rash18u2ksgv (1).png\" \/><\/p>\n<h3>Ch\u1ebf \u0111\u1ed9 l\u00e0m l\u1ea1nh nhanh HI Power<\/h3>\n<p>Khi t\u00ednh n\u0103ng n\u00e0y HI Power \u0111\u01b0\u1ee3c b\u1eadt th\u00ec m\u00e1y s\u1ebd ho\u1ea1t \u0111\u1ed9ng v\u1edbi c\u00f4ng su\u1ea5t l\u1edbn \u0111\u1ec3 nhi\u1ec7t \u0111\u1ed9 nh\u1ecf h\u01a1n nhi\u1ec7t \u0111\u1ed9 c\u00e0i \u0111\u1eb7t \u0111\u1ebfn 3 \u0111\u1ed9 C, \u0111\u1ed3ng th\u1eddi Toshiba \u0111\u00e3 thi\u1ebft k\u1ebf thay \u0111\u1ed5i k\u00edch th\u01b0\u1edbc \u1ed1ng \u0111\u1ed3ng d\u1eabn nhi\u1ec7t trong m\u00e1y l\u1ea1nh nh\u1ecf l\u1ea1i, \u0111i\u1ec1u n\u00e0y s\u1ebd gi\u00fap t\u0103ng di\u1ec7n t\u00edch \u0111\u1ec3 qu\u1ea5n \u1ed1ng \u0111\u1ed3ng, l\u00e1 nh\u00f4m nhi\u1ec1u h\u01a1n, b\u1ec1 m\u1eb7t ti\u1ebfp x\u00fac l\u1edbn s\u1ebd cho qu\u00e1 tr\u00ecnh trao \u0111\u1ed5i nhi\u1ec7t nhanh h\u01a1n, s\u1ebd cho c\u1ea3m gi\u00e1c tho\u1ea3i m\u00e1i d\u1ec5 ch\u1ecbu h\u01a1n.\u00a0<img class=\" lazyloaded\" src=\"https:\/\/dienmaycholon.vn\/public\/userupload\/images\/may-lanh-toshiba-20-hp-rash18u2ksgv%20(2).png\" alt=\"M\u00e1y L\u1ea1nh TOSHIBA 2.0 HP RAS-H18U2KSG-V\" data-src=\"\/public\/userupload\/images\/may-lanh-toshiba-20-hp-rash18u2ksgv (2).png\" \/><\/p>\n<h3>H\u1ec7 th\u1ed1ng kh\u1eed m\u00f9i di\u1ec7t khu\u1ea9n IAQ m\u1edbi<\/h3>\n<p>C\u00f4ng ngh\u1ec7 Toshiba IAQ v\u1edbi h\u1ec7 th\u1ed1ng kh\u1eed m\u00f9i di\u1ec7t khu\u1ea9n g\u1ed3m leuconostoc enzym, tinh th\u1ec3 b\u1ea1c v\u00e0 m\u00e0ng l\u1ecdc b\u1ee5i PM 2.5 c\u00f3 kh\u1ea3 n\u0103ng ng\u0103n ch\u1eb7n s\u1ef1 ph\u00e1t tri\u1ec3n c\u1ee7a vi khu\u1ea9n v\u00e0 virus gi\u00fap kh\u00f4ng kh\u00ed lu\u00f4n trong l\u00e0nh, t\u01b0\u01a1i m\u00e1t, n\u00e2ng s\u1ee9c kho\u1ebb c\u1ee7a gia \u0111\u00ecnh b\u1ea1n l\u00ean t\u1ea7m cao m\u1edbi.\u00a0<img class=\" lazyloaded\" src=\"https:\/\/dienmaycholon.vn\/public\/userupload\/images\/may-lanh-toshiba-20-hp-rash18u2ksgv%20(3).png\" alt=\"M\u00e1y L\u1ea1nh TOSHIBA 2.0 HP RAS-H18U2KSG-V\" data-src=\"\/public\/userupload\/images\/may-lanh-toshiba-20-hp-rash18u2ksgv (3).png\" \/><\/article>\n<\/div>\n<p>&nbsp;<\/p>\n","protected":false},"excerpt":{"rendered":"<h3>Thi\u1ebft k\u1ebf hi\u1ec7n \u0111\u1ea1i, sang tr\u1ecdng<\/h3>\n<p>\u0110i\u1ec1u h\u00f2a Toshiba 18.000BTU 1 chi\u1ec1u RAS-H18U2KSG c\u00f3 thi\u1ebft k\u1ebf truy\u1ec1n th\u1ed1ng c\u1ee7a Toshiba l\u00e0 vu\u00f4ng v\u1eafn, c\u00e1c \u0111\u01b0\u1eddng n\u00e9t g\u00f3c c\u1ea1nh m\u1ea1nh m\u1ebd r\u1ea5t \u01b0a nh\u00ecn v\u00e0 s\u1ebd l\u00e0m t\u0103ng th\u00eam n\u00e9t sang tr\u1ecdng cho kh\u00f4ng gian n\u1ed9i th\u1ea5t c\u1ee7a gia \u0111\u00ecnh<\/p>\n<p>&nbsp;<\/p>\n","protected":false},"featured_media":6190,"comment_status":"open","ping_status":"closed","template":"","meta":[],"_links":{"self":[{"href":"http:\/\/maudep.com.vn\/chuyengiadienmay\/index.php?rest_route=\/wp\/v2\/product\/6188"}],"collection":[{"href":"http:\/\/maudep.com.vn\/chuyengiadienmay\/index.php?rest_route=\/wp\/v2\/product"}],"about":[{"href":"http:\/\/maudep.com.vn\/chuyengiadienmay\/index.php?rest_route=\/wp\/v2\/types\/product"}],"replies":[{"embeddable":true,"href":"http:\/\/maudep.com.vn\/chuyengiadienmay\/index.php?rest_route=%2Fwp%2Fv2%2Fcomments&post=6188"}],"wp:featuredmedia":[{"embeddable":true,"href":"http:\/\/maudep.com.vn\/chuyengiadienmay\/index.php?rest_route=\/wp\/v2\/media\/6190"}],"wp:attachment":[{"href":"http:\/\/maudep.com.vn\/chuyengiadienmay\/index.php?rest_route=%2Fwp%2Fv2%2Fmedia&parent=6188"}],"curies":[{"name":"wp","href":"https:\/\/api.w.org\/{rel}","templated":true}]}}