{"id":6223,"date":"2019-06-03T11:38:29","date_gmt":"2019-06-03T04:38:29","guid":{"rendered":"http:\/\/maudep.com.vn\/chuyengiadienmay\/?post_type=product&#038;p=6223"},"modified":"2019-06-03T11:38:30","modified_gmt":"2019-06-03T04:38:30","slug":"dieu-hoa-gree-2-chieu-18-000btu-gwh18id","status":"publish","type":"product","link":"http:\/\/maudep.com.vn\/chuyengiadienmay\/?product=dieu-hoa-gree-2-chieu-18-000btu-gwh18id","title":{"rendered":"\u0110i\u1ec1u h\u00f2a Gree  2 chi\u1ec1u 18.000BTU GWH18ID"},"content":{"rendered":"<div id=\"chitiet-1\" class=\"w-pd-i-content\">\n<p class=\"w-pd-i-c-head\">\u0110i\u1ec1u h\u00f2a Gree 18.000BTU 2 chi\u1ec1u GWH18ID-K3N9B2J<\/p>\n<h3 style=\"text-align: justify;\">Thi\u1ebft k\u1ebf hi\u1ec7n \u0111\u1ea1i, ch\u1eafc ch\u1eafn<\/h3>\n<p style=\"text-align: justify;\">\u0110i\u1ec1u h\u00f2a Gree 18.000BTU 2 chi\u1ec1u GWH18ID-K3N9B2J s\u1ea3n ph\u1ea9m m\u1edbi \u0111\u01b0\u1ee3c ra m\u1eaft \u0111\u1ea7u n\u0103m 2019. V\u1edbi ki\u1ec3u d\u00e1ng \u0111\u01a1n gi\u1ea3n nh\u01b0ng sang tr\u1ecdng l\u00e0m t\u00f4n l\u00ean v\u1ebb \u0111\u1eb9p c\u1ee7a c\u0103n ph\u00f2ng. C\u00f4ng su\u1ea5t 18.000BTU, m\u00e1y \u0111i\u1ec1u h\u00f2a Gree GWH18ID-K3N9B2J ph\u00f9 h\u1ee3p l\u1eafp \u0111\u1eb7t cho c\u0103n ph\u00f2ng d\u01b0\u1edbi 30m2: Ph\u00f2ng kh\u00e1ch, ph\u00f2ng h\u1ecdp&#8230;<\/p>\n<h3 style=\"text-align: justify;\">L\u00e0m l\u1ea1nh\/s\u01b0\u1edfi \u1ea5m nhanh ch\u00f3ng<\/h3>\n<p style=\"text-align: justify;\">\u0110i\u1ec1u h\u00f2a Gree <strong>GWH18ID-K3N9B2J<\/strong> thi\u1ebft k\u1ebf 1 c\u00e1nh \u0111\u1ea3o gi\u00f3 theo chi\u1ec1u d\u1ecdc v\u00e0 2 c\u00e1nh \u0111\u1ea3o gi\u00f3 theo chi\u1ec1u ngang, gi\u00fap lu\u1ed3ng gi\u00f3 th\u1ed5i theo nhi\u1ec1u h\u01b0\u1edbng v\u00e0 g\u00f3c \u0111\u1ed9c kh\u00e1c nhau. T\u00ednh n\u0103ng n\u00e0y gi\u00fap mang gi\u00f3 \u0111\u1ebfn t\u1eebng ng\u00f3c ng\u00e1ch c\u1ee7a c\u0103n ph\u00f2ng mang l\u1ea1i cho ng\u01b0\u1eddi d\u00f9ng c\u1ea3m gi\u00e1c m\u00e1t l\u1ea1nh, d\u1ec5 ch\u1ecbu v\u00e0 s\u1ea3ng kho\u00e1i. \u0110\u1ed3ng th\u1eddi m\u00e1y trang b\u1ecb t\u00ednh n\u0103ng 2 chi\u1ec1u (l\u1ea1nh\/s\u01b0\u1edfi) mang \u0111\u1ebfn c\u1ea3m gi\u00e1c m\u00e1t l\u1ea1nh s\u1ea3ng kho\u00e1i v\u00e0o m\u00f9a h\u00e8, \u1ea5m \u00e1p v\u00e0o m\u00f9a \u0111\u00f4ng.<\/p>\n<h3 style=\"text-align: justify;\">M\u00e0ng l\u1ecdc kh\u00e1ng khu\u1ea9n kh\u1eed m\u00f9i hi\u1ec7u qu\u1ea3<\/h3>\n<p style=\"text-align: justify;\">Ng\u00e0y nay, M\u1ed7i ch\u00fang ta \u0111\u1ec3 b\u1ea3o v\u1ec7 s\u1ee9c kh\u1ecfe cho ch\u00ednh m\u00ecnh th\u00ec th\u01b0\u1eddng quan t\u00e2m nhi\u1ec1u \u0111\u1ebfn th\u1ee9c \u0103n, \u0111\u1ed3 u\u1ed1ng ch\u1ee9 r\u1ea5t \u00edt quan t\u00e2m \u0111\u1ebfn ch\u1ea5t l\u01b0\u1ee3ng kh\u00f4ng kh\u00ed th\u1ee9 m\u00e0 ch\u00fang ta ti\u00eau th\u1ee5 nhi\u1ec1u nh\u1ea5t h\u00edt th\u1edf m\u1ed7i ng\u00e0y.<\/p>\n<p style=\"text-align: justify;\">H\u01a1n n\u1eefa, theo nh\u01b0 s\u1ed1 li\u1ec7u th\u1ed1ng k\u00ea c\u1ee7a t\u1ed5 ch\u1ee9c Y t\u1ebf th\u1ebf gi\u1edbi WHO n\u0103m 2016 th\u00ec Vi\u1ec7t Nam l\u00e0 m\u1ed9t trong 11 qu\u1ed1c gia c\u00f3 ch\u1ea5t l\u01b0\u1ee3ng kh\u00f4ng kh\u00ed k\u00e9m nh\u1ea5t th\u1ebf gi\u1edbi.<\/p>\n<p style=\"text-align: justify;\">Th\u1ea5u hi\u1ec3u \u0111\u01b0\u1ee3c \u0111i\u1ec1u n\u00e0y m\u00e1y \u0111i\u1ec1u h\u00f2a 18.000BTU Gree <strong>GWH18ID <\/strong>\u0111\u01b0\u1ee3c trang b\u1ecb m\u00e0ng l\u1ecdc c\u00f3 m\u1eadt \u0111\u1ed9 cao h\u01a1n so v\u1edbi c\u00e1c m\u00e0ng l\u1ecdc th\u00f4ng th\u01b0\u1eddng, gi\u00fap ng\u0103n ng\u1eeba hi\u1ec7u qu\u1ea3 c\u00e1c lo\u1ea1i b\u1ee5i nh\u1ecf v\u00e0 ph\u1ea5n hoa c\u00f3 trong kh\u00f4ng kh\u00ed, mang l\u1ea1i b\u1ea7u kh\u00f4ng kh\u00ed trong l\u00e0nh cho c\u0103n ph\u00f2ng b\u1ea1n.<\/p>\n<p style=\"text-align: justify;\"><img style=\"height: 408px; width: 750px;\" src=\"\/Images\/Upload\/images\/gree-mang-loc-2.jpg\" alt=\"\" \/><img loading=\"lazy\" class=\"aligncenter size-full wp-image-6225\" src=\"http:\/\/maudep.com.vn\/chuyengiadienmay\/wp-content\/uploads\/2019\/06\/gree-mang-loc-2.jpg\" alt=\"\" width=\"750\" height=\"408\" srcset=\"http:\/\/maudep.com.vn\/chuyengiadienmay\/wp-content\/uploads\/2019\/06\/gree-mang-loc-2.jpg 750w, http:\/\/maudep.com.vn\/chuyengiadienmay\/wp-content\/uploads\/2019\/06\/gree-mang-loc-2-300x163.jpg 300w, http:\/\/maudep.com.vn\/chuyengiadienmay\/wp-content\/uploads\/2019\/06\/gree-mang-loc-2-600x326.jpg 600w\" sizes=\"(max-width: 750px) 100vw, 750px\" \/><\/p>\n<h3 style=\"text-align: justify;\">C\u1ea3m bi\u1ebfn nhi\u1ec7t \u0111\u1ed9 th\u00f4ng minh I-Feel<\/h3>\n<p style=\"text-align: justify;\">\u0110\u00e2y l\u00e0 c\u00f4ng ngh\u1ec7 c\u1ea3m bi\u1ebfn nhi\u1ec7t \u0111\u1ed9 th\u00f4ng minh \u0111\u1ed9c \u0111\u00e1o ch\u1ec9 c\u00f3 \u1edf m\u00e1y \u0111i\u1ec1u h\u00f2a\u00a0Gree. Khi \u0111\u1eb7t \u0111i\u1ec1u khi\u1ec3n b\u00ean c\u1ea1nh b\u1ea1n, c\u1ea3m bi\u1ebfn n\u00e0y s\u1ebd truy\u1ec1n t\u00ednh hi\u1ec7u nhi\u1ec7t \u0111\u1ed9 xung quanh khu v\u1ef1c n\u00e0y l\u1ea1i d\u00e0n l\u1ea1nh, d\u00e0n l\u1ea1nh s\u1ebd t\u1ef1 \u0111i\u1ec1u ch\u1ec9nh c\u00f4ng su\u1ea5t v\u00e0 h\u01b0\u1edbng gi\u00f3 \u0111\u1ec3 khu v\u1ef1c n\u00e0y c\u00f3 nhi\u1ec7t \u0111\u1ed9 ch\u00ednh x\u00e1c nh\u1ea5t v\u1edbi nhi\u1ec7t \u0111\u1ed9 c\u00e0i \u0111\u1eb7t mang \u0111\u1ebfn cho ng\u01b0\u1eddi s\u1eed d\u1ee5ng c\u1ea3m gi\u00e1c tho\u1ea3i m\u00e1i d\u1ec5 ch\u1ecbu nh\u1ea5t khi s\u1eed d\u1ee5ng.<\/p>\n<h3 style=\"text-align: justify;\">D\u00e0n \u0111\u1ed3ng th\u00e1ch th\u1ee9c m\u1ecdi \u0111i\u1ec1u ki\u1ec7n th\u1eddi ti\u1ebft<\/h3>\n<p style=\"text-align: justify;\">D\u00e0n n\u00f3ng m\u00e1y \u0111i\u1ec1u h\u00f2a Gree d\u00e0n \u0111\u1ed3ng. Gi\u00fap t\u0103ng tu\u1ed5i th\u1ecd c\u1ee7a s\u1ea3n ph\u1ea9m, hi\u1ec7u su\u1ea5t l\u00e0m l\u1ea1nh cao h\u01a1n. \u0110\u1eb7c bi\u1ec7t ch\u1ed1ng oxy h\u00f3a, \u0103n m\u00f2n c\u1ee7a n\u01b0\u1edbc m\u01b0a, mu\u1ed1i bi\u1ec3n.<\/p>\n<p style=\"text-align: justify;\"><img style=\"height: 450px; width: 780px;\" src=\"\/Images\/Upload\/images\/gree-dan-dong.jpg\" alt=\"\" \/><img loading=\"lazy\" class=\"aligncenter size-full wp-image-6224\" src=\"http:\/\/maudep.com.vn\/chuyengiadienmay\/wp-content\/uploads\/2019\/06\/gree-dan-dong.jpg\" alt=\"\" width=\"780\" height=\"450\" srcset=\"http:\/\/maudep.com.vn\/chuyengiadienmay\/wp-content\/uploads\/2019\/06\/gree-dan-dong.jpg 780w, http:\/\/maudep.com.vn\/chuyengiadienmay\/wp-content\/uploads\/2019\/06\/gree-dan-dong-300x173.jpg 300w, http:\/\/maudep.com.vn\/chuyengiadienmay\/wp-content\/uploads\/2019\/06\/gree-dan-dong-768x443.jpg 768w, http:\/\/maudep.com.vn\/chuyengiadienmay\/wp-content\/uploads\/2019\/06\/gree-dan-dong-600x346.jpg 600w\" sizes=\"(max-width: 780px) 100vw, 780px\" \/><\/p>\n<h3 style=\"text-align: justify;\">S\u1eed d\u1ee5ng gas R410a<\/h3>\n<p style=\"text-align: justify;\">\u0110i\u1ec1u h\u00f2a Gree 2 chi\u1ec1u <strong>GWH18ID-K3N9B2J<\/strong> s\u1eed d\u1ee5ng Gas R410A cho n\u0103ng su\u1ea5t l\u00e0m l\u1ea1nh cao h\u01a1n 1,6 l\u1ea7n so v\u1edbi gas R22. Gas R410A c\u00f2n gi\u00fap cho h\u01a1i l\u1ea1nh s\u00e2u h\u01a1n, ti\u1ebft ki\u1ec7m \u0111i\u1ec7n v\u00e0 b\u1ea3o v\u1ec7 m\u00f4i tr\u01b0\u1eddng.<\/p>\n<h3 style=\"text-align: justify;\">Gree th\u01b0\u01a1ng hi\u1ec7u \u0111i\u1ec1u h\u00f2a gi\u00e1 r\u1ebb uy t\u00edn nh\u1ea5t<\/h3>\n<p style=\"text-align: justify;\">\u00a0\u0110i\u1ec1u h\u00f2a Gree c\u1ee7a n\u01b0\u1edbc n\u00e0o? \u0110\u00e2y l\u00e0 m\u1ed9t trong nh\u1eefng c\u00e2u h\u1ecfi th\u01b0\u1eddng g\u1eb7p nh\u1ea5t khi kh\u00e1ch h\u00e0ng ch\u1ecdn mua m\u00e1y s\u1ea3n ph\u1ea9m. Gree l\u00e0 th\u01b0\u01a1ng hi\u1ec7u \u0111i\u1ec1u h\u00f2a c\u1ee7a Trung Qu\u1ed1c v\u00e0 \u0111\u01b0\u1ee3c s\u1ea3n xu\u1ea5t v\u00e0 nh\u1eadp kh\u1ea9u nguy\u00ean b\u1ed9 t\u1eeb Trung Qu\u1ed1c. Theo s\u1ed1 l\u01b0\u1ee3ng th\u1ed1ng k\u00ea cho th\u1ea5y Gree l\u00e0 c\u00f4ng ty l\u1edbn th\u1ee9 385 tr\u00ean th\u1ebf gi\u1edbi tr\u00ean c\u1ea3 Daikin (544) v\u00e0 Panasonic (553) trong danh s\u00e1ch 2000 c\u00f4ng ty l\u1edbn nh\u1ea5t th\u1ebf gi\u1edbi theo b\u00ecnh ch\u1ecdn v\u00e0 th\u1ed1ng k\u00ea c\u1ee7a t\u1ea1p ch\u00ed Forbes n\u0103m 2015, \u0111i\u1ec1u n\u00e0y cho ch\u00fang ta th\u1ea5y \u0111\u01b0\u1ee3c quy m\u00f4 v\u00e0 t\u1ea7m \u1ea3nh h\u01b0\u1edfng c\u1ee7a t\u1eadp \u0111o\u00e0n Gree tr\u00ean th\u1ebf gi\u1edbi.<\/p>\n<p style=\"text-align: justify;\"><img style=\"height: 450px; width: 780px;\" src=\"\/Images\/Upload\/images\/gree-nha-may-trung-quoc.jpg\" alt=\"\" \/><img loading=\"lazy\" class=\"aligncenter size-full wp-image-6226\" src=\"http:\/\/maudep.com.vn\/chuyengiadienmay\/wp-content\/uploads\/2019\/06\/gree-nha-may-trung-quoc.jpg\" alt=\"\" width=\"780\" height=\"450\" srcset=\"http:\/\/maudep.com.vn\/chuyengiadienmay\/wp-content\/uploads\/2019\/06\/gree-nha-may-trung-quoc.jpg 780w, http:\/\/maudep.com.vn\/chuyengiadienmay\/wp-content\/uploads\/2019\/06\/gree-nha-may-trung-quoc-300x173.jpg 300w, http:\/\/maudep.com.vn\/chuyengiadienmay\/wp-content\/uploads\/2019\/06\/gree-nha-may-trung-quoc-768x443.jpg 768w, http:\/\/maudep.com.vn\/chuyengiadienmay\/wp-content\/uploads\/2019\/06\/gree-nha-may-trung-quoc-600x346.jpg 600w\" sizes=\"(max-width: 780px) 100vw, 780px\" \/><\/p>\n<p style=\"text-align: justify;\">&#8211; S\u1ea3n ph\u1ea9m m\u00e1y \u0111i\u1ec1u h\u00f2a Gree \u0111\u01b0\u1ee3c b\u00e1n tr\u00ean 200 qu\u1ed1c gia v\u00e0 khu v\u1ef1c<\/p>\n<p style=\"text-align: justify;\">&#8211; 2 Trung t\u00e2m nghi\u00ean c\u1ee9u qu\u1ed1c gia<\/p>\n<p style=\"text-align: justify;\">&#8211; 6 vi\u1ec7n nghi\u00ean c\u1ee9u quy m\u00f4 qu\u1ed1c t\u1ebf<\/p>\n<p style=\"text-align: justify;\">&#8211; H\u01a1n 8.000 k\u1ef9 s\u01b0<\/p>\n<p style=\"text-align: justify;\">&#8211; 52 trung t\u00e2m nghi\u00ean c\u1ee9u<\/p>\n<p style=\"text-align: justify;\">&#8211; H\u01a1n 570 ph\u00f2ng th\u00ed nghi\u1ec7m<\/p>\n<p style=\"text-align: justify;\">&#8211; H\u01a1n 14.000 b\u1eb1ng s\u00e1ng ch\u1ebf k\u1ef9 thu\u1eadt<\/p>\n<p style=\"text-align: justify;\">V\u00ec th\u1ebf ch\u1ecdn mua \u0111i\u1ec1u h\u00f2a 2 chi\u1ec1u 18000BTU Gree <strong>GWH18ID-K3N9B2J<\/strong> ch\u1ec9 d\u00e0nh cho nh\u00e0 ti\u00eau d\u00f9ng th\u00f4ng th\u00e1i.<\/p>\n<\/div>\n<p>&nbsp;<\/p>\n","protected":false},"excerpt":{"rendered":"<p>&nbsp;<\/p>\n<ul>\n<li>L\u00e0m l\u1ea1nh m\u1ea1nh m\u1ebd<\/li>\n<li>I Feel &#8211; C\u1ea3m bi\u1ebfn nhi\u1ec7t \u0111\u1ed9 ch\u00ednh x\u00e1c<\/li>\n<li>M\u00e0ng l\u1ecdc b\u1ea3o v\u1ec7 s\u1ee9c kh\u1ecfe<\/li>\n<li>M\u00e0n h\u00ecnh LED \u1ea9n<\/li>\n<li>Xu\u1ea5t x\u1ee9: Ch\u00ednh h\u00e3ng Trung Qu\u1ed1c<\/li>\n<li>B\u1ea3o h\u00e0nh: M\u00e1y 3 n\u0103m, m\u00e1y n\u00e9n 5 n\u0103m<\/li>\n<\/ul>\n<p>&nbsp;<\/p>\n","protected":false},"featured_media":6217,"comment_status":"open","ping_status":"closed","template":"","meta":[],"_links":{"self":[{"href":"http:\/\/maudep.com.vn\/chuyengiadienmay\/index.php?rest_route=\/wp\/v2\/product\/6223"}],"collection":[{"href":"http:\/\/maudep.com.vn\/chuyengiadienmay\/index.php?rest_route=\/wp\/v2\/product"}],"about":[{"href":"http:\/\/maudep.com.vn\/chuyengiadienmay\/index.php?rest_route=\/wp\/v2\/types\/product"}],"replies":[{"embeddable":true,"href":"http:\/\/maudep.com.vn\/chuyengiadienmay\/index.php?rest_route=%2Fwp%2Fv2%2Fcomments&post=6223"}],"wp:featuredmedia":[{"embeddable":true,"href":"http:\/\/maudep.com.vn\/chuyengiadienmay\/index.php?rest_route=\/wp\/v2\/media\/6217"}],"wp:attachment":[{"href":"http:\/\/maudep.com.vn\/chuyengiadienmay\/index.php?rest_route=%2Fwp%2Fv2%2Fmedia&parent=6223"}],"curies":[{"name":"wp","href":"https:\/\/api.w.org\/{rel}","templated":true}]}}