{"id":6238,"date":"2019-06-03T14:02:31","date_gmt":"2019-06-03T07:02:31","guid":{"rendered":"http:\/\/maudep.com.vn\/chuyengiadienmay\/?post_type=product&#038;p=6238"},"modified":"2019-06-03T14:02:31","modified_gmt":"2019-06-03T07:02:31","slug":"dieu-hoa-gree-2-chieu-9-000btu-inverter-gwh09wa","status":"publish","type":"product","link":"http:\/\/maudep.com.vn\/chuyengiadienmay\/?product=dieu-hoa-gree-2-chieu-9-000btu-inverter-gwh09wa","title":{"rendered":"\u0110i\u1ec1u h\u00f2a Gree  2 chi\u1ec1u 9.000BTU Inverter GWH09WA"},"content":{"rendered":"<h3 class=\"pd-news-title\">\u0110i\u1ec1u h\u00f2a 2 chi\u1ec1u Windy Inverter Gree GWH09WA-K3D9B7L &#8211; 9000BTU<\/h3>\n<div class=\"pd-news-content\">\n<h3>\u0110i\u1ec1u h\u00f2a Windy Inverter<\/h3>\n<p><em><img class=\"lazy\" src=\"https:\/\/cdn.mediamart.vn\/Upload\/download\/2019-4-News\/W329MoN8Kxw76aq.jpg\" data-original=\"https:\/\/cdn.mediamart.vn\/Upload\/download\/2019-4-News\/W329MoN8Kxw76aq.jpg\" \/><\/em><\/p>\n<p><em>\u0110i\u1ec1u h\u00f2a Windy v\u1edbi thi\u1ebft k\u1ebf thanh l\u1ecbch nh\u1ecf g\u1ecdn c\u00f3 kh\u1ea3 n\u0103ng l\u00e0m l\u1ea1nh m\u1ea1nh m\u1ebd, t\u00edch h\u1ee3p c\u00f4ng ngh\u1ec7 inverter gi\u00fap ti\u1ebft ki\u1ec7m h\u01a1n 50% \u0111i\u1ec7n n\u0103ng.<\/em><\/p>\n<h3>Ti\u1ebft ki\u1ec7m \u0111i\u1ec7n n\u0103ng v\u01b0\u1ee3t tr\u1ed9i<\/h3>\n<p>\u0110i\u1ec1u h\u00f2a Windy \u0111\u01b0\u1ee3c t\u00edch h\u1ee3p c\u00f4ng ngh\u1ec7 inverter th\u1ebf h\u1ec7 m\u1edbi \u0111\u1ebfn t\u1eeb Gree. Sau khi \u0111\u1ea1t \u0111\u01b0\u1ee3c nhi\u1ec7t \u0111\u1ed9 c\u00e0i \u0111\u1eb7t, \u0111i\u1ec1u h\u00f2a inverter s\u1ebd h\u1ea1 c\u00f4ng su\u1ea5t \u0111\u1ec3 duy tr\u00ec nhi\u1ec7t \u0111\u1ed9 ph\u00f2ng, gi\u00fap ti\u1ebft ki\u1ec7m \u0111i\u1ec7n h\u01a1n 50% so v\u1edbi m\u00e1y \u0111i\u1ec1u h\u00f2a th\u00f4ng th\u01b0\u1eddng.<\/p>\n<p><img class=\"lazy\" src=\"https:\/\/cdn.mediamart.vn\/Upload\/download\/2019-4-News\/2o84945KQx5ijj1.jpg\" data-original=\"https:\/\/cdn.mediamart.vn\/Upload\/download\/2019-4-News\/2o84945KQx5ijj1.jpg\" \/><\/p>\n<h3>Thi\u1ebft k\u1ebf thanh l\u1ecbch<\/h3>\n<p>D\u00f2ng \u0111i\u1ec1u h\u00f2a Windy \u0111\u01b0\u1ee3c thi\u1ebft k\u1ebf thanh l\u1ecbch, n\u1ed5i b\u1eadt v\u1edbi \u0111\u00e8n LED sang tr\u1ecdng th\u1ec3 hi\u1ec7n c\u00e1c th\u00f4ng tin c\u01a1 b\u1ea3n. D\u00e0n l\u1ea1nh \u0111\u01b0\u1ee3c l\u00e0m t\u1eeb v\u1eadt li\u1ec7u nh\u1ef1a cao c\u1ea5p, mang \u0111\u1ebfn t\u00ednh th\u1ea9m m\u0129 v\u00e0 \u0111\u1ed9 b\u1ec1n cao cho thi\u1ebft b\u1ecb.<\/p>\n<p><img class=\"lazy\" src=\"https:\/\/cdn.mediamart.vn\/Upload\/download\/2019-4-News\/YZdwXmGd3MND8x2.jpg\" data-original=\"https:\/\/cdn.mediamart.vn\/Upload\/download\/2019-4-News\/YZdwXmGd3MND8x2.jpg\" \/><\/p>\n<h3>M\u00e0ng l\u1ecdc b\u1ea3o v\u1ec7 s\u1ee9c kh\u1ecfe<\/h3>\n<p>T\u00edch h\u1ee3p t\u1ea5m l\u1ecdc 8 l\u1edbp, v\u1edbi nhi\u1ec1u ch\u1ee9c n\u0103ng b\u1ea3o v\u1ec7 s\u1ee9c kh\u1ecfe, ng\u0103n ch\u1eb7n t\u1ed1i \u01b0u c\u00e1c h\u1ea1t b\u1ee5i, vi khu\u1ea9n, n\u1ea5m m\u1ed1c v\u00e0 c\u00e1c t\u1ea1p ch\u1ea5t c\u00f3 h\u1ea1i.<\/p>\n<p><img class=\"lazy\" src=\"https:\/\/cdn.mediamart.vn\/Upload\/download\/2019-4-News\/XO15cg8Oz74dGe5.jpg\" data-original=\"https:\/\/cdn.mediamart.vn\/Upload\/download\/2019-4-News\/XO15cg8Oz74dGe5.jpg\" \/><\/p>\n<h3>Th\u1ed5i gi\u00f3 3D<\/h3>\n<p>H\u1ec7 th\u1ed1ng qu\u1ea1t d\u00e0n l\u1ea1nh \u0111\u01b0\u1ee3c thi\u1ebft k\u1ebf c\u00f3 1 c\u00e1nh \u0111\u1ea3o gi\u00f3 theo chi\u1ec1u d\u1ecdc v\u00e0 2 c\u00e1nh \u0111\u1ea3o gi\u00f3 theo chi\u1ec1u ngang, gi\u00fap lu\u1ed3ng gi\u00f3 th\u1ed5i theo nhi\u1ec1u h\u01b0\u1edbng v\u00e0 g\u00f3c \u0111\u1ed9c kh\u00e1c nhau. T\u00ednh n\u0103ng n\u00e0y gi\u00fap mang gi\u00f3 \u0111\u1ebfn t\u1eebng ng\u00f3c ng\u00e1ch c\u1ee7a c\u0103n ph\u00f2ng mang l\u1ea1i cho ng\u01b0\u1eddi d\u00f9ng c\u1ea3m gi\u00e1c m\u00e1t l\u1ea1nh, d\u1ec5 ch\u1ecbu v\u00e0 s\u1ea3ng kho\u00e1i.<\/p>\n<p><img class=\"lazy\" src=\"https:\/\/cdn.mediamart.vn\/Upload\/download\/2019-4-News\/03x176ftr7NWFoK.jpg\" data-original=\"https:\/\/cdn.mediamart.vn\/Upload\/download\/2019-4-News\/03x176ftr7NWFoK.jpg\" \/><\/p>\n<h3>M\u00f4i ch\u1ea5t l\u1ea1nh R410A th\u00e2n thi\u1ec7n v\u1edbi m\u00f4i tr\u01b0\u1eddng<\/h3>\n<p>\u0110i\u1ec1u h\u00f2a GREE s\u1eed d\u1ee5ng Gas R410A cho n\u0103ng su\u1ea5t l\u00e0m l\u1ea1nh cao h\u01a1n 1,6 l\u1ea7n so v\u1edbi gas R22. Gas R410A c\u00f2n gi\u00fap cho h\u01a1i l\u1ea1nh s\u00e2u h\u01a1n, ti\u1ebft ki\u1ec7m \u0111i\u1ec7n v\u00e0 b\u1ea3o v\u1ec7 m\u00f4i tr\u01b0\u1eddng.<\/p>\n<p><img class=\"lazy\" src=\"https:\/\/cdn.mediamart.vn\/Upload\/download\/2019-4-News\/zxD3n8n3FtBK0HG.jpg\" data-original=\"https:\/\/cdn.mediamart.vn\/Upload\/download\/2019-4-News\/zxD3n8n3FtBK0HG.jpg\" \/><\/p>\n<h3>M\u1ed9t s\u1ed1 t\u00ednh n\u0103ng kh\u00e1c<\/h3>\n<p><img class=\"lazy\" src=\"https:\/\/cdn.mediamart.vn\/Upload\/download\/2019-4-News\/S7K8FP7lE9IALn0.jpg\" data-original=\"https:\/\/cdn.mediamart.vn\/Upload\/download\/2019-4-News\/S7K8FP7lE9IALn0.jpg\" \/><\/p>\n<p>&nbsp;<\/p>\n<\/div>\n","protected":false},"excerpt":{"rendered":"<p>\u0110i\u1ec1u h\u00f2a hai chi\u1ec1u.<br \/>\nC\u00f4ng ngh\u00ea Inverter ti\u1ebft ki\u1ec7m \u0111i\u1ec7n n\u0103ng t\u1ed1i \u01b0u.<br \/>\nCh\u1ebf \u0111\u1ed9 I-Feel c\u1ea3m bi\u1ebfn nhi\u1ec7t \u0111\u1ed9 th\u00f4ng minh.<br \/>\nH\u1eb9n gi\u1edd b\u1eadt\/t\u1eaft t\u1ef1 \u0111\u1ed9ng.<\/p>\n<p>&nbsp;<\/p>\n","protected":false},"featured_media":6235,"comment_status":"open","ping_status":"closed","template":"","meta":[],"_links":{"self":[{"href":"http:\/\/maudep.com.vn\/chuyengiadienmay\/index.php?rest_route=\/wp\/v2\/product\/6238"}],"collection":[{"href":"http:\/\/maudep.com.vn\/chuyengiadienmay\/index.php?rest_route=\/wp\/v2\/product"}],"about":[{"href":"http:\/\/maudep.com.vn\/chuyengiadienmay\/index.php?rest_route=\/wp\/v2\/types\/product"}],"replies":[{"embeddable":true,"href":"http:\/\/maudep.com.vn\/chuyengiadienmay\/index.php?rest_route=%2Fwp%2Fv2%2Fcomments&post=6238"}],"wp:featuredmedia":[{"embeddable":true,"href":"http:\/\/maudep.com.vn\/chuyengiadienmay\/index.php?rest_route=\/wp\/v2\/media\/6235"}],"wp:attachment":[{"href":"http:\/\/maudep.com.vn\/chuyengiadienmay\/index.php?rest_route=%2Fwp%2Fv2%2Fmedia&parent=6238"}],"curies":[{"name":"wp","href":"https:\/\/api.w.org\/{rel}","templated":true}]}}