{"id":6240,"date":"2019-06-03T14:09:34","date_gmt":"2019-06-03T07:09:34","guid":{"rendered":"http:\/\/maudep.com.vn\/chuyengiadienmay\/?post_type=product&#038;p=6240"},"modified":"2019-06-03T14:09:34","modified_gmt":"2019-06-03T07:09:34","slug":"dieu-hoa-gree-1-chieu-18-000btu-inverter-gwc18cc","status":"publish","type":"product","link":"http:\/\/maudep.com.vn\/chuyengiadienmay\/?product=dieu-hoa-gree-1-chieu-18-000btu-inverter-gwc18cc","title":{"rendered":"\u0110i\u1ec1u h\u00f2a Gree  1 chi\u1ec1u 18.000BTU Inverter GWC18CC"},"content":{"rendered":"<h3 class=\"pd-news-title\">\u0110i\u1ec1u h\u00f2a 1 chi\u1ec1u Inverter Gree GWC18CC-K3D9C2N &#8211; 18000BTU<\/h3>\n<div class=\"pd-news-content\">\n<h3>Thi\u1ebft k\u1ebf trang nh\u00e3, thanh l\u1ecbch<\/h3>\n<p>\u0110i\u1ec1u h\u00f2a\u00a0Gree Inverter 18.000BTU GWC18CC-K3DNC2L\u00a0c\u00f3 thi\u1ebft k\u1ebf thanh l\u1ecbch, \u0111\u01a1n gi\u1ea3n nh\u01b0ng r\u1ea5t sang tr\u1ecdng, n\u1ed5i b\u1eadt v\u1edbi m\u00e0n h\u00ecnh LED th\u1ec3 hi\u1ec7n c\u00e1c th\u00f4ng tin c\u01a1 b\u1ea3n c\u1ee7a m\u00e1y khi \u0111ang v\u1eadn h\u00e0nh. D\u00e0n l\u1ea1nh \u0111\u01b0\u1ee3c l\u00e0m t\u1eeb v\u1eadt li\u1ec7u nh\u1ef1a cao c\u1ea5p, mang \u0111\u1ebfn t\u00ednh th\u1ea9m m\u0129 v\u00e0 \u0111\u1ed9 b\u1ec1n cao cho thi\u1ebft b\u1ecb.<\/p>\n<p>V\u1edbi\u00a0c\u00f4ng su\u1ea5t l\u00e0m l\u1ea1nh 18.000BTU, m\u00e1y \u0111\u1ee7 kh\u1ea3 n\u0103ng l\u00e0m l\u1ea1nh cho c\u0103n ph\u00f2ng c\u00f3 di\u1ec7n t\u00edch t\u1eeb 20 m2 \u0111\u1ebfn 30 m2, ph\u00f9 h\u1ee3p s\u1eed d\u1ee5ng cho nh\u1eefng ph\u00f2ng c\u00f3 di\u1ec7n t\u00edch r\u1ed9ng nh\u01b0 ph\u00f2ng kh\u00e1ch, ph\u00f2ng l\u00e0m vi\u1ec7c, ph\u00f2ng karaoke,\u2026<\/p>\n<p><img class=\"lazy\" src=\"https:\/\/cdn.mediamart.vn\/Upload\/download\/2019-4-News\/u9ZN95LOAH9s3tZ.jpg\" data-original=\"https:\/\/cdn.mediamart.vn\/Upload\/download\/2019-4-News\/u9ZN95LOAH9s3tZ.jpg\" \/><\/p>\n<h3>Ti\u1ebft ki\u1ec7m \u0111i\u1ec7n n\u0103ng v\u01b0\u1ee3t tr\u1ed9i c\u00f9ng c\u00f4ng ngh\u1ec7 Inverter<\/h3>\n<p>\u0110\u01b0\u1ee3c t\u00edch h\u1ee3p\u00a0c\u00f4ng ngh\u1ec7 Inverter\u00a0th\u1ebf h\u1ec7 m\u1edbi \u0111\u1ebfn t\u1eeb Gree. Sau khi \u0111\u1ea1t \u0111\u01b0\u1ee3c nhi\u1ec7t \u0111\u1ed9 c\u00e0i \u0111\u1eb7t, \u0111i\u1ec1u h\u00f2a Inverter\u00a0s\u1ebd h\u1ea1 c\u00f4ng su\u1ea5t \u0111\u1ec3 duy tr\u00ec nhi\u1ec7t \u0111\u1ed9 ph\u00f2ng, gi\u00fap ti\u1ebft ki\u1ec7m \u0111i\u1ec7n h\u01a1n 50% so v\u1edbi m\u00e1y \u0111i\u1ec1u h\u00f2a th\u00f4ng th\u01b0\u1eddng. C\u00f4ng ngh\u1ec7 n\u00e0y c\u00f2n gi\u00fap m\u00e1y ho\u1ea1t \u0111\u1ed9ng \u00eam \u00e1i v\u00e0 b\u1ec1n b\u1ec9 theo th\u1eddi gian.<\/p>\n<p><img class=\"lazy\" src=\"https:\/\/cdn.mediamart.vn\/Upload\/download\/2019-4-News\/awQ2uPFzM40ei6T.jpg\" data-original=\"https:\/\/cdn.mediamart.vn\/Upload\/download\/2019-4-News\/awQ2uPFzM40ei6T.jpg\" \/><\/p>\n<h3>L\u00e0m l\u1ea1nh nhanh ch\u00f3ng Turbo mang l\u1ea1i c\u1ea3m gi\u00e1c tho\u1ea3i m\u00e1i ngay l\u1eadp t\u1ee9c<\/h3>\n<p>Khi k\u00edch ho\u1ea1t\u00a0ch\u1ebf \u0111\u1ed9 l\u00e0m l\u1ea1nh nhanh Turbo\u00a0tr\u00ean remote, \u0111i\u1ec1u h\u00f2a\u00a0Gree\u00a0GWC18CC-K3DNC2L s\u1ebd ho\u1ea1t \u0111\u1ed9ng t\u1ea1o ra m\u1ed9t l\u01b0u l\u01b0\u1ee3ng gi\u00f3 l\u1edbn h\u01a1n \u0111\u1ec3 c\u00f3 th\u1ec3 \u0111\u1ea1t \u0111\u01b0\u1ee3c nhi\u1ec7t \u0111\u1ed9 l\u1ea1nh nhanh h\u01a1n trong v\u00f2ng 3 ph\u00fat, gi\u00fap b\u1ea1n t\u1eadn h\u01b0\u1edfng kh\u00f4ng gian m\u00e1t l\u1ea1nh trong th\u1eddi gian ng\u1eafn nh\u1ea5t.<\/p>\n<p><img class=\"lazy\" src=\"https:\/\/cdn.mediamart.vn\/Upload\/download\/2019-4-News\/Dn3DBK3tZHs03ab.jpg\" data-original=\"https:\/\/cdn.mediamart.vn\/Upload\/download\/2019-4-News\/Dn3DBK3tZHs03ab.jpg\" \/><\/p>\n<h3>C\u1ea3m bi\u1ebfn I-feel, l\u00e0m l\u1ea1nh nhanh t\u1ea1i v\u1ecb tr\u00ed mong mu\u1ed1n<\/h3>\n<p>Nh\u1edd c\u00f3 2 b\u1ed9 c\u1ea3m bi\u1ebfn t\u00edch h\u1ee3p tr\u00ean remote v\u00e0 d\u00e0n l\u1ea1nh m\u00e0\u00a0I-Feel\u00a0c\u00f3 th\u1ec3 x\u00e1c \u0111\u1ecbnh ch\u00ednh x\u00e1c nhi\u1ec7t \u0111\u1ed9 t\u1ea1i v\u1ecb tr\u00ed \u0111\u1eb7t remote, t\u1eeb \u0111\u00f3\u00a0m\u00e1y l\u1ea1nh\u00a0s\u1ebd \u0111i\u1ec1u ch\u1ec9nh l\u1ea1i ho\u1ea1t \u0111\u1ed9ng sao cho nhi\u1ec7t \u0111\u1ed9 t\u1ea1i n\u01a1i \u0111\u1eb7t remote \u0111\u1ea1t \u0111\u00fang nhi\u1ec7t \u0111\u1ed9 m\u00e0 b\u1ea1n \u0111\u00e3 c\u00e0i \u0111\u1eb7t cho m\u00e1y. T\u00ednh n\u0103ng n\u00e0y r\u1ea5t h\u1eefu \u00edch khi b\u1ea1n ch\u1ec9 mu\u1ed1n s\u1eed d\u1ee5ng m\u00e1y l\u1ea1nh cho ri\u00eang m\u00ecnh m\u00e0 kh\u00f4ng mu\u1ed1n \u1ea3nh h\u01b0\u1edfng \u0111\u1ebfn ng\u01b0\u1eddi kh\u00e1c.<\/p>\n<p><iframe loading=\"lazy\" src=\"https:\/\/www.youtube.com\/embed\/yMIdsZJpjWU?rel=0&amp;loop=1&amp;showsearch=0&amp;fs=1\" width=\"745\" height=\"400\" frameborder=\"0\" scrolling=\"no\" data-mce-fragment=\"1\"><\/iframe><\/p>\n<h3>Ch\u1ebf \u0111\u1ed9 ng\u1ee7 \u0111\u00eam gi\u00fap ng\u01b0\u1eddi d\u00f9ng ng\u1ee7 ngon h\u01a1n<\/h3>\n<p>Nh\u1edd c\u00f3 ch\u1ebf \u0111\u1ed9 ng\u1ee7 \u0111\u00eam m\u00e0 ng\u01b0\u1eddi d\u00f9ng c\u00f3 th\u1ec3 ng\u1ee7 ngon h\u01a1n do kh\u00f4ng ph\u1ea3i th\u1ee9c gi\u1ea5c l\u00fac n\u1eeda \u0111\u00eam \u0111\u1ec3 t\u1eaft m\u00e1y v\u00ec qu\u00e1 l\u1ea1nh. M\u00e1y s\u1ebd t\u0103ng d\u1ea7n nhi\u1ec7t \u0111\u1ed9 v\u1ec1 \u0111\u00eam \u0111\u1ec3 t\u1ea1o kh\u00f4ng gian m\u00e1t l\u1ea1nh tho\u1ea3i m\u00e1t kh\u00f4ng bu\u1ed1t l\u1ea1nh.<\/p>\n<p><img class=\"lazy\" src=\"https:\/\/cdn.mediamart.vn\/Upload\/download\/2019-4-News\/1JjT9U422006lV5.jpg\" data-original=\"https:\/\/cdn.mediamart.vn\/Upload\/download\/2019-4-News\/1JjT9U422006lV5.jpg\" \/><\/p>\n<h3>M\u00e0ng l\u1ecdc b\u1ea3o v\u1ec7 s\u1ee9c kh\u1ecfe<\/h3>\n<p>T\u00edch h\u1ee3p t\u1ea5m l\u1ecdc tr\u00e0 xanh v\u00e0 carbon, ng\u0103n ch\u1eb7n t\u1ed1i \u01b0u c\u00e1c h\u1ea1t b\u1ee5i, vi khu\u1ea9n, n\u1ea5m m\u1ed1c v\u00e0 c\u00e1c t\u1ea1p ch\u1ea5t c\u00f3 h\u1ea1i. T\u1ea1o ra m\u00f4i tr\u01b0\u1eddng trong l\u00e0nh, an to\u00e0n, s\u1ee9c kho\u1ebb c\u1ee7a gia \u0111\u00ecnh b\u1ea1n s\u1ebd \u0111\u01b0\u1ee3c n\u00e2ng l\u00ean t\u1ea7m cao m\u1edbi.<\/p>\n<p><img class=\"lazy\" src=\"https:\/\/cdn.mediamart.vn\/Upload\/download\/2019-4-News\/37b5oqykc82PJp9.jpg\" data-original=\"https:\/\/cdn.mediamart.vn\/Upload\/download\/2019-4-News\/37b5oqykc82PJp9.jpg\" \/><\/p>\n<p>Nh\u00ecn chung, \u0111i\u1ec1u h\u00f2a\u00a0Gree Inverter 18.000BTU GWC18CC-K3DNC2L mang \u0111\u1ebfn s\u1ef1 ti\u1ec7n l\u1ee3i t\u1ed1i \u01b0u cho ng\u01b0\u1eddi d\u00f9ng nh\u1edd nh\u1eefng t\u00ednh n\u0103ng h\u1eefu \u00edch. M\u00e1y c\u00f3 Inverter ti\u1ebft ki\u1ec7m \u0111i\u1ec7n, l\u00e0m l\u1ea1nh nhanh, t\u1ea5m l\u1ecdc b\u1ea3o v\u1ec7 s\u1ee9c kh\u1ecfe. M\u00e1y ph\u00f9 h\u1ee3p cho nh\u1eefng kh\u00f4ng gian r\u1ed9ng, n\u1ebfu s\u1eed d\u1ee5ng cho v\u0103n ph\u00f2ng ho\u1eb7c kinh doanh qu\u00e1n tr\u00e0 s\u1eefa, karaoke th\u00ec s\u1ea3n ph\u1ea9m n\u00e0y r\u1ea5t ph\u00f9 h\u1ee3p \u0111\u1ec3 ti\u1ebft ki\u1ec7m t\u1ed1i \u0111a chi ph\u00ed cho ng\u01b0\u1eddi d\u00f9ng.<\/p>\n<\/div>\n","protected":false},"excerpt":{"rendered":"<p>&nbsp;<\/p>\n<ul>\n<li>D\u00f2ng treo t\u01b0\u1eddng Inverter Cozy<\/li>\n<li>1 chi\u1ec1u &#8211; 18.000BTU (2HP) &#8211; Gas R410a<\/li>\n<li>Ti\u1ebft ki\u1ec7m \u0111i\u1ec7n v\u01b0\u1ee3t tr\u1ed9i, M\u00e0ng l\u1ecdc m\u1eadt \u0111\u1ed9 cao<\/li>\n<li>L\u00e0m l\u1ea1nh nhanh, C\u1ea3m bi\u1ebfn Ifeel<\/li>\n<li>Xu\u1ea5t x\u1ee9: Ch\u00ednh h\u00e3ng Trung Qu\u1ed1c<\/li>\n<li>B\u1ea3o h\u00e0nh: M\u00e1y 3 n\u0103m, m\u00e1y n\u00e9n 5 n\u0103m<\/li>\n<\/ul>\n<p>&nbsp;<\/p>\n","protected":false},"featured_media":6235,"comment_status":"open","ping_status":"closed","template":"","meta":[],"_links":{"self":[{"href":"http:\/\/maudep.com.vn\/chuyengiadienmay\/index.php?rest_route=\/wp\/v2\/product\/6240"}],"collection":[{"href":"http:\/\/maudep.com.vn\/chuyengiadienmay\/index.php?rest_route=\/wp\/v2\/product"}],"about":[{"href":"http:\/\/maudep.com.vn\/chuyengiadienmay\/index.php?rest_route=\/wp\/v2\/types\/product"}],"replies":[{"embeddable":true,"href":"http:\/\/maudep.com.vn\/chuyengiadienmay\/index.php?rest_route=%2Fwp%2Fv2%2Fcomments&post=6240"}],"wp:featuredmedia":[{"embeddable":true,"href":"http:\/\/maudep.com.vn\/chuyengiadienmay\/index.php?rest_route=\/wp\/v2\/media\/6235"}],"wp:attachment":[{"href":"http:\/\/maudep.com.vn\/chuyengiadienmay\/index.php?rest_route=%2Fwp%2Fv2%2Fmedia&parent=6240"}],"curies":[{"name":"wp","href":"https:\/\/api.w.org\/{rel}","templated":true}]}}