{"id":6247,"date":"2019-06-03T14:19:11","date_gmt":"2019-06-03T07:19:11","guid":{"rendered":"http:\/\/maudep.com.vn\/chuyengiadienmay\/?post_type=product&#038;p=6247"},"modified":"2019-06-03T14:19:12","modified_gmt":"2019-06-03T07:19:12","slug":"dieu-hoa-gree-1-chieu-9-000btu-inverter-gwc09ca","status":"publish","type":"product","link":"http:\/\/maudep.com.vn\/chuyengiadienmay\/?product=dieu-hoa-gree-1-chieu-9-000btu-inverter-gwc09ca","title":{"rendered":"\u0110i\u1ec1u h\u00f2a Gree  1 chi\u1ec1u 9.000BTU Inverter GWC09CA"},"content":{"rendered":"<h3 class=\"pd-news-title\">\u0110i\u1ec1u h\u00f2a 1 chi\u1ec1u Inverter Gree GWC09CA-K3DNC2I &#8211; 9000BTU<\/h3>\n<div class=\"pd-news-content\">\n<h3>Thi\u1ebft k\u1ebf nh\u1ecf g\u1ecdn, h\u00e0i ho\u00e0<\/h3>\n<p>M\u00e1y l\u1ea1nh Gree Inverter 9.000 BTU\u00a0GWC09CA-K3DNC2\u00a0thu\u1ed9c d\u00f2ng m\u00e1y l\u1ea1nh Inverter gi\u00e1 t\u1ed1t c\u1ee7a Gree tung ra trong n\u0103m 2018, thi\u1ebft k\u1ebf nh\u1ecf g\u1ecdn\u00a0v\u1edbi ki\u1ec3u d\u00e1ng trang nh\u00e3 c\u00f9ng m\u00e0u tr\u1eafng tinh t\u1ebf \u0111em l\u1ea1i s\u1ef1 h\u00e0i ho\u00e0 cho kh\u00f4ng gian n\u1ed9i th\u1ea5t.<\/p>\n<p>C\u00f4ng su\u1ea5t l\u00e0m l\u1ea1nh\u00a09.000 BTU,\u00a0m\u00e1y s\u1ebd l\u00e0 s\u1ef1 l\u1ef1a ch\u1ecdn ho\u00e0n h\u1ea3o cho nh\u1eefng c\u0103n ph\u00f2ng c\u00f3 di\u1ec7n t\u00edch nh\u1ecf d\u01b0\u1edbi 15 m2.<\/p>\n<p><img class=\"lazy\" src=\"https:\/\/cdn.tgdd.vn\/Products\/Images\/2002\/153923\/gree-gwc09ca-k3dnc2i-thiet-ke.jpg\" data-original=\"https:\/\/cdn.tgdd.vn\/Products\/Images\/2002\/153923\/gree-gwc09ca-k3dnc2i-thiet-ke.jpg\" \/><\/p>\n<h3>C\u00f4ng ngh\u1ec7 Inverter ti\u1ebft ki\u1ec7m \u0111i\u1ec7n<\/h3>\n<p>M\u00e1y l\u1ea1nh Gree\u00a0Inverter GWC09CA-K3DNC2I s\u1eed d\u1ee5ng\u00a0c\u00f4ng ngh\u1ec7 m\u00e1y n\u00e9n bi\u1ebfn t\u1ea7n Inverter\u00a0hi\u1ec7n \u0111\u1ea1i, cho kh\u1ea3 n\u0103ng ho\u1ea1t \u0111\u1ed9ng v\u00f4 c\u00f9ng \u00eam \u00e1i v\u00e0 b\u1ec1n b\u1ec9. C\u00f4ng ngh\u1ec7 n\u00e0y gi\u00fap nhi\u1ec7t \u0111\u1ed9 ph\u00f2ng lu\u00f4n \u0111\u01b0\u1ee3c duy tr\u00ec \u1ed5n \u0111\u1ecbnh v\u00e0 m\u00e1y n\u00e9n ho\u1ea1t \u0111\u1ed9ng \u1edf m\u1ee9c c\u00f4ng su\u1ea5t th\u1ea5p, gi\u00fap ti\u1ebft ki\u1ec7m \u0111\u1ebfn 40% l\u01b0\u1ee3ng \u0111i\u1ec7n n\u0103ng ti\u00eau th\u1ee5 m\u1ed7i th\u00e1ng.<\/p>\n<p><img class=\"lazy\" src=\"https:\/\/cdn.tgdd.vn\/Products\/Images\/2002\/92009\/gree-gwc09ma-k3dnc2i-2.jpg\" data-original=\"https:\/\/cdn.tgdd.vn\/Products\/Images\/2002\/92009\/gree-gwc09ma-k3dnc2i-2.jpg\" \/><\/p>\n<h3>L\u00e0m l\u1ea1nh nhanh ch\u00f3ng<\/h3>\n<p>Khi k\u00edch ho\u1ea1t ch\u1ebf \u0111\u1ed9 l\u00e0m\u00a0l\u1ea1nh nhanh Turbo\u00a0tr\u00ean remote,\u00a0m\u00e1y l\u1ea1nh Gree Inverter\u00a0GWC09CA-K3DNC2I s\u1ebd ho\u1ea1t \u0111\u1ed9ng t\u1ea1o ra m\u1ed9t l\u01b0u l\u01b0\u1ee3ng gi\u00f3 l\u1edbn h\u01a1n \u0111\u1ec3 c\u00f3 th\u1ec3 \u0111\u1ea1t \u0111\u01b0\u1ee3c nhi\u1ec7t \u0111\u1ed9 l\u1ea1nh nhanh h\u01a1n trong v\u00f2ng 3 ph\u00fat, gi\u00fap b\u1ea1n t\u1eadn h\u01b0\u1edfng kh\u00f4ng gian m\u00e1t l\u1ea1nh trong th\u1eddi gian ng\u1eafn nh\u1ea5t.<\/p>\n<p><img class=\"lazy\" src=\"https:\/\/cdn.tgdd.vn\/Products\/Images\/2002\/92009\/gree-gwc09ma-k3dnc2i-3.jpg\" data-original=\"https:\/\/cdn.tgdd.vn\/Products\/Images\/2002\/92009\/gree-gwc09ma-k3dnc2i-3.jpg\" \/><\/p>\n<h3>C\u00f4ng ngh\u1ec7 c\u1ea3m bi\u1ebfn nhi\u1ec7t I Feel th\u00f4ng minh<\/h3>\n<p>V\u1edbi c\u00f4ng ngh\u1ec7\u00a0c\u1ea3m bi\u1ebfn nhi\u1ec7t I Feel, thi\u1ebft b\u1ecb c\u1ea3m bi\u1ebfn nhi\u1ec7t \u0111\u01b0\u1ee3c t\u00edch h\u1ee3p trong remote s\u1ebd t\u1ef1 \u0111\u1ed9ng c\u1ea3m bi\u1ebfn nhi\u1ec7t \u0111\u1ed9 xung quanh v\u00e0 g\u1eedi th\u00f4ng tin \u0111\u1ebfn d\u00e0n l\u1ea1nh. T\u1eeb \u0111\u00f3, d\u00e0n l\u1ea1nh s\u1ebd \u0111i\u1ec1u ch\u1ec9nh t\u0103ng\/gi\u1ea3m l\u01b0u l\u01b0\u1ee3ng gi\u00f3 v\u00e0 nhi\u1ec7t \u0111\u1ed9 ph\u00f9 h\u1ee3p nh\u1ea5t \u0111\u1ec3 \u0111\u1ea3m b\u1ea3o s\u1ef1 tho\u1ea3i m\u00e1i cho ng\u01b0\u1eddi d\u00f9ng.<\/p>\n<p><iframe loading=\"lazy\" src=\"https:\/\/www.youtube.com\/embed\/yMIdsZJpjWU\" width=\"745\" height=\"400\" frameborder=\"0\" scrolling=\"no\" data-mce-fragment=\"1\"><\/iframe><\/p>\n<h3>M\u00e0ng l\u1ecdc kh\u00e1ng khu\u1ea9n b\u1ea3o v\u1ec7 s\u1ee9c kho\u1ebb<\/h3>\n<p>M\u00e0ng l\u1ecdc c\u00f3 m\u1eadt \u0111\u1ed9 cao h\u01a1n so v\u1edbi c\u00e1c lo\u1ea1i m\u00e0ng l\u1ecdc th\u00f4ng th\u01b0\u1eddng, s\u1eed d\u1ee5ng m\u00e0ng l\u1ecdc nhi\u1ec1u l\u1edbp cho\u00a0kh\u1ea3 n\u0103ng kh\u00e1ng khu\u1ea9n\u00a0v\u00e0 kh\u1eed m\u00f9i v\u00f4 c\u00f9ng hi\u1ec7u qu\u1ea3, ti\u00eau di\u1ec7t n\u1ea5m m\u1ed1c v\u00e0 vi khu\u1ea9n g\u00e2y h\u1ea1i, gi\u00fap ng\u0103n ng\u1eeba hi\u1ec7u qu\u1ea3 c\u00e1c lo\u1ea1i b\u1ee5i nh\u1ecf v\u00e0 ph\u1ea5n hoa c\u00f3 trong kh\u00f4ng kh\u00ed, mang \u0111\u1ebfn cho b\u1ea1n l\u00e0n gi\u00f3 trong l\u00e0nh, m\u00e1t l\u1ea1nh t\u1ef1 nhi\u00ean.<\/p>\n<p><img class=\"lazy\" src=\"https:\/\/cdn.tgdd.vn\/Products\/Images\/2002\/153923\/gree-gwc09ca-k3dnc2i-mang-loc.jpg\" data-original=\"https:\/\/cdn.tgdd.vn\/Products\/Images\/2002\/153923\/gree-gwc09ca-k3dnc2i-mang-loc.jpg\" \/><\/p>\n<\/div>\n","protected":false},"excerpt":{"rendered":"<p>&nbsp;<\/p>\n<ul>\n<li>D\u00f2ng treo t\u01b0\u1eddng Inverter Cozy<\/li>\n<li>1 chi\u1ec1u &#8211; 9000BTU &#8211; Gas R410a<\/li>\n<li>Ti\u1ebft ki\u1ec7m \u0111i\u1ec7n v\u01b0\u1ee3t tr\u1ed9i, M\u00e0ng l\u1ecdc m\u1eadt \u0111\u1ed9 cao<\/li>\n<li>L\u00e0m l\u1ea1nh nhanh, c\u1ea3m bi\u1ebfn Ifeel<\/li>\n<li>Xu\u1ea5t x\u1ee9: Ch\u00ednh h\u00e3ng Trung Qu\u1ed1c<\/li>\n<li>B\u1ea3o h\u00e0nh: M\u00e1y 3 n\u0103m, m\u00e1y n\u00e9n 5 n\u0103m<\/li>\n<\/ul>\n<p>&nbsp;<\/p>\n","protected":false},"featured_media":6235,"comment_status":"open","ping_status":"closed","template":"","meta":[],"_links":{"self":[{"href":"http:\/\/maudep.com.vn\/chuyengiadienmay\/index.php?rest_route=\/wp\/v2\/product\/6247"}],"collection":[{"href":"http:\/\/maudep.com.vn\/chuyengiadienmay\/index.php?rest_route=\/wp\/v2\/product"}],"about":[{"href":"http:\/\/maudep.com.vn\/chuyengiadienmay\/index.php?rest_route=\/wp\/v2\/types\/product"}],"replies":[{"embeddable":true,"href":"http:\/\/maudep.com.vn\/chuyengiadienmay\/index.php?rest_route=%2Fwp%2Fv2%2Fcomments&post=6247"}],"wp:featuredmedia":[{"embeddable":true,"href":"http:\/\/maudep.com.vn\/chuyengiadienmay\/index.php?rest_route=\/wp\/v2\/media\/6235"}],"wp:attachment":[{"href":"http:\/\/maudep.com.vn\/chuyengiadienmay\/index.php?rest_route=%2Fwp%2Fv2%2Fmedia&parent=6247"}],"curies":[{"name":"wp","href":"https:\/\/api.w.org\/{rel}","templated":true}]}}