{"id":6405,"date":"2019-06-25T10:36:54","date_gmt":"2019-06-25T03:36:54","guid":{"rendered":"http:\/\/maudep.com.vn\/chuyengiadienmay\/?post_type=product&#038;p=6405"},"modified":"2019-06-25T10:39:09","modified_gmt":"2019-06-25T03:39:09","slug":"dan-lanh-daikin-multi-1-chieu-24-000btu-ctkm71rvmv","status":"publish","type":"product","link":"http:\/\/maudep.com.vn\/chuyengiadienmay\/?product=dan-lanh-daikin-multi-1-chieu-24-000btu-ctkm71rvmv","title":{"rendered":"D\u00e0n l\u1ea1nh Daikin Multi 1 chi\u1ec1u 24.000BTU CTKM71RVMV"},"content":{"rendered":"<p>D\u00e0n l\u1ea1nh \u0111i\u1ec1u h\u00f2a multi daikin 1 chi\u1ec1u 24200BTU CTKM71RVMV<br \/>\nD\u00e0n l\u1ea1nh treo t\u01b0\u1eddng Multi Daikin CTKM71RVMV &#8211; 3HP thi\u1ebft k\u1ebf trang nh\u00e3, m\u1eb7t n\u1ea1 ph\u1eb3ng t\u1ea1o n\u00ean n\u00e9t h\u00e0i h\u00f2a tinh t\u1ebf cho c\u00e1c b\u00e0i tr\u00ed trong ph\u00f2ng.<\/p>\n<p>Ch\u1ebf \u0111\u1ed9 th\u1ed5i gi\u00f3 3 chi\u1ec1u d\u00e0n l\u1ea1nh treo t\u01b0\u1eddng Multi Daikin CTKM71RVMV:<\/p>\n<p>Ch\u1ebf \u0111\u1ed9 th\u1ed5i 3 chi\u1ec1u k\u1ebft h\u1ee3p \u0111\u1ea3o gi\u00f3 theo h\u01b0\u1edbng \u0111\u1ee9ng v\u00e0 ngang \u0111\u1ec3 tu\u1ea7n ho\u00e0n gi\u00f3 \u0111\u1ebfn m\u1ecdi ng\u00f3c ng\u00e1ch c\u1ee7a ph\u00f2ng, gi\u00fap l\u00e0m m\u00e1t to\u00e0n di\u1ec7n, k\u1ec3 c\u1ea3 \u1edf c\u00e1c kh\u00f4ng gian r\u1ed9ng.<\/p>\n<p>D\u00e0n l\u1ea1nh \u0111i\u1ec1u h\u00f2a multi daikin 1 chi\u1ec1u 24200BTU CTKM71RVMV<\/p>\n<p>L\u00e0m s\u1ea1ch kh\u00f4ng kh\u00ed:<\/p>\n<p>D\u00e0n l\u1ea1nh treo t\u01b0\u1eddng Multi Daikin CTKM71RVMV s\u1eed d\u1ee5ng phin l\u1ecdc x\u00fac t\u00e1c quang Titan gi\u00fap lo\u1ea1i b\u1ecf c\u00e1c lo\u1ea1i vi khu\u1ea9n, vi r\u00fat, n\u1ea5m m\u1ed1c v\u00e0 kh\u1eed m\u00f9i.<\/p>\n<p>M\u1eaft th\u1ea7n th\u00f4ng minh:<\/p>\n<p>M\u1eaft th\u1ea7n v\u1edbi c\u1ea3m bi\u1ebfn h\u1ed3ng ngo\u1ea1i gi\u00fap d\u00f2 t\u00ecm s\u1ef1 chuy\u1ec3n \u0111\u1ed9ng trong ph\u00f2ng. Khi kh\u00f4ng c\u00f3 ng\u01b0\u1eddi, d\u00e0n l\u1ea1nh treo t\u01b0\u1eddng Multi Daikin CTKM71RVMV s\u1ebd t\u1ef1 \u0111\u1ed9ng t\u0103ng 2 \u0111\u1ed9 C \u0111\u1ec3 ti\u1ebft ki\u1ec7m n\u0103ng l\u01b0\u1ee3ng<\/p>\n<p>Ch\u1ebf \u0111\u1ed9 ti\u1ebft ki\u1ec7m \u0111i\u1ec7n c\u1ee7a d\u00e0n l\u1ea1nh treo t\u01b0\u1eddng Multi Daikin CTKM71RVMV:<\/p>\n<p>Multi Daikin CTKM71RVMV ch\u1ebf \u0111\u1ed9 ti\u1ebft ki\u1ec7m \u0111i\u1ec7n gi\u00fap gi\u1ea3m d\u00f2ng \u0111i\u1ec7n v\u00e0 m\u1ee9c ti\u00eau th\u1ee5 \u0111i\u1ec7n t\u1ed1i \u0111a c\u1ee7a d\u00e0n n\u00f3ng xu\u1ed1ng gi\u00e1 tr\u1ecb \u0111\u1ecbnh m\u1ee9c. \u0110i\u1ec1u n\u00e0y gi\u00fap ng\u0103n ch\u1eb7n qu\u00e1 t\u1ea3i \u1edf CB do s\u1eed d\u1ee5ng c\u00f9ng l\u00fac v\u1edbi nhi\u1ec1u m\u00e1y \u0111i\u1ec1u h\u00f2a v\u00e0 c\u00e1c thi\u1ebft b\u1ecb ti\u00eau th\u1ee5 \u0111i\u1ec7n kh\u00e1c.<\/p>\n<p>D\u00e0n l\u1ea1nh treo t\u01b0\u1eddng Multi Daikin CTKM71RVMV v\u1ec7 sinh d\u1ec5 d\u00e0ng:<\/p>\n<p>V\u1edbi thi\u1ebft k\u1ebf d\u1ea1ng ph\u1eb3ng, vi\u1ec7c v\u1ec7 sinh b\u1ec1 m\u1eb7t c\u00f3 th\u1ec3 d\u1ec5 d\u00e0ng th\u1ef1c hi\u1ec7n.<\/p>\n<p>&nbsp;<\/p>\n<p>&nbsp;<\/p>\n","protected":false},"excerpt":{"rendered":"<ul class=\"l pr-des-featured\">\n<li>\u0110i\u1ec1u h\u00f2a mutli Daikin CTKM71RVMV d\u00e0n l\u1ea1nh treo t\u01b0\u1eddng<\/li>\n<li>1 chi\u1ec1u &#8211; 24000BTU (7.1KW) &#8211; Gas R32<\/li>\n<li>L\u00e0m l\u1ea1nh nhanh, phin l\u1ecdc si\u00eau s\u1ea1ch<\/li>\n<li>C\u1ea3m bi\u1ebfn m\u1eaft th\u1ea7n th\u00f4ng minh<\/li>\n<li>Xu\u1ea5t x\u1ee9: Ch\u00ednh h\u00e3ng Th\u00e1i Lan<\/li>\n<li>B\u1ea3o h\u00e0nh: M\u00e1y 1 n\u0103m, m\u00e1y n\u00e9n 4 n\u0103m<\/li>\n<\/ul>\n","protected":false},"featured_media":6402,"comment_status":"open","ping_status":"closed","template":"","meta":[],"_links":{"self":[{"href":"http:\/\/maudep.com.vn\/chuyengiadienmay\/index.php?rest_route=\/wp\/v2\/product\/6405"}],"collection":[{"href":"http:\/\/maudep.com.vn\/chuyengiadienmay\/index.php?rest_route=\/wp\/v2\/product"}],"about":[{"href":"http:\/\/maudep.com.vn\/chuyengiadienmay\/index.php?rest_route=\/wp\/v2\/types\/product"}],"replies":[{"embeddable":true,"href":"http:\/\/maudep.com.vn\/chuyengiadienmay\/index.php?rest_route=%2Fwp%2Fv2%2Fcomments&post=6405"}],"wp:featuredmedia":[{"embeddable":true,"href":"http:\/\/maudep.com.vn\/chuyengiadienmay\/index.php?rest_route=\/wp\/v2\/media\/6402"}],"wp:attachment":[{"href":"http:\/\/maudep.com.vn\/chuyengiadienmay\/index.php?rest_route=%2Fwp%2Fv2%2Fmedia&parent=6405"}],"curies":[{"name":"wp","href":"https:\/\/api.w.org\/{rel}","templated":true}]}}