{"id":6410,"date":"2019-06-25T14:36:06","date_gmt":"2019-06-25T07:36:06","guid":{"rendered":"http:\/\/maudep.com.vn\/chuyengiadienmay\/?post_type=product&#038;p=6410"},"modified":"2019-06-25T14:37:19","modified_gmt":"2019-06-25T07:37:19","slug":"dan-nong-daikin-multi-1-chieu-27-000btu-4mkm80rvmv","status":"publish","type":"product","link":"http:\/\/maudep.com.vn\/chuyengiadienmay\/?product=dan-nong-daikin-multi-1-chieu-27-000btu-4mkm80rvmv","title":{"rendered":"D\u00e0n n\u00f3ng Daikin Multi 1 chi\u1ec1u 27.300BTU 4MKM80RVMV"},"content":{"rendered":"<h2><strong>D\u00e0n n\u00f3ng \u0111i\u1ec1u h\u00f2a multi Daikin 1 chi\u1ec1u 27.300BTU 4MKM80RVMV<\/strong><\/h2>\n<p><strong>Lo\u1ea1i \u0111i\u1ec1u h\u00f2a multi 1 chi\u1ec1u:<\/strong><\/p>\n<p>Daikin multi 4MKM80RVMV mang l\u1ea1i c\u1ea3m gi\u00e1c m\u00e1t l\u1ea1nh s\u1ea3ng kho\u00e1i nhanh ch\u00f3ng ngay khi b\u1eadt m\u00e1y. Ch\u1ebf \u0111\u1ed9 l\u00e0m l\u1ea1nh nhanh gi\u00fap\u00a0m\u00e1y ch\u1ea1y \u1edf c\u00f4ng su\u1ea5t t\u1ed1i \u0111a trong 20 ph\u00fat \u0111\u1ec3 \u0111\u1ea3m b\u1ea3o r\u1eb1ng m\u1ecdi ng\u01b0\u1eddi s\u1ebd ho\u00e0n to\u00e0n \u1ea5n t\u01b0\u1ee3ng. V\u1edbi \u01b0u th\u1ebf c\u1ea3u h\u1ec7 th\u1ed1ng multi c\u00f3 d\u00e0n\u00a0trao \u0111\u1ed5i nhi\u1ec7t v\u1edbi c\u00f4ng su\u1ea5t gi\u1ea3i nhi\u1ec7t l\u1edbn h\u01a1n h\u1ec7 th\u1ed1ng c\u1ee5c b\u1ed9, t\u1ed5ng c\u00f4ng su\u1ea5t c\u1ee7a h\u1ec7 th\u1ed1ng c\u00f3 th\u1ec3 \u0111\u01b0\u1ee3c t\u1eadp trung \u1edf m\u1ed9t ph\u00f2ng cho\u00a0ph\u00e9p kh\u1ea3 n\u0103ng l\u00e0m l\u1ea1nh nhanh ch\u00f3ng.<\/p>\n<p><strong>K\u1ebft n\u1ed1i t\u1ed1i \u0111a 4 d\u00e0n l\u1ea1nh:<\/strong><\/p>\n<p>N\u1ebfu b\u1ea1n \u0111ang t\u00ecm ki\u1ebfm m\u1ed9t m\u00e1y \u0111i\u1ec1u h\u00f2a kh\u00f4ng kh\u00ed cho s\u1ef1 tho\u1ea3i m\u00e1i trong to\u00e0n b\u1ed9 c\u0103n nh\u00e0, th\u00ec h\u1ec7 th\u1ed1ng Super Multi NX\u00a0c\u1ee7a Daikin l\u00e0 s\u1ef1 l\u1ef1a ch\u1ecdn l\u00fd t\u01b0\u1edfng c\u1ee7a b\u1ea1n. Ch\u1ec9 c\u1ea7n m\u1ed9t d\u00e0n n\u00f3ng \u0111i\u1ec1u h\u00f2a Multi Daikin 4MKM80RVMV n\u00f3\u00a0s\u1ebd duy tr\u00ec \u0111\u01b0\u1ee3c s\u1ef1 tho\u1ea3i m\u00e1i \u1edf\u00a0t\u1ed1i \u0111a b\u1ed1n ph\u00f2ng.<br \/>\nTh\u00f4ng th\u01b0\u1eddng c\u00e1c gia \u0111\u00ecnh th\u01b0\u1eddng l\u1ef1a ch\u1ecdn gi\u1ea3i ph\u00e1p: Ph\u00f2ng ng\u1ee7 &#8211; d\u00e0n l\u1ea1nh treo t\u01b0\u1eddng; Ph\u00f2ng kh\u00e1ch &#8211; d\u00e0n l\u1ea1nh n\u1ed1i \u1ed1ng gi\u00f3 ho\u1eb7c\u00a0\u00e2m tr\u1ea7n cassette<\/p>\n<p>&nbsp;<\/p>\n<p><img class=\"aligncenter\" src=\"https:\/\/hopphat.com\/media\/product\/783_dan_nong_dieu_hoa_multi_daikin_1_chieu_27_000btu_4mkm80rvmv.png\" alt=\"\" width=\"650\" \/><\/p>\n<p>&nbsp;<\/p>\n<p><strong>Ti\u1ebft ki\u1ec7m di\u1ec7n t\u00edch:<\/strong><\/p>\n<p>\u0110\u01b0\u1ee3c thi\u1ebft k\u1ebf tinh t\u1ebf theo nhu c\u1ea7u c\u1ee7a b\u1ea1n \u0111\u1ec3 gi\u1ea3i quy\u1ebft kh\u00f3 kh\u0103n v\u1ec1 kh\u00f4ng gian, c\u0169ng nh\u01b0 \u0111\u1ec3 b\u1ed5 sung th\u00eam l\u1ef1a ch\u1ecdn b\u1ed1 tr\u00ed n\u1ed9i\u00a0th\u1ea5t. V\u00ec th\u1ebf m\u00e1y \u0111i\u1ec1u h\u00f2a multi ng\u00e0y c\u00e0ng \u0111\u01b0\u1ee3c s\u1eed d\u1ee5ng r\u1ed9ng r\u00e3i, ch\u00fang ta d\u1ec5 d\u00e0ng b\u1eaft g\u1eb7p c\u00e1c t\u1ed5 m\u00e1y multi t\u1ea1i c\u00e1c c\u0103n h\u1ed9 chung c\u01b0\u00a0cao c\u1ea5p: Goldmark City, HD Moon, H\u00f2a B\u00ecnh Green, Central Field, Vinhomes Gardenia.<\/p>\n<p><strong>Ti\u1ebft ki\u1ec7m n\u0103ng l\u01b0\u1ee3ng:<\/strong><\/p>\n<p>C\u00f4ng ngh\u1ec7 Inverter c\u1ee7a Daikin l\u00e0 m\u1ed9t trong nh\u1eefng gi\u1ea3i ph\u00e1p ti\u1ebft ki\u1ec7m n\u0103ng l\u01b0\u1ee3ng t\u1ed1i \u01b0u nh\u1ea5t cho h\u1ec7 th\u1ed1ng \u0111i\u1ec1u h\u00f2a kh\u00f4ng kh\u00ed c\u1ee7a\u00a0b\u1ea1n. H\u1ec7 th\u1ed1ng t\u1ef1 \u0111\u1ed9ng \u0111i\u1ec1u ch\u1ec9nh c\u00f4ng su\u1ea5t \u0111\u1ec3 \u0111\u1ea1t \u0111\u01b0\u1ee3c nhi\u1ec7t \u0111\u1ed9 mong mu\u1ed1n nhanh h\u01a1n v\u00e0 duy tr\u00ec nhi\u1ec7t \u0111\u1ed9 ph\u00f2ng m\u1ed9t c\u00e1ch \u00eam\u00a0\u00e1i nh\u1ea5t.<br \/>\nC\u00f4ng ngh\u1ec7 Inverter hi\u1ec7u qu\u1ea3 \u0111\u00e1ng k\u1ec3 h\u01a1n so v\u1edbi h\u1ec7 th\u1ed1ng kh\u00f4ng Inverter. Ti\u1ebft ki\u1ec7m \u0111i\u1ec7n n\u0103ng nhi\u1ec1u h\u01a1n, trong khi v\u1eabn duy tr\u00ec \u1ed5n\u00a0\u0111\u1ecbnh nhi\u1ec7t \u0111\u1ed9 \u1edf m\u1ed9t m\u1ee9c tho\u1ea3i m\u00e1i su\u1ed1t c\u1ea3 ng\u00e0y l\u1eabn \u0111\u00eam.<\/p>\n<p><strong>Ho\u1ea1t \u0111\u1ed9ng m\u1ea1nh m\u1ebd, y\u00ean t\u0129nh:<\/strong><\/p>\n<p>M\u00e1y n\u00e9n Swing &#8211; Ti\u1ebfng \u1ed3n t\u1eeb d\u00e0n n\u00f3ng kh\u00f4ng c\u00f2n l\u00e0 m\u1ed1i quan t\u00e2m c\u1ee7a b\u1ea1n. Daikin \u0111\u00e3 ph\u00e1t tri\u1ec3n c\u00e1c m\u00e1y n\u00e9n Swing m\u1ea1nh m\u1ebd v\u1edbi\u00a0m\u1ed9t bu\u1ed3ng n\u00e9n v\u00e0 d\u1ea7u b\u00f4i tr\u01a1n hi\u1ec7u su\u1ea5t cao, cho ph\u00e9p \u0111\u1ed9ng c\u01a1 ho\u1ea1t \u0111\u1ed9ng tr\u01a1n tru v\u00e0 hi\u1ec7u qu\u1ea3.<\/p>\n<p><strong>H\u00e0i h\u00f2a n\u1ed9i th\u1ea5t:<\/strong><\/p>\n<p>V\u1edbi nhi\u1ec1u ki\u1ec3u d\u00e1ng d\u00e0n l\u1ea1nh kh\u00e1c nhau, b\u1ea1n c\u00f3 th\u1ec3 d\u1ec5 d\u00e0ng l\u1ef1a ch\u1ecdn m\u1ed9t m\u1eabu ph\u00f9 h\u1ee3p v\u00e0 h\u00e0i h\u00f2a v\u1edbi n\u1ed9i th\u1ea5t nh\u00e0 c\u1ee7a b\u1ea1n.<\/p>\n<p><strong>Tho\u1ea3i m\u00e1i t\u1ed1i \u01b0u:<\/strong><\/p>\n<p>M\u1ed7i d\u00e0n l\u1ea1nh c\u00f3 th\u1ec3 \u0111\u01b0\u1ee3c \u0111i\u1ec1u khi\u1ec3n \u0111\u1ed9c l\u1eadp, l\u1eadp k\u1ebf ho\u1ea1ch, v\u00e0 c\u00e0i \u0111\u1eb7t \u1edf nhi\u1ec7t \u0111\u1ed9 ph\u00f2ng mong mu\u1ed1n, \u0111\u1ea3m b\u1ea3o s\u1ef1 tho\u1ea3i m\u00e1i t\u1ed1i \u01b0u\u00a0cho t\u1ea5t c\u1ea3 c\u00e1c ph\u00f2ng trong nh\u00e0.<br \/>\nGas R32<br \/>\n\u0110\u00e2y l\u00e0 m\u00f4i ch\u1ea5t \u0111\u01b0\u1ee3c c\u00e1c h\u00e3ng \u0111i\u1ec1u h\u00f2a th\u01b0\u01a1ng hi\u1ec7u l\u1edbn t\u00ean tu\u1ed5i s\u1eed d\u1ee5ng cho d\u00f2ng m\u00e1y \u0111i\u1ec1u h\u00f2a treo t\u01b0\u1eddng c\u1ee7a m\u00ecnh. Nh\u01b0ng \u0111\u00e2y\u00a0l\u00e0 l\u1ea7n \u0111\u1ea7u ti\u00ean t\u1ea1i th\u1ecb tr\u01b0\u1eddng n\u01b0\u1edbc ta Daikin trang b\u1ecb m\u00f4i ch\u1ea5t n\u00e0y cho d\u00f2ng s\u1ea3n ph\u1ea9m m\u00e1y \u0111i\u1ec1u h\u00f2a multi c\u1ee7a m\u00ecnh. Mang l\u1ea1i hi\u1ec7u\u00a0su\u1ea5t l\u00e0m l\u1ea1nh cao h\u01a1n, kh\u00f4ng ph\u00e1 h\u1ee7y t\u1ea7ng \u00f4 z\u00f4n, gi\u1ea3m t\u00e1c nh\u00e2n g\u00e2y n\u00f3ng l\u00ean to\u00e0n c\u1ea7u, t\u0103ng c\u01b0\u1eddng hi\u1ec7u su\u1ea5t s\u1eed d\u1ee5ng n\u0103ng l\u01b0\u1ee3ng.<\/p>\n<p>&nbsp;<\/p>\n","protected":false},"excerpt":{"rendered":"<p>&nbsp;<\/p>\n<ul>\n<li>D\u00e0n n\u00f3ng \u0111i\u1ec1u h\u00f2a multi Daikin 4MKM80RVMV<\/li>\n<li>1 chi\u1ec1u &#8211; 27.000BTU (8KW) &#8211; Gas R32 &#8211; 1 pha<\/li>\n<li>Ti\u1ebft ki\u1ec7m n\u0103ng l\u01b0\u1ee3ng, hi\u1ec7u su\u1ea5t v\u01b0\u1ee3t tr\u1ed9i<\/li>\n<li>V\u1eadn h\u00e0nh m\u1ea1nh m\u1ebd, y\u00ean t\u0129nh<\/li>\n<li>Xu\u1ea5t x\u1ee9: Ch\u00ednh h\u00e3ng Th\u00e1i Lan<\/li>\n<li>B\u1ea3o h\u00e0nh: M\u00e1y 1 n\u0103m, m\u00e1y n\u00e9n 4 n\u0103m<\/li>\n<\/ul>\n<p>&nbsp;<\/p>\n","protected":false},"featured_media":6407,"comment_status":"open","ping_status":"closed","template":"","meta":[],"_links":{"self":[{"href":"http:\/\/maudep.com.vn\/chuyengiadienmay\/index.php?rest_route=\/wp\/v2\/product\/6410"}],"collection":[{"href":"http:\/\/maudep.com.vn\/chuyengiadienmay\/index.php?rest_route=\/wp\/v2\/product"}],"about":[{"href":"http:\/\/maudep.com.vn\/chuyengiadienmay\/index.php?rest_route=\/wp\/v2\/types\/product"}],"replies":[{"embeddable":true,"href":"http:\/\/maudep.com.vn\/chuyengiadienmay\/index.php?rest_route=%2Fwp%2Fv2%2Fcomments&post=6410"}],"wp:featuredmedia":[{"embeddable":true,"href":"http:\/\/maudep.com.vn\/chuyengiadienmay\/index.php?rest_route=\/wp\/v2\/media\/6407"}],"wp:attachment":[{"href":"http:\/\/maudep.com.vn\/chuyengiadienmay\/index.php?rest_route=%2Fwp%2Fv2%2Fmedia&parent=6410"}],"curies":[{"name":"wp","href":"https:\/\/api.w.org\/{rel}","templated":true}]}}