{"id":6419,"date":"2019-06-25T16:04:39","date_gmt":"2019-06-25T09:04:39","guid":{"rendered":"http:\/\/maudep.com.vn\/chuyengiadienmay\/?post_type=product&#038;p=6419"},"modified":"2019-06-25T16:04:39","modified_gmt":"2019-06-25T09:04:39","slug":"dan-nong-daikin-multi-2-chieu-23-300btu-4mxm68rvmv","status":"publish","type":"product","link":"http:\/\/maudep.com.vn\/chuyengiadienmay\/?product=dan-nong-daikin-multi-2-chieu-23-300btu-4mxm68rvmv","title":{"rendered":"D\u00e0n n\u00f3ng Daikin Multi 2 chi\u1ec1u 23.300BTU 4MXM68RVMV"},"content":{"rendered":"<h2>D\u00e0n n\u00f3ng Daikin Multi 2 chi\u1ec1u 23.300BTU 4MXM68RVMV<\/h2>\n<p>4MXM68RVMV l\u00e0\u00a0d\u00e0n n\u00f3ng \u0111i\u1ec1u h\u00f2a multi Daikin 2 chi\u1ec1u. Model m\u1edbi 2018 d\u00f9ng ga R32 thay th\u1ebf model\u00a0c\u0169 d\u00f9ng ga R410A 3MXS68RVMV. Cho ph\u00e9p k\u1ebft n\u1ed1i t\u1ed1i \u0111a 4 d\u00e0n l\u1ea1nh, l\u1eafp \u0111\u1eb7t cho 4 ph\u00f2ng. T\u1ed5ng c\u00f4ng su\u1ea5t t\u1ed1i \u0111a 4 d\u00e0n l\u1ea1nh k\u1ebft n\u1ed1i l\u00e0 11.0kW. \u01afu \u0111i\u1ec3m c\u1ee7a h\u1ec7 th\u1ed1ng l\u00e0 r\u1ea5t nh\u1ecf g\u1ecdn, thi\u1ebft k\u1ebf sang tr\u1ecdng. S\u1ea3n ph\u1ea9m ph\u00f9 h\u1ee3p l\u1eafp cho nh\u00e0 ri\u00eang, chung c\u01b0\u2026 n\u01a1i h\u1ea1n ch\u1ebf v\u1ecb tr\u00ed \u0111\u1eb7t d\u00e0n n\u00f3ng.<\/p>\n<p><img class=\"aligncenter\" src=\"https:\/\/hopphat.com\/media\/product\/808_dan_nong_dieu_hoa_multi_daikin.jpg\" alt=\"\" \/><\/p>\n<h3><strong>\u0110\u1eb7c \u0111i\u1ec3m c\u1ee7a \u0111i\u1ec1u h\u00f2a multi Daikin 4MXM68RVMV\u00a0<\/strong><\/h3>\n<p>\u2013 Ti\u1ebft ki\u1ec7m di\u1ec7n t\u00edch:Ch\u1ec9 c\u1ea7n 1 d\u00e0n n\u00f3ng 4MXM68 nh\u1ecf g\u1ecdn, cho ph\u00e9p k\u1ebft n\u1ed1i t\u1edbi 4 d\u00e0n l\u1ea1nh. Ph\u00f9 h\u1ee3p l\u1eafp cho c\u0103n h\u1ed9 4 ph\u00f2ng,\u00a0 v\u00ed d\u1ee5 1 ph\u00f2ng kh\u00e1ch v\u00e0 2 ph\u00f2ng ng\u1ee7, 1 ph\u00f2ng \u0103n \u2026<\/p>\n<p>\u2013 Ti\u1ebft ki\u1ec7m n\u0103ng l\u01b0\u1ee3ng nh\u1edd chi ph\u00ed v\u1eadn h\u00e0nh gi\u1ea3m do 4 d\u00e0n l\u1ea1nh k\u1ebft h\u1ee3p c\u00f3 th\u1ec3 \u0111\u01b0\u1ee3c s\u1eed d\u1ee5ng 1 c\u00e1ch \u0111\u1ed9c l\u1eadp.<\/p>\n<p>\u2013 Qu\u00fd kh\u00e1ch c\u00f3 th\u1ec3 l\u1ef1a ch\u1ecdn lo\u1ea1i cassette \u00e2m tr\u00e2n, gi\u1ea5u tr\u1ea7n n\u1ed1i \u1ed1ng gi\u00f3 ho\u1eb7c treo t\u01b0\u1eddng ph\u00f9 h\u1ee3p v\u1edbi n\u1ed9i th\u1ea5t c\u1ee7a t\u1eebng ph\u00f2ng v\u00e0 theo s\u1edf th\u00edch c\u1ee7a m\u00ecnh.<\/p>\n<p>\u2013 4MXM68RVMV k\u1ebft h\u1ee3p \u0111\u1ec3 l\u1eafp cho 4 ph\u00f2ng. D\u00e0n l\u1ea1nh \u1edf m\u1ed7i ph\u00f2ng c\u00f3 th\u1ec3 \u0111\u01b0\u1ee3c \u0111i\u1ec1u khi\u1ec3n \u0111\u1ed9c l\u1eadp, l\u1eadp k\u1ebf ho\u1ea1ch, v\u00e0 c\u00e0i \u0111\u1eb7t nhi\u1ec7t \u0111\u1ed9 ph\u00f2ng mong mu\u1ed1n, \u0111\u1ea3m b\u1ea3o s\u1ef1 tho\u1ea3i m\u00e1i t\u1ed1i \u01b0u cho t\u1ea5t c\u1ea3 c\u00e1c ph\u00f2ng trong nh\u00e0.<\/p>\n<p>\u2013 \u0110i\u1ec1u khi\u1ec3n th\u00f4ng minh b\u1eb1ng 1 v\u00e0i thao t\u00e1c \u0111\u01a1n gi\u1ea3n tr\u00ean \u0111i\u1ec7n tho\u1ea1i, m\u00e1y t\u00ednh b\u1ea3ng.<\/p>\n<p>\u2013 C\u00f4ng ngh\u1ec7 ti\u00ean ti\u1ebfn cho cu\u1ed9c s\u1ed1ng t\u1ed1t \u0111\u1eb9p h\u01a1n nh\u1edd m\u00f4i ch\u1ea5t l\u1ea1nh ga R32 kh\u00f4ng ph\u00e1 h\u1ee7y t\u1ea7n \u00f4 z\u00f4n, gi\u1ea3m t\u00e1c nh\u00e2n g\u00e2y n\u00f3ng l\u00ean to\u00e0n c\u1ea7u, t\u0103ng c\u01b0\u1eddng hi\u1ec7u su\u1ea5t s\u1eed d\u1ee5ng n\u0103ng l\u01b0\u1ee3ng.<\/p>\n<p>&nbsp;<\/p>\n<p>&nbsp;<\/p>\n","protected":false},"excerpt":{"rendered":"<p>&nbsp;<\/p>\n<ul>\n<li>D\u00e0n n\u00f3ng \u0111i\u1ec1u h\u00f2a Daikin multi 4MXM68RVMV<\/li>\n<li>2 chi\u1ec1u &#8211; 24.000BTU (6.8KW) &#8211; Gas R32 &#8211; 1 pha<\/li>\n<li>K\u1ebft n\u1ed1i t\u1ed1i \u0111a 4 d\u00e0n l\u1ea1nh, ti\u1ebft ki\u1ec7m kh\u00f4ng gian<\/li>\n<li>Ti\u1ebft ki\u1ec7m \u0111i\u1ec7n, v\u1eadn h\u00e0nh m\u1ea1nh m\u1ebd<\/li>\n<li>Xu\u1ea5t x\u1ee9: Ch\u00ednh h\u00e3ng Th\u00e1i Lan<\/li>\n<li>B\u1ea3o h\u00e0nh: M\u00e1y 1 n\u0103m, m\u00e1y n\u00e9n 4 n\u0103m<\/li>\n<\/ul>\n<p>&nbsp;<\/p>\n","protected":false},"featured_media":6407,"comment_status":"open","ping_status":"closed","template":"","meta":[],"_links":{"self":[{"href":"http:\/\/maudep.com.vn\/chuyengiadienmay\/index.php?rest_route=\/wp\/v2\/product\/6419"}],"collection":[{"href":"http:\/\/maudep.com.vn\/chuyengiadienmay\/index.php?rest_route=\/wp\/v2\/product"}],"about":[{"href":"http:\/\/maudep.com.vn\/chuyengiadienmay\/index.php?rest_route=\/wp\/v2\/types\/product"}],"replies":[{"embeddable":true,"href":"http:\/\/maudep.com.vn\/chuyengiadienmay\/index.php?rest_route=%2Fwp%2Fv2%2Fcomments&post=6419"}],"wp:featuredmedia":[{"embeddable":true,"href":"http:\/\/maudep.com.vn\/chuyengiadienmay\/index.php?rest_route=\/wp\/v2\/media\/6407"}],"wp:attachment":[{"href":"http:\/\/maudep.com.vn\/chuyengiadienmay\/index.php?rest_route=%2Fwp%2Fv2%2Fmedia&parent=6419"}],"curies":[{"name":"wp","href":"https:\/\/api.w.org\/{rel}","templated":true}]}}