{"id":6420,"date":"2019-06-25T16:29:53","date_gmt":"2019-06-25T09:29:53","guid":{"rendered":"http:\/\/maudep.com.vn\/chuyengiadienmay\/?post_type=product&#038;p=6420"},"modified":"2019-06-25T16:29:54","modified_gmt":"2019-06-25T09:29:54","slug":"dan-nong-daikin-multi-2-chieu-23-300btu-4mxm68rvmv-2","status":"publish","type":"product","link":"http:\/\/maudep.com.vn\/chuyengiadienmay\/?product=dan-nong-daikin-multi-2-chieu-23-300btu-4mxm68rvmv-2","title":{"rendered":"D\u00e0n n\u00f3ng Daikin Multi 2 chi\u1ec1u 23.300BTU 4MXM68RVMV"},"content":{"rendered":"<h2>D\u00e0n n\u00f3ng Daikin Multi 2 chi\u1ec1u 23.300BTU 4MXM68RVMV<\/h2>\n<p>D\u00e0n n\u00f3ng\u00a0\u0111i\u1ec1u h\u00f2a Daikin multi 177000btu 3MXM52RVMV l\u00e0 s\u1ea3n ph\u1ea9m m\u1edbi nh\u1ea5t \u0111\u01b0\u1ee3c Daikin ph\u00e1t tri\u1ec3n, \u0111i\u1ec3m n\u1ed5i b\u1eadt c\u1ee7a d\u00f2ng s\u1ea3n ph\u1ea9m 3MXM52RVMV l\u00e0 s\u1eed d\u1ee5ng m\u00f4i ch\u1ea5t l\u1ea1nh r-32, t\u1ea1o cho m\u00f4i tr\u01b0\u1eddng s\u1ed1ng l\u00fd t\u01b0\u1edfng.<\/p>\n<p><a title=\"D\u00e0n n\u00f3ng \u0111i\u1ec1u h\u00f2a multi daikin 3MXM52RVMV\" href=\"http:\/\/hopphat.com\/dan-nong-dieu-hoa-multi-daikin-3mxm52rvmv.html\" target=\"_blank\" rel=\"noopener\"><img class=\"aligncenter\" src=\"https:\/\/hopphat.com\/media\/lib\/807_so-do-dan-nong-dieu-hoa-multi-ket-noi-3-dan-treo-tuong.jpg\" alt=\"D\u00e0n n\u00f3ng \u0111i\u1ec1u h\u00f2a multi daikin 3MXM52RVMV\" width=\"600\" \/><\/a><\/p>\n<p>&nbsp;<\/p>\n<p>D\u00e0n n\u00f3ng \u0111i\u1ec1u h\u00f2a multi daikin nh\u1ecf g\u1ecdn ho\u1ea1t \u0111\u1ed9ng \u00eam \u00e1i gi\u1ea3m b\u1edbt c\u1ea3n tr\u1edf cho kh\u00f4ng gian b\u00ean ngo\u00e0i l\u00e0m t\u0103ng t\u00ednh ti\u1ec7n nghi v\u00e0 t\u1ea1o v\u1ebb m\u1ef9 quan v\u00e0 s\u1ef1 y\u00ean t\u0129nh cho khu v\u1ef1c xung quanh.<\/p>\n<p><strong>N\u1ed9i th\u1ea5t h\u00e0i h\u00f2a<\/strong><\/p>\n<p>V\u1edbi nhi\u1ec1u ki\u1ec3u d\u00e1ng d\u00e0n l\u1ea1nh kh\u00e1c nhau, b\u1ea1n c\u00f3 th\u1ec3 d\u1ec5 d\u00e0ng l\u1ef1a ch\u1ecdn m\u1ed9t m\u1eabu ph\u00f9 h\u1ee3p v\u00e0 h\u00e0i h\u00f2a v\u1edbi n\u1ed9i th\u1ea5t nh\u00e0 c\u1ee7a b\u1ea1n.<\/p>\n<p><strong>Ti\u1ebft ki\u1ec7m n\u0103ng l\u01b0\u1ee3ng<\/strong><\/p>\n<p>Chi ph\u00ed v\u1eadn h\u00e0nh gi\u1ea3m do \u0111i\u1ec1u h\u00f2a kh\u00f4ng kh\u00ed trong c\u00e1c ph\u00f2ng c\u00f3 th\u1ec3 \u0111\u01b0\u1ee3c s\u1eed d\u1ee5ng m\u1ed9t c\u00e1ch \u0111\u1ed9c l\u1eadp.<\/p>\n<p><strong>Tho\u1ea3i m\u00e1i<\/strong><\/p>\n<p>M\u1ed7i d\u00e0n l\u1ea1nh c\u00f3 th\u1ec3 \u0111\u01b0\u1ee3c \u0111i\u1ec1u khi\u1ec3n \u0111\u1ed9c l\u1eadp, l\u1eadp k\u1ebf ho\u1ea1ch, v\u00e0 c\u00e0i \u0111\u1eb7t \u1edf nhi\u1ec7t \u0111\u1ed9 ph\u00f2ng mong mu\u1ed1n, \u0111\u1ea3m b\u1ea3o s\u1ef1 tho\u1ea3i m\u00e1i t\u1ed1i \u01b0u cho t\u1ea5t c\u1ea3 c\u00e1c ph\u00f2ng trong nh\u00e0.<\/p>\n<p><strong>\u0110i\u1ec1u khi\u1ec3n th\u00f4ng minh<\/strong><\/p>\n<p>S\u1ef1 l\u1ef1a ch\u1ecdn ho\u00e0n h\u1ea3o cho ng\u01b0\u1eddi c\u00f3 l\u1ed1i s\u1ed1ng hi\u1ec7n \u0111\u1ea1i. B\u1ea5t k\u1ec3 b\u1ea1n \u1edf \u0111\u00e2u, b\u1ea1n c\u0169ng c\u00f3 th\u1ec3 \u0111i\u1ec1u khi\u1ec3n m\u00e1y \u0111i\u1ec1u h\u00f2a kh\u00f4ng kh\u00ed Daikin b\u1eb1ng m\u1ed9t v\u00e0i thao t\u00e1c \u0111\u01a1n gi\u1ea3n tr\u00ean \u0111i\u1ec7n tho\u1ea1i, m\u00e1y t\u00ednh b\u1ea3ng c\u1ee7a b\u1ea1n.<\/p>\n<p>&nbsp;<\/p>\n<p>&nbsp;<\/p>\n","protected":false},"excerpt":{"rendered":"<p>&nbsp;<\/p>\n<ul>\n<li>D\u00e0n n\u00f3ng \u0111i\u1ec1u h\u00f2a Daikin multi 3MXM52RVMV<\/li>\n<li>2 chi\u1ec1u &#8211; 18.000BTU (5.2KW) &#8211; Gas R32 &#8211; 1 pha<\/li>\n<li>K\u1ebft n\u1ed1i t\u1ed1i \u0111a 3 d\u00e0n l\u1ea1nh, ti\u1ebft ki\u1ec7m kh\u00f4ng gian<\/li>\n<li>Nh\u1ecf g\u1ecdn, d\u1ec5 d\u00e0ng l\u1eafp \u0111\u1eb7t<\/li>\n<li>Xu\u1ea5t x\u1ee9: Ch\u00ednh h\u00e3ng Th\u00e1i Lan<\/li>\n<li>B\u1ea3o h\u00e0nh: M\u00e1y 1 n\u0103m, m\u00e1y n\u00e9n 4 n\u0103m<\/li>\n<\/ul>\n<p>&nbsp;<\/p>\n","protected":false},"featured_media":6407,"comment_status":"open","ping_status":"closed","template":"","meta":[],"_links":{"self":[{"href":"http:\/\/maudep.com.vn\/chuyengiadienmay\/index.php?rest_route=\/wp\/v2\/product\/6420"}],"collection":[{"href":"http:\/\/maudep.com.vn\/chuyengiadienmay\/index.php?rest_route=\/wp\/v2\/product"}],"about":[{"href":"http:\/\/maudep.com.vn\/chuyengiadienmay\/index.php?rest_route=\/wp\/v2\/types\/product"}],"replies":[{"embeddable":true,"href":"http:\/\/maudep.com.vn\/chuyengiadienmay\/index.php?rest_route=%2Fwp%2Fv2%2Fcomments&post=6420"}],"wp:featuredmedia":[{"embeddable":true,"href":"http:\/\/maudep.com.vn\/chuyengiadienmay\/index.php?rest_route=\/wp\/v2\/media\/6407"}],"wp:attachment":[{"href":"http:\/\/maudep.com.vn\/chuyengiadienmay\/index.php?rest_route=%2Fwp%2Fv2%2Fmedia&parent=6420"}],"curies":[{"name":"wp","href":"https:\/\/api.w.org\/{rel}","templated":true}]}}