{"id":6538,"date":"2019-07-02T09:15:16","date_gmt":"2019-07-02T02:15:16","guid":{"rendered":"http:\/\/maudep.com.vn\/chuyengiadienmay\/?post_type=product&#038;p=6538"},"modified":"2019-07-02T09:15:16","modified_gmt":"2019-07-02T02:15:16","slug":"lg-cassette-1-chieu-18-000btu-inverter-gas-r410-atnq18gple6","status":"publish","type":"product","link":"http:\/\/maudep.com.vn\/chuyengiadienmay\/?product=lg-cassette-1-chieu-18-000btu-inverter-gas-r410-atnq18gple6","title":{"rendered":"LG Cassette 1 chi\u1ec1u 18.000BTU Inverter Gas R410 ATNQ18GPLE6"},"content":{"rendered":"<div id=\"chitiet-1\" class=\"w-pd-i-content\">\n<p class=\"w-pd-i-c-head\">\u00a0\u0110i\u1ec1u h\u00f2a \u00e2m tr\u1ea7n LG 18000BTU inverter 1 chi\u1ec1u ATNQ18GPLE6\/ATUQ18GPLE6<\/p>\n<p style=\"text-align: justify;\">M\u00e1y \u0110i\u1ec1u h\u00f2a \u00e2m tr\u1ea7n LG 18000BTU inverter 1 chi\u1ec1u ATNQ18GPLE6\/ATUQ18GPLE6 lo\u1ea1i 1 chi\u1ec1u c\u00f4ng ngh\u1ec7 inverter m\u1edbi nh\u1ea5t c\u1ee7a LG ch\u00ednh th\u1ee9c v\u1ec1 h\u00e0ng \u0111\u1ea7u th\u00e1ng 10\/2017 v\u1eeba qua nh\u1eb1m thay th\u1ebf model c\u0169 <strong>ATUC186PLE1\/ATNC186PLE1.<\/strong><\/p>\n<p style=\"text-align: justify;\"><img class=\"aligncenter\" src=\"https:\/\/banhangtaikho.com.vn\/Images\/Product\/18000btu-atnq18gple6-atuq18gple6-5CDnd5.jpg\" alt=\"\u0110i\u1ec1u h\u00f2a \u00e2m tr\u1ea7n LG 18000BTU inverter 1 chi\u1ec1u ATNQ18GPLE6\/ATUQ18GPLE6\" \/><\/p>\n<p style=\"text-align: justify;\">M\u1eb7t n\u1ea1 thi\u1ebft k\u1ebf m\u1edbi v\u1edbi lu\u1ed3ng gi\u00f3 \u0111a h\u01b0\u1edbng th\u1ed5i, th\u1ed5i tr\u00f2n 360 \u0111\u1ed9 ph\u00e2n b\u1ed5 nhi\u1ec7t \u0111\u1ed9 \u0111\u1ed3ng \u0111\u1ec1u h\u01a1n t\u1edbi m\u1ecdi g\u00f3c trong c\u0103n ph\u00f2ng, \u0111\u1ed3ng th\u1eddi mang l\u1ea1i c\u1ea3m gi\u00e1c tho\u1ea3i m\u00e1i d\u1ec5 ch\u1ecbu. \u0110i\u1ec1u h\u00f2a \u00e2m tr\u1ea7n LG\u00a0<strong>ATNQ18GPLE6\/ATUQ18GPLE6<\/strong> c\u00f4ng su\u1ea5t 18000BTU (2.0HP) m\u1eb7t n\u1ea1 m\u00e0u tr\u1eafng tinh t\u1ebf ph\u00f9 h\u1ee3p l\u1eafp \u0111\u1eb7t cho ph\u00f2ng kh\u00e1ch, ph\u00f2ng h\u1ecdp c\u00f3 di\u1ec7n t\u00edch d\u01b0\u1edbi 30m2 mang l\u1ea1i s\u1ef1 sang tr\u1ecdng, \u0111\u1eb3ng c\u1ea5p trong c\u0103n ph\u00f2ng c\u1ee7a b\u1ea1n.<\/p>\n<p style=\"text-align: justify;\"><img style=\"height: 361px; width: 602px;\" src=\"\/Images\/Upload\/images\/dieu-hoa-am-tran-lg-inverter-tiet-kiem-dien.jpg\" alt=\"\" \/><\/p>\n<figure id=\"attachment_6540\" aria-describedby=\"caption-attachment-6540\" style=\"width: 300px\" class=\"wp-caption aligncenter\"><img loading=\"lazy\" class=\"size-medium wp-image-6540\" src=\"http:\/\/maudep.com.vn\/chuyengiadienmay\/wp-content\/uploads\/2019\/07\/dieu-hoa-am-tran-lg-inverter-tiet-kiem-dien-300x180.jpg\" alt=\"\" width=\"300\" height=\"180\" srcset=\"http:\/\/maudep.com.vn\/chuyengiadienmay\/wp-content\/uploads\/2019\/07\/dieu-hoa-am-tran-lg-inverter-tiet-kiem-dien-300x180.jpg 300w, http:\/\/maudep.com.vn\/chuyengiadienmay\/wp-content\/uploads\/2019\/07\/dieu-hoa-am-tran-lg-inverter-tiet-kiem-dien-600x360.jpg 600w, http:\/\/maudep.com.vn\/chuyengiadienmay\/wp-content\/uploads\/2019\/07\/dieu-hoa-am-tran-lg-inverter-tiet-kiem-dien.jpg 602w\" sizes=\"(max-width: 300px) 100vw, 300px\" \/><figcaption id=\"caption-attachment-6540\" class=\"wp-caption-text\">\u0111i\u1ec1u h\u00f2a \u00e2m tr\u1ea7n lg inverter ti\u1ebft ki\u1ec7m \u0111i\u1ec7n<\/figcaption><\/figure>\n<p style=\"text-align: justify;\">T\u1ea1i n\u01b0\u1edbc ta, t\u00ednh \u0111\u1ebfn th\u1eddi \u0111i\u1ec3m hi\u1ec7n t\u1ea1i LG l\u00e0 h\u00e3ng \u0111i\u1ec1u h\u00f2a ti\u00ean phong khi 100% s\u1ea3n ph\u1ea9m m\u00e1y \u0111i\u1ec1u h\u00f2a th\u01b0\u01a1ng m\u1ea1i (\u00e2m tr\u1ea7n, t\u1ee7 \u0111\u1ee9ng) chuy\u1ec3n h\u1ebft sang c\u00f4ng ngh\u1ec7 inverter &#8211; bi\u1ebfn t\u1ea7n ti\u00ean ti\u1ebfn nh\u1ea5t mang l\u1ea1i cho ng\u01b0\u1eddi ti\u00eau d\u00f9ng nh\u1eefng l\u1ee3i \u00edch thi\u1ebft th\u1ef1c: Ti\u1ebft ki\u1ec7m \u0111i\u1ec7n hi\u1ec7u qu\u1ea3 l\u00ean t\u1edbi 30% so v\u1edbi m\u00e1y \u0111i\u1ec1u h\u00f2a th\u00f4ng th\u01b0\u1eddng, hi\u1ec7u su\u1ea5t l\u00e0m l\u1ea1nh nhanh h\u01a1n, ho\u1ea1t \u0111\u1ed9ng \u00eam \u00e1i h\u01a1n, v\u00e0 gi\u00fap t\u0103ng tu\u1ed5i th\u1ecd c\u1ee7a s\u1ea3n ph\u1ea9m.<\/p>\n<h3 style=\"text-align: justify;\">Ti\u1ebft ki\u1ec7m Kh\u00f4ng gian<\/h3>\n<p style=\"text-align: justify;\">D\u00e0n l\u1ea1nh v\u1edbi \u0111\u1ed9 d\u00e0y ch\u1ec9 204 mm, m\u00e1y c\u00f3 th\u1ec3 \u0111\u01b0\u1ee3c l\u1eafp \u0111\u1eb7t b\u00ean d\u01b0\u1edbi c\u00e1c tr\u1ea7n nh\u00e0 h\u1eb9p, d\u1ec5 d\u00e0ng l\u1eafp \u0111\u1eb7t trong m\u1ecdi kh\u00f4ng gian.<\/p>\n<h3 style=\"text-align: justify;\">Lan T\u1ecfa Kh\u1eafp M\u1ecdi N\u01a1i<\/h3>\n<p style=\"text-align: justify;\">C\u00e1c c\u00e1nh v\u1eaby ho\u1ea1t \u0111\u1ed9ng \u0111\u1ed9c l\u1eadp, gi\u00fap lu\u1ed3ng kh\u00f4ng kh\u00ed m\u00e1t l\u1ea1nh lan t\u1ecfa kh\u1eafp b\u1ed1n h\u01b0\u1edbng.<\/p>\n<h3 style=\"text-align: justify;\">D\u00e0n t\u1ea3n nhi\u1ec7t \u0111\u01b0\u1ee3c t\u1ed1i \u0111a h\u00f3a ch\u1ed1ng \u0103n m\u00f2n<\/h3>\n<p style=\"text-align: justify;\">D\u00e0n t\u1ea3n nhi\u1ec7t \u0111\u01b0\u1ee3c ph\u1ee7 l\u1edbp s\u01a1n \u0111\u1eb7c bi\u1ec7t gi\u00fap gi\u1ea3m th\u1eddi gian \u0103n m\u00f2n v\u00e0 l\u00e0m cho thi\u1ebft b\u1ecb c\u00f3 tu\u1ed5i th\u1ecd cao h\u01a1n.<\/p>\n<p style=\"text-align: justify;\"><img style=\"height: 271px; width: 788px;\" src=\"\/Images\/Upload\/images\/dan-tan-nhiet-dan-nong-dieu-hoa-am-tran-lg.jpg\" alt=\"\" \/><\/p>\n<figure id=\"attachment_6539\" aria-describedby=\"caption-attachment-6539\" style=\"width: 300px\" class=\"wp-caption aligncenter\"><img loading=\"lazy\" class=\"size-medium wp-image-6539\" src=\"http:\/\/maudep.com.vn\/chuyengiadienmay\/wp-content\/uploads\/2019\/07\/dan-tan-nhiet-dan-nong-dieu-hoa-am-tran-lg-300x103.jpg\" alt=\"\" width=\"300\" height=\"103\" srcset=\"http:\/\/maudep.com.vn\/chuyengiadienmay\/wp-content\/uploads\/2019\/07\/dan-tan-nhiet-dan-nong-dieu-hoa-am-tran-lg-300x103.jpg 300w, http:\/\/maudep.com.vn\/chuyengiadienmay\/wp-content\/uploads\/2019\/07\/dan-tan-nhiet-dan-nong-dieu-hoa-am-tran-lg-768x264.jpg 768w, http:\/\/maudep.com.vn\/chuyengiadienmay\/wp-content\/uploads\/2019\/07\/dan-tan-nhiet-dan-nong-dieu-hoa-am-tran-lg-600x206.jpg 600w, http:\/\/maudep.com.vn\/chuyengiadienmay\/wp-content\/uploads\/2019\/07\/dan-tan-nhiet-dan-nong-dieu-hoa-am-tran-lg.jpg 788w\" sizes=\"(max-width: 300px) 100vw, 300px\" \/><figcaption id=\"caption-attachment-6539\" class=\"wp-caption-text\">d\u00e0n t\u1ea3n nhi\u1ec7t d\u00e0n n\u00f3ng \u0111i\u1ec1u h\u00f2a \u00e2m tr\u1ea7n lg inverter<\/figcaption><\/figure>\n<h3 style=\"text-align: justify;\">L\u1eafp \u0111\u1eb7t nhanh ch\u00f3ng d\u1ec5 d\u00e0ng<\/h3>\n<p style=\"text-align: justify;\">M\u1ed7i g\u00f3c m\u00e1y \u0111\u1ec1u c\u00f3 v\u00edt \u0111i\u1ec1u ch\u1ec9nh gi\u00fap cho vi\u1ec7c thay \u0111\u1ed5i \u0111\u1ed9 cao khi treo m\u00e1y tr\u1edf n\u00ean \u0111\u01a1n gi\u1ea3n.<\/p>\n<p style=\"text-align: justify;\">Gi\u00e1 \u0111i\u1ec1u h\u00f2a LG \u00e2m tr\u1ea7n inverter <strong>ATNQ18GPLE6\/ATUQ18GPLE6<\/strong> r\u1ea5t h\u1ee3p l\u00fd ch\u1ec9 cao h\u01a1n d\u00f2ng th\u00f4ng d\u1ee5ng ATUC186PLE1\/ATNC186PLE1 c\u00f3 2 tri\u1ec7u \u0111\u1ed3ng \/ s\u1ea3n ph\u1ea9m, th\u1eadm ch\u00ed c\u00f2n r\u1ebb h\u01a1n c\u1ea3 m\u00e1y \u0111i\u1ec1u h\u00f2a \u00e2m tr\u1ea7n Daikin th\u00f4ng d\u1ee5ng FCNQ18MV1\/RNQ18MV19 v\u00ec th\u1ebf theo ch\u00fang t\u00f4i ch\u1ecdn mua m\u00e1y \u0111i\u1ec1u h\u00f2a LG \u00e2m tr\u1ea7n inverter ch\u00ednh l\u00e0 l\u1ef1a ch\u1ecdn c\u1ee7a nh\u00e0 ti\u00eau d\u00f9ng th\u00f4ng th\u00e1i!<\/p>\n<\/div>\n<p>&nbsp;<\/p>\n","protected":false},"excerpt":{"rendered":"<ul class=\"l pr-des-featured\">\n<li>\u0110i\u1ec1u h\u00f2a \u00e2m tr\u1ea7n LG inverter ti\u1ebft ki\u1ec7m \u0111i\u1ec7n<\/li>\n<li>1 chi\u1ec1u &#8211; 18000BTU (2.0HP) &#8211; Gas R410a<\/li>\n<li>L\u00e0m l\u1ea1nh nhanh, \u00eam \u00e1i<\/li>\n<li>Ph\u00f9 h\u1ee3p l\u1eafp \u0111\u1eb7t ph\u00f2ng kh\u00e1ch, ph\u00f2ng h\u1ecdp<\/li>\n<li>Xu\u1ea5t x\u1ee9: Ch\u00ednh h\u00e3ng Th\u00e1i Lan<\/li>\n<li>B\u1ea3o h\u00e0nh: Ch\u00ednh h\u00e3ng 12 th\u00e1ng<\/li>\n<\/ul>\n","protected":false},"featured_media":6541,"comment_status":"open","ping_status":"closed","template":"","meta":[],"_links":{"self":[{"href":"http:\/\/maudep.com.vn\/chuyengiadienmay\/index.php?rest_route=\/wp\/v2\/product\/6538"}],"collection":[{"href":"http:\/\/maudep.com.vn\/chuyengiadienmay\/index.php?rest_route=\/wp\/v2\/product"}],"about":[{"href":"http:\/\/maudep.com.vn\/chuyengiadienmay\/index.php?rest_route=\/wp\/v2\/types\/product"}],"replies":[{"embeddable":true,"href":"http:\/\/maudep.com.vn\/chuyengiadienmay\/index.php?rest_route=%2Fwp%2Fv2%2Fcomments&post=6538"}],"wp:featuredmedia":[{"embeddable":true,"href":"http:\/\/maudep.com.vn\/chuyengiadienmay\/index.php?rest_route=\/wp\/v2\/media\/6541"}],"wp:attachment":[{"href":"http:\/\/maudep.com.vn\/chuyengiadienmay\/index.php?rest_route=%2Fwp%2Fv2%2Fmedia&parent=6538"}],"curies":[{"name":"wp","href":"https:\/\/api.w.org\/{rel}","templated":true}]}}