{"id":6542,"date":"2019-07-02T09:22:54","date_gmt":"2019-07-02T02:22:54","guid":{"rendered":"http:\/\/maudep.com.vn\/chuyengiadienmay\/?post_type=product&#038;p=6542"},"modified":"2019-07-02T09:22:54","modified_gmt":"2019-07-02T02:22:54","slug":"lg-cassette-1-chieu-48-000btu-inverter-gas-r410-atnq48gmle6","status":"publish","type":"product","link":"http:\/\/maudep.com.vn\/chuyengiadienmay\/?product=lg-cassette-1-chieu-48-000btu-inverter-gas-r410-atnq48gmle6","title":{"rendered":"LG Cassette 1 chi\u1ec1u 48.000BTU Inverter Gas R410 ATNQ48GMLE6"},"content":{"rendered":"<div id=\"chitiet-1\" class=\"w-pd-i-content\">\n<p class=\"w-pd-i-c-head\">\u0110i\u1ec1u h\u00f2a \u00e2m tr\u1ea7n LG 48.0000BTU inverter 1 chi\u1ec1u ATNQ48GMLE6\/ATUQ48GMLE6<\/p>\n<p style=\"text-align: justify;\">M\u00e1y \u0110i\u1ec1u h\u00f2a \u00e2m tr\u1ea7n LG 48.0000BTU inverter 1 chi\u1ec1u ATNQ48GMLE6\/ATUQ48GMLE6lo\u1ea1i inverter ti\u1ebft ki\u1ec7m \u0111i\u1ec7n, 1 chi\u1ec1u s\u1eed d\u1ee5ng gas R410a nh\u1eadp kh\u1ea9u ch\u00ednh h\u00e3ng Th\u00e1i Lan s\u1ea3n ph\u1ea9m m\u1edbi nh\u1ea5t c\u1ee7a LG ch\u00ednh th\u1ee9c b\u00e1n t\u1ea1i th\u1ecb tr\u01b0\u1eddng n\u01b0\u1edbc ta \u0111\u1ea7u th\u00e1ng 10\/2017 nh\u1eb1m thay th\u1ebf model th\u00f4ng d\u1ee5ng tr\u01b0\u1edbc \u0111\u00f3 ATNC488MLE0\/ATUC488MLE0.<\/p>\n<p style=\"text-align: justify;\"><img class=\"aligncenter\" src=\"https:\/\/banhangtaikho.com.vn\/Images\/Product\/480000btu-atnq48gmle6-atuq48gmle6-560nYd.jpg\" alt=\"\u0110i\u1ec1u h\u00f2a \u00e2m tr\u1ea7n LG 48.0000BTU inverter 1 chi\u1ec1u ATNQ48GMLE6\/ATUQ48GMLE6\" \/><\/p>\n<p style=\"text-align: justify;\">\u0110i\u1ec3m n\u1ed5i b\u1eadt c\u1ee7a <strong>\u0111i\u1ec1u h\u00f2a \u00e2m tr\u1ea7n LG ATNQ48GMLE6\/ATUQ48GMLE6<\/strong> ch\u00ednh l\u00e0 c\u00f4ng ngh\u1ec7 inverter ti\u00ean ti\u1ebfn nh\u1ea5t hi\u1ec7n nay mang l\u1ea1i cho ng\u01b0\u1eddi ti\u00eau d\u00f9ng nh\u1eefng l\u1ee3i \u00edch thi\u1ebft th\u1ef1c.<\/p>\n<h3 style=\"text-align: justify;\">C\u1eaft gi\u1ea3m m\u1ea1nh m\u1ee9c ti\u00eau hao n\u0103ng l\u01b0\u1ee3ng gi\u00fap c\u00f3 \u0111\u01b0\u1ee3c kh\u1ea3 n\u0103ng ti\u1ebft ki\u1ec7m cao<\/h3>\n<p style=\"text-align: justify;\">M\u00e1y \u0111i\u1ec1u h\u00f2a kh\u00f4ng kh\u00ed inverter cung c\u1ea5p kh\u1ea3 n\u0103ng gi\u1ea3m thi\u1ec3u m\u1ee9c ti\u00eau hao \u0111i\u1ec7n n\u0103ng \u1ea5n t\u01b0\u1ee3ng 30% b\u1eb1ng c\u00e1ch \u0111i\u1ec1u ch\u1ec9nh t\u1ed1c \u0111\u1ed9 c\u1ee7a m\u00e1y n\u00e9n nh\u1eb1m mang \u0111\u1ebfn m\u1ee9c c\u00f4ng su\u1ea5t l\u00e0m m\u00e1t th\u00edch h\u1ee3p m\u00e0 kh\u00f4ng \u1ea3nh h\u01b0\u1edfng \u0111\u1ebfn s\u1ef1 ti\u1ec7n nghi. Kh\u1ea3 n\u0103ng n\u00e0y t\u1ea1o ra s\u1ef1 kh\u00e1c bi\u1ec7t l\u1edbn khi s\u1eed d\u1ee5ng trong m\u1ed9t kho\u1ea3ng th\u1eddi gian d\u00e0i.<\/p>\n<p style=\"text-align: justify;\"><img class=\"aligncenter\" src=\"https:\/\/banhangtaikho.com.vn\/Images\/Upload\/images\/dieu-hoa-am-tran-lg-inverter-tiet-kiem-dien.jpg\" \/><\/p>\n<h3 style=\"text-align: justify;\">L\u00e0m l\u1ea1nh nhanh ch\u00f3ng ngay sau khi b\u1eadt h\u1ec7 th\u1ed1ng v\u1edbi ch\u1ebf \u0111\u1ed9 v\u1eadn h\u00e0nh c\u00f4ng su\u1ea5t cao<\/h3>\n<p style=\"text-align: justify;\">M\u00e1y \u0111i\u1ec1u h\u00f2a LG \u00e2m tr\u1ea7n inverter c\u00f3 th\u1ec3 v\u1eadn h\u00e0nh \u1edf c\u00f4ng su\u1ea5t cao h\u01a1n l\u00fac kh\u1edfi \u0111\u1ed9ng \u0111\u1ec3 l\u00e0m m\u00e1t ph\u00f2ng nhanh h\u01a1n 1,5 l\u1ea7n so v\u1edbi m\u00e1y \u0111i\u1ec1u h\u00f2a th\u00f4ng th\u01b0\u1eddng.<\/p>\n<p style=\"text-align: justify;\"><img src=\"https:\/\/banhangtaikho.com.vn\/Images\/Upload\/images\/dieu-hoa-am-tran-lg-inverter-lam-lanh-nhanh.jpg\" \/><\/p>\n<h3 style=\"text-align: justify;\">V\u1eadn h\u00e0nh \u00eam \u00e1i<\/h3>\n<p style=\"text-align: justify;\">Nh\u1edd c\u00f4ng ngh\u1ec7 inverter th\u00f4ng minh gi\u00fap m\u00e1y \u0111i\u1ec1u h\u00f2a \u00e2m tr\u1ea7n LG v\u1eadn h\u00e0nh \u00eam \u00e1i mang l\u1ea1i c\u1ea3m gi\u00e1c tho\u1ea3i m\u00e1i, s\u1ea3ng kho\u00e1i cho ng\u01b0\u1eddi s\u1eed d\u1ee5ng.<\/p>\n<h3 style=\"text-align: justify;\">D\u00e0n t\u1ea3n nhi\u1ec7t ch\u1ed1ng \u0103n m\u00f2n<\/h3>\n<p style=\"text-align: justify;\">D\u00e0n t\u1ea3n nhi\u1ec7t \u0111\u01b0\u1ee3c ph\u1ee7 l\u1edbp s\u01a1n \u0111\u1eb7c bi\u1ec7t gi\u00fap gi\u1ea3m th\u1eddi gian \u0103n m\u00f2n v\u00e0 l\u00e0m cho thi\u1ebft b\u1ecb c\u00f3 tu\u1ed5i th\u1ecd cao h\u01a1n.<\/p>\n<p style=\"text-align: justify;\"><img src=\"https:\/\/banhangtaikho.com.vn\/Images\/Upload\/images\/dan-tan-nhiet-dan-nong-dieu-hoa-am-tran-lg.jpg\" \/><\/p>\n<h3 style=\"text-align: justify;\">L\u1eafp \u0111\u1eb7t \u0111\u01a1n gi\u1ea3n, d\u1ec5 d\u00e0ng<\/h3>\n<p style=\"text-align: justify;\">M\u1ed7i g\u00f3c m\u00e1y \u0111\u1ec1u c\u00f3 v\u00edt \u0111i\u1ec1u ch\u1ec9nh gi\u00fap cho vi\u1ec7c thay \u0111\u1ed5i \u0111\u1ed9 cao khi treo m\u00e1y tr\u1edf n\u00ean \u0111\u01a1n gi\u1ea3n.<\/p>\n<p style=\"text-align: justify;\">M\u1eb7c d\u00f9 \u1edf ph\u00e2n kh\u00fac cao c\u1ea5p nh\u01b0ng gi\u00e1 \u0111i\u1ec1u h\u00f2a LG \u00e2m tr\u1ea7n inverter <strong>ATNQ48GMLE6\/ATUQ48GMLE6<\/strong> r\u1ea5t h\u1ee3p l\u00fd r\u1ebb h\u01a1n t\u1ed1i thi\u1ec3u 6 tri\u1ec7u \u0111\u1ed3ng \/ s\u1ea3n ph\u1ea9m so v\u1edbi h\u00e0ng th\u00f4ng d\u1ee5ng \u0111i\u1ec1u h\u00f2a \u00e2m tr\u1ea7n Panasonic CU-D50DBH8\/CS-D50DB4H5 v\u00e0 \u0111i\u1ec1u h\u00f2a \u00e2m tr\u1ea7n Daikin FCNQ48MV1\/RNQ48MY1 v\u00e0 tr\u00ean 15 tri\u1ec7u \u0111\u1ed3ng so v\u1edbi s\u1ea3n ph\u1ea9m t\u01b0\u01a1ng \u0111\u01b0\u01a1ng &#8211; m\u00e1y \u0111i\u1ec1u h\u00f2a \u00e2m tr\u1ea7n inverter FCQ125KAVEA\/RZR125MVM.<\/p>\n<p style=\"text-align: justify;\">Nh\u01b0 v\u1eady, B\u1ea1n c\u1ea7n t\u00ecm m\u00e1y \u0111i\u1ec1u h\u00f2a \u00e2m tr\u1ea7n ch\u1ea5t l\u01b0\u1ee3ng t\u1ed1t chu\u1ea9n qu\u1ed1c t\u1ebf, c\u00f4ng ngh\u1ec7 inverter ti\u00ean ti\u1ebfn, gi\u00e1 b\u00e1n h\u1ee3p l\u00fd l\u1eafp \u0111\u1eb7t cho ph\u00f2ng c\u00f3 di\u1ec7n t\u00edch kho\u1ea3ng 70m2 th\u00ec LG <strong>ATNQ48GMLE6\/ATUQ48GMLE6<\/strong> ch\u00ednh l\u00e0 s\u1ef1 l\u1ef1a ch\u1ecdn t\u1ed1t nh\u1ea5t cho c\u00f4ng tr\u00ecnh c\u1ee7a B\u1ea1n.<\/p>\n<\/div>\n<p>&nbsp;<\/p>\n","protected":false},"excerpt":{"rendered":"<ul class=\"l pr-des-featured\">\n<li>\u0110i\u1ec1u h\u00f2a LG \u00e2m tr\u1ea7n inverter ti\u1ebft ki\u1ec7m \u0111i\u1ec7n<\/li>\n<li>1 chi\u1ec1u &#8211; 48.000BTU (5.0HP) &#8211; Gas R410a &#8211; 1pha<\/li>\n<li>L\u00e0m l\u1ea1nh nhanh, v\u1eadn h\u00e0nh \u00eam, tho\u1ea3i m\u00e1i d\u1ec5 ch\u1ecbu<\/li>\n<li>Ch\u1ea5t l\u01b0\u1ee3ng c\u00f4ng ngh\u1ec7 h\u00e0ng \u0111\u1ea7u H\u00e0n Qu\u1ed1c<\/li>\n<li>Xu\u1ea5t x\u1ee9: Ch\u00ednh h\u00e3ng Th\u00e1i Lan<\/li>\n<li>B\u1ea3o h\u00e0nh: Ch\u00ednh h\u00e3ng 12 th\u00e1ng<\/li>\n<\/ul>\n","protected":false},"featured_media":6541,"comment_status":"open","ping_status":"closed","template":"","meta":[],"_links":{"self":[{"href":"http:\/\/maudep.com.vn\/chuyengiadienmay\/index.php?rest_route=\/wp\/v2\/product\/6542"}],"collection":[{"href":"http:\/\/maudep.com.vn\/chuyengiadienmay\/index.php?rest_route=\/wp\/v2\/product"}],"about":[{"href":"http:\/\/maudep.com.vn\/chuyengiadienmay\/index.php?rest_route=\/wp\/v2\/types\/product"}],"replies":[{"embeddable":true,"href":"http:\/\/maudep.com.vn\/chuyengiadienmay\/index.php?rest_route=%2Fwp%2Fv2%2Fcomments&post=6542"}],"wp:featuredmedia":[{"embeddable":true,"href":"http:\/\/maudep.com.vn\/chuyengiadienmay\/index.php?rest_route=\/wp\/v2\/media\/6541"}],"wp:attachment":[{"href":"http:\/\/maudep.com.vn\/chuyengiadienmay\/index.php?rest_route=%2Fwp%2Fv2%2Fmedia&parent=6542"}],"curies":[{"name":"wp","href":"https:\/\/api.w.org\/{rel}","templated":true}]}}