{"id":6543,"date":"2019-07-02T09:41:59","date_gmt":"2019-07-02T02:41:59","guid":{"rendered":"http:\/\/maudep.com.vn\/chuyengiadienmay\/?post_type=product&#038;p=6543"},"modified":"2019-07-02T09:42:00","modified_gmt":"2019-07-02T02:42:00","slug":"lg-cassette-1-chieu-36-000btu-inverter-gas-r410-atnq36gnle6","status":"publish","type":"product","link":"http:\/\/maudep.com.vn\/chuyengiadienmay\/?product=lg-cassette-1-chieu-36-000btu-inverter-gas-r410-atnq36gnle6","title":{"rendered":"LG Cassette 1 chi\u1ec1u 36.000BTU Inverter Gas R410 ATNQ36GNLE6"},"content":{"rendered":"<div id=\"chitiet-1\" class=\"w-pd-i-content\">\n<p class=\"w-pd-i-c-head\">\u0110i\u1ec1u h\u00f2a \u00e2m tr\u1ea7n LG 36.000BTU inverter 1 chi\u1ec1u ATNQ36GNLE6\/ATUQ36GNLE6<\/p>\n<div class=\"cl\"><\/div>\n<p style=\"text-align: justify;\">M\u00e1y \u0110i\u1ec1u h\u00f2a \u00e2m tr\u1ea7n LG 36.000BTU inverter 1 chi\u1ec1u ATNQ36GNLE6\/ATUQ36GNLE6 lo\u1ea1i 1 chi\u1ec1u s\u1eed d\u1ee5ng c\u00f4ng ngh\u1ec7 inverter ti\u1ebft ki\u1ec7m \u0111i\u1ec7n, nh\u1eadp kh\u1ea9u ch\u00ednh h\u00e3ng Th\u00e1i Lan s\u1ea3n ph\u1ea9m m\u1edbi nh\u1ea5t c\u1ee7a LG ch\u00ednh th\u1ee9c \u0111\u01b0\u1ee3c b\u00e1n t\u1ea1i n\u01b0\u1edbc ta k\u1ec3 t\u1eeb th\u00e1ng \u0111\u1ea7u th\u00e1ng 10\/2017 nh\u1eb1m thay th\u1ebf model th\u00f4ng d\u1ee5ng <strong>ATNC368NLE0\/ATUC368NLE0.<\/strong><\/p>\n<p style=\"text-align: justify;\"><img class=\"aligncenter\" src=\"https:\/\/banhangtaikho.com.vn\/Images\/Product\/36000btu-atnq36gnle6-atuq36gnle6-2AAMEW.jpg\" alt=\"\u0110i\u1ec1u h\u00f2a \u00e2m tr\u1ea7n LG 36.000BTU inverter 1 chi\u1ec1u ATNQ36GNLE6\/ATUQ36GNLE6\" \/><\/p>\n<p style=\"text-align: justify;\">\u0110i\u1ec1u h\u00f2a th\u01b0\u01a1ng m\u1ea1i LG (\u00e2m tr\u1ea7n &amp; t\u1ee7 \u0111\u1ee9ng) l\u00e0 m\u1ed9t trong nh\u1eefng th\u01b0\u01a1ng hi\u1ec7u b\u00e1n t\u1ed1t nh\u1ea5t hi\u1ec7n nay. \u0110\u1ec3 l\u00e0m \u0111\u01b0\u1ee3c \u0111i\u1ec1u \u0111\u00f3 ph\u1ea3i n\u00f3i \u0111\u1ebfn ch\u1ea5t l\u01b0\u1ee3ng \u0111\u1ea3m b\u1ea3o, ti\u00ean phong trong c\u00f4ng ngh\u1ec7. Minh ch\u1ee9ng cho \u0111i\u1ec1u n\u00e0y ch\u00ednh l\u00e0 b\u01b0\u1edbc ti\u1ebfn v\u01b0\u1ee3t b\u1eadc khi LG chuy\u1ec3n sang 100% s\u1ea3n ph\u1ea9m m\u00e1y \u0111i\u1ec1u h\u00f2a \u00e2m tr\u1ea7n s\u1eed d\u1ee5ng c\u00f4ng ngh\u1ec7 inverter mang l\u1ea1i nhi\u1ec1u l\u1ee3i \u00edch thi\u1ebft th\u1ef1c nh\u1ea5t cho ng\u01b0\u1eddi ti\u00eau d\u00f9ng.<\/p>\n<p style=\"text-align: justify;\"><img class=\"aligncenter\" src=\"https:\/\/banhangtaikho.com.vn\/Images\/Upload\/images\/dieu-hoa-am-tran-lg-inverter-tiet-kiem-dien.jpg\" \/><\/p>\n<h3 style=\"text-align: justify;\">Mang l\u1ea1i kh\u00f4ng gian tho\u1ea3i m\u00e1i d\u1ec5 ch\u1ecbu<\/h3>\n<p style=\"text-align: justify;\">Trong khi c\u00e1c lo\u1ea1i \u0111i\u1ec1u h\u00f2a th\u00f4ng th\u01b0\u1eddng mang \u0111\u1ebfn c\u1ea3m gi\u00e1c kh\u00f4ng tho\u1ea3i m\u00e1i cho ng\u01b0\u1eddi s\u1eed d\u1ee5ng cho ch\u1ebf \u0111\u1ed9 t\u1eaft &#8211; b\u1eadt li\u00ean t\u1ee5c th\u00ec \u0111i\u1ec1u h\u00f2a bi\u1ebfn t\u1ea7n th\u00f4ng minh c\u1ee7a LG l\u1ea1i mang \u0111\u1ebfn s\u1ef1 tho\u1ea3i m\u00e1i ho\u00e0n to\u00e0n do thi\u1ebft b\u1ecb c\u00f3 th\u1ec3 duy tr\u00ec \u0111\u01b0\u1ee3c nhi\u1ec7t \u0111\u1ed9 \u1ed5n \u0111\u1ecbnh trong ph\u00f2ng. V\u1edbi ch\u1ebf \u0111\u1ed9 l\u00e0m l\u1ea1nh nhanh, thi\u1ebft b\u1ecb s\u1ebd \u0111\u00e1p \u1ee9ng \u0111\u01b0\u1ee3c nhanh nh\u1ea5t y\u00eau c\u1ea7u c\u1ee7a ng\u01b0\u1eddi d\u00f9ng.<\/p>\n<h3 style=\"text-align: justify;\">L\u00e0m l\u1ea1nh nhanh<\/h3>\n<p style=\"text-align: justify;\">\u0110i\u1ec1u h\u00f2a bi\u1ebfn t\u1ea7n th\u00f4ng minh c\u1ee7a LG kh\u00f4ng ch\u1ec9 c\u00f3 c\u1ea3m bi\u1ebfn nhi\u1ec7t \u0111\u1ed9 m\u00e0 c\u00f2n c\u00f3 c\u1ea3m bi\u1ebfn \u00e1p su\u1ea5t gi\u00fap v\u1eadn h\u00e0nh ch\u1ebf \u0111\u1ed9 l\u00e0m l\u1ea1nh nhanh v\u00e0 ch\u00ednh x\u00e1c.<\/p>\n<p style=\"text-align: justify;\"><img src=\"https:\/\/banhangtaikho.com.vn\/Images\/Upload\/images\/dieu-hoa-am-tran-lg-inverter-lam-lanh-nhanh.jpg\" \/><\/p>\n<h3 style=\"text-align: justify;\">\u0110\u1ed9 \u1ed3n th\u1ea5p<\/h3>\n<p style=\"text-align: justify;\">\u0110i\u1ec1u h\u00f2a bi\u1ebfn t\u1ea7n th\u00f4ng minh c\u1ee7a LG c\u00f3 \u0111\u1ed9 \u1ed3n th\u1ea5p h\u01a1n.<\/p>\n<h3 style=\"text-align: justify;\">D\u00e0n t\u1ea3n nhi\u1ec7t ch\u1ed1ng \u0103n m\u00f2n<\/h3>\n<p style=\"text-align: justify;\">D\u00e0n t\u1ea3n nhi\u1ec7t \u0111\u01b0\u1ee3c ph\u1ee7 l\u1edbp s\u01a1n \u0111\u1eb7c bi\u1ec7t gi\u00fap gi\u1ea3m th\u1eddi gian \u0103n m\u00f2n v\u00e0 l\u00e0m cho thi\u1ebft b\u1ecb c\u00f3 tu\u1ed5i th\u1ecd cao h\u01a1n.<\/p>\n<p style=\"text-align: justify;\"><img src=\"https:\/\/banhangtaikho.com.vn\/Images\/Upload\/images\/dan-tan-nhiet-dan-nong-dieu-hoa-am-tran-lg.jpg\" \/><\/p>\n<h4 style=\"text-align: justify;\">L\u1eafp \u0111\u1eb7t nhanh ch\u00f3ng d\u1ec5 d\u00e0ng<\/h4>\n<p style=\"text-align: justify;\">V\u1edbi \u0111\u1ed9 d\u00e0y ch\u1ec9 256 mm, m\u00e1y c\u00f3 th\u1ec3 \u0111\u01b0\u1ee3c l\u1eafp \u0111\u1eb7t b\u00ean d\u01b0\u1edbi c\u00e1c tr\u1ea7n nh\u00e0 h\u1eb9p.<\/p>\n<h4 style=\"text-align: justify;\">D\u1ec5 d\u00e0ng \u0111i\u1ec1u ch\u1ec9nh \u0111\u1ed9 cao<\/h4>\n<p style=\"text-align: justify;\">M\u1ed7i g\u00f3c m\u00e1y \u0111\u1ec1u c\u00f3 v\u00edt \u0111i\u1ec1u ch\u1ec9nh gi\u00fap cho vi\u1ec7c thay \u0111\u1ed5i \u0111\u1ed9 cao khi treo m\u00e1y tr\u1edf n\u00ean \u0111\u01a1n gi\u1ea3n.<\/p>\n<p style=\"text-align: justify;\">M\u1eb7c d\u00f9 m\u00e1y \u0111i\u1ec1u h\u00f2a \u00e2m tr\u1ea7n LG <strong>ATNQ36GNLE6\/ATUQ36GNLE6<\/strong> c\u00f3 c\u00f4ng su\u1ea5t 36.000BTU (4.0HP) nh\u01b0ng l\u1ea1i s\u1eed d\u1ee5ng \u0111i\u1ec7n 1 pha (220V\u00f7240V) \u0111i\u1ec1u n\u00e0y r\u1ea5t thu\u1eadn l\u1ee3i cho ng\u01b0\u1eddi ti\u00eau d\u00f9ng khi ph\u00f2ng c\u00f3 di\u1ec7n t\u00edch l\u1edbn nh\u01b0ng l\u1ea1i kh\u00f4ng c\u00f3 ngu\u1ed3n \u0111i\u1ec7n 3 pha.<\/p>\n<p style=\"text-align: justify;\">H\u01a1n n\u1eefa, gi\u00e1 m\u00e1y <strong>\u0111i\u1ec1u h\u00f2a \u00e2m tr\u1ea7n LG ATNQ36GNLE6\/ATUQ36GNLE6<\/strong> r\u1ea5t h\u1ee3p l\u00fd ch\u1ec9 cao h\u01a1n h\u00e0ng th\u01b0\u1eddng ATNC368NLE0\/ATUC368NLE0 (model tr\u01b0\u1edbc \u0111\u00f3) ch\u01b0a t\u1edbi 2,5 tri\u1ec7u, th\u1eadm ch\u00ed c\u00f2n r\u1ebb h\u01a1n \u0111i\u1ec1u h\u00f2a \u00e2m tr\u1ea7n Daikin th\u00f4ng d\u1ee5ng FCNQ36MV1\/RNQ36MV1 h\u01a1n 5 tri\u1ec7u \u0111\u1ed3ng.<\/p>\n<p style=\"text-align: justify;\"><u><strong>V\u00ec v\u1eady:<\/strong><\/u> N\u1ebfu b\u1ea1n \u0111ang t\u00ecm mua m\u00e1y \u0111i\u1ec1u h\u00f2a \u00e2m tr\u1ea7n l\u1eafp \u0111\u1eb7t cho ph\u00f2ng d\u01b0\u1edbi 60m<sup>2 <\/sup>ch\u1ea5t l\u01b0\u1ee3ng t\u1ed1t nh\u1ea5t, ti\u00eau chu\u1ea9n qu\u1ed1c t\u1ebf, c\u00f4ng ngh\u1ec7 ti\u00ean ti\u1ebfn gi\u00e1 r\u1ebb th\u00ec m\u00e1y \u0111i\u1ec1u h\u00f2a LG \u00e2m tr\u1ea7n inverter <strong>ATNQ36GNLE6\/ATUQ36GNLE6<\/strong> ch\u00ednh l\u00e0 l\u1ef1a ch\u1ecdn t\u1ed1i \u01b0u nh\u1ea5t cho quy\u1ebft \u0111\u1ecbnh c\u1ee7a B\u1ea1n.<\/p>\n<\/div>\n<p>&nbsp;<\/p>\n","protected":false},"excerpt":{"rendered":"<ul class=\"l pr-des-featured\">\n<li>\u0110i\u1ec1u h\u00f2a \u00e2m tr\u1ea7n LG inverter ti\u1ebft ki\u1ec7m \u0111i\u1ec7n<\/li>\n<li>1 chi\u1ec1u &#8211; 36.000BTU (4.0HP) &#8211; Gas R410a<\/li>\n<li>L\u00e0m l\u1ea1nh nhanh, \u00eam \u00e1i<\/li>\n<li>L\u1eafp \u0111\u1eb7t ph\u00f2ng kh\u00e1ch, ph\u00f2ng h\u1ecdp<\/li>\n<li>Xu\u1ea5t x\u1ee9: Ch\u00ednh h\u00e3ng Th\u00e1i Lan<\/li>\n<li>B\u1ea3o h\u00e0nh: Ch\u00ednh h\u00e3ng 12 th\u00e1ng<\/li>\n<\/ul>\n","protected":false},"featured_media":6541,"comment_status":"open","ping_status":"closed","template":"","meta":[],"_links":{"self":[{"href":"http:\/\/maudep.com.vn\/chuyengiadienmay\/index.php?rest_route=\/wp\/v2\/product\/6543"}],"collection":[{"href":"http:\/\/maudep.com.vn\/chuyengiadienmay\/index.php?rest_route=\/wp\/v2\/product"}],"about":[{"href":"http:\/\/maudep.com.vn\/chuyengiadienmay\/index.php?rest_route=\/wp\/v2\/types\/product"}],"replies":[{"embeddable":true,"href":"http:\/\/maudep.com.vn\/chuyengiadienmay\/index.php?rest_route=%2Fwp%2Fv2%2Fcomments&post=6543"}],"wp:featuredmedia":[{"embeddable":true,"href":"http:\/\/maudep.com.vn\/chuyengiadienmay\/index.php?rest_route=\/wp\/v2\/media\/6541"}],"wp:attachment":[{"href":"http:\/\/maudep.com.vn\/chuyengiadienmay\/index.php?rest_route=%2Fwp%2Fv2%2Fmedia&parent=6543"}],"curies":[{"name":"wp","href":"https:\/\/api.w.org\/{rel}","templated":true}]}}