{"id":6544,"date":"2019-07-02T10:53:17","date_gmt":"2019-07-02T03:53:17","guid":{"rendered":"http:\/\/maudep.com.vn\/chuyengiadienmay\/?post_type=product&#038;p=6544"},"modified":"2019-07-02T10:53:17","modified_gmt":"2019-07-02T03:53:17","slug":"lg-cassette-1-chieu-24-000btu-inverter-gas-r410-atnq24gple6","status":"publish","type":"product","link":"http:\/\/maudep.com.vn\/chuyengiadienmay\/?product=lg-cassette-1-chieu-24-000btu-inverter-gas-r410-atnq24gple6","title":{"rendered":"LG Cassette 1 chi\u1ec1u 24.000BTU Inverter Gas R410 ATNQ24GPLE6"},"content":{"rendered":"<div id=\"chitiet-1\" class=\"w-pd-i-content\">\n<p class=\"w-pd-i-c-head\">\u0110i\u1ec1u h\u00f2a \u00e2m tr\u1ea7n LG 24000BTU inverter 1 chi\u1ec1u ATNQ24GPLE6\/ATUQ24GPLE6<\/p>\n<p style=\"text-align: justify;\">M\u00e1y \u0110i\u1ec1u h\u00f2a \u00e2m tr\u1ea7n LG 24000BTU inverter 1 chi\u1ec1u ATNQ24GPLE6\/ATUQ24GPLE6 lo\u1ea1i 1 chi\u1ec1u s\u1eed d\u1ee5ng c\u00f4ng ngh\u1ec7 inverter ti\u1ebft ki\u1ec7m \u0111i\u1ec7n m\u1edbi nh\u1ea5t c\u1ee7a LG ch\u00ednh th\u1ee9c \u0111\u01b0\u1ee3c b\u00e1n t\u1ea1i th\u1ecb tr\u01b0\u1eddng n\u01b0\u1edbc ta v\u00e0o \u0111\u1ea7u th\u00e1ng 10\/2017 thay th\u1ebf model th\u00f4ng d\u1ee5ng <strong>ATNC246PLE0\/ATUC246PLE0.<\/strong><\/p>\n<p style=\"text-align: justify;\"><img class=\"aligncenter\" src=\"https:\/\/banhangtaikho.com.vn\/Images\/Product\/24000btu-atnq24gple6-atuq24gple6-4KV29w.jpg\" alt=\"\u0110i\u1ec1u h\u00f2a \u00e2m tr\u1ea7n LG 24000BTU inverter 1 chi\u1ec1u ATNQ24GPLE6\/ATUQ24GPLE6\" \/><\/p>\n<p style=\"text-align: justify;\">Nh\u01b0 c\u00e1c b\u1ea1n bi\u1ebft: C\u00f4ng ngh\u1ec7 inverter &#8211; bi\u1ebfn t\u1ea7n \u0111\u01b0\u1ee3c LG \u1ee9ng d\u1ee5ng trong r\u1ea5t nhi\u1ec1u thi\u1ebft b\u1ecb \u0111i\u1ec7n t\u1eed nh\u01b0 t\u1ee7 l\u1ea1nh v\u00e0 m\u00e1y gi\u1eb7t v\u00e0 \u0111ang \u0111\u01b0\u1ee3c \u0111\u00e1nh gi\u00e1 cao tr\u00ean to\u00e0n c\u1ea7u. LG lu\u00f4n ch\u00fa tr\u1ecdng \u0111\u01b0a ra th\u1ecb tr\u01b0\u1eddng s\u1ea3n ph\u1ea9m c\u00f3 ch\u1ea5t l\u01b0\u1ee3ng tuy\u1ec7t h\u1ea3o nh\u1ea5t. LG hi\u1ec7n nay l\u00e0 m\u1ed9t trong nh\u1eefng nh\u00e0 cung c\u1ea5p l\u1edbn v\u1ec1 c\u00e1c gi\u1ea3i ph\u00e1p \u0111i\u1ec1u h\u00f2a kh\u00f4ng kh\u00ed. T\u1ea5t c\u1ea3 d\u00f2ng \u0111i\u1ec1u h\u00f2a hi\u1ec7n t\u1ea1i \u0111\u1ec1u \u0111\u01b0\u1ee3c \u1ee9ng d\u1ee5ng c\u00f4ng ngh\u1ec7 bi\u1ebfn t\u1ea7n ti\u00ean ti\u1ebfn nh\u1ea5t mang l\u1ea1i l\u1ee3i \u00edch t\u1ed1i \u0111a cho ng\u01b0\u1eddi ti\u00eau d\u00f9ng.<\/p>\n<p style=\"text-align: justify;\">\u0110i\u1ec1u h\u00f2a \u00e2m tr\u1ea7n LG inverter gi\u00fap ng\u01b0\u1eddi d\u00f9ng ti\u1ebft ki\u1ec7m chi ph\u00ed m\u1ed9t c\u00e1ch t\u1ed1i \u0111a.<\/p>\n<p style=\"text-align: justify;\"><img src=\"https:\/\/banhangtaikho.com.vn\/Images\/Upload\/images\/dieu-hoa-am-tran-lg-inverter-tiet-kiem-dien.jpg\" \/><\/p>\n<h3 style=\"text-align: justify;\">Mang l\u1ea1i kh\u00f4ng gian tho\u1ea3i m\u00e1i d\u1ec5 ch\u1ecbu<\/h3>\n<p style=\"text-align: justify;\">Trong khi c\u00e1c lo\u1ea1i \u0111i\u1ec1u h\u00f2a th\u00f4ng th\u01b0\u1eddng mang \u0111\u1ebfn c\u1ea3m gi\u00e1c kh\u00f4ng tho\u1ea3i m\u00e1i cho ng\u01b0\u1eddi s\u1eed d\u1ee5ng cho ch\u1ebf \u0111\u1ed9 t\u1eaft &#8211; b\u1eadt li\u00ean t\u1ee5c th\u00ec \u0111i\u1ec1u h\u00f2a bi\u1ebfn t\u1ea7n th\u00f4ng minh c\u1ee7a LG l\u1ea1i mang \u0111\u1ebfn s\u1ef1 tho\u1ea3i m\u00e1i ho\u00e0n to\u00e0n do thi\u1ebft b\u1ecb c\u00f3 th\u1ec3 duy tr\u00ec \u0111\u01b0\u1ee3c nhi\u1ec7t \u0111\u1ed9 \u1ed5n \u0111\u1ecbnh trong ph\u00f2ng. V\u1edbi ch\u1ebf \u0111\u1ed9 l\u00e0m l\u1ea1nh nhanh, thi\u1ebft b\u1ecb s\u1ebd \u0111\u00e1p \u1ee9ng \u0111\u01b0\u1ee3c nhanh nh\u1ea5t y\u00eau c\u1ea7u c\u1ee7a ng\u01b0\u1eddi d\u00f9ng.<\/p>\n<h3 style=\"text-align: justify;\">L\u00e0m l\u1ea1nh nhanh<\/h3>\n<p style=\"text-align: justify;\">\u0110i\u1ec1u h\u00f2a bi\u1ebfn t\u1ea7n th\u00f4ng minh c\u1ee7a LG kh\u00f4ng ch\u1ec9 c\u00f3 c\u1ea3m bi\u1ebfn nhi\u1ec7t \u0111\u1ed9 m\u00e0 c\u00f2n c\u00f3 c\u1ea3m bi\u1ebfn \u00e1p su\u1ea5t gi\u00fap v\u1eadn h\u00e0nh ch\u1ebf \u0111\u1ed9 l\u00e0m l\u1ea1nh nhanh v\u00e0 ch\u00ednh x\u00e1c.<\/p>\n<p style=\"text-align: justify;\"><img style=\"height: 424px; width: 809px;\" src=\"\/Images\/Upload\/images\/dieu-hoa-am-tran-lg-inverter-lam-lanh-nhanh.jpg\" alt=\"\" \/><\/p>\n<h3 style=\"text-align: justify;\">\u0110\u1ed9 \u1ed3n th\u1ea5p<\/h3>\n<p style=\"text-align: justify;\">\u0110i\u1ec1u h\u00f2a bi\u1ebfn t\u1ea7n th\u00f4ng minh c\u1ee7a LG c\u00f3 \u0111\u1ed9 \u1ed3n th\u1ea5p h\u01a1n.<\/p>\n<h3 style=\"text-align: justify;\">D\u00e0n t\u1ea3n nhi\u1ec7t ch\u1ed1ng \u0103n m\u00f2n<\/h3>\n<p style=\"text-align: justify;\">D\u00e0n t\u1ea3n nhi\u1ec7t \u0111\u01b0\u1ee3c ph\u1ee7 l\u1edbp s\u01a1n \u0111\u1eb7c bi\u1ec7t gi\u00fap gi\u1ea3m th\u1eddi gian \u0103n m\u00f2n v\u00e0 l\u00e0m cho thi\u1ebft b\u1ecb c\u00f3 tu\u1ed5i th\u1ecd cao h\u01a1n.<\/p>\n<p style=\"text-align: justify;\"><img src=\"https:\/\/banhangtaikho.com.vn\/Images\/Upload\/images\/dan-tan-nhiet-dan-nong-dieu-hoa-am-tran-lg.jpg\" \/><\/p>\n<p style=\"text-align: justify;\">G\u00eda \u0111i\u1ec1u h\u00f2a \u00e2m tr\u1ea7n LG inverter <strong>ATNQ24GPLE6\/ATUQ24GPLE6<\/strong> r\u1ea5t h\u1ee3p l\u00fd khi ch\u1ec9 cao h\u01a1n model th\u00f4ng d\u1ee5ng ATNC246PLE0\/ATUC246PLE0 g\u1ea7n 2 tri\u1ec7u \u0111\u1ed3ng, trong khi ch\u1ec9 t\u01b0\u01a1ng \u0111\u01b0\u01a1ng v\u1edbi gi\u00e1 m\u00e1y \u0111i\u1ec1u h\u00f2a \u00e2m tr\u1ea7n Panasonic th\u00f4ng d\u1ee5ng CU\/CS-PC24DB4H v\u00e0 r\u1ebb h\u01a1n \u0111i\u1ec1u h\u00f2a \u00e2m tr\u1ea7n Daikin FCNQ26MV1\/RNQ26MV19 l\u00ean t\u1edbi tr\u00ean 5 tri\u1ec7u \u0111\u1ed3ng.<\/p>\n<p style=\"text-align: justify;\">V\u00ec v\u1eady, \u0111\u1ec3 ch\u1ecdn mua m\u00e1y \u0111i\u1ec1u h\u00f2a \u00e2m tr\u1ea7n cho ph\u00f2ng c\u00f3 di\u1ec7n t\u00edch d\u01b0\u1edbi 40m2 th\u00ec m\u00e1y \u0111i\u1ec1u h\u00f2a \u00e2m tr\u1ea7n LG inverter ki\u1ec3u d\u00e1ng sang tr\u1ecdng, thi\u1ebft k\u1ebf tinh t\u1ebf, th\u01b0\u01a1ng hi\u1ec7u \u0111\u1eb3ng c\u1ea5p th\u1ebf gi\u1edbi, t\u00ednh n\u0103ng ti\u00ean ti\u1ebfn hi\u1ec7n \u0111\u1ea1i m\u1edbi nh\u1ea5t, gi\u00e1 b\u00e1n h\u1ee3p l\u00fd ch\u00ednh l\u00e0 s\u1ef1 l\u1ef1a ch\u1ecdn t\u1ed1t nh\u1ea5t cho c\u00f4ng tr\u00ecnh c\u1ee7a B\u1ea1n.<\/p>\n<\/div>\n<p>&nbsp;<\/p>\n","protected":false},"excerpt":{"rendered":"<ul class=\"l pr-des-featured\">\n<li>\u0110i\u1ec1u h\u00f2a \u00e2m tr\u1ea7n LG inverter ti\u1ebft ki\u1ec7m \u0111i\u1ec7n<\/li>\n<li>1 chi\u1ec1u &#8211; 24.000BTU (2.5HP) &#8211; gas R410a<\/li>\n<li>L\u00e0m l\u1ea1nh nhanh, v\u1eadn h\u00e0nh \u00eam<\/li>\n<li>D\u1ec5 d\u00e0ng l\u1eafp \u0111\u1eb7t b\u1ea3o d\u01b0\u1ee1ng<\/li>\n<li>Xu\u1ea5t x\u1ee9: Ch\u00ednh h\u00e3ng Th\u00e1i Lan<\/li>\n<li>B\u1ea3o h\u00e0nh: Ch\u00ednh h\u00e3ng 12 th\u00e1ng<\/li>\n<\/ul>\n","protected":false},"featured_media":6541,"comment_status":"open","ping_status":"closed","template":"","meta":[],"_links":{"self":[{"href":"http:\/\/maudep.com.vn\/chuyengiadienmay\/index.php?rest_route=\/wp\/v2\/product\/6544"}],"collection":[{"href":"http:\/\/maudep.com.vn\/chuyengiadienmay\/index.php?rest_route=\/wp\/v2\/product"}],"about":[{"href":"http:\/\/maudep.com.vn\/chuyengiadienmay\/index.php?rest_route=\/wp\/v2\/types\/product"}],"replies":[{"embeddable":true,"href":"http:\/\/maudep.com.vn\/chuyengiadienmay\/index.php?rest_route=%2Fwp%2Fv2%2Fcomments&post=6544"}],"wp:featuredmedia":[{"embeddable":true,"href":"http:\/\/maudep.com.vn\/chuyengiadienmay\/index.php?rest_route=\/wp\/v2\/media\/6541"}],"wp:attachment":[{"href":"http:\/\/maudep.com.vn\/chuyengiadienmay\/index.php?rest_route=%2Fwp%2Fv2%2Fmedia&parent=6544"}],"curies":[{"name":"wp","href":"https:\/\/api.w.org\/{rel}","templated":true}]}}