{"id":6545,"date":"2019-07-02T14:59:26","date_gmt":"2019-07-02T07:59:26","guid":{"rendered":"http:\/\/maudep.com.vn\/chuyengiadienmay\/?post_type=product&#038;p=6545"},"modified":"2019-07-02T14:59:26","modified_gmt":"2019-07-02T07:59:26","slug":"lg-tu-dung-2-chieu-24-000btu-hp-h246slao","status":"publish","type":"product","link":"http:\/\/maudep.com.vn\/chuyengiadienmay\/?product=lg-tu-dung-2-chieu-24-000btu-hp-h246slao","title":{"rendered":"LG t\u1ee7 \u0111\u1ee9ng 2 chi\u1ec1u 24.000BTU HP-H246SLAO"},"content":{"rendered":"<div id=\"chitiet-1\" class=\"w-pd-i-content\">\n<p class=\"w-pd-i-c-head\">\u00a0\u0110i\u1ec1u h\u00f2a t\u1ee7 \u0111\u1ee9ng LG 1 chi\u1ec1u 24.000BTU HP-C246SLA0<\/p>\n<p>Thi\u1ebft k\u1ebf m\u1edbi c\u1ee7a m\u00e1y \u0111i\u1ec1u h\u00f2a t\u1ee7 \u0111\u1ee9ng LG l\u00e0 s\u1ef1 k\u1ebft h\u1ee3p ho\u00e0n h\u1ea3o v\u1edbi n\u1ed9i th\u1ea5t trang tr\u00ed xung quanh ph\u00f2ng. Ch\u00fang t\u00f4i cam k\u1ebft s\u1ebd mang l\u1ea1i b\u1ea7u kh\u00f4ng kh\u00ed trong s\u1ea1ch v\u00e0 t\u01b0\u01a1i m\u00e1t \u0111\u1ebfn v\u1edbi kh\u00f4ng gian \u0111i\u1ec1u h\u00f2a c\u00f9ng v\u1edbi c\u00f4ng ngh\u1ec7 l\u1ecdc kh\u00f4ng kh\u00ed, s\u01b0\u1edbi \u1ea5m v\u00e0 l\u00e0m l\u1ea1nh c\u00f3 hi\u1ec7u su\u1ea5t cao.<\/p>\n<p><strong>B\u1ed9 l\u1ecdc kh\u00f4ng kh\u00ed plasma \u2013 C\u00f3 th\u1ec3 gi\u1eb7t \u0111\u01b0\u1ee3c<\/strong><\/p>\n<p>H\u1ec7 th\u1ed1ng l\u1ecdc kh\u00f4ng kh\u00ed Plasma c\u1ee7a LG cho ph\u00e9p lo\u1ea1i b\u1ecf b\u1ee5i v\u00e0 nh\u1eefng ch\u1ea5t g\u00e2y \u00f4 nhi\u1ec5m c\u1ef1c nh\u1ecf, kh\u1eed m\u00f9i v\u00e0 ng\u0103n ch\u1eb7n nh\u1eefng b\u1ec7nh d\u1ecb \u1ee9ng nh\u01b0 b\u1ec7nh hen suy\u1ec5n. B\u1ed9 l\u1ecdc c\u00f3 th\u1ec3 \u0111\u01b0\u1ee3c l\u00e0m s\u1ea1ch b\u1eb1ng n\u01b0\u1edbc v\u00e0 c\u00f3 tu\u1ed5i th\u1ecd cao. Ngo\u00e0i ra n\u00f3 c\u00f2n \u0111\u01b0\u1ee3c s\u1eed d\u1ee5ng nh\u01b0 m\u1ed9t b\u1ed9 l\u1ecdc kh\u00f4ng kh\u00ed, khi m\u00e1y \u0111i\u1ec1u h\u00f2a kh\u00f4ng ho\u1ea1t \u0111\u1ed9ng.<\/p>\n<p><strong>Ch\u1ee9c n\u0103ng Jet Cool l\u00e0m l\u1ea1nh nhanh<\/strong><\/p>\n<p>Ch\u1ee9c n\u0103ng Jet Cool cho ph\u00e9p l\u00e0m l\u1ea1nh nhanh. V\u1edbi ch\u1ee9c n\u0103ng n\u00e0y gi\u00f3 l\u1ea1nh \u0111\u01b0\u1ee3c th\u1ed5i ra v\u1edbi t\u1ed1c \u0111\u1ed9 cao nh\u1ea5t \u0111\u1ec3 gi\u1ea3m nhi\u1ec7t \u0111\u1ed9 ph\u00f2ng t\u1edbi 18\u00b0C.<\/p>\n<p><strong>C\u00e1nh v\u1eaby th\u00f4ng minh<\/strong><\/p>\n<p>M\u00e1y \u0111i\u1ec1u h\u00f2a t\u1ee7 LG \u0111\u01b0\u1ee3c trang b\u1ecb nh\u1eefng c\u00e1nh v\u1eaby c\u00f3 th\u1ec3 t\u1ef1 \u0111\u1ed9ng quay l\u00ean, xu\u1ed1ng. V\u00ec v\u1eady gi\u00f3 l\u1ea1nh s\u1ebd ph\u00e2n b\u1ed1 \u0111\u1ec1u t\u1edbi m\u1ecdi v\u1ecb tr\u00ed trong ph\u00f2ng.<\/p>\n<p><strong>Ch\u1ee9c n\u0103ng kh\u00f3a tr\u1ebb em<\/strong><\/p>\n<p>Ch\u1ee9c n\u0103ng n\u00e0y ng\u0103n ch\u1eb7n tr\u1ebb em ho\u1eb7c nh\u1eefng \u0111\u1ed1i t\u01b0\u1ee3ng kh\u00e1c c\u00f3 th\u1ec3 t\u00e1c \u0111\u1ed9ng v\u00e0o nh\u1eefng n\u00fat \u0111i\u1ec1u khi\u1ec3n tr\u00ean thi\u1ebft b\u1ecb \u0111i\u1ec1u khi\u1ec3n. Tuy nhi\u00ean ch\u00fang ta v\u1eabn c\u00f3 th\u1ec3 \u0111i\u1ec1u khi\u1ec3n \u0111\u01b0\u1ee3c b\u1eb1ng thi\u1ebft b\u1ecb \u0111i\u1ec1u khi\u1ec3n t\u1eeb xa kh\u00f4ng d\u00e2y.<\/p>\n<p><strong>\u0110i\u1ec1u khi\u1ec3n t\u1eeb xa kh\u00f4ng d\u00e2y<\/strong><\/p>\n<p><strong><img style=\"height: 98px; width: 238px;\" src=\"\/Images\/Upload\/images\/dieu%20khien%20tu%20xa%20dieu%20hoa%20lg.png\" alt=\"\" \/><\/strong><\/p>\n<p><strong>D\u1ec5 d\u00e0ng s\u1eed d\u1ee5ng.<\/strong><\/p>\n<p>Ch\u1ee9c n\u0103ng h\u1eb9n gi\u1edd t\u1eaft\/b\u1eadt trong 7 gi\u1edd<\/p>\n<p>Ch\u1ee9c n\u0103ng n\u00e0y cho ph\u00e9p b\u1ea1n c\u00e0i \u0111\u1eb7t ch\u1ebf \u0111\u1ed9 h\u1eb9n gi\u1edd t\u1eeb 1 \u0111\u1ebfn 7 gi\u1edd.<\/p>\n<p>\u0110i\u1ec7n n\u0103ng ti\u00eau th\u1ee5 b\u1eb1ng kh\u00f4ng trong ch\u1ebf \u0111\u1ed9 d\u1ef1 ph\u00f2ng b\u1eb1ng vi\u1ec7c s\u1eed d\u1ee5ng b\u1ed9 c\u1ea5p \u0111i\u1ec7n smps (switching mode power supply)<\/p>\n<p>\u2022 Gi\u1ea3m l\u00e3ng ph\u00ed \u0111i\u1ec7n n\u0103ng.<\/p>\n<p>\u2022 \u0110i\u1ec7n n\u0103ng b\u1ecb l\u00e3ng ph\u00ed khi thi\u1ebft b\u1ecb \u0111\u01b0\u1ee3c k\u1ebft n\u1ed1i t\u1edbi ngu\u1ed3n \u0111i\u1ec7n, th\u1eadm ch\u00ed thi\u1ebft b\u1ecb \u0111\u00e3 \u0111\u01b0\u1ee3c t\u1eaft.<\/p>\n<p>\u2022 Ph\u00e1t tri\u1ec3n b\u1ed9 SMPS ti\u1ebft ki\u1ec7m n\u0103ng l\u01b0\u1ee3ng cao.<\/p>\n<p>\u2022 Gi\u1ea3m 90% ti\u00eau th\u1ee5 \u0111i\u1ec7n n\u0103ng \u1edf ch\u1ebf \u0111\u1ed9 d\u1ef1 ph\u00f2ng.<\/p>\n<p>\u2022 Kh\u00f4ng c\u1ea7n k\u00e9o ph\u00edch \u0111i\u1ec7n ra kh\u1ecfi \u1ed5 c\u1eafm ch\u00ednh khi thi\u1ebft b\u1ecb kh\u00f4ng ho\u1ea1t \u0111\u1ed9ng.<\/p>\n<p><strong>\u0110i\u1ec1u khi\u1ec3n th\u00f4ng minh<\/strong><\/p>\n<p>T\u00f9y theo nhi\u1ec7t \u0111\u1ed9, l\u01b0u l\u01b0\u1ee3ng gi\u00f3, v\u00e0 t\u1ed1c \u0111\u1ed9 kh\u00f4ng kh\u00ed, b\u1ed9 \u0111i\u1ec1u khi\u1ec3n s\u1ebd t\u1ef1 \u0111\u1ed9ng \u0111i\u1ec1u ch\u1ec9nh thi\u1ebft b\u1ecb \u0111\u1ec3 tao ra m\u00f4i tr\u01b0\u1eddng kh\u00f4ng kh\u00ed trong ph\u00f2ng tho\u1ea3i m\u00e1i nh\u1ea5t.<\/p>\n<p><strong>D\u1ec5 d\u00e0ng l\u1eafp \u0111\u1eb7t<\/strong><\/p>\n<p>M\u00e1y \u0111i\u1ec1u h\u00f2a t\u1ee7 \u0111\u1ee9ng LG c\u00f3 k\u00edch th\u01b0\u1edbc m\u1ecfng v\u00ec v\u1eady r\u1ea5t d\u1ec5 d\u00e0ng trong vi\u1ec7c v\u1eadn chuy\u1ec3n v\u00e0 l\u1eafp \u0111\u1eb7t.<\/p>\n<\/div>\n<p>&nbsp;<\/p>\n","protected":false},"excerpt":{"rendered":"<ul class=\"l pr-des-featured\">\n<li>\u0110i\u1ec1u h\u00f2a t\u1ee7 \u0111\u1ee9ng LG 24.000BTU 1 chi\u1ec1u<\/li>\n<li>L\u00e0m l\u1ea1nh nhanh, di\u1ec7t khu\u1ea9n hi\u1ec7u qu\u1ea3<\/li>\n<li>\u0110i\u1ec1u khi\u1ec3n th\u00f4ng minh<\/li>\n<li>Di\u1ec7n t\u00edch l\u1eafp \u0111\u1eb7t &lt; 40m2<\/li>\n<li>Xu\u1ea5t x\u1ee9: Ch\u00ednh h\u00e3ng Th\u00e1i Lan<\/li>\n<li>B\u1ea3o h\u00e0nh: Ch\u00ednh h\u00e3ng 24 th\u00e1ng<\/li>\n<\/ul>\n","protected":false},"featured_media":6547,"comment_status":"open","ping_status":"closed","template":"","meta":[],"_links":{"self":[{"href":"http:\/\/maudep.com.vn\/chuyengiadienmay\/index.php?rest_route=\/wp\/v2\/product\/6545"}],"collection":[{"href":"http:\/\/maudep.com.vn\/chuyengiadienmay\/index.php?rest_route=\/wp\/v2\/product"}],"about":[{"href":"http:\/\/maudep.com.vn\/chuyengiadienmay\/index.php?rest_route=\/wp\/v2\/types\/product"}],"replies":[{"embeddable":true,"href":"http:\/\/maudep.com.vn\/chuyengiadienmay\/index.php?rest_route=%2Fwp%2Fv2%2Fcomments&post=6545"}],"wp:featuredmedia":[{"embeddable":true,"href":"http:\/\/maudep.com.vn\/chuyengiadienmay\/index.php?rest_route=\/wp\/v2\/media\/6547"}],"wp:attachment":[{"href":"http:\/\/maudep.com.vn\/chuyengiadienmay\/index.php?rest_route=%2Fwp%2Fv2%2Fmedia&parent=6545"}],"curies":[{"name":"wp","href":"https:\/\/api.w.org\/{rel}","templated":true}]}}