{"id":6577,"date":"2021-10-12T14:16:27","date_gmt":"2021-10-12T07:16:27","guid":{"rendered":"http:\/\/maudep.com.vn\/chuyengiadienmay\/?post_type=product&#038;p=6577"},"modified":"2021-10-15T10:16:54","modified_gmt":"2021-10-15T03:16:54","slug":"dieu-hoa-daikin-9000btu-1-chieu-ftf25uv1v","status":"publish","type":"product","link":"http:\/\/maudep.com.vn\/chuyengiadienmay\/?product=dieu-hoa-daikin-9000btu-1-chieu-ftf25uv1v","title":{"rendered":"\u0110i\u1ec1u h\u00f2a Daikin 9000BTU 1 chi\u1ec1u FTF25UV1V"},"content":{"rendered":"<p>\u0110i\u1ec1u h\u00f2a\u00a0<strong>Daikin FTF25UV1V<\/strong>\u00a01 chi\u1ec1u 9000BTU gas R32 d\u00f2ng th\u00f4ng d\u1ee5ng gi\u00e1 r\u1ebb s\u1ea3n xu\u1ea5t nh\u1eadp kh\u1ea9u ch\u00ednh h\u00e3ng Th\u00e1i Lan. Daikin FTF25UV1V l\u00e0 m\u1ed9t trong nh\u1eefng model m\u1edbi nh\u1ea5t \u0111\u01b0\u1ee3c h\u00e3ng Daikin b\u00e1n ra v\u00e0o th\u00e1ng 2\/2020.<\/p>\n<p><img src=\"https:\/\/banhangtaikho.com.vn\/Images\/Product\/ftf25uv1v-WW369a.jpg\" alt=\"Daikin FTF25UV1V, \u0110i\u1ec1u h\u00f2a Daikin 9000 BTU 1 chi\u1ec1u\" \/><\/p>\n<p>&nbsp;<\/p>\n<h2>Daikin th\u01b0\u01a1ng hi\u1ec7u uy t\u00edn, tin c\u1eady s\u1ed1 1 to\u00e0n c\u1ea7u.<\/h2>\n<p><strong>Daikin th\u01b0\u01a1ng hi\u1ec7u \u0111i\u1ec1u h\u00f2a c\u1ee7a Nh\u1eadt B\u1ea3n<\/strong>. Nh\u1eadt B\u1ea3n l\u00e0 qu\u1ed1c gia \u0111i \u0111\u1ea7u trong l\u0129nh v\u1ef1c c\u00f4ng ngh\u1ec7, n\u1ed5i ti\u1ebfng v\u1edbi ti\u00eau chu\u1ea9n qu\u1ea3n l\u00fd ch\u1ea5t l\u01b0\u1ee3ng kh\u1eaft khe.<\/p>\n<p>S\u1ea3n ph\u1ea9m mang th\u01b0\u01a1ng hi\u1ec7u Nh\u1eadt B\u1ea3n lu\u00f4n chi\u1ebfm \u0111\u01b0\u1ee3c c\u1ea3m t\u00ecnh c\u1ee7a ng\u01b0\u1eddi d\u00f9ng tr\u00ean to\u00e0n th\u1ebf gi\u1edbi nh\u1edd ch\u1ea5t l\u01b0\u1ee3ng cao, \u1ed5n \u0111\u1ecbnh, th\u00e2n thi\u1ec7n v\u1edbi m\u00f4i tr\u01b0\u1eddng, an to\u00e0n trong s\u1eed d\u1ee5ng.<\/p>\n<p><img src=\"https:\/\/banhangtaikho.com.vn\/Images\/Upload\/images\/daikin-nhat-ban-thai-lan.jpg\" alt=\"\" \/><\/p>\n<p>X\u00e9t tr\u00ean quy m\u00f4 to\u00e0n c\u1ea7u Daikin l\u00e0 h\u00e3ng\u00a0\u0111i\u1ec1u h\u00f2a\u00a0b\u00e1n ch\u1ea1y s\u1ed1 1 (Chi\u1ebfm 16%) c\u00f3 ngh\u0129a l\u00e0 100 b\u1ed9 \u0111i\u1ec1u h\u00f2a b\u00e1n ra tr\u00ean th\u1ebf gi\u1edbi th\u00ec c\u00f3 16 b\u1ed9 m\u00e1y \u0111i\u1ec1u h\u00f2a Daikin.<\/p>\n<p>T\u1ea1i vi\u1ec7t Nam th\u00ec Daikin c\u0169ng lu\u00f4n v\u1eefng v\u00e0ng \u1edf v\u1ecb tr\u00ed s\u1ed1 1 (Chi\u1ebfm 25%) c\u00f3 ngh\u0129a l\u00e0\u00a0<strong>100 b\u1ed9 \u0111i\u1ec1u h\u00f2a b\u00e1n ra<\/strong>\u00a0t\u1ea1i th\u1ecb tr\u01b0\u1eddng n\u01b0\u1edbc ta\u00a0<strong>th\u00ec c\u00f3 25 b\u1ed9 m\u00e1y\u00a0\u0111i\u1ec1u h\u00f2a Daikin<\/strong>.<\/p>\n<p>Qua \u0111\u00f3 ch\u1eafc B\u1ea1n \u0111\u00e3 th\u1ea5y t\u1ea7m c\u1ee1, quy m\u00f4 gi\u00e1 tr\u1ecb uy t\u00edn c\u1ee7a to\u00e0n \u0111o\u00e0n Daikin r\u1ed3i \u0111\u00fang kh\u00f4ng n\u00e0o?<\/p>\n<h2>T\u1eadn h\u01b0\u1edfng m\u00e1t l\u1ea1nh tuy\u1ec7t v\u1edbi c\u00f9ng Daikin FTF25UV1V<\/h2>\n<p>\u0110i\u1ec1u h\u00f2a Daikin FTF25UV1V v\u1edbi thi\u1ebft k\u1ebf ch\u1eafc ch\u1eafn, l\u00e0m l\u1ea1nh nhanh ch\u00f3ng gi\u00fap b\u1ea1n t\u1eadn h\u01b0\u1edfng c\u1ea3m gi\u00e1c m\u00e1t l\u1ea1nh t\u1ee9c th\u00ec ngay khi nh\u1ea5n n\u00fat \u0111i\u1ec1u khi\u1ec3n.<\/p>\n<p>\u0110i\u1ec1u khi\u1ec3n lu\u1ed3ng gi\u00f3 th\u00f4ng minh:\u00a0T\u00ednh n\u0103ng l\u00e0m l\u1ea1nh nhanh m\u1edbi gi\u00fap cung c\u1ea5p l\u01b0u l\u01b0\u1ee3ng gi\u00f3 t\u1ed1i \u0111a trong v\u00f2ng 20 ph\u00fat , nhanh ch\u00f3ng \u0111\u01b0a nhi\u1ec7t \u0111\u1ed9 ph\u00f2ng \u0111\u1ea1t \u0111\u01b0\u1ee3c nhi\u1ec7t \u0111\u1ed9 c\u00e0i \u0111\u1eb7t.<\/p>\n<p><img src=\"https:\/\/banhangtaikho.com.vn\/Images\/Upload\/images\/daikin-ftf-series.jpg\" alt=\"\" \/><\/p>\n<p>\u0110i\u1ec1u h\u00f2a Daikin 9000\u00a0BTU 1 chi\u1ec1u FTF25UV1V l\u1ef1a ch\u1ecdn t\u1ed1t nh\u1ea5t\u00a0<strong>l\u1eafp \u0111\u1eb7t cho c\u0103n ph\u00f2ng di\u1ec7n t\u00edch d\u01b0\u1edbi 15m<sup>2<\/sup><\/strong>: Ph\u00f2ng ng\u1ee7, ph\u00f2ng \u0111\u1ecdc s\u00e1ch&#8230;<\/p>\n<h2>Daikin mang \u0111\u1ebfn cho b\u1ea1n ph\u00fat gi\u00e2y y\u00ean t\u0129nh d\u1ec5 ch\u1ecbu<\/h2>\n<p>M\u00e1y \u0111i\u1ec1u h\u00f2a Daikin 9000 BTU FTF25UV1V v\u1eadn h\u00e0nh \u00eam \u00e1i d\u1ec5 ch\u1ecbu, khi v\u1eadn h\u00e0nh \u0111\u1ed9 \u1ed3n c\u1ee7a d\u00e0n l\u1ea1nh t\u1ed1i \u0111a ch\u1ec9 28 dB(A) v\u00e0 50 dB(A) \u0111\u00f4i v\u1edbi d\u00e0n n\u00f3ng.<\/p>\n<p>\u0110\u1ed9 \u1ed3n c\u1ee7a d\u00e0n l\u1ea1nh th\u1eadm ch\u00ed c\u00f3 \u00eam h\u01a1n ti\u1ebfng l\u00e1 r\u01a1i gi\u00fap b\u1ea1n t\u1eadn h\u01b0\u1edfng nh\u1eefng ph\u00fat gi\u00e2y th\u01b0 gi\u00e3n, ngh\u0129 ng\u01a1i th\u1ef1c s\u1ef1 tuy\u1ec7t v\u1eddi. T\u1eadn h\u01b0\u1edfng nh\u1eefng b\u00e0i t\u00ecnh ca l\u00e3ng m\u1ea1n c\u00f9ng Daikin FTF25UV1V.<\/p>\n<h2>V\u1edbi Daikin gi\u1edd \u0111\u00e2y kh\u00f4ng s\u1ee3 n\u1ea5m m\u1ed1c, vi khu\u1ea9n, vi r\u00fat<\/h2>\n<p>M\u00e1y \u0111i\u1ec1u h\u00f2a Daikin 1 chi\u1ec1u\u00a0FTF25UV1V \u0111\u01b0\u1ee3c trang b\u1ecb t\u1ea5m l\u1ecdc\u00a0<strong>Apatit Titan c\u00f3 th\u1ec3 v\u00f4 hi\u1ec7u h\u00f3a vi khu\u1ea9n v\u00e0 virus<\/strong>. Mang l\u1ea1i kh\u00f4ng kh\u00ed trong l\u00e0nh, s\u1ea1ch s\u1ebd b\u1ea3o v\u1ec7 s\u1ee9c kh\u1ecfe nh\u1eefng ng\u01b0\u1eddi th\u00e2n y\u00eau c\u1ee7a B\u1ea1n.<\/p>\n<p><img src=\"https:\/\/banhangtaikho.com.vn\/Images\/Upload\/images\/tam-loc-apatit-titan-daikin.jpg\" alt=\"\" \/><\/p>\n<p>V\u1edbi t\u00ecnh tr\u1ea1ng \u00f4 nhi\u1ec5m kh\u00f4ng kh\u00ed \u0111\u00e1ng b\u00e1o \u0111\u1ed9ng nh\u01b0 hi\u1ec7n nay (\u0111\u1eb7c bi\u1ec7t l\u00e0 c\u00e1c TP. H\u00e0 N\u1ed9i, TP. HCM) g\u00e2y \u1ea3nh h\u01b0\u1edfng nghi\u00eam tr\u1ecdng \u0111\u1ebfn s\u1ee9c kh\u1ecfe. Th\u00ec v\u1edbi \u0111i\u1ec1u h\u00f2a Daikin FTF25UV1V b\u1ea1n s\u1ebd ho\u00e0n to\u00e0n y\u00ean t\u00e2m kh\u00f4ng gian trong ph\u00f2ng s\u1ebd th\u1ef1c s\u1ef1 trong l\u00e0nh v\u00e0 an to\u00e0n cho ch\u00ednh b\u1ea1n &amp; nh\u1eefng ng\u01b0\u1eddi th\u00e2n th\u01b0\u01a1ng nh\u1ea5t.<\/p>\n<h2>C\u00e1nh t\u1ea3n nhi\u1ec7t d\u00e0n n\u00f3ng m\u00e1y \u0111i\u1ec1u h\u00f2a Daikin \u0111\u01b0\u1ee3c s\u1eed l\u00fd ch\u1ed1ng \u0103n m\u00f2n<\/h2>\n<p>D\u00e0n n\u00f3ng m\u00e1y \u0111i\u1ec1u h\u00f2a Daikin 1 chi\u1ec1u 9000BTU\u00a0FTF25UV1V \/ RF25UV1V b\u1eb1ng \u0111\u1ed3ng, c\u00e1nh t\u1ea3n nhi\u1ec7t d\u00e0n n\u00f3ng \u0111\u01b0\u1ee3c ph\u1ee7 l\u1edbp nh\u1ef1a acrylic l\u00e0m t\u0103ng c\u01b0\u1eddng kh\u1ea3 n\u0103ng ch\u1ed1ng l\u1ea1i m\u01b0a ax\u00edt v\u00e0 h\u01a1i mu\u1ed1i. K\u1ebf \u0111\u1ebfn l\u00e0 l\u1edbp m\u00e0ng c\u00f3 kh\u1ea3 n\u0103ng th\u1ea5m n\u01b0\u1edbc c\u00f3 t\u00e1c d\u1ee5ng ch\u1ed1ng r\u1ec9 s\u00e9t g\u00e2y ra do n\u01b0\u1edbc \u0111\u1ecdng.<\/p>\n<p><img src=\"https:\/\/banhangtaikho.com.vn\/Images\/Upload\/images\/daikin-dan-dong.jpg\" alt=\"\" \/><\/p>\n<p>T\u1eeb \u0111\u00f3 kh\u00f4ng ch\u1ec9 gi\u00fap t\u0103ng hi\u1ec7u su\u1ea5t l\u00e0m l\u1ea1nh m\u00e0 c\u00f2n gi\u00fap m\u00e1y\u00a0<strong>\u0111i\u1ec1u h\u00f2a Daikin v\u1eadn h\u00e0nh\u00a0b\u1ec1n b\u1ec9 v\u1edbi th\u1eddi gian<\/strong>.<\/p>\n<h2>Daikin ti\u00ean phong trong m\u00f4i ch\u1ea5t l\u1ea1nh R32<\/h2>\n<p>Daikin l\u00e0 h\u00e3ng \u0111i\u1ec1u h\u00f2a ti\u00ean phong trong vi\u1ec7c s\u1eed d\u1ee5ng m\u00f4i ch\u1ea5t l\u1ea1nh gas R32.\u00a0\u0110i\u1ec1u h\u00f2a ga\u00a0R32\u00a0gi\u00fap hi\u1ec7u su\u1ea5t l\u00e0m l\u1ea1nh cao (ti\u1ebft ki\u1ec7m chi ph\u00ed ti\u1ec7n \u0111i\u00ean), th\u00e2n thi\u1ec7n h\u01a1n v\u1edbi m\u00f4i tr\u01b0\u1eddng so v\u1edbi c\u00e1c m\u00f4i ch\u1ea5t l\u00e0m l\u1ea1nh tr\u01b0\u1edbc \u0111\u00f3 R410a, R22.<\/p>\n<p><img src=\"https:\/\/banhangtaikho.com.vn\/Images\/Upload\/images\/daikin-gas-r32-1.jpg\" alt=\"\" \/><\/p>\n<h2>Daikin FTF25UV1V \u2013 th\u01b0\u01a1ng hi\u1ec7u \u0111i\u1ec1u h\u00f2a cao c\u1ea5p, gi\u00e1 r\u1ebb \u0111\u00e1ng mua nh\u1ea5t 2020<\/h2>\n<p>V\u1edbi nhu c\u1ea7u ch\u1ecdn mua m\u00e1y\u00a0\u0111i\u1ec1u h\u00f2a 9000BTU\u00a01 chi\u1ec1u cao c\u1ea5p, gi\u00e1 r\u1ebb, th\u01b0\u01a1ng hi\u1ec7u uy t\u00edn th\u00ec Daikin FTF25UV1V s\u1ebd l\u00e0 s\u1ef1 l\u1ef1a ch\u1ecdn tuy\u1ec7t v\u1eddi b\u00ean c\u1ea1nh c\u00e1c t\u00ean tu\u1ed5i nh\u01b0 Panasonic N9WKH-8 (N9WKH-8M) v\u00e0 LG V10ENW.<\/p>\n<p>&nbsp;<\/p>\n<p>&nbsp;<\/p>\n","protected":false},"excerpt":{"rendered":"<ul class=\"l pr-des-featured\">\n<li>\u0110i\u1ec1u h\u00f2a Daikin FTF25UV1V 9000BTU 1 chi\u1ec1u th\u00f4ng d\u1ee5ng<\/li>\n<li>L\u00e0m l\u1ea1nh nhanh, tho\u1ea3i m\u00e1i d\u1ec5 ch\u1ecbu<\/li>\n<li>Kh\u1eed m\u00f9i, di\u1ec7t khu\u1ea9n hi\u1ec7u qu\u1ea3 nh\u1edd t\u1ea5m l\u1ecdc Apatit Titan<\/li>\n<li>D\u00e0n \u0111\u1ed3ng, c\u00e1nh t\u1ea3n nhi\u1ec7t ph\u1ee7 l\u1edbp ch\u1ed1ng \u0103n m\u00f2n<\/li>\n<li>Xu\u1ea5t x\u1ee9: Ch\u00ednh h\u00e3ng Th\u00e1i Lan<\/li>\n<li>B\u1ea3o h\u00e0nh: M\u00e1y 1 n\u0103m, m\u00e1y n\u00e9n 5 n\u0103m<\/li>\n<\/ul>\n","protected":false},"featured_media":6579,"comment_status":"open","ping_status":"closed","template":"","meta":[],"_links":{"self":[{"href":"http:\/\/maudep.com.vn\/chuyengiadienmay\/index.php?rest_route=\/wp\/v2\/product\/6577"}],"collection":[{"href":"http:\/\/maudep.com.vn\/chuyengiadienmay\/index.php?rest_route=\/wp\/v2\/product"}],"about":[{"href":"http:\/\/maudep.com.vn\/chuyengiadienmay\/index.php?rest_route=\/wp\/v2\/types\/product"}],"replies":[{"embeddable":true,"href":"http:\/\/maudep.com.vn\/chuyengiadienmay\/index.php?rest_route=%2Fwp%2Fv2%2Fcomments&post=6577"}],"wp:featuredmedia":[{"embeddable":true,"href":"http:\/\/maudep.com.vn\/chuyengiadienmay\/index.php?rest_route=\/wp\/v2\/media\/6579"}],"wp:attachment":[{"href":"http:\/\/maudep.com.vn\/chuyengiadienmay\/index.php?rest_route=%2Fwp%2Fv2%2Fmedia&parent=6577"}],"curies":[{"name":"wp","href":"https:\/\/api.w.org\/{rel}","templated":true}]}}