{"id":6674,"date":"2021-10-18T11:34:00","date_gmt":"2021-10-18T04:34:00","guid":{"rendered":"http:\/\/maudep.com.vn\/chuyengiadienmay\/?post_type=product&#038;p=6674"},"modified":"2021-10-18T11:39:48","modified_gmt":"2021-10-18T04:39:48","slug":"dieu-hoa-daikin-1-chieu-inverter-9-000btu-ftks25gvmv","status":"publish","type":"product","link":"http:\/\/maudep.com.vn\/chuyengiadienmay\/?product=dieu-hoa-daikin-1-chieu-inverter-9-000btu-ftks25gvmv","title":{"rendered":"\u0110i\u1ec1u h\u00f2a Daikin 1 chi\u1ec1u Inverter 9.000BTU FTKS25GVMV"},"content":{"rendered":"<div id=\"chitiet-1\" class=\"w-pd-i-content\">\n<p>M\u00e1y\u00a0\u0111i\u1ec1u h\u00f2a Daikin\u00a0inverter\u00a0FTKS25GVMV\/RKS25GVMV 9000BTU\u00a0(1.0HP) 1 chi\u1ec1u s\u1eed d\u1ee5ng gas R410A d\u00f2ng \u0111i\u1ec1u h\u00f2a cao c\u1ea5p nh\u1ea5t c\u1ee7a Daikin ra m\u1eaft t\u1eeb 2018 v\u00e0 ti\u1ebfp t\u1ee5c \u0111\u01b0\u1ee3c b\u00e1n ra th\u1ecb tr\u01b0\u1eddng trong n\u0103m 2020.<\/p>\n<p>\u0110i\u1ec1u h\u00f2a Daikin FTKS25GVMV ph\u00f9 h\u1ee3p l\u1eafp \u0111\u1eb7t cho ph\u00f2ng c\u00f3 di\u1ec7n t\u00edch &lt; 15m2 v\u1edbi \u01b0u \u0111i\u1ec3m m\u1eb7t n\u1ea1 ph\u1eb3ng d\u1ec5 lau ch\u00f9i v\u1edbi \u0111\u1ed9ng t\u00e1c \u0111\u01a1n gi\u1ea3n tr\u00ean b\u1ec1 m\u1eb7t ph\u1eb3ng. Trong tr\u01b0\u1eddng h\u1ee3 c\u1ea7n l\u00e0m v\u1ec7 sinh k\u1ef9 b\u00ean trong, m\u1eb7t n\u1ea1 n\u00e0y c\u0169ng c\u00f3 th\u1ec3 th\u00e1o l\u1eafp d\u1ec5 d\u00e0ng.<\/p>\n<p>Ti\u1ebft ki\u1ec7m n\u0103ng l\u01b0\u1ee3ng:\u00a0Sau khi \u0111\u1ea1t \u0111\u01b0\u1ee3c nhi\u1ec7t \u0111\u1ed9 c\u00e0i \u0111\u1eb7t, m\u00e1y\u00a0\u0111i\u1ec1u h\u00f2a\u00a0kh\u00f4ng kh\u00ed inverter s\u1ebd h\u1ea1 c\u00f4ng su\u1ea5t \u0111\u1ec3 duy tr\u00ec nhi\u1ec7t \u0111\u1ed9 ph\u00f2ng, gi\u00fap ti\u1ebft ki\u1ec7m \u0111i\u1ec7n h\u01a1n so v\u1edbi m\u00e1y \u0111i\u1ec1u h\u00f2a kh\u00f4ng kh\u00ed kh\u00f4ng inverter.<\/p>\n<h2>L\u00e0m l\u1ea1nh nhanh, v\u1eadn h\u00e0nh \u00eam \u00e1i d\u1ec5 ch\u1ecbu<\/h2>\n<p><img src=\"https:\/\/banhangtaikho.com.vn\/Images\/Upload\/images\/dieu%20hoa%20daikin%20hoat%20dong%20manh%20me.jpg\" alt=\"\" \/><\/p>\n<p>M\u00e1y \u0111i\u1ec1u h\u00f2a kh\u00f4ng kh\u00ed inverter v\u1eadn h\u00e0nh \u1edf c\u00f4ng su\u1ea5t t\u1ed1i \u0111a ngay khi kh\u1edfi \u0111\u1ed9ng \u0111\u1ec3 nhanh ch\u00f3ng \u0111\u1ea1t \u0111\u01b0\u1ee3c nhi\u1ec7t \u0111\u1ed9 c\u00e0i \u0111\u1eb7t.<\/p>\n<p>Tho\u1ea3i m\u00e1i:\u00a0M\u00e1y \u0111i\u1ec1u h\u00f2a kh\u00f4ng kh\u00ed inverter \u0111i\u1ec1u ch\u1ec9nh c\u00f4ng su\u1ea5t d\u1ef1a v\u00e0o t\u1ea3i nhi\u1ec7t, gi\u1ea3m thi\u1ec3u c\u00e1ch bi\u1ec7t gi\u1eefa nhi\u1ec7t \u0111\u1ed9 ph\u00f2ng v\u00e0 nhi\u1ec7t \u0111\u1ed9 c\u00e0i \u0111\u1eb7t, mang l\u1ea1i s\u1ef1 tho\u1ea3i m\u00e1i cao h\u01a1n so v\u1edbi m\u00e1y kh\u00f4ng inverter.<\/p>\n<p>Ho\u1ea1t \u0111\u1ed9ng \u00eam \u00e1i:\u00a0Khi l\u1ef1a ch\u1ecdn ch\u1ebf \u0111\u1ed9 d\u00e0n n\u00f3ng\/d\u00e0n l\u1ea1nh ho\u1ea1t \u0111\u1ed9ng \u00eam \u0111\u1ed9 \u1ed3n gi\u1ea3m \u0111\u1ebfn 3 dB(A), mang \u0111\u1ebfn cho b\u1ea1n gi\u1ea5c ng\u1ee7 ngon.\u00a0D\u1eef li\u1ec7u d\u1ef1a tr\u00ean \u201cV\u00ed d\u1ee5 v\u1ec1 c\u00e1c m\u1ee9c \u0111\u1ed9 \u00e2m thanh\u201d, B\u1ed9 M\u00f4i Tr\u01b0\u1eddng Nh\u1eadt B\u1ea3n, 12\/11\/2002.<\/p>\n<h2>Phin l\u1ecdc x\u00fac t\u00e1c quang Apatit Titan Daikin kh\u00f4ng lo vi r\u00fat, vi khu\u1ea9n<\/h2>\n<p><img src=\"https:\/\/banhangtaikho.com.vn\/Images\/Upload\/images\/dieu%20hoa%20daikin%20phin%20loc%20xuc%20tac%20quang.jpg\" alt=\"\" \/><\/p>\n<p>Tinh l\u1ecdc kh\u00f4ng kh\u00ed b\u1eb1ng x\u00fac t\u00e1c quang l\u00e0 c\u00f4ng ngh\u1ec7 kh\u1eed m\u00f9i v\u00e0 di\u1ec7t khu\u1ea9n.\u00a0Apatit Titan l\u00e0 v\u1eadt li\u1ec7u x\u00fac t\u00e1c quang cao c\u1ea5p v\u1edbi kh\u1ea3 n\u0103ng h\u1ea5p th\u1ee5 v\u01b0\u1ee3t tr\u1ed9i. Khi b\u1ee5i b\u1ea9n \u0111\u01b0\u1ee3c h\u00fat v\u00e0o phin l\u1ecdc, Apatit Titan s\u1ebd h\u1ea5p thu v\u00e0 lo\u1ea1i b\u1ecf m\u00f9i h\u00f4i v\u00e0 b\u1ee5i b\u1ea9n m\u1ed9t c\u00e1ch hi\u1ec7u qu\u1ea3.<\/p>\n<h2>Daikin FTKS25GVMV \u0111\u1ed9c \u0111\u00e1o c\u1ea3m bi\u1ebfn m\u1eaft th\u1ea7n th\u00f4ng minh<\/h2>\n<p><img src=\"https:\/\/banhangtaikho.com.vn\/Images\/Upload\/images\/mat%20than%20dieu%20hoa%20daikin.jpg\" alt=\"\" \/><\/p>\n<p>M\u1eaft th\u1ea7n th\u00f4ng minh ng\u0103n hao ph\u00ed \u0111i\u1ec7n n\u0103ng b\u1eb1ng c\u00e1ch s\u1eed d\u1ee5ng c\u1ea3m bi\u1ebfn h\u1ed3ng ngo\u1ea1i ph\u00e1t hi\u1ec7n chuy\u1ec3n \u0111\u1ed9ng c\u1ee7a ng\u01b0\u1eddi trong ph\u00f2ng.<\/p>\n<p>Lu\u1ed3ng gi\u00f3 3 chi\u1ec1u:\u00a0Lu\u1ed3ng gi\u00f3 3 chi\u1ec1u k\u1ebft h\u1ee3p \u0111\u1ea3o gi\u00f3 t\u1ef1 \u0111\u1ed9ng theo ph\u01b0\u01a1ng \u0111\u1ee9ng v\u00e0 ph\u01b0\u01a1ng ngang, lu\u00e2n chuy\u1ec3n kh\u00f4ng kh\u00ed \u0111\u1ebfn m\u1ecdi n\u01a1i trong ph\u00f2ng t\u1ea1o ra nhi\u1ec7t \u0111\u1ed9 \u0111\u1ed3ng nh\u1ea5t \u1edf nh\u1eefng kh\u00f4ng gian l\u1edbn.\u00a0Ch\u1ee9c n\u0103ng n\u00e0y c\u00f3 \u1edf model FTKS50\/60\/71.<\/p>\n<h2>B\u1ec1n b\u1ec9 th\u00e1ch th\u1ee9c th\u1eddi gian<\/h2>\n<p><img src=\"https:\/\/banhangtaikho.com.vn\/Images\/Upload\/images\/dan%20nong%20dieu%20hoa%20daikin%20ftxs.jpg\" alt=\"\" \/><\/p>\n<p>B\u1ec1 m\u1eb7t c\u00e1nh t\u1ea3n nhi\u1ec7t d\u00e0n n\u00f3ng \u0111\u01b0\u1ee3c ph\u1ee7 l\u1edbp nh\u1ef1a acrylic gi\u00fap t\u0103ng c\u01b0\u1eddng kh\u1ea3 n\u0103ng ch\u1ed1ng l\u1ea1i m\u01b0a ax\u00edt v\u00e0 h\u01a1i mu\u1ed1i. K\u1ebf \u0111\u1ebfn l\u00e0 l\u1edbp m\u00e0ng c\u00f3 kh\u1ea3 n\u0103ng th\u1ea5m n\u01b0\u1edbc c\u00f3 t\u00e1c d\u1ee5ng ch\u1ed1ng r\u1ec9 s\u00e9t g\u00e2y ra do n\u01b0\u1edbc \u0111\u1ecdng.<\/p>\n<p>M\u00e1y \u0111i\u1ec1u h\u00f2a Daikin inverter 9000Btu FTKS25GVMV ho\u1ea1t \u0111\u1ed9ng trong \u0111i\u1ec1u ki\u1ec7n m\u00f4i tr\u01b0\u1eddng kh\u1eafc nghi\u1ec7t. \u0110\u1ed1i v\u1edbi m\u00e1y 2 chi\u1ec1u ch\u1ebf \u0111\u1ed9 l\u00e0m l\u1ea1nh v\u1eabn ho\u1ea1t \u0111\u1ed9ng khi nhi\u1ec7t \u0111\u1ed9 b\u00ean ngo\u00e0i xu\u1ed1ng \u0111\u1ebfn 10 \u0111\u1ed9 C. Ch\u1ebf \u0111\u1ed9 s\u01b0\u1edfi ho\u1ea1t \u0111\u1ed9ng khi nhi\u1ec7t \u0111\u1ed9 b\u00ean ngo\u00e0i -15 \u0111\u1ed9 C \u0111\u1ebfn 18 \u0111\u1ed9 C. D\u00e3y ho\u1ea1t \u0111\u1ed9ng n\u00e0y ph\u00f9 h\u1ee3p cho c\u00e1c khu v\u1ef1c c\u00f3 kh\u00ed h\u1eadu r\u1ea5t l\u1ea1nh.<\/p>\n<h2>FTKS25GVMV &#8211; \u0110i\u1ec1u h\u00f2a 1 chi\u1ec1u 9000BTU inverter cao c\u1ea5p nh\u1ea5t<\/h2>\n<p>R\u1ea5t nhi\u1ec1u kh\u00e1ch h\u00e0ng ph\u00e2n v\u00e2n gi\u1eefa vi\u1ec7c ch\u1ecdn mua m\u00e1y\u00a0\u0111i\u1ec1u h\u00f2a Daikin 1 chi\u1ec1u\u00a0inverter FTKS25GVMV v\u00e0\u00a0m\u00e1y \u0111i\u1ec1u h\u00f2a Panasonic inverter CU\/CS-U9VKH-8\u00a0theo ch\u00fang t\u00f4i x\u00e9t tr\u00ean c\u00e1c ti\u00eau ch\u00ed t\u1eeb \u0111\u00e1nh gi\u00e1 ki\u1ec3u d\u00e1ng m\u1eabu m\u00e3, t\u00ednh n\u0103ng c\u00f4ng ngh\u1ec7 v\u00e0 gi\u00e1 th\u00e0nh s\u1ea3n ph\u1ea9m, d\u1ecbch v\u1ee5 sau b\u00e1n h\u00e0ng th\u00ec ng\u01b0\u1eddi mua s\u1ebd c\u00f3 xu h\u01b0\u1edbng ch\u1ecdn mua m\u00e1y \u0111i\u1ec1u h\u00f2a Panasonic U9VKH-8 l\u00e0 s\u1ef1 l\u1ef1a ch\u1ecdn t\u1ed1t nh\u1ea5t.<\/p>\n<p>Nh\u01b0ng n\u1ebfu x\u00e9t v\u1ec1 kh\u1ea3 n\u0103ng l\u00e0m l\u1ea1nh s\u00e2u tho\u1ea3i m\u00e1i d\u1ec5 ch\u1ecbu, hi\u1ec7u su\u1ea5t ti\u1ebft ki\u1ec7m \u0111i\u1ec7n n\u0103ng th\u00ec Daikin FTKS25GVMV l\u1ee3i th\u1ebf h\u01a1n h\u1eb3n.<\/p>\n<\/div>\n","protected":false},"excerpt":{"rendered":"<ul class=\"l pr-des-featured\">\n<li>\u0110i\u1ec1u h\u00f2a Daikin inverter 9.000BTU 1 chi\u1ec1u<\/li>\n<li>\u0110i\u1ec1u h\u00f2a ti\u1ebft ki\u1ec7m \u0111i\u1ec7n cao c\u1ea5p, Gas R410A<\/li>\n<li>M\u1eaft th\u1ea7n th\u00f4ng minh, lu\u1ed3ng gi\u00f3 3 chi\u1ec1u<\/li>\n<li>Di\u1ec7n t\u00edch l\u1eafp \u0111\u1eb7t &lt; 15m2<\/li>\n<li>Xu\u1ea5t x\u1ee9: Ch\u00ednh h\u00e3ng Th\u00e1i Lan<\/li>\n<li>B\u1ea3o h\u00e0nh: Ch\u00ednh h\u00e3ng 12 th\u00e1ng, ma\u0301y ne\u0301n 4 n\u0103m<\/li>\n<\/ul>\n","protected":false},"featured_media":6675,"comment_status":"open","ping_status":"closed","template":"","meta":[],"_links":{"self":[{"href":"http:\/\/maudep.com.vn\/chuyengiadienmay\/index.php?rest_route=\/wp\/v2\/product\/6674"}],"collection":[{"href":"http:\/\/maudep.com.vn\/chuyengiadienmay\/index.php?rest_route=\/wp\/v2\/product"}],"about":[{"href":"http:\/\/maudep.com.vn\/chuyengiadienmay\/index.php?rest_route=\/wp\/v2\/types\/product"}],"replies":[{"embeddable":true,"href":"http:\/\/maudep.com.vn\/chuyengiadienmay\/index.php?rest_route=%2Fwp%2Fv2%2Fcomments&post=6674"}],"wp:featuredmedia":[{"embeddable":true,"href":"http:\/\/maudep.com.vn\/chuyengiadienmay\/index.php?rest_route=\/wp\/v2\/media\/6675"}],"wp:attachment":[{"href":"http:\/\/maudep.com.vn\/chuyengiadienmay\/index.php?rest_route=%2Fwp%2Fv2%2Fmedia&parent=6674"}],"curies":[{"name":"wp","href":"https:\/\/api.w.org\/{rel}","templated":true}]}}