{"id":6693,"date":"2021-10-18T15:02:43","date_gmt":"2021-10-18T08:02:43","guid":{"rendered":"http:\/\/maudep.com.vn\/chuyengiadienmay\/?post_type=product&#038;p=6693"},"modified":"2021-10-18T15:06:04","modified_gmt":"2021-10-18T08:06:04","slug":"dieu-hoa-mitsubishi-heavy-9000btu-1-chieu-inverter-srk10yxp-w5","status":"publish","type":"product","link":"http:\/\/maudep.com.vn\/chuyengiadienmay\/?product=dieu-hoa-mitsubishi-heavy-9000btu-1-chieu-inverter-srk10yxp-w5","title":{"rendered":"\u0110I\u1ec0U H\u00d2A MITSUBISHI HEAVY 9000BTU 1 CHI\u1ec0U INVERTER SRK10YXP-W5"},"content":{"rendered":"<div id=\"chitiet-1\" class=\"w-pd-i-content\">\n<div id=\"tab-description\" class=\"woocommerce-Tabs-panel woocommerce-Tabs-panel--description panel entry-content wc-tab\" role=\"tabpanel\" aria-labelledby=\"tab-title-description\">\n<div id=\"chitiet-1\" class=\"w-pd-i-content\">\n<div id=\"chitiet-1\" class=\"w-pd-i-content\">\n<div>\n<div>\n<div id=\"chitiet-1\" class=\"w-pd-i-content\">\n<div>\n<div>\u0110i\u1ec1u h\u00f2a Mitsubishi Heavy 9000BTU 1 chi\u1ec1u\u00a0SRK10YXP-W5\u00a0inverter\u00a0s\u1eed d\u1ee5ng Gas R32 model m\u1edbi nh\u1ea5t\u00a0\u0111i\u1ec1u h\u00f2a Mitsubishi Heavy ra m\u1eaft cu\u1ed1i th\u00e1ng 3\/2020.<\/div>\n<div><img src=\"https:\/\/banhangtaikho.com.vn\/Images\/Product\/srk10yxpw5-ukt505.jpg\" alt=\"Mitsubishi Heavy SRK10YXP-W5, \u0110i\u1ec1u h\u00f2a 9000BTU 1 chi\u1ec1u Inverter\" \/><\/div>\n<div><em><strong>(Model Mitsubishi Heavy\u00a0<u>SRK\/SRC-10YXP-W5<\/u>\u00a0s\u1ebd THAY TH\u1ebe\u00a0cho model\u00a0<u>SRK\/SRC-10YW-W5<\/u>)<\/strong><\/em><\/div>\n<h2>Mitsubishi Heavy \u2013 Th\u01b0\u01a1ng hi\u1ec7u h\u00e0ng \u0111\u1ea7u Nh\u1eadt B\u1ea3n &amp; S\u1ea3n xu\u1ea5t nh\u1eadp kh\u1ea9u Th\u00e1i Lan<\/h2>\n<div>Mitsubishi Heavy l\u00e0 th\u01b0\u01a1ng hi\u1ec7u l\u00e2u \u0111\u1eddi \u0111\u1ebfn t\u1eeb Nh\u1eadt B\u1ea3n \u2013 Qu\u1ed1c gia ti\u00ean phong trong l\u0129nh v\u1ef1c \u0111i\u1ec7n t\u1eed \u0111i\u1ec7n l\u1ea1nh, \u0111\u00e3 t\u1eeb l\u00e2u chi\u1ebfm \u0111\u01b0\u1ee3c l\u00f2ng tin tuy\u1ec7t \u0111\u1ed1i c\u1ee7a ng\u01b0\u1eddi ti\u00eau d\u00f9ng. Tr\u1ea3i qua chi\u1ec1u d\u00e0i l\u1ecbch s\u1eed g\u1ea7n\u00a0150 n\u0103m, cho \u0111\u1ebfn nay Mitsubishi Heavy l\u00e0 m\u1ed9t trong nh\u1eefng th\u01b0\u01a1ng hi\u1ec7u Nh\u1eadt B\u1ea3n l\u00e2u n\u0103m uy t\u00edn nh\u1ea5t tr\u00ean th\u1ebf gi\u1edbi.<\/div>\n<div>\u0110i\u1ec1u h\u00f2a Mitsubishi Heavy industries\u00a0n\u1ed5i ti\u1ebfng v\u1ec1 \u0111\u1ed9 b\u1ec1n b\u1ec9 v\u00e0 ch\u1ea5t l\u01b0\u1ee3ng tuy\u1ec7t, \u0111\u01b0\u1ee3c kh\u00e1ch h\u00e0ng tr\u00ean to\u00e0n th\u1ebf gi\u1edbi\u00a0y\u00eau m\u1ebfn v\u00e0 tin t\u01b0\u1eddng s\u1eed d\u1ee5ng.<\/div>\n<div><img src=\"https:\/\/banhangtaikho.com.vn\/Images\/Upload\/images\/mitsubishi-heavy-nhat-ban-thai-lan.jpg\" \/><\/div>\n<div>H\u01a1n n\u1eefa,\u00a0\u0110i\u1ec1u h\u00f2a Mitsubishi Heavy\u00a0\u0111\u01b0\u1ee3c s\u1ea3n xu\u1ea5t t\u1ea1i nh\u00e0 m\u00e1y\u00a0\u1edf Th\u00e1i Lan\u00a0\u2013 \u0110\u1ea5t n\u01b0\u1edbc xinh \u0111\u1eb9p kh\u00f4ng ch\u1ec9 n\u1ed5i ti\u1ebfng v\u1ec1 du l\u1ecbch m\u00e0 c\u00f2n tr\u00ecnh \u0111\u1ed9 ngu\u1ed3n lao \u0111\u1ed9ng c\u0169ng nh\u01b0 d\u00e2y chuy\u1ec1n c\u00f4ng ngh\u1ec7 lu\u00f4n \u0111i \u0111\u1ea7u trong khu v\u1ef1c.<\/div>\n<div>M\u1ed7i s\u1ea3n ph\u1ea9m Mitsubishi Heavy \u0111\u01b0\u1ee3c s\u1ea3n xu\u1ea5t ra lu\u00f4n b\u1ea3o \u0111\u1ea3m tr\u1ea3i qua nhi\u1ec1u c\u00f4ng \u0111o\u1ea1n l\u1eafp r\u00e1p kh\u1eaft khe v\u00e0 ki\u1ec3m tra nghi\u00eam ng\u1eb7t theo \u0111\u00fang ti\u00eau chu\u1ea9n h\u00e3ng \u0111\u1ec3 \u0111\u1ea1t \u0111\u01b0\u1ee3c ch\u1ea5t l\u01b0\u1ee3ng th\u00e0nh ph\u1ea9m ho\u00e0n h\u1ea3o nh\u1ea5t.<\/div>\n<h2>\u0110i\u1ec1u h\u00f2a Mitsubishi Heavy 9000BTU l\u1ef1a ch\u1ecdn tuy\u1ec7t v\u1eddi cho di\u1ec7n t\u00edch d\u01b0\u1edbi 15m<sup>2<\/sup>.<\/h2>\n<div>\u0110i\u1ec1u h\u00f2a Mitsubishi Heavy SRK\/SRC10YXP-W5 v\u1edbi thi\u1ebft k\u1ebf theo phong c\u00e1ch Ch\u00e2u \u00c2u:\u00a0M\u00e0u tr\u1eafng saNg tr\u1ecdng, \u0111\u01b0\u1eddng\u00a0n\u00e9t tinh t\u1ebf, \u0111\u01b0\u1eddng v\u00e2n ch\u1eafc kh\u1ecfe \u0111\u1eb9p m\u1eaft t\u1eeb m\u1ecdi g\u00f3c nh\u00ecn.<\/div>\n<div><\/div>\n<div>V\u1edbi c\u00f4ng su\u1ea5t\u00a0\u0111i\u1ec1u h\u00f2a 9000BTU, Mitsubishi Heavy SRK10YXP-W5 l\u1ef1a ch\u1ecdn l\u1eafp \u0111\u1eb7t \u0111i\u1ec1u h\u00f2a l\u00fd t\u01b0\u1edfng cho ph\u00f2ng &lt;15m<sup>2<\/sup>: Ph\u00f2ng ng\u1ee7, ph\u00f2ng \u0111\u1ecdc s\u00e1ch, ph\u00f2ng l\u00e0m vi\u1ec7c.<\/div>\n<h2>Mitsubishi Heavy \u0111\u1ec9nh cao trong c\u00f4ng ngh\u1ec7 \u0110i\u1ec1u h\u00f2a<\/h2>\n<p>V\u1ec1 c\u00f4ng ngh\u1ec7 m\u00e1y \u0111i\u1ec1u h\u00f2a Mitsubishi Heavy r\u1ea5t t\u1ed1t ch\u1eb3ng h\u1ec1 thua k\u00e9m Panasonic hay Daikin c\u00f3 th\u1ec3 k\u1ec3 ra nh\u01b0:<\/p>\n<h3>C\u00f4ng ngh\u1ec7 DC PAM Inverter ch\u1eb3ng lo ti\u1ec1n \u0111i\u1ec7n<\/h3>\n<div>Th\u1ef1c ra \u0111i\u1ec1u h\u00f2a inverter h\u1ea7u nh\u01b0 h\u00e3ng n\u00e0o c\u0169ng c\u00f3 nh\u01b0ng \u0111i\u1ec1u h\u00f2a Mitsubishi Heavy 9000BTU SRK10YXP-W5 \u0111\u01b0\u1ee3c trang b\u1ecb c\u00f4ng ngh\u1ec7 DC PAM inverter.<\/div>\n<div><img src=\"https:\/\/banhangtaikho.com.vn\/Images\/Upload\/images\/mitsubishi-heavy-dcpam-inverter.jpg\" \/><\/div>\n<div>\u0110\u00e2y l\u00e0 c\u00f4ng ngh\u1ec7 \u0111\u1ed9c \u0111\u00e1o v\u00e0 duy nh\u1ea5t ch\u1ec9 c\u00f3 \u1edf \u0111i\u1ec1u h\u00f2a Mitsubishi Heavy v\u1edbi kh\u1ea3 n\u0103ng ti\u1ebft ki\u1ec7m \u0111i\u1ec7n v\u01b0\u1ee3t tr\u1ed9i v\u00e0\u00a0v\u1eadn h\u00e0nh \u00eam \u00e1i, c\u00f9ng m\u1ee9c ch\u00eanh l\u1ec7nh nhi\u1ec7t \u0111\u1ed9c c\u1ef1c th\u1ea5p mang \u0111\u1ebfn s\u1ef1 tho\u1ea3i m\u00e1i d\u1ec5 ch\u1ecbu nh\u1ea5t cho B\u1ea1n.<\/div>\n<div><img src=\"https:\/\/banhangtaikho.com.vn\/Images\/Upload\/images\/dieu-hoa-mitsubishi-heavy-4.jpg\" alt=\"\" \/><\/div>\n<div><\/div>\n<h3>C\u00f4ng ngh\u1ec7 HI Power t\u1eadn h\u01b0\u1edfng m\u00e1t l\u1ea1nh t\u1eebng gi\u00e2y<\/h3>\n<div>\u0110i\u1ec1u h\u00f2a Mitsubishi Heavy 9000 BTU SRK10YXP-W5 \u0111\u01b0\u1ee3c \u1ee9ng d\u1ee5ng c\u00f4ng ngh\u1ec7 l\u00e0m l\u1ea1nh nhanh \u0111\u01b0\u1ee3c ph\u00e1t tri\u1ec3n d\u1ef1a tr\u00ean nguy\u00ean l\u00fd \u201cJet flow\u201d c\u1ee7a \u0111\u1ed9ng c\u01a1 ph\u1ea3n l\u1ef1c, \u0111\u00e2y \u0111\u01b0\u1ee3c xem l\u00e0 c\u00f4ng ngh\u1ec7 \u0111\u1ed9c quy\u1ec1n v\u00e0 ti\u1ebfn ti\u1ebfn nh\u1ea5t v\u1edbi hi\u1ec3u qu\u1ea3 s\u1eed d\u1ee5ng n\u0103ng l\u01b0\u1ee3ng cao, gi\u00fap s\u1ea3n sinh ra d\u00f2ng kh\u00ed l\u01b0u l\u01b0\u1ee3ng l\u1edbn v\u00e0 lan t\u1ecfa \u0111\u1ec1u m\u1ecdi ng\u00f3c ng\u00e1ch trong ph\u00f2ng v\u1edbi c\u00f4ng su\u1ea5t ti\u00eau th\u1ee5 \u0111i\u1ec7n th\u1ea5p nh\u1ea5t.<\/div>\n<div><img src=\"https:\/\/banhangtaikho.com.vn\/Images\/Upload\/images\/mitsubishi-heavy-lam-lanh.jpg\" \/><\/div>\n<div>C\u00f4ng ngh\u1ec7 HI Power cho ph\u00e9p m\u00e1y l\u00e0m l\u1ea1nh nhanh ch\u00f3ng kh\u00f4ng kh\u00ed trong ph\u00f2ng b\u1eb1ng c\u00e1ch ho\u1ea1t \u0111\u1ed9ng li\u00ean t\u1ee5c \u1edf ch\u1ebf \u0111\u1ed9 c\u00f4ng su\u1ea5t cao v\u00e0 t\u1ef1 \u0111\u1ed9ng gi\u1ea3m th\u1ea5p h\u01a1n nhi\u1ec7t \u0111\u1ed9 \u0111\u00e3 c\u00e0i \u0111\u1eb7t 3 \u0111\u1ed9 C \u0111\u1ec3 l\u00e0m l\u1ea1nh nhanh trong v\u00f2ng 15 ph\u00fat.<\/div>\n<div>\n<h3>Kh\u00f4ng s\u1ee3 vi khu\u1ea9n, vi r\u00fat &amp; n\u1ea5m m\u1ed1c<\/h3>\n<div>M\u00e1y\u00a0\u0111i\u1ec1u h\u00f2a\u00a0Mitsubishi Heavy 9000BTU\u00a0SRK10YXP-W5\u00a0\u0111\u01b0\u1ee3c trang b\u1ecb b\u1edfi\u00a0b\u1ed9 l\u1ecdc Enzyme c\u00f3 kh\u1ea3 n\u0103ng di\u1ec7t khu\u1ea9n cao nh\u1ea5t, h\u00fat kh\u00f4ng kh\u00ed ch\u1ee9a\u00a0vi khu\u1ea9n \u0111i v\u00e0o b\u1ed9 l\u1ecdc Enzyme. Ch\u1ee9c n\u0103ng c\u1ee7a b\u1ed9 l\u1ecdc khu\u1ea9n Enzyme\u00a0th\u1ef1c hi\u1ec7n nhi\u1ec7m v\u1ee5 di\u1ec7t vi khu\u1ea9n qua v\u00e1ch c\u1ee7a b\u1ed9 l\u1ecdc, t\u1ea5t c\u1ea3 c\u00e1c vi khu\u1ea9n s\u1ebd b\u1ecb h\u1ee7y di\u1ec7t qua c\u01a1 c\u1ea5u t\u1ef1 nhi\u00ean mang \u0111\u1ebfn cho b\u1ea1n m\u1ed9t kh\u00f4ng kh\u00ed trong l\u00e0nh, an to\u00e0n v\u00e0 tinh khi\u1ebft.<\/div>\n<div><img src=\"https:\/\/banhangtaikho.com.vn\/Images\/Upload\/images\/mitsubishi-heavy-luoi-loc(1).jpg\" \/><\/div>\n<div>Ph\u1ea7n l\u01b0\u1edbi l\u1ecdc d\u1ec5 th\u00e1o l\u1eafp gi\u00fap b\u1ea1n d\u1ec5 d\u00e0ng v\u1ec7 sinh b\u1ee5i b\u1ea9n.<\/div>\n<div>Ngo\u00e0i ra, m\u00e1y c\u00f2n c\u00f3 ch\u1ebf \u0111\u1ed9 t\u1ef1 l\u00e0m s\u1ea1ch gi\u00fap m\u00e1y t\u1ef1 v\u1ec7 sinh l\u00e0m kh\u00f4 trong v\u00f2ng 2 gi\u1edd, h\u1ea1n ch\u1ebf n\u1ea5m m\u1ed1c v\u00e0 lo\u1ea1i b\u1ecf c\u00e1c b\u1ee5i b\u1ea9n c\u00f3 h\u1ea1i cho s\u1ee9c kh\u1ecfe, tr\u1ea3 l\u1ea1i m\u00f4i tr\u01b0\u1eddng s\u1ed1ng trong l\u00e0nh, gi\u00fap m\u00e1y ho\u1ea1t \u0111\u1ed9ng \u00eam \u00e1i v\u00e0 b\u1ec1n b\u1ec9 h\u01a1n.<\/div>\n<h3>\u0110i\u1ec1u khi\u1ec3n \u0111i\u1ec1u h\u00f2a Mitsubishi Heavy \u0111\u1ed9c \u0111\u00e1o v\u1edbi n\u00fat b\u1ea5m d\u1ea1 quang<\/h3>\n<div>Mitsubishi Heavy l\u00e0 h\u00e3ng \u0111i\u1ec1u h\u00f2a duy nh\u1ea5t trang b\u1ecb n\u00fat b\u1ea5m d\u1ea1 quang. \u0110i\u1ec1u n\u00e0y c\u1ef1c k\u1ef3 h\u1eefu \u00edch khi b\u1ea1n s\u1eed d\u1ee5ng trong ph\u00f2ng t\u1ed1i, gi\u00fap b\u1ea1n c\u00e0i \u0111\u1eb7t c\u00e1c\u00a0ch\u1ebf \u0111\u1ed9 v\u00f4 c\u00f9ng ti\u1ec7n l\u1ee3i.<\/div>\n<\/div>\n<h3>S\u1eed d\u1ee5ng m\u00f4i ch\u1ea5t l\u1ea1nh Gas R32 ti\u00ean ti\u1ebfn nh\u1ea5t<\/h3>\n<div>\u0110i\u1ec1u h\u00f2a\u00a0Mitsubishi Heavy inverter 9000BTU SRK10YXPW5 s\u1eed d\u1ee5ng gas R32 \u0111\u00e2y l\u00e0 m\u00f4i ch\u1ea5t l\u1ea1nh m\u1edbi nh\u1ea5t, ti\u00ean ti\u1ebfn nh\u1ea5t\u00a0\u2013\u00a0Gas R32 mang l\u1ea1i nhi\u1ec1u\u00a0\u01b0u \u0111i\u1ec3m:\u00a0l\u00e0m l\u1ea1nh nhanh h\u01a1n, h\u1ea1n ch\u1ebf t\u1ed1i \u0111a s\u1ef1 \u1ea3nh h\u01b0\u1eddng \u0111\u1ed1i v\u1edbi Tr\u00e1i \u0110\u1ea5t, kh\u00f4ng g\u00e2y hi\u1ec7u \u1ee9ng nh\u00e0 k\u00ednh.<\/div>\n<div>V\u00ec th\u1ebf gas R32 l\u00e0 m\u00f4i ch\u1ea5t l\u1ea1nh t\u01b0\u01a1ng mai m\u00e0 t\u1ea5t c\u1ea3\u00a0c\u00e1c\u00a0h\u00e3ng \u0111i\u1ec1u h\u00f2a \u0111\u1ec1u h\u01b0\u1edbng \u0111\u1ebfn trong th\u1eddi gian t\u1edbi.<\/div>\n<div><img src=\"https:\/\/banhangtaikho.com.vn\/Images\/Upload\/images\/mitsubishi-heavy-gas-r32.jpg\" alt=\"\" \/><\/div>\n<h3>\u0110i\u1ec1u h\u00f2a Mitsubishi Heavy\u00a0SRC10YXP-W5 \u0111\u1ed9 b\u1ec1n th\u00e1ch th\u1ee9c th\u1eddi gian<\/h3>\n<p>\u0110i\u1ec1u h\u00f2a Mitsubishi Heavy \u0111\u01b0\u1ee3c trang b\u1ecb d\u00e0n \u0111\u1ed3ng: Kh\u00f4ng ch\u1ec9 mang l\u1ea1i hi\u1ec7u su\u1ea5t l\u00e0m l\u1ea1nh cao m\u00e0 c\u00f2n mang \u0111\u1ebfn \u0111\u1ed9 b\u1ec1n cao.<\/p>\n<p>Ngo\u00e0i ra:<\/p>\n<p>T\u1ea5m th\u00e9p ZAM \u0111\u01b0\u1ee3c \u1ee9ng d\u1ee5ng cho d\u00e0n n\u00f3ng SRC10YXP-W5. ZAM c\u00f3 kh\u1ea3 n\u0103ng ch\u1ed1ng \u0103n m\u00f2n v\u00e0 ch\u1ed1ng tr\u1ea7y x\u01b0\u1edbc cao h\u01a1n so v\u1edbi c\u00e1c lo\u1ea1i v\u1eadt li\u1ec7u th\u00f4ng th\u01b0\u1eddng.<\/p>\n<p>1. ZAM \u0111\u01b0\u1ee3c \u0111\u0103ng k\u00fd th\u01b0\u01a1ng m\u1ea1i c\u1ee7a c\u00f4ng ty th\u00e9p Nissin.<\/p>\n<p>2. ZAM \u0111\u01b0\u1ee3c ch\u1ebf t\u1ea1o v\u1edbi \u1ee9ng d\u1ee5ng c\u00e1n \u0111\u1ecbnh h\u00ecnh t\u1eeb t\u1ea5m th\u00e9p m\u1ea1 k\u1ebdm \u2013 nh\u00f4m \u2013 magie \u2013 h\u1ee3p kim \u0111\u01b0\u1ee3c nh\u00fang n\u00f3ng c\u01b0\u1eddng \u0111\u1ed9 cao.<\/p>\n<div>C\u00e1nh qu\u1ea1t \u0111\u01b0\u1ee3c thi\u1ebft k\u1ebf m\u1edbi ph\u00f9 h\u1ee3p v\u1edbi motor qu\u1ea1t t\u1ed1i \u01b0u nh\u1eb1m duy tr\u00ec c\u00f4ng su\u1ea5t nh\u01b0 nh\u1eefng model tr\u01b0\u1edbc v\u00e0 gi\u1ea3m s\u1ef1 ti\u00eau hao \u0111i\u1ec7n n\u0103ng. Hi\u1ec7u qu\u1ea3 \u0111\u1ed3ng b\u1ed9 c\u00f9ng v\u1edbi c\u00e1nh qu\u1ea1t h\u00ecnh l\u00e1 r\u0103ng c\u01b0a l\u00e0m c\u1ea3i thi\u1ec7n hi\u1ec7u su\u1ea5t n\u0103ng l\u01b0\u1ee3ng \u0111\u1ebfn 5% v\u00e0 gi\u1ea3m \u0111\u1ed9 \u1ed3n \u0111\u00e1ng k\u1ec3<\/div>\n<h2>Tr\u1ea3i nghi\u1ec7m d\u1ecbch v\u1ee5 b\u1ea3o h\u00e0nh \u0111i\u1ec1u h\u00f2a Mitsubishi Heavy theo ti\u00eau chu\u1ea9n 5 SAO<\/h2>\n<div>B\u1ea1n ho\u00e0n to\u00e0n y\u00ean t\u00e2m v\u1ec1 ch\u00ednh s\u00e1ch ch\u1ebf \u0111\u1ed9\u00a0b\u1ea3o h\u00e0nh \u0111i\u1ec1u h\u00f2a Mitsubishi Heavy\u00a0v\u00f4 c\u00f9ng t\u1ed1t, \u0111em l\u1ea1i s\u1ef1 tin t\u01b0\u1edfng cho kh\u00e1ch h\u00e0ng.<\/div>\n<div>Th\u1eddi gian b\u1ea3o h\u00e0nh \u0111i\u1ec1u h\u00f2a Mitsubishi Heavy:\u00a02 n\u0103m cho to\u00e0n b\u1ed9 s\u1ea3n ph\u1ea9m, 5 n\u0103m cho m\u00e1y n\u00e9n.<\/div>\n<div><img src=\"https:\/\/banhangtaikho.com.vn\/Images\/Upload\/images\/bao-hanh-dieu-hoa-mitsubishi-heavy.jpg\" \/><\/div>\n<div>D\u1ecbch v\u1ee5 v\u1ee5 b\u1ea3o h\u00e0nh theo ti\u00eau chu\u1ea9n 5 SAO\u00a0\u0111\u01b0\u1ee3c ng\u01b0\u1eddi ti\u00eau d\u00f9ng b\u00ecnh ch\u1ecdn\u00a0\u0111\u00e1nh gi\u00e1 1 trong nh\u1eefng h\u00e3ng c\u00f3 ch\u1ebf \u0111\u1ed9 b\u1ea3o h\u00e0nh t\u1ed1t nh\u1ea5t hi\u1ec7n nay. T\u1eeb \u0111\u00f3 mang \u0111\u1ebfn cho kh\u00e1ch h\u00e0ng th\u00eam tin t\u01b0\u1edfng, y\u00ean t\u00e2m\u00a0khi l\u1ef1a ch\u1ecdn s\u1eed d\u1ee5ng s\u1ea3n ph\u1ea9m.<\/div>\n<h2>Mitsubishi Heavy SRK10YXP-W5 \u2013 \u0110i\u1ec1u h\u00f2a 1 chi\u1ec1u 9000BTU \u0111\u00e1ng mua 2020<\/h2>\n<div>Gi\u00e1 \u0111i\u1ec1u h\u00f2a Mitsubishi Heavy SRK10YXP-W5 r\u1ea5t h\u1ea5p d\u1eabn r\u1ebb h\u01a1n Panasonic XPU9WKH-8, Daikin FTKA25UAVMV t\u1ea7m 10% =&gt; \u0110\u00e2y c\u0169ng ch\u00ednh l\u00e0 \u01b0u \u0111i\u1ec3m c\u1ee7a \u0111i\u1ec1u h\u00f2a Mitsubishi \u0111\u01b0\u1ee3c kh\u00e1ch h\u00e0ng l\u1ef1a ch\u1ecdn mua s\u1ea3n ph\u1ea9m.<\/div>\n<div>H\u01a1n n\u1eefa,\u00a0k\u1ec3 t\u1eeb th\u1eddi gian\u00a0c\u00f3 m\u1eb7t tr\u00ean th\u1ecb tr\u01b0\u1eddng th\u01b0\u01a1ng hi\u1ec7u\u00a0\u0111i\u1ec1u h\u00f2a Mitsubishi Heavy: \u0110\u00e3 \u0111\u01b0\u1ee3c\u00a0ki\u1ec3m ch\u1ee9ng &amp;\u00a0kh\u1eb3ng \u0111\u1ecbnh\u00a0\u0111\u01b0\u1ee3c uy t\u00edn v\u1ec1 ch\u1ea5t l\u01b0\u1ee3ng s\u1ea3n ph\u1ea9m c\u0169ng nh\u01b0 d\u1ecbch v\u1ee5 sau b\u00e1n h\u00e0ng &amp; gi\u00e1 b\u00e1n h\u1ea5p d\u1eabn.<\/div>\n<div>=&gt; \u0110\u1ebfn \u0111\u00e2y ch\u00fang t\u00f4i tin r\u1eb1ng B\u1ea1n \u0111\u00e3 c\u00f3 c\u00e2u tr\u1ea3 l\u1eddi cho c\u00e2u h\u1ecfi:\u00a0C\u00f3 n\u00ean mua \u0111i\u1ec1u h\u00f2a Mitsubishi Heavy hay kh\u00f4ng r\u1ed3i \u0111\u00fang kh\u00f4ng n\u00e0o?<\/div>\n<div><\/div>\n<\/div>\n<div class=\"cl\"><\/div>\n<\/div>\n<div id=\"chitiet-2\" class=\"w-pd-i-content\"><\/div>\n<\/div>\n<\/div>\n<\/div>\n<\/div>\n<\/div>\n<div id=\"fb-root\" class=\" fb_reset\">\n<div>\n<div><\/div>\n<\/div>\n<\/div>\n<div class=\"fb-comments fb_iframe_widget fb_iframe_widget_fluid_desktop\" data-href=\"http:\/\/maudep.com.vn\/chuyengiadienmay\/san-pham\/dieu-hoa-mitsubishi-heavy-9000btu-1-chieu-inverter-srk10yxp-w5-2\/\" data-width=\"100%\" data-numposts=\"5\" data-colorscheme=\"light\"><\/div>\n<\/div>\n","protected":false},"excerpt":{"rendered":"<ul class=\"l pr-des-featured\">\n<li>\u0110i\u1ec1u h\u00f2a Mitsubishi Heavy SRK\/SRC10YXP-W5 (Model 2020)<\/li>\n<li>1 chi\u1ec1u \u2013 9000BTU (1HP) \u2013 Gas R32<\/li>\n<li>C\u00f4ng ngh\u1ec7 DC Pam Inverter ti\u1ebft ki\u1ec7m \u0111i\u1ec7n, v\u1eadn h\u00e0nh \u00eam \u00e1i<\/li>\n<li>L\u00e0m l\u1ea1nh nhanh tho\u1ea3i m\u00e1i d\u1ec5 ch\u1ecbu<\/li>\n<li>Xu\u1ea5t x\u1ee9: Ch\u00ednh h\u00e3ng Th\u00e1i Lan<\/li>\n<li>B\u1ea3o h\u00e0nh: M\u00e1y 2 n\u0103m, M\u00e1y n\u00e9n 5 n\u0103m<\/li>\n<\/ul>\n","protected":false},"featured_media":6690,"comment_status":"open","ping_status":"closed","template":"","meta":[],"_links":{"self":[{"href":"http:\/\/maudep.com.vn\/chuyengiadienmay\/index.php?rest_route=\/wp\/v2\/product\/6693"}],"collection":[{"href":"http:\/\/maudep.com.vn\/chuyengiadienmay\/index.php?rest_route=\/wp\/v2\/product"}],"about":[{"href":"http:\/\/maudep.com.vn\/chuyengiadienmay\/index.php?rest_route=\/wp\/v2\/types\/product"}],"replies":[{"embeddable":true,"href":"http:\/\/maudep.com.vn\/chuyengiadienmay\/index.php?rest_route=%2Fwp%2Fv2%2Fcomments&post=6693"}],"wp:featuredmedia":[{"embeddable":true,"href":"http:\/\/maudep.com.vn\/chuyengiadienmay\/index.php?rest_route=\/wp\/v2\/media\/6690"}],"wp:attachment":[{"href":"http:\/\/maudep.com.vn\/chuyengiadienmay\/index.php?rest_route=%2Fwp%2Fv2%2Fmedia&parent=6693"}],"curies":[{"name":"wp","href":"https:\/\/api.w.org\/{rel}","templated":true}]}}