{"id":6702,"date":"2021-10-18T15:39:28","date_gmt":"2021-10-18T08:39:28","guid":{"rendered":"http:\/\/maudep.com.vn\/chuyengiadienmay\/?post_type=product&#038;p=6702"},"modified":"2021-10-18T15:41:52","modified_gmt":"2021-10-18T08:41:52","slug":"dieu-hoa-sumikura-28000btu-2-chieu-inverter-aps-apo-h280dc","status":"publish","type":"product","link":"http:\/\/maudep.com.vn\/chuyengiadienmay\/?product=dieu-hoa-sumikura-28000btu-2-chieu-inverter-aps-apo-h280dc","title":{"rendered":"\u0110i\u1ec1u h\u00f2a Sumikura 28000BTU 2 chi\u1ec1u Inverter APS\/APO-H280DC"},"content":{"rendered":"<p><strong>APS\/APO-H280DC<\/strong>\u00a0&#8211; \u0110i\u1ec1u h\u00f2a Sumikura 28000BTU 2\u00a0chi\u1ec1u Inverter ti\u1ebft ki\u1ec7m \u0111i\u1ec7n, s\u1eed d\u1ee5ng gas R410a th\u01b0\u01a1ng hi\u1ec7u h\u00e0ng \u0111\u1ea7u Nh\u1eadt B\u1ea3n \u0111\u01b0\u1ee3c s\u1ea3n xu\u1ea5t nh\u1eadp kh\u1ea9u ch\u00ednh h\u00e3ng Malaysia.<\/p>\n<p><img src=\"https:\/\/banhangtaikho.com.vn\/Images\/Product\/aps-apo-h280dc-1J0F5M.jpg\" alt=\"APS\/APO-H280DC, \u0110i\u1ec1u h\u00f2a Sumikura 28000BTU 2 chi\u1ec1u Inverter \" \/><\/p>\n<h2>Sumikura mang \u0111\u1ebfn v\u1ebb \u0111\u1eb9p tinh t\u1ebf cho c\u0103n ph\u00f2ng c\u1ee7a B\u1ea1n<\/h2>\n<p>M\u00e1y\u00a0\u0111i\u1ec1u h\u00f2a Sumikura\u00a028000BTU 2\u00a0chi\u1ec1u\u00a0APS\/APO-<strong>H280DC<\/strong>\u00a0c\u00f3 s\u1ef1 \u0111\u1ed9t ph\u00e1 m\u1edbi v\u1ec1 thi\u1ebft k\u1ebf d\u00e0n l\u1ea1nh v\u1edbi \u0111\u01b0\u1eddng n\u00e9t bo tr\u00f2n, m\u00e0u tr\u1eafng s\u00e1ng b\u00f3ng l\u00e0m t\u00f4n vinh v\u1ebb \u0111\u1eb9p sang tr\u1ecdng.<\/p>\n<p>B\u1ea1n d\u1ec5 d\u00e0ng nh\u1eadn th\u1ea5y gi\u1edd \u0111\u00e2y ki\u1ec3u d\u00e1ng m\u1eabu m\u00e3 c\u1ee7a Sumikura kh\u00f4ng h\u1ec1 thua k\u00e9m c\u00e1c th\u01b0\u01a1ng hi\u1ec7u h\u00e0ng \u0111\u1ea7u th\u1ebf gi\u1edbi: Panasonic, LG.<\/p>\n<h2>T\u1eadn h\u01b0\u1edfng M\u00c1T L\u1ea0NH\/\u1ea4M \u00c1P\u00a0t\u1eebng gi\u00e2y\u00a0v\u1edbi SUMIKURA<\/h2>\n<p>\u0110i\u1ec1u h\u00f2a\u00a0Sumikura 2 chi\u1ec1u\u00a0APS\/APO-<strong>H280DC<\/strong>\u00a0c\u1eeda th\u1ed5i gi\u00f3 \u0111\u01b0\u1ee3c thi\u1ebft k\u1ebf v\u1edbi g\u00f3c th\u1ed5i r\u1ed9ng, \u0111\u01b0a kh\u00f4ng kh\u00ed l\u1ea1nh t\u1edbi m\u1ecdi n\u01a1i trong c\u0103n ph\u00f2ng c\u1ee7a B\u1ea1n. Mang l\u1ea1i cho B\u1ea1n c\u1ea3m gi\u00e1c tho\u1ea3i m\u00e1i s\u1ea3ng kho\u00e1i t\u1ee9c th\u00ec ngay khi b\u1eadt\u00a0m\u00e1y.\u00a0M\u00e1t l\u1ea1nh v\u00e0o m\u00f9a h\u00e8\/\u1ea5m \u00e1p v\u00e0o m\u00f9a \u0111\u00f4ng.<\/p>\n<p>V\u1edbi c\u00f4ng su\u1ea5t \u0111i\u1ec1u h\u00f2a 28000BTU, Sumikura\u00a0APS\/APO-<strong>H280DC<\/strong>\u00a0ph\u00f9 h\u1ee3p\u00a0<strong>l\u1eafp \u0111\u1eb7t\u00a0cho c\u0103n ph\u00f2ng di\u1ec7n t\u00edch\u00a0d\u01b0\u1edbi 40m<sup>2<\/sup><\/strong>.<\/p>\n<p>H\u01a1n n\u1eefa,\u00a0m\u00e1y c\u00f2n \u0111\u01b0\u1ee3c tranh b\u1ecb nh\u1eefng t\u00ednh n\u0103ng \u01b0u vi\u1ec7t&#8230;<\/p>\n<h2>\u0110i\u1ec1u h\u00f2a Sumikura Inverter ti\u1ebft ki\u1ec7m \u0111i\u1ec7n v\u01b0\u1ee3t tr\u1ed9i<\/h2>\n<p>\u0110i\u1ec1u h\u00f2a Inverter\u00a0l\u00e0 c\u00f4ng ngh\u1ec7 cao c\u1ea5p nh\u1ea5t hi\u1ec7n nay m\u00e0 b\u1ea5t k\u1ef3 h\u00e3ng \u0111i\u1ec1u h\u00f2a n\u00e0o c\u0169ng mu\u1ed1n trang b\u1ecb cho ph\u00e2n kh\u00fac s\u1ea3n ph\u1ea9m cao c\u1ea5p c\u1ee7a m\u00ecnh b\u1edfi nh\u1eefng\u00a0\u01b0u \u0111i\u1ec3m m\u00e0 n\u00f3\u00a0mang l\u1ea1i:<\/p>\n<p>+ Ti\u1ebft ki\u1ec7m \u0111i\u1ec7n n\u0103ng t\u1edbi 30% \u0111\u1ed3ng ngh\u0129a v\u1edbi B\u1ea1n s\u1ebd ti\u1ebft ki\u1ec7m \u0111\u01b0\u1ee3c 30% s\u1ed1 ti\u1ec1n ph\u1ea3i thanh to\u00e1n h\u00e0ng th\u00e1ng n\u1ebfu d\u00f9ng m\u00e1y \u0111i\u1ec1u h\u00f2a th\u00f4ng th\u01b0\u1eddng.<\/p>\n<p>+ Bi\u00ean \u0111\u1ed9 ch\u00eanh l\u1ec7ch nhi\u1ec7t \u0111\u1ed9 r\u1ea5t th\u1ea5p ch\u1ec9 0.5<sup>0<\/sup>C mang \u0111\u1ebfn c\u1ea3m gi\u00e1c tho\u1ea3i m\u00e1i th\u01b0 gi\u00e3n d\u1ec5 ch\u1ecbu<\/p>\n<p>+ M\u00e1y v\u1eadn h\u00e0nh \u00eam \u00e1i mang \u0111\u1ebfn kh\u00f4ng gian c\u1ef1c k\u1ef3 y\u00ean t\u0129nh cho b\u1ea1n ph\u00fat gi\u00e2y ngh\u1ec9 ng\u01a1i tuy\u1ec7t v\u1eddi.<\/p>\n<p><img src=\"https:\/\/banhangtaikho.com.vn\/Images\/Upload\/images\/dieu-hoa-sumikura-inverter.jpg\" \/><\/p>\n<p>V\u00ec th\u1ebf: V\u1edbi \u0111i\u1ec1u h\u00f2a Sumikura 28000BTU\u00a0APS\/APO-<strong>H280DC<\/strong>\u00a0B\u1ea1n s\u1ebd c\u00f3 c\u01a1 h\u1ed9i tuy\u1ec7t v\u1eddi \u0111\u1ec3 tr\u1ea3i nghi\u1ec7m ti\u1ec7n \u00edch \u0111\u1eb3ng c\u1ea5p tr\u00ean.<\/p>\n<h2>Ch\u1ebf \u0111\u1ed9 AUTO CLEAN kh\u00f4ng s\u1ee3 Vi khu\u1ea9n, Vi r\u00fat &amp; N\u1ea5m m\u1ed1c.<\/h2>\n<p>\u0110i\u1ec1u h\u00f2a Sumikura\u00a0APS\/APO-<strong>H280DC<\/strong>\u00a0\u0111\u01b0\u1ee3c trang b\u1ecb\u00a0b\u1ed9 l\u1ecdc carbon ho\u1ea1t t\u00ednh c\u00f3 kh\u1ea3 n\u0103ng kh\u1eed m\u00f9i kh\u00f3 ch\u1ecbu trong kh\u00f4ng kh\u00ed mang l\u1ea1i c\u1ea3m gi\u00e1c kh\u00f4ng kh\u00ed trong l\u00e0nh.<\/p>\n<p>Ngo\u00e0i ra m\u00e1y\u00a0\u0111i\u1ec1u h\u00f2a Sumikura 28000BTU\u00a0APS\/APO-<strong>H280DC<\/strong>\u00a0v\u1edbi ch\u1ebf \u0111\u1ed9 auto clean &#8211; t\u1ef1 l\u00e0m s\u1ea1ch: sau khi t\u1eaft m\u00e1y \u1edf ch\u1ebf \u0111\u1ed9 l\u00e0m l\u1ea1nh, qu\u1ea1t v\u1eabn ti\u1ebfp t\u1ee5c quay trong v\u00f2ng 3 ph\u00fat \u0111\u1ec3 l\u00e0m kh\u00f4 n\u01b0\u1edbc c\u00f2n \u0111\u1ecdng tr\u00ean d\u00e0n t\u1ea3n nhi\u1ec7t \u0111\u1ec3 tr\u00e1nh \u1ea9m m\u1ed1c.<\/p>\n<h2>Gas R410a &#8211; M\u00f4i ch\u1ea5t l\u1ea1nh ti\u00ean ti\u1ebfn<\/h2>\n<p>100% s\u1ea3n ph\u1ea9m \u0111i\u1ec1u h\u00f2a Sumikura s\u1eed d\u1ee5ng m\u00f4i ch\u1ea5t l\u00e0m l\u1ea1nh m\u1edbi gas R410a. M\u00f4i\u00a0ch\u1ea5t n\u00e0y mang l\u1ea1i:<\/p>\n<p>+ Hi\u1ec7u su\u1ea5t\u00a0l\u00e0m l\u1ea1nh cao h\u01a1n gas R22 1.6 l\u1ea7n<\/p>\n<p>+ N\u1ebfu so v\u1edbi lo\u1ea1i d\u00f9ng gas R22 th\u00ec \u0111i\u1ec1u h\u00f2a d\u00f9ng gas R410A cho h\u01a1i l\u1ea1nh s\u00e2u h\u01a1n, ti\u1ebft ki\u1ec7m \u0111i\u1ec7n h\u01a1n.<\/p>\n<p>+ Lo\u1ea1i kh\u00ed gas R410A g\u00f3p ph\u1ea7n b\u1ea3o v\u1ec7 m\u00f4i tr\u01b0\u1eddng v\u00ec kh\u00f4ng g\u00e2y th\u1ee7ng t\u1ea7n ozone.<\/p>\n<h2>D\u00e0n n\u00f3ng Sumikura APO-<strong>H280DC<\/strong>\u00a0\u0110\u1ed8 B\u1ec0N\u00a0th\u00e1ch th\u1ee9c th\u1eddi gian<\/h2>\n<p>Kh\u00f4ng nh\u01b0 m\u1ed9t s\u1ed1 h\u00e3ng \u0111i\u1ec1u h\u00f2a gi\u00e1 r\u1ebb kh\u00e1c tr\u00ean th\u1ecb tr\u01b0\u1eddng, \u0111i\u1ec1u h\u00f2a Sumikura inverter APS\/APO-DC series v\u1edbi to\u00e0n b\u1ed9 d\u00e0n trao \u0111\u1ed5i nhi\u1ec7t, d\u00e2y qu\u1ea5n motor qu\u1ea1t v\u00e0 motor l\u1ed1c s\u1eed d\u1ee5ng ch\u1ea5t li\u1ec7u \u0111\u1ed3ng nguy\u00ean ch\u1ea5t, gi\u00fap m\u00e1y ho\u1ea1t \u0111\u1ed9ng b\u1ec1n b\u1ec9 v\u00e0 \u0111\u1ea1t hi\u1ec7u su\u1ea5t t\u1ed1i \u0111a.<\/p>\n","protected":false},"excerpt":{"rendered":"<ul class=\"l pr-des-featured\">\n<li>\u0110i\u1ec1u h\u00f2a Sumikura APS\/APO-H280DC<\/li>\n<li>2 chi\u1ec1u &#8211; 28.000BTU &#8211; Gas R410a<\/li>\n<li>Inverter ti\u1ebft ki\u1ec7m \u0111i\u1ec7n, v\u1eadn h\u00e0nh \u00eam \u00e1i<\/li>\n<li>L\u00e0m l\u1ea1nh\/s\u01b0\u1edfi \u1ea5m nhanh ch\u00f3ng, thanh l\u1ecdc kh\u00f4ng kh\u00ed<\/li>\n<li>Xu\u1ea5t x\u1ee9: Ch\u00ednh h\u00e3ng Malaysia<\/li>\n<li>B\u1ea3o h\u00e0nh: Ch\u00ednh h\u00e3ng 4 n\u0103m<\/li>\n<\/ul>\n","protected":false},"featured_media":6704,"comment_status":"open","ping_status":"closed","template":"","meta":[],"_links":{"self":[{"href":"http:\/\/maudep.com.vn\/chuyengiadienmay\/index.php?rest_route=\/wp\/v2\/product\/6702"}],"collection":[{"href":"http:\/\/maudep.com.vn\/chuyengiadienmay\/index.php?rest_route=\/wp\/v2\/product"}],"about":[{"href":"http:\/\/maudep.com.vn\/chuyengiadienmay\/index.php?rest_route=\/wp\/v2\/types\/product"}],"replies":[{"embeddable":true,"href":"http:\/\/maudep.com.vn\/chuyengiadienmay\/index.php?rest_route=%2Fwp%2Fv2%2Fcomments&post=6702"}],"wp:featuredmedia":[{"embeddable":true,"href":"http:\/\/maudep.com.vn\/chuyengiadienmay\/index.php?rest_route=\/wp\/v2\/media\/6704"}],"wp:attachment":[{"href":"http:\/\/maudep.com.vn\/chuyengiadienmay\/index.php?rest_route=%2Fwp%2Fv2%2Fmedia&parent=6702"}],"curies":[{"name":"wp","href":"https:\/\/api.w.org\/{rel}","templated":true}]}}