{"id":6714,"date":"2021-10-19T10:33:35","date_gmt":"2021-10-19T03:33:35","guid":{"rendered":"http:\/\/maudep.com.vn\/chuyengiadienmay\/?post_type=product&#038;p=6714"},"modified":"2021-10-19T10:33:35","modified_gmt":"2021-10-19T03:33:35","slug":"dieu-hoa-casper-inverter-18000btu-2-chieu-gh-18tl32","status":"publish","type":"product","link":"http:\/\/maudep.com.vn\/chuyengiadienmay\/?product=dieu-hoa-casper-inverter-18000btu-2-chieu-gh-18tl32","title":{"rendered":"\u0110i\u1ec1u h\u00f2a Casper inverter 18000BTU 2 chi\u1ec1u GH-18TL32"},"content":{"rendered":"<div id=\"chitiet-1\" class=\"w-pd-i-content\">\n<p>M\u00e1y \u0111i\u1ec1u h\u00f2a <strong>Casper GH-18TL32<\/strong>\u00a018000 BTU inverter 2\u00a0chi\u1ec1u\u00a0c\u00f3 g\u00ec \u0111\u1ed9c \u0111\u00e1o? Xin m\u1eddi Qu\u00fd v\u1ecb c\u00f9ng ch\u00fang t\u00f4i t\u00ecm hi\u1ec3u nh\u00e9.<\/p>\n<p><img src=\"https:\/\/banhangtaikho.com.vn\/Images\/Product\/gh18tl32-1nAONY.jpg\" alt=\"Casper GH-18TL32, \u0110i\u1ec1u h\u00f2a Casper 18000BTU inverter 2 chi\u1ec1u\" \/><\/p>\n<h2>Casper GH-18TL32, model \u0111i\u1ec1u h\u00f2a 2020 m\u1edbi nh\u1ea5t<\/h2>\n<p>\u0110i\u1ec1u h\u00f2a 2 chi\u1ec1u Casper GH-18TL32\u00a0l\u00e0 m\u1ed9t trong nh\u1eefng\u00a0model m\u1edbi nh\u1ea5t\u00a0\u0111i\u1ec1u h\u00f2a Casper\u00a02020\u00a0s\u1ebd ch\u00ednh th\u1ee9c \u0111\u01b0\u1ee3c b\u00e1n ra th\u1ecb tr\u01b0\u1eddng n\u01b0\u1edbc ta v\u00e0o th\u00e1ng 4\/2020<\/p>\n<p>Khi \u0111\u00f3 \u0111i\u1ec1u h\u00f2a inverter Casper\u00a0GH-18TL32\u00a0s\u1ebd \u0111\u01b0\u1ee3c b\u00e1n thay th\u1ebf cho model IH-18TL22.<\/p>\n<h2>Casper th\u01b0\u01a1ng hi\u1ec7u h\u00e3ng \u0111i\u1ec1u h\u00f2a s\u1ed1 1 Th\u00e1i Lan<\/h2>\n<p>Casper \u0111i\u1ec1u h\u00f2a Th\u00e1i Lan\u00a0ch\u00ednh th\u1ee9c tham gia th\u1ecb tr\u01b0\u1eddng n\u01b0\u1edbc ta t\u1eeb n\u0103m 2016 \u0111\u1ebfn nay m\u1edbi ch\u1ec9 g\u1ea7n 4 n\u0103m nh\u01b0ng \u0111\u00e3 t\u1ea1o ra s\u1ee9c h\u00fat kh\u1ee7ng khi\u1ebfp\u00a0v\u00e0 \u1ea5n t\u01b0\u1ee3ng kh\u00f4ng ch\u1ec9 \u1edf \u0111\u1ea1i l\u00fd m\u00e0 \u0111\u1eb7c bi\u1ec7t trong l\u00f2ng ng\u01b0\u1eddi ti\u00eau d\u00f9ng.<\/p>\n<p><img src=\"https:\/\/banhangtaikho.com.vn\/Images\/Upload\/images\/casper-thai-lan.jpg\" alt=\"\" \/><\/p>\n<p><strong>\u0110i\u1ec1u h\u00f2a Casper th\u00e1i lan<\/strong>\u00a0thu\u1ed9c ph\u00e2n kh\u00fac \u0111i\u1ec1u h\u00f2a gi\u00e1 r\u1ebb \u0111a d\u1ea1ng v\u1ec1 ch\u1ee7ng lo\u1ea1i s\u1ea3n ph\u1ea9m mang l\u1ea1i cho ng\u01b0\u1eddi ti\u00eau d\u00f9ng c\u00f3 nhi\u1ec1u s\u1ef1 l\u1ef1a ch\u1ecdn. \u0110\u1ed3ng th\u1eddi Casper \u0111\u00e3 kh\u1eb3ng \u0111\u1ecbnh \u0111\u01b0\u1ee3c uy t\u00edn v\u1ec1 ch\u1ea5t l\u01b0\u1ee3ng s\u1ea3n ph\u1ea9m, ti\u00ean phong v\u1edbi\u00a0nhi\u1ec1u c\u00f4ng ngh\u1ec7 \u0111\u1ed9c \u0111\u00e1o.<\/p>\n<h2>Casper v\u1ebb \u0111\u1eb9p tinh t\u1ebf\u00a0trong t\u1eebng \u0111\u01b0\u1eddng n\u00e9t<\/h2>\n<p>M\u00e1y\u00a0\u0111i\u1ec1u h\u00f2a Casper\u00a0inverter\u00a0GH-18TL32\u00a0\u0111\u01b0\u1ee3c thi\u1ebft k\u1ebf nguy\u00ean kh\u1ed1i, gi\u00fap l\u00e0m gi\u1ea3m t\u1ed1i \u0111a \u0111\u1ed9 \u1ed3n g\u00e2y ra trong qu\u00e1 tr\u00ecnh v\u1eadn h\u00e0nh v\u00e0 t\u0103ng l\u01b0u l\u01b0\u1ee3ng gi\u00f3 t\u1ed1i \u0111a. M\u00e0u s\u1eafc tr\u1eafng s\u00e1ng, trang nh\u00e3 h\u00e0i h\u00f2a v\u1edbi kh\u00f4ng gian n\u1ed9i th\u1ea5t c\u0103n ph\u00f2ng c\u1ee7a B\u1ea1n.<\/p>\n<p>\u0110i\u1ec1u h\u00f2a Casper 18000 BTU\u00a0GH-18TL32\u00a0ph\u00f9 h\u1ee3p l\u1eafp \u0111\u1eb7t cho c\u0103n ph\u00f2ng\u00a0<strong>di\u1ec7n t\u00edch d\u01b0\u1edbi 30m<sup>2<\/sup><\/strong>: Ph\u00f2ng kh\u00e1ch, showroom, nh\u00e0 h\u00e0ng, ph\u00f2ng h\u1ecdp. Mang l\u1ea1i c\u1ea3m gi\u00e1c s\u1ea3ng kho\u00e1i m\u00e1t l\u1ea1nh, gi\u00fap b\u1ea1n t\u1eadn h\u01b0\u1edfng ph\u00fat gi\u00e2y vui v\u1ebb, h\u1ea1nh ph\u00fac b\u00ean nh\u1eefng ng\u01b0\u1eddi th\u00e2n th\u01b0\u01a1ng c\u1ee7a m\u00ecnh.<\/p>\n<h2>\u0110i\u1ec1u h\u00f2a 2 chi\u1ec1u gi\u00fap b\u1ea1n t\u1eadn h\u01b0\u1edfng 4 m\u00f9a nh\u01b0 \u00fd<\/h2>\n<p>\u0110i\u1ec1u h\u00f2a Casper 2 chi\u1ec1u\u00a0GH-18TL32 2 chi\u1ec1u gi\u00fap b\u1ea1n t\u1eadn h\u01b0\u1edfng &amp; tr\u1ea3i nghi\u1ec7m c\u1ea3m gi\u00e1c m\u00e1t l\u1ea1nh v\u00e0o m\u00f9a h\u00e8, \u1ea5m \u00e1p v\u00e0o m\u00f9a \u0111\u00f4ng. Mang \u0111\u1ebfn cu\u1ed9c s\u1ed1ng 4 m\u00f9a nh\u01b0 \u00fd.<\/p>\n<p>\u0110i\u1ec1u h\u00f2a Casper 18000 inverter\u00a0GH18TL32\u00a0x\u1ee9ng \u0111\u00e1ng l\u00e0 ng\u01b0\u1eddi b\u1ea1n \u0111\u1ed3ng h\u00e0ng c\u1ee7a m\u1ecdi nh\u00e0. V\u1edbi th\u1eddi ti\u1ebft mi\u1ec1n B\u1eafc \u0111ang b\u01b0\u1edbc v\u00e0o nh\u1eefng \u0111\u1ee3t r\u00e9t \u0111\u1eadm, r\u00e9t h\u1ea1i th\u00ec chi\u1ebfc\u00a0\u0111i\u1ec1u h\u00f2a 2 chi\u1ec1u\u00a0Casper th\u1eadt s\u1ef1 c\u1ea7n thi\u1ebft nh\u1ea5t l\u00e0 \u0111\u1ed1i v\u1edbi gia \u0111\u00ecnh c\u00f3 ng\u01b0\u1eddi gi\u00e0 v\u00e0 tr\u1ebb nh\u1ecf.<\/p>\n<h2>V\u1edbi \u0111i\u1ec1u h\u00f2a\u00a0Casper inverter\u00a0ch\u1ec9 h\u1ebft 4000\u0111 \/ 1 \u0110\u00eam<\/h2>\n<p>C\u00f4ng ngh\u1ec7 inverter l\u00e0 c\u00f4ng ngh\u1ec7 ti\u00ean ti\u1ebfn nh\u1ea5t trong l\u0129nh v\u1ef1c \u0111i\u1ec1u h\u00f2a m\u00e0 h\u1ea7u h\u1ebft c\u00e1c h\u00e3ng \u0111i\u1ec1u h\u00f2a \u0111\u1ec1u trang b\u1ecb cho d\u00f2ng s\u1ea3n ph\u1ea9m cao c\u1ea5p c\u1ee7a m\u00ecnh b\u1edfi nh\u1eefng \u01b0u \u0111i\u1ec3m v\u01b0\u1ee3t tr\u1ed9i m\u00e0 n\u00f3 mang l\u1ea1i cho ng\u01b0\u1eddi ti\u00eau d\u00f9ng: Ti\u1ebft ki\u1ec7m \u0111i\u1ec7n n\u0103ng, m\u00e1y v\u1eadn h\u00e0nh \u00eam \u00e1i, mang l\u1ea1i s\u1ef1 tho\u1ea3i m\u00e1i d\u1ec5 ch\u1ecbu khi s\u1eed d\u1ee5ng&#8230;<\/p>\n<p><img src=\"https:\/\/banhangtaikho.com.vn\/Images\/Upload\/images\/casper-isaving.jpg\" alt=\"\" \/><\/p>\n<p>V\u1edbi Casper c\u0169ng v\u1eady: \u0110i\u1ec1u h\u00f2a Casper s\u1eed d\u1ee5ng c\u00f4ng ngh\u1ec7 i-Saving\u00a0l\u00e0 c\u00f4ng ngh\u1ec7 ti\u1ebft ki\u1ec7m \u0111i\u1ec7n\u00a0\u0111\u1ed9c \u0111\u00e1o: \u0110i\u1ec1u ch\u1ec9nh nhi\u1ec7t \u0111\u1ed9 c\u00e0i \u0111\u1eb7t theo \u0111\u01b0\u1eddng h\u00ecnh xo\u1eafn thay v\u00ec \u0111\u01b0\u1eddng th\u1eb3ng nh\u01b0 truy\u1ec1n th\u1ed1ng. Do v\u1eady, m\u00e1y n\u00e9n kh\u00f4ng c\u1ea7n thay \u0111\u1ed5i ho\u1ea1t \u0111\u1ed9ng qu\u00e1 nhi\u1ec1u khi nh\u1eadn l\u1ec7nh thay \u0111\u1ed5i nhi\u1ec7t \u0111\u1ed9 1 c\u00e1ch \u0111\u1ed9t ng\u1ed9t t\u1eeb ng\u01b0\u1eddi s\u1eed d\u1ee5ng.<\/p>\n<p><img src=\"https:\/\/banhangtaikho.com.vn\/Images\/Upload\/images\/casper-inverter-tiet-kiem-dien.jpg\" alt=\"\" \/><\/p>\n<p>V\u1edbi m\u00e1y \u0111i\u1ec1u h\u00f2a Inverter s\u1eed d\u1ee5ng c\u00f4ng ngh\u1ec7 i-Saving, khi nhi\u1ec7t \u0111\u1ed9 m\u00f4i tr\u01b0\u1eddng xung quanh \u0111\u1ea1t t\u1edbi nhi\u1ec7t \u0111\u1ed9 c\u00e0i \u0111\u1eb7t, m\u00e1y n\u00e9n s\u1ebd t\u1ef1 \u0111\u1ed9ng gi\u1ea3m t\u1ea7n s\u1ed1 ho\u1ea1t \u0111\u1ed9ng xu\u1ed1ng ch\u1ec9 c\u00f2n 1 Hz, gi\u00fap gi\u1ea3m \u0111i\u1ec7n n\u0103ng ti\u00eau th\u1ee5 xu\u1ed1ng c\u00f3 th\u1ec3 c\u00f2n 0.3W.<\/p>\n<p>V\u00ec th\u1ebf khi B\u1ea1n d\u00f9ng m\u00e1y \u0111i\u1ec1u h\u00f2a Casper inverter GH-18TL32 th\u00ec ch\u1ec9\u00a0<strong>h\u1ebft 4000\u0111 \/ 1 \u0111\u00eam<\/strong>\u00a0cho 9 ti\u1ebfng s\u1eed d\u1ee5ng\u00a0<em>(S\u1ed1 li\u1ec7u theo Casper c\u00f4ng b\u1ed1).<\/em><\/p>\n<h2>T\u00ednh n\u0103ng c\u1ea3m bi\u1ebfn th\u00e2n nhi\u1ec7t iFeel<\/h2>\n<p>\u0110i\u1ec1u khi\u1ec3n \u0111i\u1ec1u h\u00f2a Casper \u0111\u01b0\u1ee3c g\u1eafn b\u1ed9 ph\u1eadn c\u1ea3m bi\u1ebfn nhi\u1ec7t c\u00f3 th\u1ec3 c\u1ea3m nh\u1eadn nhi\u1ec7t \u0111\u1ed9 c\u01a1 th\u1ec3 ng\u01b0\u1eddi s\u1eed d\u1ee5ng. Khi k\u00edch ho\u1ea1t ch\u1ee9c n\u0103ng iFeel m\u00e1y \u0111i\u1ec1u h\u00f2a s\u1ebd t\u1ef1 \u0111\u1ed9ng \u0111i\u1ec1u ch\u1ec9nh t\u0103ng ho\u1eb7c gi\u1ea3m nhi\u1ec7t \u0111\u1ed9 c\u00e0i \u0111\u1eb7t d\u1ef1a theo c\u01a1 ch\u1ebf c\u1ea3m \u1ee9ng nhi\u1ec7t th\u00f4ng minh.<\/p>\n<p>Ch\u1ee9c n\u0103ng iFeel\u00a0gi\u00fap ng\u01b0\u1eddi d\u00f9ng c\u1ea3m gi\u00e1c tho\u1ea3i m\u00e1i v\u00e0 kh\u00f4ng b\u1ecb hi\u1ec7n t\u01b0\u1ee3ng s\u1ed1c nhi\u1ec7t hay n\u00f3i c\u00e1ch kh\u00e1c ch\u1ee9c n\u0103ng n\u00e0y gi\u00fap tr\u00e1nh vi\u1ec7c nhi\u1ec7t \u0111\u1ed9 m\u00f4i tr\u01b0\u1eddng th\u1ea5p h\u01a1n th\u00e2n nhi\u1ec7t s\u1ebd l\u00e0m ng\u01b0\u1eddi d\u00f9ng d\u1ec5 \u1ed1m.<\/p>\n<h2>D\u00e0n n\u00f3ng b\u1eb1ng \u0111\u1ed3ng, c\u00e1nh t\u1ea3n nhi\u1ec7t m\u1ea1 v\u00e0ng<\/h2>\n<p>M\u00e1y\u00a0\u0111i\u1ec1u h\u00f2a Casper\u00a018000\u00a0BTU\u00a02 chi\u1ec1u GH-18TL32\u00a0d\u00e0n t\u1ea3n nhi\u1ec7t l\u00e0m b\u1eb1ng \u0111\u1ed3ng v\u00e0 \u0111\u01b0\u1ee3c m\u1ea1 v\u00e0ng mang l\u1ea1i cho ng\u01b0\u1eddi ti\u00eau d\u00f9ng nh\u1eefng l\u1ee3i \u00edch v\u01b0\u1ee3t tr\u1ed9i:<\/p>\n<p>T\u0103ng hi\u1ec7u n\u0103ng l\u00e0m l\u1ea1nh &amp; T\u0103ng tu\u1ed5i th\u1ecd d\u00e0n n\u00f3ng, ng\u0103n ng\u1eeba s\u1ef1 b\u00e0o m\u00f2n t\u1eeb t\u00e1c nh\u00e2n b\u00ean ngo\u00e0i nh\u01b0 m\u01b0a, n\u01b0\u1edbc, mu\u1ed1i\u2026 \u0111\u1eb7c bi\u1ec7t hi\u1ec7u qu\u1ea3 t\u1ea1i c\u00e1c khu v\u1ef1c duy\u00ean h\u1ea3i nh\u01b0 t\u1ea1i Vi\u1ec7t Nam.<\/p>\n<p><img src=\"https:\/\/banhangtaikho.com.vn\/Images\/Upload\/images\/casper-dan-tan-nhiet-dong-ma-vang.jpg\" \/><\/p>\n<h2>Casper \u0111i\u1ec1u h\u00f2a gi\u00e1 r\u1ebb ti\u00ean phong s\u1eed d\u1ee5ng gas R32<\/h2>\n<p>T\u1ea1i n\u01b0\u1edbc ta: Casper &#8211; H\u00e3ng\u00a0\u0111i\u1ec1u h\u00f2a gi\u00e1 r\u1ebb\u00a0\u0111\u1ea7u ti\u00ean s\u1eed d\u1ee5ng gas R32 cho s\u1ea3n ph\u1ea9m c\u1ee7a m\u00ecnh. Casper \u0111\u00e3 t\u1ea1o ra s\u1ef1 kh\u00e1c bi\u1ec7t l\u1ee3i th\u1ebf h\u01a1n h\u1eb3n c\u00e1c th\u01b0\u01a1ng hi\u1ec7u\u00a0c\u00f9ng ph\u00e2n kh\u00fac kh\u00e1c: Funiki, Gree, Sumikura<\/p>\n<p><strong>Gas R32<\/strong>\u00a0l\u00e0 m\u00f4i ch\u1ea5t l\u00e0m l\u1ea1nh m\u1edbi nh\u1ea5t \u0111\u01b0\u1ee3c t\u00edch h\u1ee3p cho m\u00e1y \u0111i\u1ec1u h\u00f2a Casper 18000 BTU 2\u00a0chi\u1ec1u GH-18TL32. V\u1edbi m\u00f4i ch\u1ea5t n\u00e0y gi\u00fap hi\u1ec7u su\u1ea5t l\u00e0m l\u1ea1nh cao (ti\u1ebft ki\u1ec7m chi ph\u00ed ti\u1ec7n \u0111i\u00ean), th\u00e2n thi\u1ec7n h\u01a1n v\u1edbi m\u00f4i tr\u01b0\u1eddng so v\u1edbi c\u00e1c m\u00f4i ch\u1ea5t l\u00e0m l\u1ea1nh tr\u01b0\u1edbc \u0111\u00f3 R410a, R22.<\/p>\n<p><img src=\"https:\/\/banhangtaikho.com.vn\/Images\/Upload\/images\/Gas%20R32.jpg\" \/><\/p>\n<h2>Ch\u00ednh s\u00e1ch b\u1ea3o h\u00e0nh Casper\u00a0v\u01b0\u1ee3t tr\u1ed9i<\/h2>\n<p>Khi Qu\u00fd v\u1ecb mua m\u00e1y \u0111i\u1ec1u h\u00f2a\u00a0Casper n\u00f3i chung v\u00e0 Casper GH18TL32\u00a0n\u00f3i ri\u00eang th\u00ec\u00a0Qu\u00fd v\u1ecb s\u1ebd \u0111\u01b0\u1ee3c tr\u1ea3i nghi\u1ec7m ch\u1ebf \u0111\u1ed9 b\u1ea3o h\u00e0nh \u0111\u1eb3ng c\u1ea5p:<\/p>\n<p>+ Th\u1eddi gian\u00a0<strong>b\u1ea3o h\u00e0nh to\u00e0n b\u1ed9 s\u1ea3n ph\u1ea9m 3 n\u0103m, m\u00e1y n\u00e9n 5 n\u0103m<\/strong>\u00a0c\u00f9ng ch\u00ednh s\u00e1ch\u00a0<strong>1 \u0111\u1ed5i 1 trong 2 n\u0103m<\/strong>\u00a0v\u1edbi b\u1ea5t k\u1ef3 l\u1ed7i n\u00e0o t\u1eeb nh\u00e0 s\u1ea3n xu\u1ea5t trong 2 n\u0103m \u0111\u1ea7u.<\/p>\n<p>+ Th\u1eddi gian b\u1ea3o h\u00e0nh nhanh ch\u00f3ng trong 24 gi\u1edd\u00a0\u0111\u1ed1i v\u1edbi khu v\u1ef1c th\u00e0nh ph\u1ed1 l\u1edbn v\u00e0 48 gi\u1edd\u00a0\u0111\u1ed1i v\u1edbi khu v\u1ef1c kh\u00e1c.<\/p>\n<p>+ Trung t\u00e2m b\u1ea3o h\u00e0nh Casper\u00a0ph\u1ee7 r\u1ed9ng kh\u1eafp 63 t\u1ec9nh th\u00e0nh tr\u00ean c\u1ea3 n\u01b0\u1edbc.<\/p>\n<p><img src=\"https:\/\/banhangtaikho.com.vn\/Images\/Upload\/images\/casper-1-doi-1.jpg\" alt=\"\" \/><\/p>\n<h2>Casper GH-18TL32, \u0110i\u1ec1u h\u00f2a 2\u00a0chi\u1ec1u 18000BTU inverter gi\u00e1 r\u1ebb \u0111\u00e1ng mua<\/h2>\n<p>Th\u01b0\u01a1ng hi\u1ec7u Th\u00e1i Lan, c\u00f4ng ngh\u1ec7 hi\u1ec7n \u0111\u1ea1i, ch\u00ednh s\u00e1ch b\u1ea3o h\u00e0nh \u01b0u vi\u1ec7t c\u00f9ng v\u1edbi\u00a0gi\u00e1 m\u00e1y \u0111i\u1ec1u h\u00f2a Casper 18000 BTU\u00a0inverter GH18TL32 r\u1ea5t h\u1ee3p l\u00fd.<\/p>\n<p>Khi\u1ebfn cho Casper GH-18TL32 c\u00f3 s\u1ee9c h\u00fat m\u00e3nh li\u1ec7t l\u00e0m cho s\u1ea3n l\u01b0\u1ee3ng b\u00e1n ra c\u1ee7a \u0111i\u1ec1u h\u00f2a LG B18END,\u00a0Mitsubishi Heavy SRK45ZSPS-S5&#8230;th\u1eadm ch\u00ed l\u00e0 Panasonic YZ18UKH-8\u00a0v\u00e0\u00a0Daikin FTHF50RVMV\u00a0b\u1ecb \u1ea3nh h\u01b0\u1edfng kh\u00f4ng h\u1ec1 nh\u1ecf.<\/p>\n<p>&nbsp;<\/p>\n<p>&nbsp;<\/p>\n<div class=\"cl\"><\/div>\n<\/div>\n<div id=\"chitiet-2\" class=\"w-pd-i-content\">\n<p class=\"w-pd-i-c-head\">\n<\/div>\n","protected":false},"excerpt":{"rendered":"<ul class=\"l pr-des-featured\">\n<li>\u0110i\u1ec1u h\u00f2a Casper inverter GH-18TL32 18000 BTU 2 chi\u1ec1u (Model 2020)<\/li>\n<li>D\u00f2ng LA-Casper inverter I-saving ti\u1ebft ki\u1ec7m \u0111i\u1ec7n<\/li>\n<li>Ti\u1ebft k\u1ebf nguy\u00ean kh\u1ed1i sang tr\u1ecdng, \u0111\u01b0\u1eddng n\u00e9t tinh t\u1ebf<\/li>\n<li>D\u00e0n \u0111\u1ed3ng, t\u1ea3n nhi\u1ec7t m\u1ea1 v\u00e0ng ch\u1ed1ng \u0103n m\u00f2n t\u0103ng tu\u1ed5i th\u1ecd<\/li>\n<li>Xu\u1ea5t x\u1ee9: Ch\u00ednh h\u00e3ng Th\u00e1i Lan<\/li>\n<li>B\u1ea3o h\u00e0nh: M\u00e1y 3 n\u0103m, 5 n\u0103m m\u00e1y n\u00e9n<\/li>\n<\/ul>\n","protected":false},"featured_media":6715,"comment_status":"open","ping_status":"closed","template":"","meta":[],"_links":{"self":[{"href":"http:\/\/maudep.com.vn\/chuyengiadienmay\/index.php?rest_route=\/wp\/v2\/product\/6714"}],"collection":[{"href":"http:\/\/maudep.com.vn\/chuyengiadienmay\/index.php?rest_route=\/wp\/v2\/product"}],"about":[{"href":"http:\/\/maudep.com.vn\/chuyengiadienmay\/index.php?rest_route=\/wp\/v2\/types\/product"}],"replies":[{"embeddable":true,"href":"http:\/\/maudep.com.vn\/chuyengiadienmay\/index.php?rest_route=%2Fwp%2Fv2%2Fcomments&post=6714"}],"wp:featuredmedia":[{"embeddable":true,"href":"http:\/\/maudep.com.vn\/chuyengiadienmay\/index.php?rest_route=\/wp\/v2\/media\/6715"}],"wp:attachment":[{"href":"http:\/\/maudep.com.vn\/chuyengiadienmay\/index.php?rest_route=%2Fwp%2Fv2%2Fmedia&parent=6714"}],"curies":[{"name":"wp","href":"https:\/\/api.w.org\/{rel}","templated":true}]}}