{"id":6720,"date":"2021-10-19T10:43:24","date_gmt":"2021-10-19T03:43:24","guid":{"rendered":"http:\/\/maudep.com.vn\/chuyengiadienmay\/?post_type=product&#038;p=6720"},"modified":"2021-10-19T10:43:24","modified_gmt":"2021-10-19T03:43:24","slug":"dieu-hoa-casper-24-000btu-2-chieu-eh-24tl22","status":"publish","type":"product","link":"http:\/\/maudep.com.vn\/chuyengiadienmay\/?product=dieu-hoa-casper-24-000btu-2-chieu-eh-24tl22","title":{"rendered":"\u0110i\u1ec1u h\u00f2a Casper 24.000BTU 2 chi\u1ec1u EH-24TL22"},"content":{"rendered":"<div id=\"chitiet-1\" class=\"w-pd-i-content\">\n<p>M\u00e1y\u00a0<strong>\u0111i\u1ec1u h\u00f2a Casper<\/strong>\u00a0<strong>EH-24TL22<\/strong>\u00a0lo\u1ea1i 2 chi\u1ec1u c\u00f4ng su\u1ea5t 24000BTU d\u00f2ng th\u00f4ng d\u1ee5ng s\u1eed d\u1ee5ng gas R410 s\u1ea3n ph\u1ea9m m\u1edbi 2018 s\u1ea3n xu\u1ea5t nh\u1eadp kh\u1ea9u ch\u00ednh h\u00e3ng Th\u00e1i Lan thay th\u1ebf model EH-24TL11.<\/p>\n<h3>Thi\u1ebft k\u1ebf nguy\u00ean kh\u1ed1i, sang tr\u1ecdng<\/h3>\n<p><img src=\"https:\/\/banhangtaikho.com.vn\/Images\/Upload\/images\/dieu-hoa-casper-eh24tl22-1.jpg\" alt=\"\" \/><\/p>\n<p>D\u00e0n l\u1ea1nh \u0111i\u1ec1u h\u00f2a Casper\u00a0<strong>EH-24TL22<\/strong>\u00a0c\u00f3 th\u1ebf k\u1ebf nguy\u00ean kh\u1ed1i gi\u00fap gi\u1ea3m thi\u1ec3u ti\u1ebfng \u1ed3n g\u00e2y ra trong qu\u00e1 tr\u00ecnh v\u1eadn h\u00e0nh, c\u00f9ng m\u1eb7t n\u1ea1 s\u00e1ng b\u00f3ng \u0111\u01b0\u1eddng n\u00e9t tinh t\u1ebf k\u1ebft h\u1ee3p h\u00e0i ho\u00e0i v\u1edbi m\u1ecdi kh\u00f4ng gian n\u1ed9i th\u1ea5t. C\u00f4ng su\u1ea5t 24000BTU,\u00a0<strong>\u0111i\u1ec1u h\u00f2a Casper EH-24TL22<\/strong>\u00a0ph\u00f9 h\u1ee3p l\u1eafp \u0111\u1eb7t cho c\u0103n ph\u00f2ng d\u01b0\u1edbi 40m2: Ph\u00f2ng kh\u00e1ch, ph\u00f2ng h\u1ecdp hay nh\u00e0 h\u00e0ng&#8230;<\/p>\n<h3>L\u00e0m l\u1ea1nh\/s\u01b0\u1edfi \u1ea5m nhanh ch\u00f3ng<\/h3>\n<p>Kh\u00f4ng ch\u1ec9 ti\u1ebft k\u1ebf \u0111\u1eb9p m\u1eaft,\u00a0<strong>\u0111i\u1ec1u h\u00f2a Casper 2 chi\u1ec1u\u00a024000BTU\u00a0EH-24TL22<\/strong>\u00a0l\u00e0m l\u1ea1nh\/s\u01b0\u1edfi \u1ea5m nhanh ch\u00f3ng mang l\u1ea1i c\u1ea3m gi\u00e1c m\u00e1t l\u1ea1nh v\u00e0o m\u00f9a h\u00e8, \u1ea5m \u00e1p v\u00e0o m\u00f9a \u0111\u00f4ng. C\u1eeda gi\u00f3 r\u1ed9ng, th\u1ed5i m\u1ea1nh m\u1ebd \u0111\u1ebfn m\u1ecdi g\u00f3c trong c\u0103n ph\u00f2ng c\u1ee7a b\u1ea1n. H\u01a1n n\u1eefa\u00a0 m\u00e1y c\u00f2n \u0111\u01b0\u1ee3c trang b\u1ecb\u00a0 nh\u1eefng t\u00ednh n\u0103ng:<\/p>\n<h3>iFeel \u2013 Ch\u1ee9c n\u0103ng t\u1ef1 \u0111i\u1ec1u ch\u1ec9nh nhi\u1ec7t \u0111\u1ed9 t\u1ed1i \u01b0u v\u00e0 C\u00f4ng ngh\u1ec7 gi\u1ea5c ng\u1ee7 s\u00e2u<\/h3>\n<p>\u0110i\u1ec1u khi\u1ec3n t\u1eeb xa Casper \u0111\u01b0\u1ee3c g\u1eafn b\u1ed9 ph\u1eadn c\u1ea3m bi\u1ebfn nhi\u1ec7t c\u00f3 th\u1ec3 c\u1ea3m nh\u1eadn nhi\u1ec7t \u0111\u1ed9 c\u01a1 th\u1ec3 ng\u01b0\u1eddi s\u1eed d\u1ee5ng. Khi k\u00edch ho\u1ea1t ch\u1ee9c n\u0103ng iFeel, m\u00e1y \u0111i\u1ec1u h\u00f2a s\u1ebd \u0111i\u1ec1u ch\u1ec9nh nhi\u1ec7t \u0111\u1ed9 t\u1ed1i \u01b0u cho ng\u01b0\u1eddi s\u1eed d\u1ee5ng. Gi\u00fap b\u1ea1n c\u00f3 gi\u1ea5c ng\u1ee7 s\u00e2u v\u00e0 s\u1ea3ng kho\u00e1i h\u01a1n<\/p>\n<h3>iClean \u2013 Ch\u1ee9c n\u0103ng t\u1ef1 l\u00e0m s\u1ea1ch th\u00f4ng minh<\/h3>\n<p>Khi k\u00edch ho\u1ea1t ch\u1ee9c n\u0103ng iClean, m\u00e1y s\u1ebd l\u00e0m l\u1ea1nh v\u00e0 l\u00e0m \u0111\u00f3ng b\u0103ng b\u1ec1 m\u1eb7t d\u00e0n l\u00e0m l\u1ea1nh. Sau \u0111\u00f3, m\u00e1y k\u00edch ho\u1ea1t l\u00e0m n\u00f3ng l\u00e0m tan b\u0103ng gi\u00fap lo\u1ea1i b\u1ecf b\u1ee5i b\u1ea9n b\u1ec1 m\u1eb7t d\u00e0n l\u00e0m l\u1ea1nh. D\u00e0n l\u1ea1nh \u0111\u01b0\u1ee3c l\u00e0m s\u1ea1ch gi\u00fap t\u0103ng tu\u1ed5i th\u1ecd c\u1ee7a d\u00e0n v\u00e0 t\u0103ng hi\u1ec7u qu\u1ea3 l\u00e0m l\u1ea1nh c\u1ee7a m\u00e1y c\u0169ng nh\u01b0 ng\u0103n ch\u1eb7n s\u1ef1 sinh s\u00f4i c\u1ee7a vi khu\u1ea9n.<\/p>\n<h3>M\u00f4i ch\u1ea5t l\u1ea1nh R410A<\/h3>\n<p>T\u1ea5t c\u1ea3 s\u1ea3n ph\u1ea9m m\u00e1y\u00a0\u0111i\u1ec1u h\u00f2a\u00a0Casper s\u1eed d\u1ee5ng gas R410 mang l\u1ea1i hi\u1ec7u qu\u1ea3 l\u00e0m l\u1ea1nh nhanh v\u00e0 s\u00e2u h\u01a1n.\u00a0v\u00e0\u00a0g\u00f3p ph\u1ea7n b\u1ea3o v\u1ec7 m\u00f4i tr\u01b0\u1eddng v\u00ec kh\u00f4ng g\u00e2y th\u1ee7ng t\u1ea7ng ozon.<\/p>\n<p><img src=\"https:\/\/banhangtaikho.com.vn\/Images\/Upload\/images\/casper-gas-r410a.jpg\" \/><\/p>\n<h3>Ch\u1ebf \u0111\u1ed9 ch\u1edd 0,5W<\/h3>\n<p>Khi m\u00e1y cung c\u1ea5p \u0111\u1ee7 nhi\u1ec7t \u0111\u1ed9 y\u00eau c\u1ea7u, m\u00e1y s\u1ebd t\u1ef1 \u0111\u1ed9ng ch\u1ea1y \u1edf ch\u1ebf \u0111\u1ed9 standby v\u00e0 ch\u1ec9 ti\u00eau th\u1ee5 0,5W\/h gi\u00fap m\u00e1y ti\u1ebft ki\u1ec7m \u0111i\u1ec7n n\u0103ng ti\u00eau th\u1ee5 l\u00ean t\u1edbi 80%.<\/p>\n<h3>D\u00e0n t\u1ea3n nhi\u1ec7t \u0111\u1ed3ng m\u1ea1 m\u00e0u v\u00e0ng<\/h3>\n<p>D\u00e0n t\u1ea3n nhi\u1ec7t m\u00e0u v\u00e0ng mang \u0111\u1ebfn nh\u1eefng \u01b0u \u0111i\u1ec3m v\u01b0\u1ee3t tr\u1ed9i: T\u0103ng hi\u1ec7u n\u0103ng l\u00e0m l\u1ea1nh. t\u0103ng tu\u1ed5i th\u1ecd d\u00e0n ng\u01b0ng, ng\u0103n ng\u1eeba s\u1ef1 b\u00e0o m\u00f2n t\u1eeb t\u00e1c nh\u00e2n b\u00ean ngo\u00e0i nh\u01b0 m\u01b0a, n\u01b0\u1edbc mu\u1ed1i, h\u01a1i mu\u1ed1i bi\u1ec3n, ng\u0103n ch\u1eb7n s\u1ef1 sinh s\u00f4i c\u00e1c vi khu\u1ea9n c\u00f3 h\u1ea1i.<\/p>\n<p><img src=\"https:\/\/banhangtaikho.com.vn\/Images\/Upload\/images\/casper-dan-tan-nhiet-dong-ma-vang.jpg\" \/><\/p>\n<h3>T\u1ef1 \u0111\u1ed9ng b\u00e1o l\u1ed7i<\/h3>\n<p>B\u1ed9 vi x\u1eed l\u00fd th\u00f4ng minh t\u00edch h\u1ee3p trong m\u00e1y c\u00f3 th\u1ec3 ph\u00e1t hi\u1ec7n v\u00e0 b\u00e1o l\u1ed7i th\u00f4ng qua m\u00e0n h\u00ecnh hi\u1ec3n th\u1ecb, gi\u00fap x\u00e1c \u0111\u1ecbnh ch\u00ednh x\u00e1c s\u1ef1 c\u1ed1 \u0111ang g\u1eb7p ph\u1ea3i.<\/p>\n<h3>B\u1ea3o h\u00e0nh &#8211; 1 \u0110\u1ed4I 1 trong 2 N\u0102M<\/h3>\n<p>Casper\u00a0l\u00e0 h\u00e3ng \u0111\u1ea7u ti\u00ean, ti\u00ean phong v\u1ec1 ch\u00ednh s\u00e1ch \u00e1p d\u1ee5ng 1 \u0111\u1ed5i 1. N\u0103m 2018, H\u00e3ng \u0111i\u1ec1u h\u00f2a Casper b\u1ea3o h\u00e0nh \u0111\u1ed5i m\u1edbi m\u00e1y v\u1edbi b\u1ea5t k\u1ef3 l\u1ed7i n\u00e0o t\u1eeb nh\u00e0 s\u1ea3n xu\u1ea5t trong 2 n\u0103m \u0111\u1ea7u. Th\u1eddi gian b\u1ea3o h\u00e0nh nhanh ch\u00f3ng trong 24h \u0111\u1ed1i v\u1edbi khu v\u1ef1c th\u00e0nh ph\u1ed1 l\u1edbn v\u00e0 48h \u0111\u1ed1i v\u1edbi khu v\u1ef1c kh\u00e1c.<\/p>\n<p><img src=\"https:\/\/banhangtaikho.com.vn\/Images\/Upload\/images\/chinh-sach-bao-hanh-casper(1).jpg\" \/><\/p>\n<h3>Nh\u1eadp kh\u1ea9u Th\u00e1i Lan<\/h3>\n<p>Nh\u01b0 c\u00e1c b\u1ea1n bi\u1ebft Th\u00e1i Lan \u0111\u1ea5t n\u01b0\u1edbc h\u1ed9i t\u1ee5 n\u01a1i s\u1ea3n xu\u1ea5t m\u00e1y \u0111i\u1ec1u h\u00f2a c\u00e1c th\u01b0\u01a1ng hi\u1ec7u h\u00e0ng \u0111\u1ea7u tr\u00ean th\u1ebf gi\u1edbi: Daikin, Panasonic, Mitsubishi Heavy&#8230;V\u00ec th\u1ebf Casper t\u00edch l\u0169y cho m\u00ecnh \u0111\u01b0\u1ee3c nh\u1eefng c\u00f4ng ngh\u1ec7 ti\u00ean ti\u1ebfn hi\u1ec7n \u0111\u1ea1i nh\u1ea5t, mang \u0111\u1ebfn cho ng\u01b0\u1eddi ti\u00eau d\u00f9ng s\u1ea3n ph\u1ea9m ch\u1ea5t l\u01b0\u1ee3ng uy t\u00edn h\u00e0ng \u0111\u1ea7u tr\u00ean th\u1ebf gi\u1edbi.<\/p>\n<div class=\"cl\"><\/div>\n<\/div>\n<div id=\"chitiet-2\" class=\"w-pd-i-content\">\n<p class=\"w-pd-i-c-head\">\n<\/div>\n","protected":false},"excerpt":{"rendered":"<ul class=\"l pr-des-featured\">\n<li>\u0110i\u1ec1u h\u00f2a Casper EH-24TL22<\/li>\n<li>2 chi\u1ec1u &#8211; 24.000BTU &#8211; Gas R410a<\/li>\n<li>Thi\u1ebft k\u1ebf sang tr\u1ecdng, phong c\u00e1ch tinh t\u1ebf<\/li>\n<li>M\u00e1y n\u00e9n hi\u1ec7u su\u1ea5t cao, l\u00e0m l\u1ea1nh nhanh<\/li>\n<li>Xu\u1ea5t x\u1ee9: Ch\u00ednh h\u00e3ng Th\u00e1i Lan<\/li>\n<li>B\u1ea3o h\u00e0nh: M\u00e1y 3 n\u0103m, m\u00e1y n\u00e9n 5 n\u0103m<\/li>\n<\/ul>\n","protected":false},"featured_media":6721,"comment_status":"open","ping_status":"closed","template":"","meta":[],"_links":{"self":[{"href":"http:\/\/maudep.com.vn\/chuyengiadienmay\/index.php?rest_route=\/wp\/v2\/product\/6720"}],"collection":[{"href":"http:\/\/maudep.com.vn\/chuyengiadienmay\/index.php?rest_route=\/wp\/v2\/product"}],"about":[{"href":"http:\/\/maudep.com.vn\/chuyengiadienmay\/index.php?rest_route=\/wp\/v2\/types\/product"}],"replies":[{"embeddable":true,"href":"http:\/\/maudep.com.vn\/chuyengiadienmay\/index.php?rest_route=%2Fwp%2Fv2%2Fcomments&post=6720"}],"wp:featuredmedia":[{"embeddable":true,"href":"http:\/\/maudep.com.vn\/chuyengiadienmay\/index.php?rest_route=\/wp\/v2\/media\/6721"}],"wp:attachment":[{"href":"http:\/\/maudep.com.vn\/chuyengiadienmay\/index.php?rest_route=%2Fwp%2Fv2%2Fmedia&parent=6720"}],"curies":[{"name":"wp","href":"https:\/\/api.w.org\/{rel}","templated":true}]}}