{"id":6741,"date":"2021-10-19T11:23:00","date_gmt":"2021-10-19T04:23:00","guid":{"rendered":"http:\/\/maudep.com.vn\/chuyengiadienmay\/?post_type=product&#038;p=6741"},"modified":"2021-10-19T11:23:00","modified_gmt":"2021-10-19T04:23:00","slug":"dieu-hoa-casper-1-chieu-inverter-24000btu-hc-24ia32","status":"publish","type":"product","link":"http:\/\/maudep.com.vn\/chuyengiadienmay\/?product=dieu-hoa-casper-1-chieu-inverter-24000btu-hc-24ia32","title":{"rendered":"\u0110i\u1ec1u h\u00f2a Casper 1 chi\u1ec1u inverter 24000BTU HC-24IA32"},"content":{"rendered":"<div id=\"chitiet-1\" class=\"w-pd-i-content\">\n<h2>\u0110i\u1ec1u h\u00f2a Casper\u00a0HC-24IA32 \u2013 Model \u0111i\u1ec1u h\u00f2a Casper 2021 cao c\u1ea5p nh\u1ea5t<\/h2>\n<p>\u0110i\u1ec1u h\u00f2a Casper HC-24IA32 24000 BTU 1 chi\u1ec1u inverter t\u00edch h\u1ee3p l\u01b0\u1edbi l\u1ecdc ion b\u1ea1c Ag+, s\u1eed d\u1ee5ng m\u00f4i ch\u1ea5t l\u1ea1nh R32 model\u00a0\u0111i\u1ec1u h\u00f2a Casper\u00a02021 cao c\u1ea5p nh\u1ea5t\u00a0v\u1edbi thi\u1ebft k\u1ebf m\u00e0u tr\u1eafng trang nh\u00e3, \u0111\u00e8n LED hi\u1ec3n th\u1ecb nhi\u1ec7t \u0111\u1ed9 tr\u00ean d\u00e0n l\u1ea1nh d\u1ec5 d\u00e0ng quan s\u00e1t, \u0111em l\u1ea1i kh\u00f4ng gian sang tr\u1ecdng, l\u1ecbch s\u1ef1 cho m\u1ecdi c\u0103n ph\u00f2ng.<\/p>\n<p><img src=\"https:\/\/banhangtaikho.com.vn\/Images\/Product\/hc24ia32-1JlQlc.jpg\" alt=\"Casper HC-24IA32, \u0110i\u1ec1u h\u00f2a Casper 24000BTU 1 chi\u1ec1u inverter\" \/><\/p>\n<h2>L\u00e0m l\u1ea1nh nhanh ch\u00f3ng, m\u00e1t l\u1ea1nh\u00a0tho\u1ea3i m\u00e1i d\u1ec5 ch\u1ecbu<\/h2>\n<p>\u0110i\u1ec1u h\u00f2a Casper 1 chi\u1ec1u\u00a0HC-24IA32 l\u00e0m l\u1ea1nh nhanh ch\u00f3ng, kh\u00f4ng kh\u00ed l\u1ea1nh \u0111\u01b0\u1ee3c lan t\u1ecfa r\u1ed9ng kh\u1eafp m\u1ecdi ng\u00f3c ngh\u00e1ch trong c\u0103n\u00a0ph\u00f2ng gi\u00fap b\u1ea1n t\u1eadn h\u01b0\u1edfng c\u1ea3m gi\u00e1c m\u00e1t l\u1ea1nh s\u1ea3ng kho\u00e1i t\u1ee9c th\u00ec ngay khi b\u1eadt m\u00e1y.<\/p>\n<p>V\u1edbi c\u00f4ng\u00a0su\u1ea5t\u00a0m\u00e1y\u00a0\u0111i\u1ec1u h\u00f2a\u00a024000BTU, Casper inverter HC-24IA32 ph\u00f9 h\u1ee3p l\u1eafp \u0111\u1eb7t cho kh\u00f4ng gian\u00a0<strong>ph\u00f2ng c\u00f3 di\u1ec7n t\u00edch d\u01b0\u1edbi 40m<sup>2<\/sup><\/strong>:\u00a0Ph\u00f2ng ng\u1ee7, ph\u00f2ng h\u1ecdp, nh\u00e0 h\u00e0ng&#8230;<\/p>\n<h3>C\u00f4ng ngh\u1ec7 \u0111i\u1ec1u ch\u1ec9nh nhi\u1ec7t \u0111\u1ed9 iFeel<\/h3>\n<p>M\u00e1y \u0111i\u1ec1u h\u00f2a Casper\u00a0HC-24IA32 v\u1edbi ch\u1ee9c n\u0103ng iFeel c\u00f3 kh\u1ea3 n\u0103ng c\u1ea3m nh\u1eadn nhi\u1ec7t \u0111\u1ed9 c\u1ee7a ng\u01b0\u1eddi s\u1eed d\u1ee5ng th\u00f4ng qua b\u1ed9 ph\u1eadn c\u1ea3m bi\u1ebfn nhi\u1ec7t \u0111\u01b0\u1ee3c g\u1eafn tr\u00ean \u0111i\u1ec1u khi\u1ec3n t\u1eeb xa.<\/p>\n<p>Khi kh\u1edfi \u0111\u1ed9ng t\u00ednh n\u0103ng n\u00e0y, \u0111i\u1ec1u h\u00f2a Casper inverter HC-24IA32 s\u1ebd t\u1ef1 \u0111\u1ed9ng \u0111i\u1ec1u ch\u1ec9nh nhi\u1ec7t \u0111\u1ed9 sao cho ph\u00f9 h\u1ee3p v\u1edbi m\u00f4i tr\u01b0\u1eddng xung quanh. S\u1eed d\u1ee5ng ch\u1ee9c n\u0103ng n\u00e0y v\u00e0o ban \u0111\u00eam s\u1ebd gi\u00fap cho b\u1ea1n c\u00f3 \u0111\u01b0\u1ee3c gi\u1ea5c ng\u1ee7 ngon v\u00e0 s\u00e2u h\u01a1n.<\/p>\n<h2>S\u1eed d\u1ee5ng \u0111i\u1ec1u h\u00f2a Casper kh\u00f4ng lo t\u1ed1n \u0111i\u1ec7n: Ch\u1ec9 t\u1eeb 4000\u0111\u1ed3ng\/\u0111\u00eam<\/h2>\n<p>\u0110i\u1ec1u h\u00f2a Casper 24000 BTU 1 chi\u1ec1u\u00a0HC-24IA32 \u0111\u01b0\u1ee3c trang b\u1ecb c\u00f4ng ngh\u1ec7 Inverter\u00a0I-saving\u00a0&#8211; c\u00f4ng ngh\u1ec7 ti\u1ebft ki\u1ec7m \u0111i\u1ec7n gi\u00fap b\u1ea1n ti\u1ebft ki\u1ec7m \u0111\u01b0\u1ee3c kho\u1ea3n ti\u1ec1n \u0111i\u1ec7n thanh to\u00e1n h\u00e0ng th\u00e1ng. C\u00f4ng ngh\u1ec7 \u0111\u1ed9c \u0111\u00e1o gi\u00fap \u0111i\u1ec1u ch\u1ec9nh nhi\u1ec7t \u0111\u1ed9 c\u00e0i \u0111\u1eb7t theo \u0111\u01b0\u1eddng h\u00ecnh xo\u1eafn thay v\u00ec \u0111\u01b0\u1eddng th\u1eb3ng nh\u01b0 truy\u1ec1n th\u1ed1ng. Do v\u1eady, m\u00e1y n\u00e9n kh\u00f4ng c\u1ea7n thay \u0111\u1ed5i ho\u1ea1t \u0111\u1ed9ng qu\u00e1 nhi\u1ec1u khi nh\u1eadn l\u1ec7nh thay \u0111\u1ed5i nhi\u1ec7t \u0111\u1ed9 t\u1eeb ng\u01b0\u1eddi s\u1eed d\u1ee5ng.<\/p>\n<p><img src=\"https:\/\/banhangtaikho.com.vn\/Images\/Upload\/images\/casper-inverter-tiet-kiem-dien.jpg\" \/><\/p>\n<p>V\u1edbi m\u00e1y \u0111i\u1ec1u ho\u00e0 Inverter s\u1eed d\u1ee5ng c\u00f4ng ngh\u1ec7 I-saving, khi nhi\u1ec7t \u0111\u1ed9 m\u00f4i tr\u01b0\u1eddng xung quanh \u0111\u1ea1t t\u1edbi nhi\u1ec7t \u0111\u1ed9 c\u00e0i \u0111\u1eb7t, m\u00e1y n\u00e9n s\u1ebd t\u1ef1 \u0111\u1ed9ng gi\u1ea3m t\u1ea7n s\u1ed1 ho\u1ea1t \u0111\u1ed9ng xu\u1ed1ng c\u00f2n 1Hz, gi\u00fap gi\u1ea3m \u0111i\u1ec7n n\u0103ng ti\u00eau th\u1ee5, gi\u00fap b\u1ea1n ti\u1ebft ki\u1ec7m 1 kho\u1ea3n ti\u1ec1n \u0111i\u1ec7n h\u1eb1ng th\u00e1ng.<\/p>\n<h2>CH\u1eb2NG\u00a0s\u1ee3 vi khu\u1ea9n, n\u1ea5m m\u1ed1c, b\u1ee5i m\u1ecbn<\/h2>\n<p>Casper hi\u1ec3u r\u1eb1ng: \u00d4 nhi\u1ec5m kh\u00f4ng kh\u00ed\u00a0v\u1eeba l\u00e0 nguy\u00ean nh\u00e2n h\u00ecnh th\u00e0nh, v\u1eeba l\u00e0 y\u1ebfu t\u1ed1 l\u00e0m \u1ea3nh h\u01b0\u1edfng nghi\u00eam tr\u1ecdng\u00a0th\u00eam m\u1ed9t s\u1ed1 b\u1ec7nh\u00a0li\u00ean quan \u0111\u1ebfn h\u00f4 h\u1ea5p: S\u1ed5 m\u0169i, C\u00fam A, vi r\u00fat, v\u00e0 c\u00e1c b\u1ec7nh tim m\u1ea1ch,\u2026C\u00e1c h\u1ea1t b\u1ee5i m\u1ecbn v\u00e0 si\u00eau m\u1ecbn v\u00ec th\u1ebf m\u00e1y \u0111i\u1ec1u h\u00f2a Casper 1 chi\u1ec1u 24000BTU HC-24IA32 \u0111\u01b0\u1ee3c trang b\u1ecb:<\/p>\n<h3>\u0110\u1ed9c \u0111\u00e1o v\u1edbi l\u01b0\u1edbi l\u1ecdc Ion B\u1ea1c Ag+<\/h3>\n<p>C\u00e1c ion B\u1ea1c c\u00f3 th\u1ec3\u00a0<strong>v\u00f4 hi\u1ec7u ho\u00e1 t\u1edbi\u00a099%\u00a0vi khu\u1ea9n, virus<\/strong>\u00a0&amp; ng\u0103n ng\u1eeba\u00a0n\u1ea5m m\u1ed1c ph\u00e1t tri\u1ec3n tr\u00ean b\u1ec1 m\u1eb7t \u0111\u1ed3\u00a0\u0111\u1ea1c\u00a0quanh\u00a0b\u1ea1n. N\u00f3\u00a0c\u0169ng\u00a0kh\u1eed \u0111\u01b0\u1ee3c\u00a0m\u00f9i h\u00f4i b\u00e1m tr\u00ean r\u00e8m c\u1eeda &amp; b\u00e0n gh\u1ebf&#8230;<\/p>\n<p><img src=\"https:\/\/banhangtaikho.com.vn\/Images\/Upload\/images\/casper-iclean-2.jpg\" \/><\/p>\n<h3>C\u00f4ng ngh\u1ec7 t\u1ef1 l\u00e0m s\u1ea1ch iClean<\/h3>\n<p>C\u00f4ng ngh\u1ec7 n\u00e0y gi\u00fap \u0111\u00f3ng b\u0103ng b\u1ec1 m\u1eb7t d\u00e0n l\u1ea1nh, sau \u0111\u00f3 k\u00edch ho\u1ea1t l\u00e0m n\u00f3ng \u0111\u1ec3 tan b\u0103ng, gi\u00fap lo\u1ea1i b\u1ecf nh\u1eefng b\u1ee5i b\u1ea9n b\u00e1m d\u00ednh tr\u00ean b\u1ec1 m\u1eb7t c\u1ee7a m\u00e1y. C\u01a1 ch\u1ebf ho\u1ea1t \u0111\u1ed9ng n\u00e0y gi\u00fap \u1ee9c ch\u1ebf s\u1ef1 ph\u00e1t tri\u1ec3n c\u1ee7a vi khu\u1ea9n trong kh\u00f4ng kh\u00ed, l\u00e0m t\u0103ng hi\u1ec7u qu\u1ea3 l\u00e0m l\u1ea1nh, tr\u1ea3 l\u1ea1i b\u1ea7u kh\u00f4ng kh\u00ed trong l\u00e0nh, b\u1ea3o v\u1ec7 s\u1ee9c kh\u1ecfe cho gia \u0111\u00ecnh b\u1ea1n.<\/p>\n<h2>S\u1eed d\u1ee5ng m\u00f4i ch\u1ea5t l\u1ea1nh Gas R32 th\u00e2n thi\u1ec7n m\u00f4i tr\u01b0\u1eddng<\/h2>\n<p>\u0110i\u1ec1u ho\u00e0 Casper 1 chi\u1ec1u inverter 24000BTU HC-24IA32 s\u1eed d\u1ee5ng m\u00f4i ch\u1ea5t l\u00e0m l\u1ea1nh t\u00e2n ti\u1ebfn\u00a0nh\u1ea5t hi\u1ec7n nay &#8211;\u00a0<strong>Gas R32<\/strong>.\u00a0\u0110i\u1ec1u h\u00f2a gas R32\u00a0v\u1edbi nh\u1eefng \u01b0u \u0111i\u1ec3m\u00a0v\u01b0\u1ee3t tr\u1ed9i: hi\u1ec7u su\u1ea5t l\u00e0m l\u1ea1nh cao, ti\u1ebft ki\u1ec7m n\u0103ng l\u01b0\u1ee3ng th\u00e2n thi\u1ec7n v\u1edbi m\u00f4i tr\u01b0\u1eddng, kh\u00f4ng g\u00e2y \u1ea3nh h\u01b0\u1edfng \u0111\u1ebfn t\u1ea7ng ozon.<\/p>\n<p><img src=\"https:\/\/banhangtaikho.com.vn\/Images\/Upload\/images\/uu%20diem%20gas%20r32.jpg\" alt=\"\" \/><\/p>\n<h2>Ch\u1ee9c n\u0103ng t\u1ef1 \u0111\u1ed9ng b\u00e1o l\u1ed7i<\/h2>\n<p>\u0110i\u1ec1u h\u00f2a Casper 24000 BTU inverter 1 chi\u1ec1u HC-24IA32 c\u00f3 kh\u1ea3 n\u0103ng ph\u00e1t hi\u1ec7n ra l\u1ed7i x\u1ea3y ra b\u00ean trong m\u00e1y, sau \u0111\u00f3 ph\u00e1t ra t\u00edn hi\u1ec7u \u0111\u1ec3 ng\u01b0\u1eddi s\u1eed d\u1ee5ng d\u1ec5 d\u00e0ng ph\u00e1t hi\u1ec7n ra v\u00e0 nhanh ch\u00f3ng c\u00f3 ph\u01b0\u01a1ng \u00e1n kh\u1eafc ph\u1ee5c l\u1ed7i. Ch\u1ee9c n\u0103ng t\u1ef1 \u0111\u1ed9ng b\u00e1o l\u1ed7i gi\u00fap cho ng\u01b0\u1eddi s\u1eed d\u1ee5ng c\u1ea3m th\u1ea5y y\u00ean t\u00e2m h\u01a1n, nhanh ch\u00f3ng ph\u00e1t hi\u1ec7n v\u00e0 x\u1eed l\u00fd khi m\u00e1y g\u1eb7p s\u1ef1 c\u1ed1.<\/p>\n<p><em>Ngo\u00e0i ra, \u0110i\u1ec1u h\u00f2a Casper HC24IA32<\/em>\u00a0<em>c\u00f2n nhi\u1ec1u t\u00ednh n\u0103ng, c\u00f4ng ngh\u1ec7 \u0111ang ch\u1edd B\u1ea1n tr\u1ea3i nghi\u1ec7m: H\u1eb9n gi\u1edd, ch\u1ebf \u0111\u1ed9 h\u00fat \u1ea9m, t\u1eaft \/ b\u1eadt hi\u1ec3n th\u1ecb nhi\u1ec7t \u0111\u1ed9 d\u00e0n l\u1ea1nh&#8230;<\/em><\/p>\n<h2>V\u1eadn h\u00e0nh b\u1ec1n b\u1ec9 v\u1edbi th\u1eddi gian<\/h2>\n<p>\u0110i\u1ec1u h\u00f2a Casper d\u00e0n \u0111\u1ed3ng,\u00a0<strong>c\u00e1nh t\u1ea3n nhi\u1ec7t m\u1ea1 v\u00e0ng<\/strong>\u00a0t\u0103ng tu\u1ed5i th\u1ecd m\u00e1y, t\u0103ng hi\u1ec7u su\u1ea5t l\u00e0m l\u1ea1nh, h\u1ea1n ch\u1ebf t\u00e1c \u0111\u1ed9ng \u0103n m\u00f2n c\u1ee7a c\u00e1c t\u00e1c nh\u00e2n b\u00ean ngo\u00e0i nh\u01b0 m\u01b0a, h\u01a1i mu\u1ed1i trong kh\u00f4ng kh\u00ed,\u2026V\u00ec th\u1ebf B\u1ea1n kh\u00f4ng c\u1ea7n ph\u1ea3i lo l\u1eafng khi l\u1eafp \u0111\u1eb7t \u1edf khu v\u1ef1c kh\u00ed h\u1eadu \u0111\u1eb7c bi\u1ec7t nh\u01b0 v\u00f9ng ven\u00a0bi\u1ec3n c\u00f3 l\u01b0\u1ee3ng m\u01b0a nhi\u1ec1u v\u00e0 h\u01a1i mu\u1ed1i trong kh\u00f4ng kh\u00ed cao.<\/p>\n<p><img src=\"https:\/\/banhangtaikho.com.vn\/Images\/Upload\/images\/dieu-hoa-casper-dan-dong-1.jpg\" alt=\"\" \/><\/p>\n<h2>B\u1ea3o h\u00e0nh \u0111i\u1ec1u h\u00f2a Casper m\u00e1y 3 n\u0103m, m\u00e1y n\u00e9n 5 n\u0103m\u00a0t\u1ea1i nh\u00e0 \/ C\u00f4ng tr\u00ecnh<\/h2>\n<p>Casper h\u00e3ng \u0111i\u1ec1u h\u00f2a ti\u00ean phong \u0111\u1ea3m b\u1ea3o quy\u1ec1n l\u1ee3i d\u1ecbch v\u1ee5 sau b\u00e1n h\u00e0ng, Casper t\u1ea1o ra cu\u1ed9c c\u00e1ch m\u1ea1ng khi cam k\u1ebft th\u1eddi gian b\u1ea3o h\u00e0nh \u0111i\u1ec1u h\u00f2a treo t\u01b0\u1eddng cho to\u00e0n b\u1ed9 s\u1ea3n ph\u1ea9m\u00a0<strong>3 n\u0103m, m\u00e1y n\u00e9n 5 n\u0103m, 1 \u0111\u1ed5i 1 trong 2 n\u0103m<\/strong>\u00a0ngay t\u1ea1i nh\u00e0 \/ t\u1ea1i c\u00f4ng tr\u00ecnh.<\/p>\n<p><img src=\"https:\/\/banhangtaikho.com.vn\/Images\/Upload\/images\/bao-hanh-dieu-hoa-casper-1.jpg\" \/><\/p>\n<p>H\u1ec7 th\u1ed1ng trung t\u00e2m b\u1ea3o h\u00e0nh r\u1ed9ng kh\u1eafp To\u00e0n\u00a0Qu\u1ed1c,\u00a0t\u1ed5ng \u0111\u00e0i Casper\u00a0ti\u1ebfp nh\u1eadn th\u00f4ng tin nhanh ch\u00f3ng, \u0111\u1ed9i ng\u0169 \u0111\u1ed9i ng\u0169 k\u1ef9\u00a0thu\u1eadt vi\u00ean tay ngh\u1ec1 cao x\u1eed l\u00fd t\u1eadn t\u00ecnh chuy\u00ean nghi\u1ec7p &#8230;\u0111\u00e3 kh\u1eb3ng \u0111\u1ecbnh \u0111\u01b0\u1ee3c gi\u00e1 tr\u1ecb v\u01b0\u1ee3t tr\u1ed9i trong l\u00f2ng ng\u01b0\u1eddi ti\u00eau d\u00f9ng Vi\u1ec7t trong th\u1eddi gian v\u1eeba qua.<\/p>\n<p dir=\"ltr\">\n<div class=\"cl\"><\/div>\n<\/div>\n<div id=\"chitiet-2\" class=\"w-pd-i-content\">\n<p class=\"w-pd-i-c-head\">\n<\/div>\n","protected":false},"excerpt":{"rendered":"<ul class=\"l pr-des-featured\">\n<li>\u0110i\u1ec1u h\u00f2a Casper 1 chi\u1ec1u inverter 24000BTU HC-24IA32 [2021]<\/li>\n<li>Thi\u1ebft k\u1ebf \u0111\u1eb9p m\u1eaft, hi\u1ec3n th\u1ecb nhi\u1ec7t \u0111\u1ed9 d\u00e0n l\u1ea1nh ti\u1ec7n d\u1ee5ng<\/li>\n<li>L\u00e0m l\u1ea1nh nhanh, v\u1eadn h\u00e0nh \u00eam \u00e1i d\u1ec5 ch\u1ecbu<\/li>\n<li>L\u01b0\u1edbi l\u1ecdc b\u1ee5i ion b\u1ea1c di\u1ec7t khu\u1ea9n kh\u1eed m\u00f9i hi\u1ec7u qu\u1ea3<\/li>\n<li>Xu\u1ea5t x\u1ee9: Ch\u00ednh h\u00e3ng Th\u00e1i Lan<\/li>\n<li>B\u1ea3o h\u00e0nh: M\u00e1y 3 n\u0103m, M\u00e1y n\u00e9n 5 n\u0103m<\/li>\n<\/ul>\n","protected":false},"featured_media":6742,"comment_status":"open","ping_status":"closed","template":"","meta":[],"_links":{"self":[{"href":"http:\/\/maudep.com.vn\/chuyengiadienmay\/index.php?rest_route=\/wp\/v2\/product\/6741"}],"collection":[{"href":"http:\/\/maudep.com.vn\/chuyengiadienmay\/index.php?rest_route=\/wp\/v2\/product"}],"about":[{"href":"http:\/\/maudep.com.vn\/chuyengiadienmay\/index.php?rest_route=\/wp\/v2\/types\/product"}],"replies":[{"embeddable":true,"href":"http:\/\/maudep.com.vn\/chuyengiadienmay\/index.php?rest_route=%2Fwp%2Fv2%2Fcomments&post=6741"}],"wp:featuredmedia":[{"embeddable":true,"href":"http:\/\/maudep.com.vn\/chuyengiadienmay\/index.php?rest_route=\/wp\/v2\/media\/6742"}],"wp:attachment":[{"href":"http:\/\/maudep.com.vn\/chuyengiadienmay\/index.php?rest_route=%2Fwp%2Fv2%2Fmedia&parent=6741"}],"curies":[{"name":"wp","href":"https:\/\/api.w.org\/{rel}","templated":true}]}}